{"id":1835,"date":"2022-08-26T12:22:56","date_gmt":"2022-08-26T10:22:56","guid":{"rendered":"https:\/\/conslondra.esteri.it\/info-utili\/f-a-q\/faq-assistenza-sanitaria-post-brexit\/"},"modified":"2025-01-20T13:37:09","modified_gmt":"2025-01-20T12:37:09","slug":"faq-assistenza-sanitaria-post-brexit","status":"publish","type":"page","link":"https:\/\/conslondra.esteri.it\/en\/info-utili\/f-a-q\/faq-assistenza-sanitaria-post-brexit\/","title":{"rendered":"FAQ Assistenza sanitaria in Italia e Regno Unito"},"content":{"rendered":"<p><strong>I. Se sono iscritto all\u2019AIRE posso usare in Italia la mia tessera TEAM?<\/strong><\/p>\n<p>Per quanto riguarda le prestazioni del SSN, la regola generale \u00e8 la seguente: i cittadini italiani iscritti all\u2019AIRE, perdono il diritto all\u2019assistenza sanitaria italiana. Il Comune italiano che ha ricevuto l\u2019iscrizione AIRE, comunica all\u2019ASL la cancellazione della persona interessata dai registri dei propri residenti. Oltre alla perdita del servizio del medico di famiglia, l\u2019iscritto AIRE perde anche la possibilit\u00e0 di acquistare i medicinali attraverso il Ticket e l\u2019assistenza sanitaria ospedaliera gratuita. Ovviamente, cade anche la validit\u00e0 della tessera TEAM eventualmente ottenuta prima dell\u2019espatrio. I cittadini italiani legalmente residenti nel Regno Unito usufruiscono comunque di copertura sanitaria pubblica da parte del NHS.<\/p>\n<p><strong>II. Se sono iscritto all\u2019AIRE posso usufruire del SSN in Italia?<\/strong><\/p>\n<p>La risposta \u00e8 si, ma con delle distinzioni. Vediamo quali sono.<\/p>\n<ol>\n<li>In caso di rientro\/viaggio temporaneo in Italia, i residenti nel Regno Unito, indipendentemente dalla cittadinanza, possono usufruire\u00a0<u>in casi di emergenza<\/u> di copertura assicurativa da parte del SSN, presentando la tessera UK-EHIC oppure la GHIC se cittadini britannici.I cittadini italiani residenti in UK devono essere in possesso di una delle due tessere mediche rilasciate dal NHS: la GHIC (Global Health Insurance Card) per coloro che hanno la cittadinanza britannica e la UK-EHIC (UK European Health Insurance Card) per i cittadini dell\u2019Unione Europea.\n<p>La tessera si ottiene gratuitamente nei seguenti modi:<br \/>\n&#8211; facendo la domanda online <a href=\"https:\/\/www.nhs.uk\/using-the-nhs\/healthcare-abroad\/apply-for-a-free-ehic-european-health-insurance-card\/\">https:\/\/www.nhs.uk\/using-the-nhs\/healthcare-abroad\/apply-for-a-free-ehic-european-health-insurance-card\/<\/a> e seguendo le istruzioni. La tessera verr\u00e0 inviata all\u2019indirizzo dell\u2019interessato entro 10-14 giorni. In tutti e due i casi, i documenti e le informazioni richieste sono:<\/p>\n<ul>\n<li>Nome e cognome;<\/li>\n<li>Indirizzo;<\/li>\n<li>Data di nascita;<\/li>\n<li>National Insurance Number oppure il National Health Number;<\/li>\n<li>Nome e indirizzo dello studio medico (GP).<br \/>\nDa notare che la GHIC \u00e8 valida nei 27 Paesi dell\u2019Unione Europea ma non \u00e8 valida nei paesi con cui l\u2019Unione Europea aveva stipulato degli accordi, congiuntamente all\u2019Unione Europea, e cio\u00e8 la Svizzera, la Norvegia, l\u2019Islanda e il Liechtenstein.Entrambe le tessere mediche coprono esclusivamente prestazioni sanitarie di emergenza e non rinviabili in Italia e in caso di viaggi in altri paesi UE.<\/li>\n<\/ul>\n<\/li>\n<li>In caso di trattamenti elettivi o malattie di lunga durata che prevedono un trattamento speciale, e\u2019 necessario il benestare preventivo da parte del Regno Unito, ovvero del NHS.Per poter usufruire di assistenza sanitaria temporanea in Italia <u>per trattamenti elettivi<\/u>, i residenti AIRE nel Regno Unito, dovranno seguire la cosidetta route S2 del NHS, chiedendo dunque al NHS l\u2019autorizzazione a proseguire le cure in Italia:\u00a0<a href=\"https:\/\/www.nhs.uk\/using-the-nhs\/healthcare-abroad\/going-abroad-for-treatment\/what-is-the-s2-route\/\">The S2 funding route \u2013 NHS (www.nhs.uk)<\/a><\/li>\n<\/ol>\n<p><strong>III. Se sono iscritto all\u2019AIRE posso rinnovare la mia tessera TEAM tramite il Consolato?<\/strong><\/p>\n<p>No. Per i cittadini italiani iscritti all\u2019AIRE, la tessera sanitaria italiana TEAM cessa di essere valida al momento dell\u2019iscrizione. La tessera non puo\u2019 essere rinnovata, ne\u2019 tramite il Consolato, ne\u2019 tramite altri enti. Sebbene non utilizzabile ai fini delle prestazioni sanitarie, la tessera rimane valida come prova del proprio codice fiscale.<\/p>\n<p><strong>IV. Posso partorire in Italia se sono iscritta all\u2019AIRE nel Regno Unito?<\/strong><\/p>\n<p>Le cittadine italiane residenti in UK, che usufruiscono gi\u00e0 di copertura sanitaria da parte del NHS, possono richiedere l\u2019autorizzazione ad effettuare il parto presso strutture pubbliche in Italia secondo le modalit\u00e0 qui descritte:\u00a0<a href=\"https:\/\/www.nhs.uk\/using-the-nhs\/healthcare-abroad\/going-abroad-for-treatment\/giving-birth-outside-the-uk\/\">https:\/\/www.nhs.uk\/using-the-nhs\/healthcare-abroad\/going-abroad-for-treatment\/giving-birth-outside-the-uk\/<\/a><\/p>\n<p><strong>V. La possibilit\u00e0 di usufruire delle prestazioni per malattia da parte del National Health Service, \u00e8 prevista anche per il cittadino italiano che viene in vacanza in Gran Bretagna, in possesso della TEAM, cio\u00e8 la Tessera Europea delle Assicurazioni Malattie?<\/strong><\/p>\n<p>Ove in possesso della tessera sanitaria UE (EHIC &#8211; European Health Insurance card o TEAM nell&#8217;acronimo italiano), i cittadini italiani, che giungono nel Regno Unito come visitatori, hanno diritto a ricevere soltanto trattamenti sanitari d&#8217;emergenza o non rinviabili. Il mancato possesso della tessera sanitaria potrebbe comportare il pagamento diretto delle spese mediche sostenute dal Servizio Sanitario Nazionale britannico (NHS). <strong>E` in ogni caso raccomandata la sottoscrizione di un&#8217;assicurazione sanitaria privata valida per la durata della permanenza nel Regno Unito.<\/strong><\/p>\n","protected":false},"excerpt":{"rendered":"I. Se sono iscritto all\u2019AIRE posso usare in Italia la mia tessera TEAM? Per quanto riguarda le prestazioni del SSN, la regola generale \u00e8 la seguente: i cittadini italiani iscritti all\u2019AIRE, perdono il diritto all\u2019assistenza sanitaria italiana. Il Comune italiano che ha ricevuto l\u2019iscrizione AIRE, comunica all\u2019ASL la cancellazione della persona interessata dai registri dei [&hellip;]","protected":false},"author":6,"featured_media":0,"parent":1829,"menu_order":0,"comment_status":"closed","ping_status":"closed","template":"","meta":{"footnotes":""},"class_list":["post-1835","page","type-page","status-publish","hentry"],"_links":{"self":[{"href":"https:\/\/conslondra.esteri.it\/en\/wp-json\/wp\/v2\/pages\/1835","targetHints":{"allow":["GET"]}}],"collection":[{"href":"https:\/\/conslondra.esteri.it\/en\/wp-json\/wp\/v2\/pages"}],"about":[{"href":"https:\/\/conslondra.esteri.it\/en\/wp-json\/wp\/v2\/types\/page"}],"author":[{"embeddable":true,"href":"https:\/\/conslondra.esteri.it\/en\/wp-json\/wp\/v2\/users\/6"}],"replies":[{"embeddable":true,"href":"https:\/\/conslondra.esteri.it\/en\/wp-json\/wp\/v2\/comments?post=1835"}],"version-history":[{"count":2,"href":"https:\/\/conslondra.esteri.it\/en\/wp-json\/wp\/v2\/pages\/1835\/revisions"}],"predecessor-version":[{"id":12559,"href":"https:\/\/conslondra.esteri.it\/en\/wp-json\/wp\/v2\/pages\/1835\/revisions\/12559"}],"up":[{"embeddable":true,"href":"https:\/\/conslondra.esteri.it\/en\/wp-json\/wp\/v2\/pages\/1829"}],"wp:attachment":[{"href":"https:\/\/conslondra.esteri.it\/en\/wp-json\/wp\/v2\/media?parent=1835"}],"curies":[{"name":"wp","href":"https:\/\/api.w.org\/{rel}","templated":true}]}}