{"id":1990,"date":"2022-08-26T13:13:03","date_gmt":"2022-08-26T11:13:03","guid":{"rendered":"https:\/\/conslondra.esteri.it\/?page_id=1990"},"modified":"2025-03-20T12:25:21","modified_gmt":"2025-03-20T11:25:21","slug":"procure-generali-e-speciali","status":"publish","type":"page","link":"https:\/\/conslondra.esteri.it\/en\/servizi-consolari-e-visti\/servizi-per-il-cittadino\/notarile\/procure-generali-e-speciali\/","title":{"rendered":"Powers of attorney"},"content":{"rendered":"<p>Italian nationals who wish to formalise a power of attorney at this Consulate will need to come to the Notary Office in person, by prior appointment (please send an email to <a href=\"mailto:notarile.londra@esteri.it\">notarile.londra@esteri.it<\/a> for an appointment), with a valid identity document (passport or Italian Identity Card) and their Italian fiscal code. They will also need to provide details of their residence and marital status. A photocopy of the ID and Italian fiscal code of the attorney should also be provided.<\/p>\n<p>Before the date of the appointment, you must send to this email address:\u00a0<a href=\"mailto:notarile.londra@esteri.it\">notarile.londra@esteri.it<\/a>\u00a0a draft of the power of attorney in editable format (MS Words RTF), written by the Italian notar\/solicitor, for the following types of power of attorney:<\/p>\n<ul>\n<li><a href=\"https:\/\/conslondra.esteri.it\/en\/servizi-consolari-e-visti\/servizi-per-il-cittadino\/notarile\/procure-generali-e-speciali\/procure-speciali#psimmobili\">Special power of attorney for the purchase or sale of properties<\/a><\/li>\n<li><a href=\"https:\/\/conslondra.esteri.it\/en\/servizi-consolari-e-visti\/servizi-per-il-cittadino\/notarile\/procure-generali-e-speciali\/procure-speciali#psliti\">Special power of attorney for lawsuits<\/a><\/li>\n<li><a href=\"https:\/\/conslondra.esteri.it\/en\/servizi-consolari-e-visti\/servizi-per-il-cittadino\/notarile\/procure-generali-e-speciali\/procure-speciali#psbuonipostali\">Special power of attorney to collect bonds from the Italian post office<\/a><\/li>\n<li><a href=\"https:\/\/conslondra.esteri.it\/en\/servizi-consolari-e-visti\/servizi-per-il-cittadino\/notarile\/procure-generali-e-speciali\/procure-speciali#psbancaposta\">Special power of attorney to collect money from an italian bank or post office<\/a><\/li>\n<li><a href=\"https:\/\/conslondra.esteri.it\/en\/servizi-consolari-e-visti\/servizi-per-il-cittadino\/notarile\/procure-generali-e-speciali\/procure-speciali#psammimmobili\">Special power of attorney for property management<\/a><\/li>\n<li><a href=\"https:\/\/conslondra.esteri.it\/en\/servizi-consolari-e-visti\/servizi-per-il-cittadino\/notarile\/procure-generali-e-speciali\/procure-speciali#psdoneaccdon\">Special power of attorney to give and to accept donation<\/a><\/li>\n<li>Special power of attorney to sell shares<\/li>\n<\/ul>\n<p>For the following powers of attorney it is not necessary to send any draft. Instead the person must provide the information requested which vary according to the type of power of attorney to be formalised:<\/p>\n<ul>\n<li><a href=\"https:\/\/conslondra.esteri.it\/en\/servizi-consolari-e-visti\/servizi-per-il-cittadino\/notarile\/procure-generali-e-speciali\/procure-generali\/\">General power of attorney<\/a><\/li>\n<li><a href=\"https:\/\/conslondra.esteri.it\/en\/servizi-consolari-e-visti\/servizi-per-il-cittadino\/notarile\/procure-generali-e-speciali\/procure-speciali#psprsuccessorie\">Special power of attorney for inheritance matters<\/a><\/li>\n<li>Special power of attorney to waive or accept inheritance<\/li>\n<li><a href=\"https:\/\/conslondra.esteri.it\/en\/servizi-consolari-e-visti\/servizi-per-il-cittadino\/notarile\/procure-generali-e-speciali\/revoca-procure\/\">Revocation of power of attorney<\/a><\/li>\n<\/ul>\n<p>Italian nationals who urgently need to sign a power of attorney when no timely appointments are available may refer to a notary in the UK (click here for a list). Then they will proceed to have the power of attorney legalised by means of an Apostille issued by the Foreign and Commonwealth Office. For this service please contact:<\/p>\n<p>\u2018<strong>LEGALISATION DEPARTMENT OF THE FOREIGN AND COMMONWEALTH OFFICE<\/strong>\u2019\u00a0You will be provided with the relevant address details to submit your documents to upon completing your application online at the following link: https:\/\/www.gov.uk\/get-document-legalised; email: Legalisation@fcdo.gov.uk; tel. 03700 00 22 44 \u2013 9am \u2013 5pm Monday to Friday<\/p>\n<p>&nbsp;<\/p>\n<p>&nbsp;<\/p>\n<p><strong>Rilascio di procure<\/strong><\/p>\n<p>I cittadini italiani che desiderano formalizzare una procura presso questo Consolato Generale, dovranno presentarsi personalmente,\u00a0 previo appuntamento (da richiedere tramite il sistema\u00a0<a href=\"https:\/\/prenotami.esteri.it\/\">Prenot@MI<\/a>), presso l\u2019 Ufficio Notarile, muniti di documento di identit\u00e0 italiano (passaporto o carta di identit\u00e0) in corso di validit\u00e0 e\u00a0 codice fiscale.<br \/>\nDovranno inoltre fornire i dati relativi alla propria residenza anagrafica e allo stato civile.<br \/>\nSar\u00e0 altres\u00ec necessario esibire una copia del documento d\u2019identit\u00e0 e del codice fiscale\u00a0 del procuratore.<\/p>\n<p><strong>Per le seguenti procure \u00e8 necessario inviare prima della data fissata per l&#8217;appuntamento, una bozza in formato modificabile<\/strong>\u00a0(MS Word, RTF) dell&#8217;atto richiesto redatta dal notaio\/avvocato italiano, al seguente indirizzo email:\u00a0<a href=\"mailto:notarile.londra@esteri.it\">notarile.londra@esteri.it<\/a><\/p>\n<ul>\n<li><a href=\"https:\/\/conslondra.esteri.it\/servizi-consolari-e-visti\/servizi-per-il-cittadino\/notarile\/procure-generali-e-speciali\/procure-speciali#psimmobili\">Procura speciale per l&#8217;acquisto o la vendita di immobili<\/a>;<\/li>\n<li><a href=\"https:\/\/conslondra.esteri.it\/servizi-consolari-e-visti\/servizi-per-il-cittadino\/notarile\/procure-generali-e-speciali\/procure-speciali#psliti\">Procura speciale alle liti<\/a>;<\/li>\n<li><a href=\"https:\/\/conslondra.esteri.it\/servizi-consolari-e-visti\/servizi-per-il-cittadino\/notarile\/procure-generali-e-speciali\/procure-speciali#psbuonipostali\">Procura speciale riscossione buoni postali<\/a>;<\/li>\n<li><a href=\"https:\/\/conslondra.esteri.it\/servizi-consolari-e-visti\/servizi-per-il-cittadino\/notarile\/procure-generali-e-speciali\/procure-speciali#psbancaposta\">Procura speciale a riscuotere somma banca o ufficio postale<\/a>;<\/li>\n<li><a href=\"https:\/\/conslondra.esteri.it\/servizi-consolari-e-visti\/servizi-per-il-cittadino\/notarile\/procure-generali-e-speciali\/procure-speciali#psammimmobili\">Procura speciale per amministrazioni di immobili<\/a>;<\/li>\n<li><a href=\"https:\/\/conslondra.esteri.it\/servizi-consolari-e-visti\/servizi-per-il-cittadino\/notarile\/procure-generali-e-speciali\/procure-speciali#psdoneaccdon\">Procura speciale a donare o per accettazione di donazione<\/a>;<\/li>\n<li>Procura speciale per vendita quote societarie.<\/li>\n<\/ul>\n<p>Per le seguenti procure non \u00e8 invece necessario inviare una bozza, ma l\u2019interessato dovr\u00e0 fornire le informazioni richieste a seconda del tipo di procura da formalizzare:<\/p>\n<ul>\n<li><a href=\"https:\/\/conslondra.esteri.it\/servizi-consolari-e-visti\/servizi-per-il-cittadino\/notarile\/procure-generali-e-speciali\/procure-generali\/\">Procura generale<\/a>;<\/li>\n<li><a href=\"https:\/\/conslondra.esteri.it\/servizi-consolari-e-visti\/servizi-per-il-cittadino\/notarile\/procure-generali-e-speciali\/procure-speciali#psprsuccessorie\">Procura speciale per pratiche successorie<\/a>;<\/li>\n<li>Procura speciale rinuncia o accettazione eredit\u00e0<\/li>\n<li><a href=\"https:\/\/conslondra.esteri.it\/servizi-consolari-e-visti\/servizi-per-il-cittadino\/notarile\/procure-generali-e-speciali\/revoca-procure\/\">Revoca di procura<\/a><\/li>\n<\/ul>\n<p>I cittadini italiani che hanno urgenza di sottoscrivere una procura e non trovano appuntamenti disponibili in tempo utile, potranno\u00a0 rivolgersi ad un Notaio pubblico nel Regno Unito (<a href=\"https:\/\/conslondra.esteri.it\/info-utili\/professionisti-ed-enti\/\">clicca qui per l&#8217;elenco<\/a>).<\/p>\n<p>Successivamente dovranno provvedere a far apporre sul documento l&#8217;\u00abApostille\u00bb da parte del Foreign and Commonwealth Office britannico.<\/p>\n<p>Per tale servizio occorre rivolgersi al:\u00a0\u201c<strong>LEGALISATION DEPARTMENT OF THE FOREIGN AND COMMONWEALTH OFFICE<\/strong>&#8221;\u00a0You will be provided with the relevant address details to submit your documents to upon completing your application online at the following link: <a href=\"https:\/\/www.gov.uk\/get-document-legalised\">https:\/\/www.gov.uk\/get-document-legalised<\/a>; email: <a href=\"mailto:legalisation@fcdo.gov.uk\">legalisation@fcdo.gov.uk<\/a>.<\/p>\n","protected":false},"excerpt":{"rendered":"Italian nationals who wish to formalise a power of attorney at this Consulate will need to come to the Notary Office in person, by prior appointment (please send an email to notarile.londra@esteri.it for an appointment), with a valid identity document (passport or Italian Identity Card) and their Italian fiscal code. They will also need to [&hellip;]","protected":false},"author":6,"featured_media":0,"parent":1953,"menu_order":11,"comment_status":"closed","ping_status":"closed","template":"","meta":{"footnotes":""},"class_list":["post-1990","page","type-page","status-publish","hentry"],"_links":{"self":[{"href":"https:\/\/conslondra.esteri.it\/en\/wp-json\/wp\/v2\/pages\/1990","targetHints":{"allow":["GET"]}}],"collection":[{"href":"https:\/\/conslondra.esteri.it\/en\/wp-json\/wp\/v2\/pages"}],"about":[{"href":"https:\/\/conslondra.esteri.it\/en\/wp-json\/wp\/v2\/types\/page"}],"author":[{"embeddable":true,"href":"https:\/\/conslondra.esteri.it\/en\/wp-json\/wp\/v2\/users\/6"}],"replies":[{"embeddable":true,"href":"https:\/\/conslondra.esteri.it\/en\/wp-json\/wp\/v2\/comments?post=1990"}],"version-history":[{"count":1,"href":"https:\/\/conslondra.esteri.it\/en\/wp-json\/wp\/v2\/pages\/1990\/revisions"}],"predecessor-version":[{"id":13395,"href":"https:\/\/conslondra.esteri.it\/en\/wp-json\/wp\/v2\/pages\/1990\/revisions\/13395"}],"up":[{"embeddable":true,"href":"https:\/\/conslondra.esteri.it\/en\/wp-json\/wp\/v2\/pages\/1953"}],"wp:attachment":[{"href":"https:\/\/conslondra.esteri.it\/en\/wp-json\/wp\/v2\/media?parent=1990"}],"curies":[{"name":"wp","href":"https:\/\/api.w.org\/{rel}","templated":true}]}}