{"id":8931,"date":"2024-05-02T16:13:50","date_gmt":"2024-05-02T14:13:50","guid":{"rendered":"https:\/\/conslondra.esteri.it\/servizi-consolari-e-visti\/servizi-per-il-cittadino\/assistenza-ai-cittadini-allestero\/rimpatrio-sanitario-e-consolare\/"},"modified":"2024-05-03T10:23:09","modified_gmt":"2024-05-03T08:23:09","slug":"rimpatrio-sanitario-e-consolare","status":"publish","type":"page","link":"https:\/\/conslondra.esteri.it\/en\/servizi-consolari-e-visti\/servizi-per-il-cittadino\/assistenza-ai-cittadini-allestero\/rimpatrio-sanitario-e-consolare\/","title":{"rendered":"Rimpatrio sanitario e consolare"},"content":{"rendered":"<ul>\n<li>Nel caso di <strong>ammalati<\/strong> che necessitino di ricovero ospedaliero in Italia, i familiari devono concordare il trasferimento con la struttura ospedaliera britannica nei casi in cui quest\u2019ultima ritenga che il paziente italiano \u00e8 in condizioni di affrontare il viaggio (la c.d. \u201c<strong>trasportabilit\u00e0 aerea del paziente<\/strong>\u201d). Al contempo la famiglia dovra\u2019 individuare una struttura medica in Italia nella quale il connazionale, verr\u00e0 ricoverato una volta giunto in Italia. Il trasferimento potra\u2019 poi avvenire in accordo con entrambe le strutture. In caso di viaggi verso il Regno Unito, si consiglia di <strong>stipulare sempre un\u2019assicurazione sanitaria onnicomprensiva<\/strong> che includa il trasferimento sanitario, qualora il paziente non sia in grado di viaggiare con voli di linea.<\/li>\n<\/ul>\n<p>&nbsp;<\/p>\n<ul>\n<li>Nel caso di <strong>cittadini italiani residenti all\u2019estero<\/strong> <strong>che versino in gravi condizioni di indigenza e dei minori italiani in stato di abbandono<\/strong>, il Consolato provvede, in collaborazione con gli enti italiani territorialmente competenti (Prefetture, Questure, Comuni, Aziende Sanitarie Locali, Servizi Sociali), al rimpatrio definitivo. Il rimpatrio \u00e8 subordinato alla verifica della disponibilit\u00e0 dei congiunti ad assumersi in Italia le responsabilit\u00e0 connesse con il mantenimento e l\u2019assistenza del rimpatriando. In assenza di tale disponibilit\u00e0, il rimpatrio \u00e8 coordinato con i Servizi Sociali del Comune di ultima residenza o di origine in Italia. Il rimpatrio di minori in stato di abbandono \u00e8 effettuato a carico dell\u2019Erario, di concerto con il Tribunale dei Minori competente e i Servizi Sociali del Comune di residenza.<\/li>\n<\/ul>\n","protected":false},"excerpt":{"rendered":"Nel caso di ammalati che necessitino di ricovero ospedaliero in Italia, i familiari devono concordare il trasferimento con la struttura ospedaliera britannica nei casi in cui quest\u2019ultima ritenga che il paziente italiano \u00e8 in condizioni di affrontare il viaggio (la c.d. \u201ctrasportabilit\u00e0 aerea del paziente\u201d). Al contempo la famiglia dovra\u2019 individuare una struttura medica in [&hellip;]","protected":false},"author":17,"featured_media":0,"parent":426,"menu_order":0,"comment_status":"closed","ping_status":"closed","template":"","meta":{"footnotes":""},"class_list":["post-8931","page","type-page","status-publish","hentry"],"_links":{"self":[{"href":"https:\/\/conslondra.esteri.it\/en\/wp-json\/wp\/v2\/pages\/8931","targetHints":{"allow":["GET"]}}],"collection":[{"href":"https:\/\/conslondra.esteri.it\/en\/wp-json\/wp\/v2\/pages"}],"about":[{"href":"https:\/\/conslondra.esteri.it\/en\/wp-json\/wp\/v2\/types\/page"}],"author":[{"embeddable":true,"href":"https:\/\/conslondra.esteri.it\/en\/wp-json\/wp\/v2\/users\/17"}],"replies":[{"embeddable":true,"href":"https:\/\/conslondra.esteri.it\/en\/wp-json\/wp\/v2\/comments?post=8931"}],"version-history":[{"count":4,"href":"https:\/\/conslondra.esteri.it\/en\/wp-json\/wp\/v2\/pages\/8931\/revisions"}],"predecessor-version":[{"id":8961,"href":"https:\/\/conslondra.esteri.it\/en\/wp-json\/wp\/v2\/pages\/8931\/revisions\/8961"}],"up":[{"embeddable":true,"href":"https:\/\/conslondra.esteri.it\/en\/wp-json\/wp\/v2\/pages\/426"}],"wp:attachment":[{"href":"https:\/\/conslondra.esteri.it\/en\/wp-json\/wp\/v2\/media?parent=8931"}],"curies":[{"name":"wp","href":"https:\/\/api.w.org\/{rel}","templated":true}]}}