{"id":1070,"date":"2022-08-31T11:54:32","date_gmt":"2022-08-31T09:54:32","guid":{"rendered":"https:\/\/conslondra.esteri.it\/?page_id=1070"},"modified":"2023-11-17T13:04:38","modified_gmt":"2023-11-17T12:04:38","slug":"riconoscimento-del-servizio-sanitario-allestero","status":"publish","type":"page","link":"https:\/\/conslondra.esteri.it\/it\/servizi-consolari-e-visti\/servizi-per-il-cittadino-italiano\/istruzione\/dichiarazioni-di-valore\/riconoscimento-del-servizio-sanitario-allestero\/","title":{"rendered":"Riconoscimento del Servizio Sanitario all&#8217;estero"},"content":{"rendered":"<p style=\"text-align: justify;\">In base alla\u00a0<a href=\"https:\/\/www.normattiva.it\/atto\/caricaDettaglioAtto?atto.dataPubblicazioneGazzetta=1960-07-28&amp;atto.codiceRedazionale=060U0735&amp;atto.articolo.numero=0&amp;qId=d891c195-d125-474e-bf02-b84877ca8fb0&amp;tabID=0.31378288697510826&amp;title=lbl.dettaglioAtto\">legge n. 735 del 10.7.1960<\/a>, i cittadini italiani possono richiedere il riconoscimento in Italia del servizio sanitario prestato all\u2019estero ai fini della partecipazione a concorsi pubblici e quale titolo di valutazione dei medesimi.<\/p>\n<p style=\"text-align: justify;\">Il riconoscimento avviene tramite il rilascio di un decreto da parte del Ministero della Salute o delle Regioni.<\/p>\n<p style=\"text-align: justify;\">Gli interessati potranno verificare l\u2019organismo di competenza per il loro specifico caso sul sito del\u00a0<a href=\"https:\/\/www.salute.gov.it\/portale\/riconoscimentoQualifiche\/dettaglioSchedaRiconoscimentoQualifiche.jsp?idMat=PROFS&amp;idAmb=RSE&amp;idSrv=R1&amp;flag=P\">Ministero della Salute<\/a>.<\/p>\n<p style=\"text-align: justify;\">Il Consolato Generale d\u2019Italia a Londra \u00e8 competente solamente per la vidimazione (apposizione del cosiddetto \u201cVisto per Conferma\u201d) della documentazione attestante il servizio sanitario prestato nella circoscrizione consolare di competenza: Bedfordshire, Berkshire, Bristol, Buckingamshire, Cambridgeshire, City of London, Cornwall, Devon. Dorset, East Sussex, Essex, Gloucestershire, Greater London, Hampshire, Herefordshire, Hertfordshire, Isle of Wight, Kent, Norfolk, Northamptonshire, Oxfordshire, Somerset, Suffolk, Surrey, Warwickshire, West Sussex, Wiltshire, Worcestershire, Galles, Isole Normanne, Gibilterra e i Territori della Georgia del Sud e delle Sandwich Australi.<\/p>\n<p style=\"text-align: justify;\">Per richiedere la vidimazione la procedura \u00e8 esclusivamente via posta elettronica. E\u2019 necessario inviare per e-mail, all\u2019indirizzo\u00a0<a href=\"mailto:scuole.londra@esteri.it\">scuole.londra@esteri.it<\/a>:<\/p>\n<ol style=\"text-align: justify;\">\n<li>copia scannerizzata di un documento di identit\u00e0 in corso di validit\u00e0 (passaporto o carta d\u2019identit\u00e0 italiana);<\/li>\n<li>copia scannerizzata in formato pdf della certificazione di impiego (vedi contenuto sottostante);<\/li>\n<li>traduzione &#8211; &#8211; in lingua italiana della certificazione d\u2019impiego completa in ogni sua parte e in formato modificabile (Word oppure RTF); La traduzione pu\u00f2 essere effettuata dall\u2019interessato o da terzi, sar\u00e1 compito di questo Consolato Generale apporre la conformit\u00e1 di traduzione.<\/li>\n<li>indirizzo fisico presso il quale si desidera ricevere a mezzo raccomandata la documentazione vidimata.<\/li>\n<\/ol>\n<p style=\"text-align: justify;\">ATTENZIONE. La certificazione di impiego deve contenere TUTTI i seguenti elementi:<\/p>\n<ul style=\"text-align: justify;\">\n<li>Nome e cognome del richiedente;<\/li>\n<li>Ruolo;<\/li>\n<li>Fascia retributiva di riferimento;<\/li>\n<li>Stipendio;<\/li>\n<li>Periodo per il quale si \u00e8 prestato servizio (se il servizio \u00e8 ancora in corso, la data della certificazione segner\u00e0 la fine del periodo riconosciuto);<\/li>\n<li>Reparto (nel caso in cui si prestasse servizio contemporaneamente in diversi reparti, \u00e8 necessario che vengano specificate le principali mansioni svolte);<\/li>\n<li>Tipo di contratto (part time o full time);<\/li>\n<li><strong>IMPORTANTE<\/strong>: natura giuridica dell\u2019Ente o dell\u2019Istituto presso le cui dipendenze \u00e8 stato prestato servizio ovvero se si tratti di \u201cEnte pubblico\u201d o di un\u2019\u201cIstituzione di interesse pubblico\u201d o di una \u201cIstituzione privata senza scopo di lucro\u201d convenzionata con il Servizio Sanitario Nazione Britannico, NHS.<br \/>\nTale espressa indicazione deve essere inserita come ultimo paragrafo nell\u2019attestazione di servizio rilasciata dall\u2019Ente\/Istituto.<br \/>\nEsempio: si dichiara altres\u00ec che il\/la &lt;nome dell\u2019Ente\/Istituto&gt; \u00e8 un Ente (o Istituto) pubblico (\u201cdi interesse pubblico\u201d o \u201cistituzione privata senza scopo di lucro\u201d) che fa parte del (o convenzionato con) Servizio Sanitario Nazionale Britannico, NHS.<\/li>\n<li>La certificazione deve essere firmata da una figura amministrativa dell\u2019ente da cui si evince il ruolo (per esempio, Finance Director, Director of HR o Director of Workforce).<\/li>\n<\/ul>\n<p>&nbsp;<\/p>\n<p style=\"text-align: justify;\"><strong>PAGAMENTO<\/strong>. Solo dopo aver concluso le necessarie verifiche, l\u2019Ufficio comunicher\u00e0 per email al richiedente le coordinate bancarie per il pagamento delle tariffe consolari (tramite bonifico) richieste per la procedura (<a href=\"https:\/\/conslondra.esteri.it\/it\/info-utili\/tariffe-consolari\/\">Art. 66N, Art. 72a<\/a>) e \u00a310 per le spese di spedizione a mezzo raccomandata.<\/p>\n<p>&nbsp;<\/p>\n<p style=\"text-align: justify;\"><strong>NB<\/strong>: prima di presentare richiesta di vidimazione all\u2019Ufficio Titoli di Studio, si invitano gli interessati a verificare attentamente che la certificazione inviata contenga tutte le informazioni di cui sopra.<\/p>\n<p>&nbsp;<\/p>\n<p style=\"text-align: right;\"><a href=\"https:\/\/conslondra.esteri.it\/it\/servizi-consolari-e-visti\/servizi-per-il-cittadino-italiano\/trasferimento-in-italia\/\">Torna a trasferimento in Italia<\/a><\/p>\n","protected":false},"excerpt":{"rendered":"In base alla\u00a0legge n. 735 del 10.7.1960, i cittadini italiani possono richiedere il riconoscimento in Italia del servizio sanitario prestato all\u2019estero ai fini della partecipazione a concorsi pubblici e quale titolo di valutazione dei medesimi. Il riconoscimento avviene tramite il rilascio di un decreto da parte del Ministero della Salute o delle Regioni. Gli interessati [&hellip;]","protected":false},"author":6,"featured_media":0,"parent":1117,"menu_order":6,"comment_status":"closed","ping_status":"closed","template":"","meta":{"footnotes":""},"class_list":["post-1070","page","type-page","status-publish","hentry"],"_links":{"self":[{"href":"https:\/\/conslondra.esteri.it\/it\/wp-json\/wp\/v2\/pages\/1070","targetHints":{"allow":["GET"]}}],"collection":[{"href":"https:\/\/conslondra.esteri.it\/it\/wp-json\/wp\/v2\/pages"}],"about":[{"href":"https:\/\/conslondra.esteri.it\/it\/wp-json\/wp\/v2\/types\/page"}],"author":[{"embeddable":true,"href":"https:\/\/conslondra.esteri.it\/it\/wp-json\/wp\/v2\/users\/6"}],"replies":[{"embeddable":true,"href":"https:\/\/conslondra.esteri.it\/it\/wp-json\/wp\/v2\/comments?post=1070"}],"version-history":[{"count":1,"href":"https:\/\/conslondra.esteri.it\/it\/wp-json\/wp\/v2\/pages\/1070\/revisions"}],"predecessor-version":[{"id":6632,"href":"https:\/\/conslondra.esteri.it\/it\/wp-json\/wp\/v2\/pages\/1070\/revisions\/6632"}],"up":[{"embeddable":true,"href":"https:\/\/conslondra.esteri.it\/it\/wp-json\/wp\/v2\/pages\/1117"}],"wp:attachment":[{"href":"https:\/\/conslondra.esteri.it\/it\/wp-json\/wp\/v2\/media?parent=1070"}],"curies":[{"name":"wp","href":"https:\/\/api.w.org\/{rel}","templated":true}]}}