{"id":1106,"date":"2022-08-31T13:16:11","date_gmt":"2022-08-31T11:16:11","guid":{"rendered":"https:\/\/conslondra.esteri.it\/?page_id=1106"},"modified":"2026-03-25T11:58:29","modified_gmt":"2026-03-25T10:58:29","slug":"carta-didentita-elettronica","status":"publish","type":"page","link":"https:\/\/conslondra.esteri.it\/it\/servizi-consolari-e-visti\/servizi-per-il-cittadino-italiano\/carta-didentita-elettronica\/","title":{"rendered":"Carta d&#8217;Identit\u00e0 elettronica"},"content":{"rendered":"<p style=\"text-align: justify;\"><strong>ATTENZIONE<\/strong><\/p>\n<p style=\"text-align: justify;\">Le carte d\u2019identit\u00e0 cartacee (CIC) italiane non saranno pi\u00f9 valide a partire dal 3 agosto 2026.<\/p>\n<p style=\"text-align: justify;\">I connazionali iscritti all\u2019AIRE presso questo Consolato Generale in possesso della CIC sono invitati a \u00a0prenotare un appuntamento per il rilascio della carta d\u2019identit\u00e0 elettronica attraverso il portale <a href=\"https:\/\/prenotami.esteri.it\">Prenot@Mi<\/a><\/p>\n<p style=\"text-align: justify;\">Il sistema di prenotazione rilascia nuovi appuntamenti ogni domenica, luned\u00ec, marted\u00ec, mercoled\u00ec e gioved\u00ec alle ore 18:00 (ora di Londra). Gli appuntamenti sono prenotabili solo tramite computer e non da cellulare.<\/p>\n<p style=\"text-align: justify;\">La Carta d\u2019Identit\u00e0 Elettronica non viene rilasciata a vista, bens\u00ec viene spedita per posta a casa del richiedente entro due\/tre settimane dall\u2019appuntamento.<\/p>\n<p style=\"text-align: justify;\"><strong>1. Che cos&#8217;\u00e8 la carta d&#8217;identit\u00e0 elettronica?<br \/>\n<\/strong>La carta d&#8217;identit\u00e0 \u00e8 un documento personale di riconoscimento valido per identificarsi e circolare nell\u2019Unione Europea, in alcuni Stati aderenti all&#8217;accordo di Schengen (ad es. Islanda, Norvegia e Svizzera) e in altri Stati con cui sono stati raggiunti accordi bilaterali (vedasi le singole \u201cschede Paese\u201d sul sito\u00a0<a href=\"http:\/\/www.viaggiaresicuri.it\/\">www.viaggiaresicuri.it<\/a>).<\/p>\n<p style=\"text-align: justify;\"><strong>2. A chi pu\u00f2 essere rilasciata la carta d\u2019identit\u00e0 elettronica?<br \/>\n<\/strong>Il Consolato Generale d\u2019Italia a Londra pu\u00f2 rilasciare la carta d&#8217;identit\u00e0\u00a0<strong>esclusivamente ai cittadini italiani regolarmente residenti in questa circoscrizione consolare<\/strong> <strong>con iscrizione AIRE completa<\/strong>.<br \/>\n<strong>Nel caso si sia cambiato indirizzo di residenza<\/strong>\u00a0(rispetto a quello comunicato in precedenza all\u2019Ufficio consolare), \u00e8 necessario chiedere la variazione di indirizzo tramite il portale\u00a0<a href=\"https:\/\/iam.esteri.it\/signin\/?realm=\/external&amp;goto=https%3A%2F%2Fiam.esteri.it%2Flogin%2Foauth2%2Fauthorize%3Fclient_id%3Dfastit-fe%26redirect_uri%3Dhttps%3A%2F%2Fserviziconsolari.esteri.it%2Fauth-callback%26response_type%3Dcode%26scope%3Dopenid%2520profile%2520email%2520phone%2520info%2520offline_access%26state%3Dc92b069ab6724312ad0ed4fadc94351f%26code_challenge%3DG9ozWNCHRxYlF63kicvCd8G4skXTnxANL7pwbLINXEM%26code_challenge_method%3DS256&amp;authIndexType=service&amp;authIndexValue=PlatformLogin#\/\"><strong>FAST IT<\/strong><\/a> prima di procedere alla prenotazione.<\/p>\n<p style=\"text-align: justify;\"><strong>3. Quando si pu\u00f2 richiedere?<\/strong><\/p>\n<ul style=\"text-align: justify;\">\n<li>in sostituzione di una carta di identit\u00e0 cartacea valida;<strong><br \/>\n<\/strong><\/li>\n<li>a chi non sia in possesso di un\u2019altra carta d\u2019identit\u00e0 valida;<\/li>\n<li>in caso di furto, smarrimento o deterioramento della carta precedente.<\/li>\n<\/ul>\n<p style=\"text-align: justify;\"><strong>4. Come si richiede la carta d\u2019identit\u00e0 elettronica (CIE)?<br \/>\n<\/strong>La richiesta della carta d\u2019identit\u00e0 elettronica deve essere presentata utilizzando esclusivamente la piattaforma\u00a0<a href=\"https:\/\/prenotami.esteri.it\/\">Prenot@Mi<\/a> da pc o laptop (non da cellulare). Nuovi slot per le prenotazioni vengono pubblicati da domenica a gioved\u00ec alle 18.00 (ora di Londra)<\/p>\n<p style=\"text-align: justify;\">Per ulteriori informazioni sulle prenotazioni <a href=\"https:\/\/conslondra.esteri.it\/it\/info-utili\/f-a-q\/faq-sistema-di-prenotazione\/\">cliccare qui<\/a>.<\/p>\n<p style=\"text-align: justify;\"><strong><strong><strong>ATTENZIONE: nel caso in cui, a seguito di verifiche, emergessero elementi che impedissero la lavorazione della richiesta di rilascio della CIE, il connazionale sar\u00e0 informato sulle motivazioni del rigetto.<\/strong><\/strong><\/strong><\/p>\n<p style=\"text-align: justify;\"><strong>5. \u00c8 possibile chiedere l\u2019appuntamento per i miei figli minori?<br \/>\n<\/strong>S\u00ec.\u00a0In fase di prenotazione dell\u2019appuntamento bisogner\u00e0\u00a0<strong>compilare una scheda per ciascuna persona che ha bisogno della nuova carta CIE (richiedenti)<\/strong>. Sar\u00e0 possibile con un\u2019unica richiesta prenotare un appuntamento fino a 5 persone.<\/p>\n<p style=\"text-align: justify;\"><strong>6. Qual \u00e8 la documentazione necessaria da portare con s\u00e9 al momento dell\u2019appuntamento per richiedere la CIE?<br \/>\n<\/strong>Normalmente il richiedente deve presentarsi munito di:<\/p>\n<p style=\"padding-left: 40px; text-align: justify;\">1. Una fotografia formato tessera recente conforme agli <a href=\"https:\/\/conslondra.esteri.it\/wp-content\/uploads\/2022\/08\/photograph_guidelines_it.pdf\">standard internazionali ICAO<\/a>;<br \/>\n2. Carta di identit\u00e0 precedente. In mancanza di questa un documento di riconoscimento (anche se scaduto);<br \/>\n3. Dichiarazione di smarrimento\/furto precedente carta se del caso (mod. <a href=\"https:\/\/conslondra.esteri.it\/it\/chi-siamo\/la-sede\/modulistica\/modulistica-carte-didentita\/\"><strong>DEN1<\/strong><\/a>);<br \/>\n4. Atto di assenso di entrambi genitori nel caso in cui il richiedente sia un minore di 18 anni (v. punto 11);<br \/>\n5.<strong> Carta di debito britannica<\/strong> per il pagamento in sterline (no contactless). Per consultare il costo della CIE, si rimanda al seguente link:\u00a0<a href=\"https:\/\/conslondra.esteri.it\/it\/info-utili\/tariffe-consolari\/\" target=\"_blank\" rel=\"nofollow noopener\">Tariffe Consolari<\/a>.<\/p>\n<p style=\"text-align: justify;\"><strong>7. Quali sono le operazioni che saranno effettuate il giorno dell\u2019appuntamento?<br \/>\n<\/strong>Il giorno dell\u2019appuntamento, l\u2019operatore consolare acquisisce la documentazione indicata al punto precedente, effettua il riconoscimento e la verifica della foto ed acquisisce le impronte digitali e la firma (salvo per i minori di anni 12).<\/p>\n<p style=\"text-align: justify;\"><strong>8. Minori sotto i 12 anni devono essere presenti il giorno dell\u2019appuntamento?<\/strong><\/p>\n<p style=\"text-align: justify;\">La presenza dei minori sotto i 12 anni non \u00e8 necessaria il giorno dell\u2019appuntamento se i genitori sono muniti di un altro documento di recente rilascio (foto comparabile con il passaporto o la carta di identit\u00e0 anche di altre nazionalit\u00e0).<\/p>\n<p style=\"text-align: justify;\">In caso contrario la foto del minore deve essere autenticata secondo la modalit\u00e0 qui sotto riportata:<\/p>\n<p style=\"text-align: justify;\">Sar\u00e0 necessario il modulo\u00a0<a href=\"https:\/\/conslondra.esteri.it\/it\/chi-siamo\/la-sede\/modulistica\/modulistica-passaporti\/\">AFT2<\/a> firmato da un cittadino anche straniero, una prova di professione nonch\u00e9 la copia di un documento identificativo che riporta la stessa firma messo sul modulo.<\/p>\n<p style=\"text-align: justify;\">Requisiti del professionista che autenticher\u00e0 la fotografia del minore:<\/p>\n<ul style=\"text-align: justify;\">\n<li>Deve svolgere una\u00a0<a href=\"https:\/\/www.gov.uk\/countersigning-passport-applications\/accepted-occupations-for-countersignatories\">professione riconosciuta<\/a>\u00a0<em>(anche in pensione);<\/em><\/li>\n<li>Potr\u00e0 essere <em>la scuola stessa del minore (con timbro della scuola);<\/em><\/li>\n<li><em>il GP (con timbro del GP);<\/em><\/li>\n<li>non pu\u00f2 essere il genitore stesso.<\/li>\n<\/ul>\n<p style=\"text-align: justify;\"><strong>9. Come si riceve la Carta d\u2019identit\u00e0 elettronica?<br \/>\n<\/strong>La CIE \u00e8 emessa dal Ministero dell\u2019Interno e prodotta dall\u2019Istituto Poligrafico e Zecca dello Stato, che la spedisce, a mezzo posta raccomandata, all\u2019indirizzo di residenza dichiarato dal richiedente. Il connazionale potr\u00e0 seguire la spedizione autonomamente online, attraverso il codice di tracciamento.<\/p>\n<p style=\"text-align: justify;\"><strong>10. Quanto tempo vale la carta d\u2019identit\u00e0?<br \/>\n<\/strong>La validit\u00e0 della carta d\u2019identit\u00e0 varia a seconda dell&#8217;et\u00e0 del titolare ed \u00e8 di:<\/p>\n<p style=\"padding-left: 40px; text-align: justify;\">&#8211; 3 anni di validit\u00e0 per i minori di et\u00e0 compresa tra 0 e 3 anni;<br \/>\n&#8211; 5 anni di validit\u00e0 per i minori di et\u00e0 compresa tra 3 e 17 anni;<br \/>\n&#8211; 10 anni di validit\u00e0 per maggiorenni.<\/p>\n<p style=\"text-align: justify;\"><strong>11. Cos\u2019\u00e8 l\u2019atto di assenso?<br \/>\n<\/strong>L\u2019assenso per il rilascio della carta di identit\u00e0 per minorenni \u00e8 necessario anche in caso di genitori non sposati, separati o divorziati. <strong>Se l\u2019altro genitore \u00e8 un cittadino comunitario<\/strong>, non \u00e8 necessaria la presenza in Consolato dello stesso. Sar\u00e0 sufficiente il modulo\u00a0<a href=\"https:\/\/conslondra.esteri.it\/it\/chi-siamo\/la-sede\/modulistica\/modulistica-carte-didentita\/\">CIE2<\/a>\u00a0compilato e firmato insieme ad una fotocopia del passaporto o carta d\u2019identit\u00e0 di chi concede l\u2019assenso, per il confronto delle firme.<br \/>\nSe il genitore che concede l\u2019assenso \u00e8 <strong>extracomunitario \u2013 inclusi i cittadini britannici<\/strong> \u2013 deve firmare la dichiarazione di assenso in una delle seguenti modalit\u00e0:<\/p>\n<ul style=\"text-align: justify;\">\n<li>Presso il Consolato Generale di Londra il giorno dell\u2019appuntamento, munito di documento di identit\u00e0;<\/li>\n<li>Senza recarsi a Londra, presso i <strong>Consolati onorari e le Agenzie onorarie<\/strong> delle nostra rete diffusa su tutto il territorio. <a href=\"https:\/\/conslondra.esteri.it\/it\/chi-siamo\/la-rete-consolare\/consoli-onorari-e-agenti-consolari-2\/\">Qui gli indirizzi e recapiti<\/a>;<\/li>\n<li>presso un <strong>qualsiasi notaio britannico<\/strong>. La dichiarazione autenticata dal notaio dovr\u00e0 poi essere legalizzata inviandola al \u201cLegalisation Office\u201d del Ministero degli Esteri britannico (FCDO) &#8211;\u00a0<a href=\"https:\/\/www.gov.uk\/get-document-legalised\">Get your document legalised<\/a>;<\/li>\n<li>presso un funzionario della Pubblica Amministrazione in Italia;<\/li>\n<li>presso un funzionario di una qualsiasi Ambasciata o Consolato italiano nel mondo.<\/li>\n<\/ul>\n<p style=\"text-align: justify;\"><strong>In caso di decesso di uno dei genitori<\/strong> occorre presentare una copia del certificato di morte.<\/p>\n<p style=\"text-align: justify;\"><strong>Nel caso in cui non fosse possibile ottenere l\u2019assenso dell\u2019altro genitore<\/strong>, contattare l\u2019Ufficio di Assistenza sociale, scrivendo una mail all\u2019indirizzo\u00a0<a href=\"mailto:sociale.londra@esteri.it\">sociale.londra@esteri.it<\/a>.<\/p>\n<p style=\"text-align: justify;\"><strong>12. Devo chiedere una nuova carta se cambio indirizzo?<br \/>\n<\/strong>No. La carta d\u2019identit\u00e0 \u00e8 un documento di identit\u00e0 e non di residenza.<\/p>\n<p style=\"text-align: justify;\"><strong>13. \u00c8 possibile per le donne sposate inserire il cognome del marito?<br \/>\n<\/strong>No. La carta d\u2019identit\u00e0 \u00e8 un documento di identit\u00e0 e non di stato civile.<\/p>\n<p style=\"text-align: justify;\"><strong>14. Posso richiedere la carta di identit\u00e0 presso il mio Comune in Italia, anche se residente all&#8217;estero?<br \/>\n<\/strong>Il connazionale dovr\u00e0 verificare con il Comune in Italia.<\/p>\n<p style=\"text-align: justify;\"><strong>15. Come posso aggiungere la carta di identit\u00e0 italiana come documento identificativo sul settled o pre-settled status?<\/strong><\/p>\n<ul>\n<li style=\"text-align: justify;\"><a href=\"https:\/\/conslondra.esteri.it\/wp-content\/uploads\/2024\/02\/4313504Allegato-1_Linee-guida-aggiornamento-status-digitale.pdf\">Linee guida aggiornamento status digitale<\/a><\/li>\n<li style=\"text-align: justify;\"><a href=\"https:\/\/conslondra.esteri.it\/wp-content\/uploads\/2024\/02\/4313507Allegato-2_-UK-UKVI-account-EU-DEL.pdf\">UK UKVI account (EU DEL)<\/a><\/li>\n<\/ul>\n","protected":false},"excerpt":{"rendered":"ATTENZIONE Le carte d\u2019identit\u00e0 cartacee (CIC) italiane non saranno pi\u00f9 valide a partire dal 3 agosto 2026. I connazionali iscritti all\u2019AIRE presso questo Consolato Generale in possesso della CIC sono invitati a \u00a0prenotare un appuntamento per il rilascio della carta d\u2019identit\u00e0 elettronica attraverso il portale Prenot@Mi Il sistema di prenotazione rilascia nuovi appuntamenti ogni domenica, [&hellip;]","protected":false},"author":6,"featured_media":0,"parent":154,"menu_order":4,"comment_status":"closed","ping_status":"closed","template":"","meta":{"footnotes":""},"class_list":["post-1106","page","type-page","status-publish","hentry"],"_links":{"self":[{"href":"https:\/\/conslondra.esteri.it\/it\/wp-json\/wp\/v2\/pages\/1106","targetHints":{"allow":["GET"]}}],"collection":[{"href":"https:\/\/conslondra.esteri.it\/it\/wp-json\/wp\/v2\/pages"}],"about":[{"href":"https:\/\/conslondra.esteri.it\/it\/wp-json\/wp\/v2\/types\/page"}],"author":[{"embeddable":true,"href":"https:\/\/conslondra.esteri.it\/it\/wp-json\/wp\/v2\/users\/6"}],"replies":[{"embeddable":true,"href":"https:\/\/conslondra.esteri.it\/it\/wp-json\/wp\/v2\/comments?post=1106"}],"version-history":[{"count":7,"href":"https:\/\/conslondra.esteri.it\/it\/wp-json\/wp\/v2\/pages\/1106\/revisions"}],"predecessor-version":[{"id":17873,"href":"https:\/\/conslondra.esteri.it\/it\/wp-json\/wp\/v2\/pages\/1106\/revisions\/17873"}],"up":[{"embeddable":true,"href":"https:\/\/conslondra.esteri.it\/it\/wp-json\/wp\/v2\/pages\/154"}],"wp:attachment":[{"href":"https:\/\/conslondra.esteri.it\/it\/wp-json\/wp\/v2\/media?parent=1106"}],"curies":[{"name":"wp","href":"https:\/\/api.w.org\/{rel}","templated":true}]}}