{"id":114,"date":"2022-08-08T12:31:43","date_gmt":"2022-08-08T10:31:43","guid":{"rendered":"https:\/\/conslondra.esteri.it\/?page_id=114"},"modified":"2025-10-13T15:23:10","modified_gmt":"2025-10-13T13:23:10","slug":"la-sede","status":"publish","type":"page","link":"https:\/\/conslondra.esteri.it\/it\/chi-siamo\/la-sede\/","title":{"rendered":"La Sede"},"content":{"rendered":"<p><strong>HARP HOUSE &#8211; 83\/86 FARRINGDON STREET, EC4A 4BL LONDON<\/strong><\/p>\n<p style=\"text-align: justify;\">\u201cHarp House\u201d si sviluppa su otto piani in un edificio di circa 1200 mq nel tradizionale quartiere di Farringdon, a pochi passi dalla City, cuore finanziario di Londra, e da Clerkenwell, e quartiere tradizionale dell\u2019emigrazione italiana (\u201cLittle Italy\u201d).<\/p>\n<p style=\"text-align: justify;\">L\u2019edificio \u00e8 posto sul lato occidentale di Farringdon Street, a circa 100mt a nord dall\u2019incrocio con Fleet Street, sull\u2019angolo con Harp Alley.<\/p>\n<p style=\"text-align: justify;\">Harp House \u00e8 stata acquistata in piena propriet\u00e0 dallo Stato italiano.<\/p>\n<p style=\"text-align: justify;\"><strong>Per raggiungere Harp House<\/strong>:<\/p>\n<p style=\"text-align: justify;\">Metropolitana: Chancery Lane \/ St. Paul\u2019s (Central Line), Farringdon<br \/>\n(Hammersmith &amp; City Line, Circle Line, Metropolitan Line) o Blackfriars (Circle Line, District Line)<\/p>\n<p style=\"text-align: justify;\">Treno: stazioni ferroviarie City Thameslink \/ Farringdon \/ Blackfriars<\/p>\n<p><img loading=\"lazy\" decoding=\"async\" class=\"alignnone wp-image-4215 img-fluid\" src=\"https:\/\/conslondra.esteri.it\/wp-content\/uploads\/2023\/01\/Foto-Consolato-CC-Valerio-300x200.jpg\" alt=\"\" width=\"504\" height=\"336\" srcset=\"https:\/\/conslondra.esteri.it\/wp-content\/uploads\/2023\/01\/Foto-Consolato-CC-Valerio-300x200.jpg 300w, https:\/\/conslondra.esteri.it\/wp-content\/uploads\/2023\/01\/Foto-Consolato-CC-Valerio-1024x682.jpg 1024w, https:\/\/conslondra.esteri.it\/wp-content\/uploads\/2023\/01\/Foto-Consolato-CC-Valerio-768x512.jpg 768w, https:\/\/conslondra.esteri.it\/wp-content\/uploads\/2023\/01\/Foto-Consolato-CC-Valerio.jpg 1139w\" sizes=\"auto, (max-width: 504px) 100vw, 504px\" \/><\/p>\n<p><strong>Cenni Storici<\/strong><\/p>\n<p style=\"text-align: justify;\">Harp House si trova in Farringdon Street, nel distretto di \u201cFarringdon Within\u201d, uno dei 25 distretti della City of London, centro storico e finanziario di Londra. Il quartiere copre un\u2019area che va dalla stazione di Blackfriars a sud, fino alla stazione di Barbican a nord. Originariamente conosciuto come \u201cWard of Anketill de Auvergne\u201d, il quartiere di Farringdon deve il suo nome a William e Nicholas Le Farindone \u2013 padre e figlio \u2013 orafi e notabili, proprietari del distretto dal 1279. Nel 1394 il quartiere venne diviso tra \u201cFarringdon Within\u201d e \u201cFarringdon Without\u201d, ad indicare la posizione rispetto le mura di Londra costruite dai romani attorno alla citt\u00e0 di Londinium. Farringdon Street si svilupp\u00f2 sul corso del fiume Fleet, utilizzato fin dai romani e convertito in un canale nel 1680, quale tratta di trasporto del carbone dal nord dell\u2019Inghilterra. Da allora la zona ha acquisito una vocazione fortemente commerciale, data anche dal vicino Smithfield Meat Market, mercato della carne per pi\u00f9 di 800 anni. Il canale divenne sotteraneo nel 1737, e sopra ad esso vennero costruite Farringdon Street e il \u201cFleet Market\u201d, mercato di carne, pesce e verdure. Il mercato venne chiuso nel 1829 e Farringdon Street venne allargata. Il ponte di Holborn venne poi costruito sopra Farringdon Street per collegare Oxford Street alla City of London, in quella che lo storico Walter Thornbury chiam\u00f2 \u201cgreatest and most successful works every undertaken in the city of London\u201d. La stazione di Farringdon venne aperta nel 1863 come \u201cFarringdon Street Station\u201d, per poi chiamarsi \u201cFarringdon &amp; High Holborn\u201d nel 1922 e infine \u201cFarringdon\u201d nel 1936.<\/p>\n<p>&nbsp;<\/p>\n<p style=\"text-align: justify;\"><strong>Little Italy<\/strong><\/p>\n<p style=\"text-align: justify;\">Nel quartiere di Farringdon e Clerkenwell vennero ambientati i racconti di Charles Dickens, che restituiscono una immagine dei tempi \u2013 i primi decenni dell\u2019Ottocento \u2013 di una zona densamente popolata, caratterizzata da condizioni di estrema miseria e povert\u00e0.<br \/>\nIl quartiere costituiva anche punto di arrivo degli immigrati in citt\u00e0, e proprio nelle vie intorno a Saffron Hill, Farringdon Road e Clerkenweel Road si insedi\u00f2 la prima comunit\u00e0 italiana. Non a caso l\u00ec venne edificata nel 1863 la Chiesa italiana di St. Peter\u2019s, che costitu\u00ec un importante luogo di aggregazione della nostra comunit\u00e0 a Londra.<\/p>\n<p style=\"text-align: justify;\">La zona fu anche luogo di ritrovo dei rifugiati politici Risorgimentali. Giunto in esilio a Londra nel 1838, Giuseppe Mazzini fond\u00f2 ad Hatton Garden nel 1841 una scuola gratuita per i figli degli immigrati italiani in Londra, che vivevano nei quartieri operai della zona. Nel 1864 venne fondata nel quartiere \u201cLa Societ\u00e0 per il Progresso degli Operai Italiani in Londra\u201d, sotto la presidenza congiunta di Mazzini e Garibaldi, quale associazione di sostegno agli italiani in citt\u00e0 e alla causa di liberazione nazionale.<\/p>\n<p style=\"text-align: justify;\">Gli esercizi commerciali ancora presenti nella zona testimoniano il segno di una presenza italiana e tradizionale. Allo stesso tempo, il quartiere ospita oggi gli uffici finanziari della City, che accolgono migliaia di nostri connazionali, esponenti di una nuova emigrazione professionale costantemente in crescita.<\/p>\n<p style=\"text-align: justify;\">La localizzazione della nuova sede del Consolato Generale d\u2019Italia in una delle strade di quella che fu \u201cLittle Italy\u201d acquista pertanto oggi un significato profondo, in un \u201critorno alle origini\u201d in continuit\u00e0 con la storia della nostra presenza in citt\u00e0, ma dalla valenza ugualmente attuale.<\/p>\n","protected":false},"excerpt":{"rendered":"HARP HOUSE &#8211; 83\/86 FARRINGDON STREET, EC4A 4BL LONDON \u201cHarp House\u201d si sviluppa su otto piani in un edificio di circa 1200 mq nel tradizionale quartiere di Farringdon, a pochi passi dalla City, cuore finanziario di Londra, e da Clerkenwell, e quartiere tradizionale dell\u2019emigrazione italiana (\u201cLittle Italy\u201d). L\u2019edificio \u00e8 posto sul lato occidentale di Farringdon [&hellip;]","protected":false},"author":4,"featured_media":0,"parent":14,"menu_order":1,"comment_status":"closed","ping_status":"closed","template":"","meta":{"footnotes":""},"class_list":["post-114","page","type-page","status-publish","hentry"],"_links":{"self":[{"href":"https:\/\/conslondra.esteri.it\/it\/wp-json\/wp\/v2\/pages\/114","targetHints":{"allow":["GET"]}}],"collection":[{"href":"https:\/\/conslondra.esteri.it\/it\/wp-json\/wp\/v2\/pages"}],"about":[{"href":"https:\/\/conslondra.esteri.it\/it\/wp-json\/wp\/v2\/types\/page"}],"author":[{"embeddable":true,"href":"https:\/\/conslondra.esteri.it\/it\/wp-json\/wp\/v2\/users\/4"}],"replies":[{"embeddable":true,"href":"https:\/\/conslondra.esteri.it\/it\/wp-json\/wp\/v2\/comments?post=114"}],"version-history":[{"count":2,"href":"https:\/\/conslondra.esteri.it\/it\/wp-json\/wp\/v2\/pages\/114\/revisions"}],"predecessor-version":[{"id":15893,"href":"https:\/\/conslondra.esteri.it\/it\/wp-json\/wp\/v2\/pages\/114\/revisions\/15893"}],"up":[{"embeddable":true,"href":"https:\/\/conslondra.esteri.it\/it\/wp-json\/wp\/v2\/pages\/14"}],"wp:attachment":[{"href":"https:\/\/conslondra.esteri.it\/it\/wp-json\/wp\/v2\/media?parent=114"}],"curies":[{"name":"wp","href":"https:\/\/api.w.org\/{rel}","templated":true}]}}