{"id":1151,"date":"2022-08-31T14:26:47","date_gmt":"2022-08-31T12:26:47","guid":{"rendered":"https:\/\/conslondra.esteri.it\/?page_id=1151"},"modified":"2022-11-07T12:21:20","modified_gmt":"2022-11-07T11:21:20","slug":"faq-dichiarazioni-di-valore","status":"publish","type":"page","link":"https:\/\/conslondra.esteri.it\/it\/info-utili\/f-a-q\/faq-dichiarazioni-di-valore\/","title":{"rendered":"FAQ Dichiarazioni di valore"},"content":{"rendered":"<p style=\"text-align: justify;\"><strong><u>GENERALI<\/u><\/strong><\/p>\n<ol style=\"text-align: justify;\">\n<li><strong>Che cos\u2019\u00e8 una \u201cDichiarazione di Valore in Loco\u201d (DV)? <\/strong><strong>A cosa serve?<br \/>\n<\/strong>La Dichiarazione di Valore \u00e8 un documento di natura informativa che descrive il titolo estero conseguito e fornisce ogni elemento utile per consentire, alle Autorit\u00e0 italiane competenti, una valutazione del titolo stesso ai fini del suo riconoscimento nell\u2019ordinamento italiano ai sensi della normativa vigente. La Dichiarazione di Valore non implica alcun riconoscimento, equipollenza od omologazione del titolo di studio a cui fa riferimento.<\/li>\n<li><strong>Come posso contattarvi?<br \/>\n<\/strong>\u00c8 possibile contattarci via email a questo indirizzo: <a href=\"mailto:scuole.londra@esteri.it\">scuole.londra@esteri.it<\/a>.<\/li>\n<li><strong>Dove posso trovare l\u2019elenco di tutti i documenti necessari per richiedere una DV?<br \/>\n<\/strong>L\u2019elenco dei documenti necessari relativi ai titoli scolastici, accademici, o professionali da presentare per richiedere una Dichiarazione di Valore in Loco si trova sulla nostra pagina online al seguente link: <a href=\"https:\/\/conslondra.esteri.it\/it\/servizi-consolari-e-visti\/servizi-per-il-cittadino-italiano\/istruzione\/dichiarazioni-di-valore\/\">http:\/\/conslondra.esteri.it\/consolato_londra\/it\/i_servizi\/per_i_cittadini\/studi\/dichiarazioni_di_valore<\/a><\/li>\n<li><strong>Dove posso scaricare il formulario di richiesta?<br \/>\n<\/strong>Il formulario di richiesta pu\u00f2 essere scaricato <a href=\"https:\/\/conslondra.esteri.it\/it\/chi-siamo\/la-sede\/modulistica\/modulistica-titoli-di-studio\/\">qui<\/a>.<\/li>\n<li><strong>Come posso ottenere un\u2019equipollenza\/equivalenza del mio titolo?<br \/>\n<\/strong>L\u2019equipollenza dei titoli stranieri ad analoghi titoli italiani \u00e8 di esclusiva pertinenza delle Autorit\u00e0 italiane competenti (Ministero dell&#8217;Istruzione, Ministero dell\u2019Universit\u00e0 e Ricerca (MUR), Uffici Scolastici Provinciali, Universit\u00e0, ecc.): solo queste hanno infatti l\u2019autorit\u00e0 a dichiarare l\u2019equivalenza (detta equipollenza) dei titoli stranieri ad analoghi titoli italiani. La procedura di riconoscimento in Italia dei titoli di studio britannici, sia per il proseguimento degli studi (scuola\/Universit\u00e0), che per fini lavorativi, prevede da parte del Consolato d&#8217;Italia territorialmente competente il rilascio della &#8220;dichiarazione di valore in loco&#8221;. Il \u201ccompito\u201d del Consolato \u00e8 dunque unicamente quello di produrre, per chi ne fa richiesta, la Dichiarazione di Valore in Loco, documento necessario per fare richiesta di equipollenza all\u2019Amministrazione italiana competente.<br \/>\nSi prega di far riferimento alle disposizioni fornite dalle Amministrazioni competenti <a href=\"https:\/\/conslondra.esteri.it\/it\/servizi-consolari-e-visti\/servizi-per-il-cittadino-italiano\/istruzione\/equipollenza-titoli-di-studio-professionali\/\">https:\/\/conslondra.esteri.it\/it\/servizi-consolari-e-visti\/servizi-per-il-cittadino-italiano\/istruzione\/equipollenza-titoli-di-studio-professionali\/<\/a><\/li>\n<li><strong>Abito in UK ma ho ottenuto il mio titolo che rientra nell\u2019ordinamento scolastico\/universitario di in un altro Stato, posso richiedere al Consolato di Londra una Dichiarazione di Valore?<br \/>\n<\/strong>No, questo non \u00e8 possibile. L\u2019Ufficio titoli di Studio di questo Consolato pu\u00f2 produrre una Dichiarazione di Valore in Loco solo se i titoli di studio\/professionali rilasciati da istituti di istruzione secondaria\/accademica o enti professionali ufficialmente riconosciuti dalle autorita\u2019 britanniche, rientrano nell\u2019ordinamento scolastico\/universitario britannico.<br \/>\nEsempio:<br \/>\n<u>Caso 1<\/u>: Ho studiato presso <em>The British School, New Delhi<\/em> (India) e ho conseguito tre A level (che rientrano nell\u2019ordinamento scolastico britannico). Per la DV devo rivolgermi al Consolato Generale di Londra e non all\u2019Ambasciata d\u2019Italia di New Delhi;<br \/>\n<u>Caso 2<\/u>: Ho studiato a Londra presso la <em>HULT International Business School<\/em> e ho conseguito un Bachelor of Business Administration (che rientra nell\u2019ordinamento universitario statunitense). Per la DV devo rivolgermi al Consolato d\u2019Italia a Boston. Sebbene i titoli della <em>HULT International Business School <\/em>siano validati nel Regno Unito da <em>Ashridge Business School<\/em> sulla base di un\u2019alleanza strategica, i programmi di studio sono rilasciati secondo il sistema NECHE (The New England Commission of Higher Education) e non secondo il sistema universitario britannico.<\/li>\n<li><strong>Devo richiedere la DV per l\u2019iscrizione all\u2019Universit\u00e1 ma non ho ancora ricevuto i certificati finali che saranno rilasciati a settembre\/ottobre. Posso richiedere lo stesso la Dichiarazione di Valore?<br \/>\n<\/strong>No, la DV viene rilasciata esclusivamente sulla base dei certificati finali rilasciati al completamento del relativo ciclo di studio. Pertanto non possono essere accettati i risultati provvisori (<em>Provisional Results<\/em>).<\/li>\n<li><strong>Ho conseguito il mio titolo presso \u201cUniversity of Glasgow\u201d, come faccio a richiedere la Dichiarazione di Valore?<br \/>\n<\/strong>Per i Titoli conseguiti in Scozia e Irlanda del Nord, l\u2019Autorit\u00e1 competente al rilascio della Dichiarazione di Valore \u00e8 il <a href=\"https:\/\/consedimburgo.esteri.it\/Consolato_Edimburgo\/it\">Consolato Generale d\u2019Italia in Edimburgo<\/a>.<\/li>\n<li><strong>Ho conseguito un Bachelor\/Master\/PHD presso \u201cUniversity of Manchester\u201d, \u201cUniversity of Leicester\u201d, \u201cUniversity of Liverpool\u201d, dove devo richiedere la Dichiarazione di Valore?<br \/>\n<\/strong>Il Consolato d\u2019Italia a Manchester \u00e9 competente al rilascio delle Dichiarazioni di Valore relative ai titoli di studio\/professionali ricadenti nella seguenti aree: Contee di Cheshire, Cumbria, Derbyshire, Durham, East Yorkshire, Greater Manchester, Lancashire, Leicestershire, Lincolnshire, Merseyside, North Yorkshire, Northumberland, Nottinghamshire, Rutland, Shropshire, South Yorkshire, Staffordshire, Tyne and Wear, West Midlands, West Yorkshire, e l\u2019Isola di Man.<br \/>\nQualora il richiedente abbia conseguito un titolo ricadente nella suddetta cirscoscrizione consolare dovr\u00e1 pertanto contattare il <a href=\"https:\/\/consmanchester.esteri.it\/consolato_manchester\/it\/\">Consolato d\u2019Italia a Manchester<\/a>.<\/li>\n<\/ol>\n<p style=\"text-align: justify;\"><strong><u>SPEDIZIONE<\/u><\/strong><\/p>\n<ol style=\"text-align: justify;\">\n<li><strong>Devo includere una busta preaffrancata?<\/strong><strong><br \/>\n<\/strong>Se il richiedente desidera ricevere la DV e relativa documentazione presso <u>un indirizzo UK<\/u>, dovr\u00e0 includere una busta formato A4 preaffrancata (preferibilmente Special Delivery) al momento della presentazione della domanda.<br \/>\nSe il richiedente desidera ricevere la propria DV e relativa documentazione <u>presso un indirizzo non-UK<\/u> (Italia inclusa), le spese di spedizione verranno calcolate secondo il Paese di destinazione e richieste agli interessati via email (assieme al pagamento delle tariffe consolari, se applicabili). In questo caso, \u00e8 possibile includere una busta semplice formato A4 (non imbottita) non preaffrancata, completa di indirizzo del destinatario al momento della presentazione della domanda.<\/li>\n<li><strong>Quale servizio postale posso utilizzare per inviarvi la documentazione?<br \/>\n<\/strong>La scelta del servizio postale \u00e8 a completa discrezione del richiedente. Si consiglia di optare per una spedizione tracciata, in modo da poter rintracciare i documenti spediti in ogni momento e verificarne la corretta consegna.<\/li>\n<li><strong>A quale indirizzo devo inviare la richiesta?<br \/>\n<\/strong>Si prega di inviare la richiesta, completa di tutta la documentazione necessaria, al seguente indirizzo:<br \/>\n<strong>Ufficio Titoli di Studio<br \/>\n<\/strong><strong>Consolato Generale d&#8217;Italia<br \/>\n<\/strong><strong>&#8220;Harp House&#8221;, 83\/86 Farringdon Street,<br \/>\n<\/strong><strong>EC4A 4BL London<\/p>\n<p><\/strong><\/li>\n<li><strong>Verr\u00f2 avvisato quando riceverete la mia domanda con la relativa documentazione?<br \/>\n<\/strong>Dato l\u2019alto numero di richieste, non ci \u00e8 possibile avvisare ciascun richiedente dell\u2019avvenuta ricezione del plico di richiesta al momento della consegna da parte delle poste o di un corriere. Per questo motivo, invitiamo ad utilizzare una spedizione tracciata, che consenta di verificare autonomamente l\u2019avvenuta consegna.<\/li>\n<li><strong>La spedizione mi risulta recapitata al Consolato. Perch\u00e9\u2019 non ho ricevuto nessuna comunicazione da parte vostra?<br \/>\n<\/strong>Dato l\u2019elevato numero di richieste, non ci \u00e8 possibile avvisare ciascun richiedente dell\u2019avvenuta ricezione del plico al momento della consegna da parte delle poste o di un corriere. Generalmente, la prima comunicazione che il richiedente riceve da parte nostra \u00e8 una email con la richiesta del pagamento delle tariffe consolari e\/o spese di spedizione. Ci\u00f2, tuttavia, avviene dopo diversi giorni dalla consegna, all\u2019interno del periodo di tempo di lavorazione di circa 30 giorni.<\/li>\n<\/ol>\n<p style=\"text-align: justify;\"><u>PAGAMENTO<\/u><\/p>\n<ol style=\"text-align: justify;\">\n<li><strong>La mia DV pu\u00f2 essere gratuita?<br \/>\n<\/strong>La DV viene rilasciata gratuitamente solo se \u00e8 finalizzata al proseguimento degli studi. Per motivi di lavoro, il servizio \u00e8 a pagamento, sia per i cittadini italiani che per i cittadini stranieri.<\/li>\n<li><strong>Come posso dimostrare che la mia DV \u00e8 finalizzata al proseguimento degli studi?<br \/>\n<\/strong>Si pu\u00f2 presentare, ad esempio, una prova d\u2019iscrizione presso un qualsiasi Istituto di formazione universitaria o superiore (es: domanda di iscrizione, oppure una lettera che attesti l\u2019iscrizione all\u2019Universit\u00e0 italiana).<\/p>\n<p><strong>ATTENZIONE<\/strong> (<u>per i soli cittadini italiani all\u2019estero<\/u>): \u00e8 necessario presentare una prova di residenza (es.: iscrizione all\u2019AIRE, intestazione e pagamento di utenze, presentazione del pagamento della council tax, estratto conto bancario) e prova di iscrizione all\u2019Universit\u00e0 italiana.<\/li>\n<li><strong>Quanto costa una DV?<br \/>\n<\/strong>Il costo di una \u201cDichiarazione di Valore in Loco\u201d corrisponde agli articoli 66N e 72A del <a href=\"https:\/\/conslondra.esteri.it\/it\/info-utili\/tariffe-consolari\/\">tariffario consolare<\/a>. A questo, va aggiunto il costo delle spese di spedizione internazionale (variabile a seconda della destinazione), se il richiedente desidera ricevere la propria DV e relativa documentazione presso un indirizzo non-UK (Italia inclusa). Si prega di considerare queste cifre come indicative e soggette a possibili variazioni del Tariffario Consolare.<\/li>\n<li><strong>Quando devo effettuare il pagamento?<br \/>\n<\/strong>Il pagamento dovr\u00e0 essere effettuato solo dopo che l\u2019ufficio avr\u00e1 analizzato la pratica e comunicher\u00e0 via email direttamente agli interessati l\u2019importo esatto da versare ai sensi delle tariffe vigenti.<\/li>\n<li><strong>Posso effettuare il pagamento prima di inviare la richiesta per la DV?<br \/>\n<\/strong>Non \u00e8 possibile effettuare il pagamento delle tariffe consolari prima che la richiesta sia stata esaminata dall\u2019ufficio.<\/li>\n<li><strong>Come posso effettuare il pagamento?<br \/>\n<\/strong>Il pagamento pu\u00f2 avvenire soltanto tramite bonifico bancario.<\/li>\n<li><strong>Dove posso trovare informazioni per effettuare il bonifico?<br \/>\n<\/strong>Tutte le necessarie informazioni verranno comunicate agli interessati via email.<\/li>\n<li><strong>Posso pagare in euro o altra valuta rispetto a quella richiesta?<br \/>\n<\/strong>I pagamenti a favore del Consolato Generale d\u2019Italia a Londra devono essere effettuati esclusivamente in Lire Sterline (GBP). Euro ed altre valute non saranno accettate.<\/li>\n<\/ol>\n<p style=\"text-align: justify;\"><u>TRADUZIONE<\/u><\/p>\n<ol style=\"text-align: justify;\">\n<li><strong>Cosa si intende per traduzione del titolo di studio?<br \/>\n<\/strong>Si intende la traduzione del \u201cdegree certificate\/certificate\/diploma\u201d, come, ad esempio, di un Bachelor, un Master, ecc.<\/li>\n<li><strong>Devo fornire una traduzione del diploma del titolo di studi?<br \/>\n<\/strong>\u00c8 necessario includere una traduzione dall\u2019inglese all\u2019italiano dei titoli accademici di ogni livello (Bachelor, Master, MPhil, PhD) e dei Postgraduate Certificate of Education\/Bachelor of Education, inclusi certificati QTS e Induction e per i titoli professionali.<br \/>\nNon \u00e8 richiesta la traduzione dei Titoli di Scuola Secondaria (G.C.S.E., Advanced Subsidiary e Advanced Level).<\/li>\n<li><strong>\u00c8 necessario tradurre i Transcripts, il Diploma Supplement, la lettera di frequenza, o altri documenti che non siano il diploma del titolo di studi?<br \/>\n<\/strong>No, non \u00e8 necessario tradurre questi documenti.<\/p>\n<p><strong>ATTENZIONE<\/strong>: Coloro i quali presentano richiesta per Postgraduate Certificate of Education\/Bachelor of Education, corredati dai certificati QTS e Induction, sono pregati di fornire anche la traduzione di questi ultimi in aggiunta alla traduzione del titolo PGCE.<\/li>\n<li><strong>Le autorit\u00e1 italiane hanno richiesto l\u2019autentica di traduzione da parte del Consolato del mio Diploma Supplement (o Transcript\/Programmi di esame\/Lettera di frequenza o altri documenti che non siano i titoli finali) come posso ottenerli?<br \/>\n<\/strong>Questo Consolato non effettua autentiche di traduzione se non quelle previste da alcune norme di legge, di cui alla domanda 21). E\u2019 possibile ottenere le\u00a0 traduzioni dei sopraelencati documenti rivolgendosi direttamente in Italia ad un traduttore giurato e richiedendo una traduzione giurata\/asseverata. Ogni tribunale di zona dispone di un elenco dei &#8220;traduttori giurati&#8221;, che compare nell&#8217;\u201dAlbo dei consulenti tecnici d\u2019Ufficio (CTU)\u201d, che \u00e8 possibile consultare.<\/li>\n<li><strong>\u00c8 necessario che la traduzione del mio titolo sia asseverata?<br \/>\n<\/strong>No, non \u00e8 necessario ai fini dell\u2019ottenimento di una Dichiarazione di Valore in Loco. La traduzione che si presenta verr\u00e0 autenticata a cura dell\u2019Ufficio Titoli di studio, contestualmente al rilascio della DV.<\/li>\n<li><strong>Il titolo deve essere tradotto da un traduttore professionista?<br \/>\n<\/strong>Questo non \u00e8 necessario ai fini dell\u2019ottenimento di una Dichiarazione di Valore in Loco. La traduzione del solo titolo di studio pu\u00f2 essere effettuata dall\u2019interessato o da terzi, purch\u00e9 in possesso di adeguate competenze di lingua italiana.<\/li>\n<li><strong>Vi ho gi\u00e0 inviato una traduzione. Perch\u00e9\u2019 mi \u00e8 stata richiesta un\u2019altra volta via email?<br \/>\n<\/strong>Perch\u00e8 \u00e8 necessaria una versione editabile per apportare modifiche di formattazione o perch\u00e8 la traduzione non \u00e8 adeguata.<\/li>\n<li><strong>Confermate l\u2019avvenuta ricezione di pagamento?<br \/>\n<\/strong>Dato l\u2019alto numero di richieste che processiamo quotidianamente, solitamente non scriviamo agli interessati per confermare la ricezione del pagamento. Se questo non ci perviene entro 15 giorni, saremo noi a sollecitare gli interessati.<\/li>\n<li><strong>Posso avere una ricevuta di pagamento?<br \/>\n<\/strong>Non si emettono ricevute per il pagamento delle tariffe consolari. Le percezioni consolari affisse sui documenti sono prova dell\u2019avvenuto pagamento delle tariffe consolari e ne riportano il corrispettivo pagato (in lire sterline).<\/li>\n<\/ol>\n<p style=\"text-align: justify;\"><u>COPIE VERIFICATE E LEGALIZZATE DEI TITOLI<\/u><\/p>\n<ol>\n<li style=\"text-align: justify;\"><strong>\u00c8 possibile richiedere la produzione di copie verificate e autenticate dei certificati originali ad un notaio <u>non<\/u> britannico?<br \/>\n<\/strong>No, le copie dei certificati originali devono essere verificate e autenticate da Notai britannici.<br \/>\nUna volta ottenuta la copia verificata e autenticata del documento dal \u201cNotary Public\u201d, questa va legalizzata per mezzo dell\u2019apostille rilasciata dal Foreign, Commonwealth &amp; Development Office (FCDO).<\/li>\n<li style=\"text-align: justify;\"><strong>Posso inviarvi il mio titolo originale legalizzato mediante apostille?<br \/>\n<\/strong>Sconsigliamo vivamente di far circolare i diplomi originali in quanto essi sono copie uniche e \u2013 se smarriti \u2013 non possono essere riprodotti. Invitiamo pertanto a seguire la corretta procedura per produrre copia verificata e autenticata e legalizzata del titolo.<\/li>\n<li style=\"text-align: justify;\"><strong>Ho richiesto una copia conforme del mio titolo presso il mio Comune italiano. \u00c8 valida ai fini della richiesta per una Dichiarazione di Valore?<br \/>\n<\/strong>No, questo tipo di autenticazione non puo\u2019 essere accettato ai fini del rilascio di una Dichiarazione di Valore.<\/li>\n<\/ol>\n<p>&nbsp;<\/p>\n","protected":false},"excerpt":{"rendered":"GENERALI Che cos\u2019\u00e8 una \u201cDichiarazione di Valore in Loco\u201d (DV)? A cosa serve? La Dichiarazione di Valore \u00e8 un documento di natura informativa che descrive il titolo estero conseguito e fornisce ogni elemento utile per consentire, alle Autorit\u00e0 italiane competenti, una valutazione del titolo stesso ai fini del suo riconoscimento nell\u2019ordinamento italiano ai sensi della [&hellip;]","protected":false},"author":6,"featured_media":0,"parent":801,"menu_order":0,"comment_status":"closed","ping_status":"closed","template":"","meta":{"footnotes":""},"class_list":["post-1151","page","type-page","status-publish","hentry"],"_links":{"self":[{"href":"https:\/\/conslondra.esteri.it\/it\/wp-json\/wp\/v2\/pages\/1151","targetHints":{"allow":["GET"]}}],"collection":[{"href":"https:\/\/conslondra.esteri.it\/it\/wp-json\/wp\/v2\/pages"}],"about":[{"href":"https:\/\/conslondra.esteri.it\/it\/wp-json\/wp\/v2\/types\/page"}],"author":[{"embeddable":true,"href":"https:\/\/conslondra.esteri.it\/it\/wp-json\/wp\/v2\/users\/6"}],"replies":[{"embeddable":true,"href":"https:\/\/conslondra.esteri.it\/it\/wp-json\/wp\/v2\/comments?post=1151"}],"version-history":[{"count":0,"href":"https:\/\/conslondra.esteri.it\/it\/wp-json\/wp\/v2\/pages\/1151\/revisions"}],"up":[{"embeddable":true,"href":"https:\/\/conslondra.esteri.it\/it\/wp-json\/wp\/v2\/pages\/801"}],"wp:attachment":[{"href":"https:\/\/conslondra.esteri.it\/it\/wp-json\/wp\/v2\/media?parent=1151"}],"curies":[{"name":"wp","href":"https:\/\/api.w.org\/{rel}","templated":true}]}}