{"id":11786,"date":"2024-11-13T11:56:07","date_gmt":"2024-11-13T10:56:07","guid":{"rendered":"https:\/\/conslondra.esteri.it\/?page_id=11786"},"modified":"2024-11-13T12:25:49","modified_gmt":"2024-11-13T11:25:49","slug":"1-cittadinanza-per-residenza-in-italia-o-matrimonio","status":"publish","type":"page","link":"https:\/\/conslondra.esteri.it\/it\/1-cittadinanza-per-residenza-in-italia-o-matrimonio\/","title":{"rendered":"1\u00a0 \u00a0Cittadinanza per residenza in Italia o matrimonio"},"content":{"rendered":"<p><strong>1.1 Verifica della propria posizione<\/strong><\/p>\n<p><strong>Verificare<\/strong>\u00a0con il comune italiano\u00a0<u>presso cui la cittadinanza \u00e8 stata acquistata<\/u>, che l\u2019atto di nascita sia stato correttamente trascritto, in uno dei seguenti modi:<\/p>\n<p>\u2013 inviando al Comune la seguente istanza (<a href=\"https:\/\/conslondra.esteri.it\/wp-content\/uploads\/2024\/11\/ISTANZA-al-Comune.docx\">link<\/a>)<\/p>\n<p>oppure<\/p>\n<p>\u2013 richiedendo un\u00a0<u>estratto per riassunto\u00a0<\/u>del proprio atto di nascita (tramite il sito\u00a0<a href=\"https:\/\/www.anagrafenazionale.interno.it\/\">ANPR<\/a>\u00a0o direttamente al Comune).<\/p>\n<p><strong>1.2 Esito della verifica<\/strong><\/p>\n<p><strong>1.2a<\/strong>\u00a0Se il Comune risponde che\u00a0<strong><u>l\u2019atto \u00e8 stato trascritto<\/u><\/strong>\u00a0e fornisce gli estremi di registrazione:<\/p>\n<p><strong>inviare<\/strong>\u00a0per email la risposta del Comune o allegare un pdf dell\u2019estratto per riassunto dell\u2019atto di nascita all\u2019indirizzo\u00a0<a href=\"mailto:mailtostatocivile.londra@esteri.it\">statocivile.londra@esteri.it<\/a>, indicando nell\u2019oggetto \u201c\u00a0<strong>Trascrizione nascita maggiorenne \u2013NOME, COGNOME<\/strong>\u201d.<\/p>\n<p><strong>1.2b<\/strong>\u00a0Se il Comune risponde che\u00a0<strong><u>l\u2019atto NON \u00e8 stato trascritto<\/u>,\u00a0<\/strong>questo Consolato, una volta ricevuta i documenti necessari per la registrazione della nascita, dovr\u00e0 effettuare alcune verifiche per accertare l\u2019effettivo possesso della cittadinanza italiana.<\/p>\n<p><strong><u>Documenti necessari per la registrazione della nascita<\/u><\/strong><\/p>\n<p>Si prega di spedire tramite Special Delivery\u00a0<u>TUTTI i seguenti documenti<\/u>\u00a0all\u2019Ufficio di Stato Civile del Consolato all\u2019indirizzo:<\/p>\n<p>CONSOLATO GENERALE D\u2019ITALIA A LONDRA<\/p>\n<p>Ufficio di Stato Civile \u2013 Sez. Nascite<\/p>\n<p>\u201cHarp House\u201d \u2013 83\/86 Farringdon Street<\/p>\n<p>EC4A 4BL London.<\/p>\n<p><strong>A. Modulo di richiesta di trascrizione del certificato di nascita<\/strong><\/p>\n<p>Compilare e firmare il\u00a0<strong>Modulo n.23<\/strong>\u00a0di richiesta di trascrizione del certificato di nascita (<a href=\"https:\/\/conslondra.esteri.it\/wp-content\/uploads\/2024\/11\/MODULO-RICHIESTA-TRASCRIZIONE-NASCITA-MAGGIORENNI.pdf\">link<\/a>).<\/p>\n<p><strong>B. Fotocopia dei documenti di identit\u00e0 italiani<\/strong><\/p>\n<p>Includere la fotocopia di passaporti o carte di identit\u00e0, italiani sia in corso di validit\u00e0 che scaduti<\/p>\n<p><strong>C. Fotocopia dei documenti di identit\u00e0 stranieri<\/strong><\/p>\n<p>Includere la fotocopia di eventuali passaporti o carte di identit\u00e0 stranieri in corso di validit\u00e0.<\/p>\n<p><strong>D. Busta pre-affrancata special delivery<\/strong><\/p>\n<p>Acquistare una busta pre-affrancata presso gli uffici postali e scrivere il proprio cognome e indirizzo nella sezione del destinatario, per l\u2019eventuale restituzione della documentazione incompleta o inesatta, o richiesta di ulteriori documenti.<\/p>\n<p><strong>E. Certificato di nascita originale<\/strong><\/p>\n<p>Includere il Certificato di Nascita originale\u00a0<u>rilasciato dalla autorit\u00e0 competente del Paese in cui \u00e8 avvenuta la nascita<\/u><strong>.\u00a0<\/strong>Non possiamo accettare fotocopie.<\/p>\n<p><em>Esempio: se la nascita del minore \u00e8 avvenuta in Brasile, includere il \u201cCertid\u00e3o de nascimento de Inteiro Teor\u201d rilasciato dal Cart\u00f3rio.<\/em><\/p>\n<p><strong>F. Legalizzazione del certificato di nascita<\/strong><\/p>\n<p>Le modalit\u00e0 di legalizzazione dipendono dall\u2019adesione del Paese in cui \u00e8 avvenuta la nascita alla Convenzione dell\u2019Aja del 1961. Verificare se il Paese in questione aderisce alla convenzione:\u00a0<a href=\"https:\/\/www.prefettura.it\/FILES\/docs\/1173\/Convenzione_Aja_Stato_applicazione.pdf\">Convenzione sulle Apostille \u2013 Lista dei Paesi aderenti<\/a><\/p>\n<ul>\n<li><strong>CASO 1 \u2013 Paese firmatario della Convenzione dell\u2019Aja del 1961<\/strong><\/li>\n<\/ul>\n<p>Se il Paese di nascita del minore\u00a0\u00c8 INCLUSO\u00a0nella\u00a0lista dei Paesi aderenti, il certificato di nascita originale deve essere\u00a0<u>legalizzato tramite apostilla cartacea dall\u2019autorit\u00e0 competente del Paese in cui \u00e8 avvenuta la nascita.<\/u><\/p>\n<p><em>Esempio: se l\u2019interessato \u00e8 nato in Brasile, l\u2019autorit\u00e0 competente per la legalizzazione del certificato di nascita \u201cInteiro Teor\u201d \u00e8 il Cart\u00f3rio.<\/em><\/p>\n<ul>\n<li><strong>CASO 2 \u2013 Tutti gli altri Paesi non compresi nella Convenzione1961<\/strong><\/li>\n<\/ul>\n<p>Se il Paese di nascita dell\u2019interessato NON\u00a0\u00c8 INCLUSO nella\u00a0<a href=\"https:\/\/www.prefettura.it\/FILES\/docs\/1173\/Convenzione_Aja_Stato_applicazione.pdf\">lista dei Paesi aderenti<\/a>, il certificato di nascita originale deve essere\u00a0<u>legalizzato dall\u2019Ambasciata o Consolato\u00a0italiano presente sul territorio del paese in cui \u00e9 avvenuta la nascita.<\/u><\/p>\n<p><em>Esempio: se l\u2019interessato \u00e8 nato ad Accra, l\u2019autorit\u00e0 competente per la legalizzazione del certificato di nascita \u00e8 l\u2019Ambasciata d\u2019Italia ad Accra. Se l\u2019interessato \u00e8 nato ad Islamabad, la nostra rappresentanza competente per la legalizzazione del certificato \u00e8 l\u2019Ambasciata d\u2019Italia a Islamabad.<\/em><\/p>\n<p><strong>G. Traduzione italiana del certificato di nascita<\/strong><\/p>\n<p>La traduzione deve essere effettuata da un\u00a0<strong>traduttore professionista<\/strong>. Non \u00e8 necessario tradurre l\u2019Apostille.<\/p>\n<p><strong>H. Legalizzazione della traduzione italiana<\/strong><\/p>\n<ul>\n<li><strong>Per i certificati rilasciati\u00a0in lingua inglese:<\/strong><\/li>\n<\/ul>\n<p>NON \u00e8 necessaria la legalizzazione della traduzione, poich\u00e9 sar\u00e0 il Consolato a verificarne la correttezza.<\/p>\n<ul>\n<li><strong>Per i certificati rilasciati\u00a0in lingue diverse dall\u2019inglese<\/strong>:<\/li>\n<\/ul>\n<p>La traduzione deve essere apostillata secondo le procedure del Paese di emissione oppure legalizzata dal Consolato italiano competente nel territorio dove \u00e8 stato emesso l\u2019atto.<\/p>\n<p><strong>ATTENZIONE:\u00a0<\/strong>Gli originali\u00a0<strong><u>non saranno restituiti<\/u><\/strong>\u00a0e resteranno agli atti di questo Consolato. Ulteriori copie del certificato di nascita possono essere richieste all\u2019autorit\u00e0 che lo ha emesso.<\/p>\n<p>&nbsp;<\/p>\n<p><strong>1.3 Tempistiche e avanzamento della pratica<\/strong><\/p>\n<p>Le richieste vengono elaborate dal Consolato in ordine di arrivo presso l\u2019Ufficio di Stato Civile. Il tempo stimato per la lavorazione \u00e8 attualmente di circa\u00a0<strong><u>DIECI SETTIMANE<\/u>\u00a0dalla ricezione della documentazione,<\/strong>\u00a0che si conclude con la trasmissione dei documenti al Comune A.I.R.E. di competenza.<\/p>\n<p>Per\u00a0<strong>monitorare l\u2019avanzamento della pratica<\/strong>, i connazionali possono:<\/p>\n<ul>\n<li><strong>Verificare la ricezione dei documenti da parte del Consolato<\/strong>\u00a0utilizzando il servizio di tracciamento della Special Delivery sul sito di Royal Mail: .<\/li>\n<li><strong>Attendere la notifica della trasmissione al Comune\u00a0<\/strong>che verr\u00e0 inviata da questo Consolato all\u2019indirizzo email fornito. \u00c8 importante controllare anche la casella di posta indesiderata.<\/li>\n<\/ul>\n<p>&nbsp;<\/p>\n<p><strong>1.4 Esito e conferma della trascrizione<\/strong><\/p>\n<p>Il Comune registrer\u00e0 l\u2019atto nei propri registri anagrafici secondo le sue tempistiche di ufficio. In caso di rigetto, il Comune comunicher\u00e0 le motivazioni al Consolato tramite PEC, e il richiedente verr\u00e0 informato dell\u2019esito negativo.<\/p>\n<p>Una volta ricevuta la notifica della trasmissione via email, il Consolato ha concluso le operazioni di sua competenza.<\/p>\n<p>Per\u00a0<strong>aggiornamenti sulla trascrizione<\/strong>, \u00e8 possibile:<\/p>\n<ul>\n<li><strong>Contattare direttamente il Comune AIRE di competenza<\/strong>; i contatti email e telefonici sono disponibili sulla homepage del Comune.<\/li>\n<li><strong>Verificare l\u2019aggiornamento della propria scheda anagrafica sul\u00a0portale ANPR<\/strong>\u00a0(LINK:\u00a0<a href=\"https:\/\/www.anagrafenazionale.interno.it\/servizi-anagrafici\/visura-e-autocertificazioni\/\">ANPR<\/a>), accessibile tramite il Sistema Pubblico di Identit\u00e0 Digitale (SPID) o Carta di Identit\u00e0 Elettronica (CIE). Per maggiori informazioni su come ottenere lo SPID o su come richiedere la CIE, visitare i seguenti link:\u00a0<a href=\"https:\/\/conslondra.esteri.it\/it\/servizi-consolari-e-visti\/servizi-per-il-cittadino-italiano\/spid\/\">Cos\u2019\u00e9 lo SPID e come si ottiene; Come richiedere la Carta di identit\u00e1 elettronica).<\/a><\/li>\n<\/ul>\n","protected":false},"excerpt":{"rendered":"1.1 Verifica della propria posizione Verificare\u00a0con il comune italiano\u00a0presso cui la cittadinanza \u00e8 stata acquistata, che l\u2019atto di nascita sia stato correttamente trascritto, in uno dei seguenti modi: \u2013 inviando al Comune la seguente istanza (link) oppure \u2013 richiedendo un\u00a0estratto per riassunto\u00a0del proprio atto di nascita (tramite il sito\u00a0ANPR\u00a0o direttamente al Comune). 1.2 Esito della [&hellip;]","protected":false},"author":13,"featured_media":0,"parent":0,"menu_order":0,"comment_status":"closed","ping_status":"closed","template":"","meta":{"footnotes":""},"class_list":["post-11786","page","type-page","status-publish","hentry"],"_links":{"self":[{"href":"https:\/\/conslondra.esteri.it\/it\/wp-json\/wp\/v2\/pages\/11786","targetHints":{"allow":["GET"]}}],"collection":[{"href":"https:\/\/conslondra.esteri.it\/it\/wp-json\/wp\/v2\/pages"}],"about":[{"href":"https:\/\/conslondra.esteri.it\/it\/wp-json\/wp\/v2\/types\/page"}],"author":[{"embeddable":true,"href":"https:\/\/conslondra.esteri.it\/it\/wp-json\/wp\/v2\/users\/13"}],"replies":[{"embeddable":true,"href":"https:\/\/conslondra.esteri.it\/it\/wp-json\/wp\/v2\/comments?post=11786"}],"version-history":[{"count":4,"href":"https:\/\/conslondra.esteri.it\/it\/wp-json\/wp\/v2\/pages\/11786\/revisions"}],"predecessor-version":[{"id":11810,"href":"https:\/\/conslondra.esteri.it\/it\/wp-json\/wp\/v2\/pages\/11786\/revisions\/11810"}],"wp:attachment":[{"href":"https:\/\/conslondra.esteri.it\/it\/wp-json\/wp\/v2\/media?parent=11786"}],"curies":[{"name":"wp","href":"https:\/\/api.w.org\/{rel}","templated":true}]}}