{"id":13752,"date":"2025-04-16T13:44:27","date_gmt":"2025-04-16T11:44:27","guid":{"rendered":"https:\/\/conslondra.esteri.it\/?page_id=13752"},"modified":"2026-03-30T17:40:44","modified_gmt":"2026-03-30T15:40:44","slug":"come-posso-dimostrare-alla-compagnia-aerea-che-non-necessito-delleta-dato-che-sono-titolare-di-settled-pre-settled-status","status":"publish","type":"page","link":"https:\/\/conslondra.esteri.it\/it\/info-utili\/f-a-q\/come-posso-dimostrare-alla-compagnia-aerea-che-non-necessito-delleta-dato-che-sono-titolare-di-settled-pre-settled-status\/","title":{"rendered":"Come posso dimostrare alla compagnia aerea che non necessito dell\u2019ETA, dato che sono titolare di Settled\/Pre-Settled status?"},"content":{"rendered":"<p>L\u2019Home Office ha introdotto un nuovo sistema digitale esteso alle compagnie aeree che consente di confermare lo status migratorio dei passeggeri automaticamente tramite l\u2019invio di un codice direttamente alla compagnia. Affinch\u00e9 \u00a0il sistema funzioni \u00e8 necessario utilizzare per il check-in lo stesso documento di viaggio registrato sul profilo digitale del <em>settled status<\/em> e che si utilizzer\u00e0 per viaggiare. Pertanto \u00e8 di fondamentale importanza tenere aggiornato il proprio status digitale con i dettagli del documento di viaggio che si utilizza &#8211; <a href=\"https:\/\/www.gov.uk\/update-uk-visas-immigration-account-details\/update-your-ukvi-account\">Update your UK Visas and Immigration account details: Update your UKVI account details &#8211; GOV.UK<\/a> &#8211; onde evitare problemi al momento dell\u2019imbarco.<\/p>\n<p>Inoltre sul sito ufficiale del Governo britannico \u00e8 chiaramente indicato che chi \u00e8 titolare di <em>settled, pre<\/em><em>&#8211;<\/em><em>settled<\/em> o altro permesso\/visto NON ha bisogno di ETA: <a href=\"https:\/\/www.gov.uk\/guidance\/apply-for-an-electronic-travel-authorisation-eta\">Apply for an electronic travel authorisation (ETA) &#8211; GOV.UK<\/a> (<em>You do not need an\u00a0ETA\u00a0if: you have permission to live, work or study in the UK (including\u00a0<\/em><em><a href=\"https:\/\/www.gov.uk\/settled-status-eu-citizens-families\">settled or pre-settled status<\/a><\/em><em>\u00a0or\u00a0<\/em><em><a href=\"https:\/\/www.gov.uk\/right-of-abode\">right of abode<\/a><\/em><em>).<\/em><\/p>\n<p>Poich\u00e9 il <em>settled status<\/em> \u00e8 uno status migratorio interamente digitale, l\u2019unico metodo ufficiale predisposto dalle Autorit\u00e0 britanniche per verificarlo \u00e8 l\u2019utilizzo di uno <strong>share code<\/strong> \u2013 generabile tramite il servizio <a href=\"https:\/\/www.gov.uk\/view-prove-immigration-status\">View your eVisa and get a share code to prove your immigration status online &#8211; GOV.UK<\/a>. Questo codice deve essere fornito alla compagnia aerea, che potr\u00e0 cos\u00ec effettuare le verifiche necessarie attraverso il portale dell\u2019Home Office. Il Governo britannico ha da tempo comunicato questa procedura alle compagnie di trasporto. In aggiunta, \u00e8 possibile stampare il proprio profilo digitale da mostrare alla compagnia aerea in caso di necessit\u00e0. Tuttavia, si tratta di una modalit\u00e0 non ufficiale di verifica dello status, e pertanto le compagnie potrebbero non accettarla.<\/p>\n<p>Infine, in questo <em>factsheet<\/em> l\u2019Home Office fornisce indicazioni per i viaggi internazionali: <a href=\"https:\/\/homeofficemedia.blog.gov.uk\/2024\/12\/04\/media-factsheet-evisas-2\/\">Media factsheet: eVisas \u2013 Home Office in the media<\/a> \u2013 cfr. paragrafo <em>What do eVisas mean for international travel?<\/em> In caso di dubbi le compagnie aeree possono contattare <em>UK Border Force Carrier Support Hub<\/em> disponibile 24 ore su 24.<\/p>\n<p><strong>I cittadini con doppia cittadinanza devono utilizzare un passaporto britannico o un Certificate of Entitlement (CoE) per entrare nel Regno Unito?<\/strong><\/p>\n<p>Per i doppi cittadini (italo-britannici) si invita a consultare il\u00a0<a href=\"https:\/\/www.gov.uk\/dual-citizenship#:~:text=Dual%20citizenship%20(also%20known%20as,and%20keep%20your%20British%20citizenship.\">sito del Governo britannico<\/a>\u00a0(sezione\u00a0<em>Travelling to the UK<\/em>).<\/p>\n<p>Si raccomanda di verificare, prima della partenza, di essere in possesso della documentazione corretta.<\/p>\n","protected":false},"excerpt":{"rendered":"L\u2019Home Office ha introdotto un nuovo sistema digitale esteso alle compagnie aeree che consente di confermare lo status migratorio dei passeggeri automaticamente tramite l\u2019invio di un codice direttamente alla compagnia. Affinch\u00e9 \u00a0il sistema funzioni \u00e8 necessario utilizzare per il check-in lo stesso documento di viaggio registrato sul profilo digitale del settled status e che si [&hellip;]","protected":false},"author":17,"featured_media":0,"parent":801,"menu_order":0,"comment_status":"closed","ping_status":"closed","template":"","meta":{"footnotes":""},"class_list":["post-13752","page","type-page","status-publish","hentry"],"_links":{"self":[{"href":"https:\/\/conslondra.esteri.it\/it\/wp-json\/wp\/v2\/pages\/13752","targetHints":{"allow":["GET"]}}],"collection":[{"href":"https:\/\/conslondra.esteri.it\/it\/wp-json\/wp\/v2\/pages"}],"about":[{"href":"https:\/\/conslondra.esteri.it\/it\/wp-json\/wp\/v2\/types\/page"}],"author":[{"embeddable":true,"href":"https:\/\/conslondra.esteri.it\/it\/wp-json\/wp\/v2\/users\/17"}],"replies":[{"embeddable":true,"href":"https:\/\/conslondra.esteri.it\/it\/wp-json\/wp\/v2\/comments?post=13752"}],"version-history":[{"count":4,"href":"https:\/\/conslondra.esteri.it\/it\/wp-json\/wp\/v2\/pages\/13752\/revisions"}],"predecessor-version":[{"id":17931,"href":"https:\/\/conslondra.esteri.it\/it\/wp-json\/wp\/v2\/pages\/13752\/revisions\/17931"}],"up":[{"embeddable":true,"href":"https:\/\/conslondra.esteri.it\/it\/wp-json\/wp\/v2\/pages\/801"}],"wp:attachment":[{"href":"https:\/\/conslondra.esteri.it\/it\/wp-json\/wp\/v2\/media?parent=13752"}],"curies":[{"name":"wp","href":"https:\/\/api.w.org\/{rel}","templated":true}]}}