{"id":1388,"date":"2022-09-01T17:31:48","date_gmt":"2022-09-01T15:31:48","guid":{"rendered":"https:\/\/conslondra.esteri.it\/?page_id=1388"},"modified":"2022-09-01T17:31:48","modified_gmt":"2022-09-01T15:31:48","slug":"messaggio-del-console-generale","status":"publish","type":"page","link":"https:\/\/conslondra.esteri.it\/it\/chi-siamo\/il-console-generale\/messaggio-del-console-generale\/","title":{"rendered":"Messaggio del Console Generale"},"content":{"rendered":"<p>Care e cari connazionali,<\/p>\n<p>nell\u2019assumere con orgoglio ed entusiasmo l\u2019incarico di Console Generale d\u2019Italia a Londra rivolgo a tutti voi il mio pi\u00f9 caloroso saluto. Sono profondamente onorato di poter rappresentare una delle pi\u00f9 ampie e dinamiche collettivit\u00e0 italiane all\u2019estero.<\/p>\n<p>Assolver\u00f2 questo impegno nella piena consapevolezza che dietro l\u2019erogazione ogni servizio consolare ci sono le esigenze di vita, i bisogni e le priorit\u00e0 di ciascuno di voi.<\/p>\n<p>Non verr\u00e0 quindi lesinato alcuno sforzo per rendere il pi\u00f9 possibile efficienti ed accessibili i nostri servizi e per individuare soluzioni &#8211; anche digitali &#8211; attente alle necessit\u00e0 di una comunit\u00e0 di cui andiamo fieri: un\u2019inestimabile risorsa per l\u2019Italia e un patrimonio umano unico anche nel quadro del consolidamento delle gi\u00e0 eccellenti relazioni bilaterali tra Italia e Regno Unito.<\/p>\n<p>Domenico Bellantone<\/p>\n","protected":false},"excerpt":{"rendered":"Care e cari connazionali, nell\u2019assumere con orgoglio ed entusiasmo l\u2019incarico di Console Generale d\u2019Italia a Londra rivolgo a tutti voi il mio pi\u00f9 caloroso saluto. Sono profondamente onorato di poter rappresentare una delle pi\u00f9 ampie e dinamiche collettivit\u00e0 italiane all\u2019estero. Assolver\u00f2 questo impegno nella piena consapevolezza che dietro l\u2019erogazione ogni servizio consolare ci sono le [&hellip;]","protected":false},"author":6,"featured_media":0,"parent":102,"menu_order":0,"comment_status":"closed","ping_status":"closed","template":"","meta":{"footnotes":""},"class_list":["post-1388","page","type-page","status-publish","hentry"],"_links":{"self":[{"href":"https:\/\/conslondra.esteri.it\/it\/wp-json\/wp\/v2\/pages\/1388","targetHints":{"allow":["GET"]}}],"collection":[{"href":"https:\/\/conslondra.esteri.it\/it\/wp-json\/wp\/v2\/pages"}],"about":[{"href":"https:\/\/conslondra.esteri.it\/it\/wp-json\/wp\/v2\/types\/page"}],"author":[{"embeddable":true,"href":"https:\/\/conslondra.esteri.it\/it\/wp-json\/wp\/v2\/users\/6"}],"replies":[{"embeddable":true,"href":"https:\/\/conslondra.esteri.it\/it\/wp-json\/wp\/v2\/comments?post=1388"}],"version-history":[{"count":0,"href":"https:\/\/conslondra.esteri.it\/it\/wp-json\/wp\/v2\/pages\/1388\/revisions"}],"up":[{"embeddable":true,"href":"https:\/\/conslondra.esteri.it\/it\/wp-json\/wp\/v2\/pages\/102"}],"wp:attachment":[{"href":"https:\/\/conslondra.esteri.it\/it\/wp-json\/wp\/v2\/media?parent=1388"}],"curies":[{"name":"wp","href":"https:\/\/api.w.org\/{rel}","templated":true}]}}