{"id":1452,"date":"2022-09-05T13:09:10","date_gmt":"2022-09-05T11:09:10","guid":{"rendered":"https:\/\/conslondra.esteri.it\/?page_id=1452"},"modified":"2022-09-05T13:31:37","modified_gmt":"2022-09-05T11:31:37","slug":"elezioni-politiche-2022","status":"publish","type":"page","link":"https:\/\/conslondra.esteri.it\/it\/servizi-consolari-e-visti\/servizi-per-il-cittadino-italiano\/voto-allestero\/elezioni-politiche-e-referendum\/elezioni-politiche-2022\/","title":{"rendered":"Elezioni politiche 2022"},"content":{"rendered":"<p>Con il decreto del Presidente della Repubblica n. 96 del 21 luglio 2022, il Signor Presidente della Repubblica ha sciolto le Camere. Con d. P.R. n. 97 della stessa giornata \u00e8 stata fissata al\u00a0<strong>25 settembre 2022<\/strong>\u00a0la convocazione dei comizi per le elezioni della Camera dei Deputati e del Senato della Repubblica. I cittadini residenti all\u2019estero e temporaneamente all\u2019estero ai sensi di legge voteranno per\u00a0<strong>i candidati della Circoscrizione estero.<\/strong><\/p>\n<p>Si informa che i\u00a0plichi elettorali saranno inviati\u00a0agli elettori italiani iscritti all\u2019AIRE o temporaneamente residenti all\u2019estero\u00a0nella prima settimana di settembre.<\/p>\n<p>Da domenica 11 settembre coloro che non avranno ricevuto il plico a casa o l\u2019abbiano ricevuto incompleto potranno richiedere il\u00a0<strong>duplicato<\/strong> scrivendo a <a href=\"mailto:londra.duplicato@esteri.it\">londra.duplicato@esteri.it<\/a>.<\/p>\n<p>Tuttavia si segnala che, a causa dello\u00a0sciopero indetto da Royal Mail\u00a0nei giorni gioved\u00ec 8 e venerd\u00ec 9 settembre, \u00e8 probabile che la consegna dei plichi e della corrispondenza in generale subisca dei rallentamenti.\u00a0Si consiglia pertanto di attendere qualche giorno prima di richiedere il duplicato.<\/p>\n<p>Si ricorda che la\u00a0<strong>scadenza per la ricezione in Consolato<\/strong>\u00a0dei plichi elettorali votati \u00e8 fissata alle\u00a0<strong>ore 16.00 del 22 settembre 2022<\/strong>.<\/p>\n<p>&#8211;\u00a0<a href=\"https:\/\/www.esteri.it\/wp-content\/uploads\/2022\/07\/ISTRUZIONI-elezioni-politiche-2022-3.pdf\"><strong>Guida pratica per le elezioni politiche 2022<\/strong><\/a><\/p>\n<p>&#8211;\u00a0<a href=\"https:\/\/www.esteri.it\/wp-content\/uploads\/2022\/07\/SCADENZARIO-POLITICHE-25-SETTEMBRE-2022.pdf\"><strong>Scadenzario per le elezioni politiche 2022<\/strong><\/a><\/p>\n<p><strong>REATI ELETTORALI<\/strong><\/p>\n<p>Si ricorda che in base all\u2019art. 48 della Costituzione della Repubblica il voto \u00e8 personale, uguale, libero e segreto.<\/p>\n<p>Nell\u2019ambito del voto per corrispondenza cui hanno diritto i cittadini italiani all\u2019estero si ricorda che:<\/p>\n<ul>\n<li>L\u2019elettore ha l\u2019obbligo di custodire personalmente il materiale elettorale inviatogli dal Consolato Generale<\/li>\n<li>\u00c8 assolutamente vietato cedere il materiale elettorale ad altre persone<\/li>\n<li>\u00c8 assolutamente vietato esercitare il doppio voto, ovvero votare sia per corrispondenza all\u2019estero che presso il seggio del proprio Comune di riferimento in Italia<\/li>\n<\/ul>\n<p>Chi trasgredisce alle disposizioni in materia incorre nelle sanzioni previste dalla Legge.<\/p>\n","protected":false},"excerpt":{"rendered":"Con il decreto del Presidente della Repubblica n. 96 del 21 luglio 2022, il Signor Presidente della Repubblica ha sciolto le Camere. Con d. P.R. n. 97 della stessa giornata \u00e8 stata fissata al\u00a025 settembre 2022\u00a0la convocazione dei comizi per le elezioni della Camera dei Deputati e del Senato della Repubblica. I cittadini residenti all\u2019estero [&hellip;]","protected":false},"author":6,"featured_media":0,"parent":1449,"menu_order":0,"comment_status":"closed","ping_status":"closed","template":"","meta":{"footnotes":""},"class_list":["post-1452","page","type-page","status-publish","hentry"],"_links":{"self":[{"href":"https:\/\/conslondra.esteri.it\/it\/wp-json\/wp\/v2\/pages\/1452","targetHints":{"allow":["GET"]}}],"collection":[{"href":"https:\/\/conslondra.esteri.it\/it\/wp-json\/wp\/v2\/pages"}],"about":[{"href":"https:\/\/conslondra.esteri.it\/it\/wp-json\/wp\/v2\/types\/page"}],"author":[{"embeddable":true,"href":"https:\/\/conslondra.esteri.it\/it\/wp-json\/wp\/v2\/users\/6"}],"replies":[{"embeddable":true,"href":"https:\/\/conslondra.esteri.it\/it\/wp-json\/wp\/v2\/comments?post=1452"}],"version-history":[{"count":0,"href":"https:\/\/conslondra.esteri.it\/it\/wp-json\/wp\/v2\/pages\/1452\/revisions"}],"up":[{"embeddable":true,"href":"https:\/\/conslondra.esteri.it\/it\/wp-json\/wp\/v2\/pages\/1449"}],"wp:attachment":[{"href":"https:\/\/conslondra.esteri.it\/it\/wp-json\/wp\/v2\/media?parent=1452"}],"curies":[{"name":"wp","href":"https:\/\/api.w.org\/{rel}","templated":true}]}}