{"id":1471,"date":"2022-09-05T16:24:28","date_gmt":"2022-09-05T14:24:28","guid":{"rendered":"https:\/\/conslondra.esteri.it\/?page_id=1471"},"modified":"2024-10-16T11:17:57","modified_gmt":"2024-10-16T09:17:57","slug":"prenota-lappuntamento","status":"publish","type":"page","link":"https:\/\/conslondra.esteri.it\/it\/info-utili\/prenota-lappuntamento\/","title":{"rendered":"Prenota l&#8217;appuntamento"},"content":{"rendered":"<p style=\"text-align: justify;\" align=\"left\">Nell&#8217;ottica di rendere sempre pi\u00f9 efficiente il servizio erogato, questo Consolato Generale riceve solo su appuntamento. Alcuni servizi non necessitano tuttavia la presenza del richiedente in Consolato, potendosi effettuare per posta.<\/p>\n<p align=\"left\"><strong>\u00c8 NECESSARIO VENIRE DI PERSONA IN CONSOLATO?<\/strong><\/p>\n<p align=\"left\"><strong>Non tutti i servizi consolari richiedono di venire di persona in Consolato, potendosi espletare per posta o per e-mail<\/strong>.<br \/>\nTra questi, a titolo esemplificativo:<\/p>\n<ul>\n<li><a href=\"https:\/\/conslondra.esteri.it\/it\/servizi-consolari-e-visti\/servizi-per-il-cittadino-italiano\/aire\/\">l\u2019iscrizione in AIRE o l\u2019aggiornamento dell\u2019indirizzo<\/a>;<\/li>\n<li>la <a href=\"https:\/\/conslondra.esteri.it\/it\/servizi-consolari-e-visti\/servizi-per-il-cittadino-italiano\/stato-civile\/come-registrare-una-nascita-in-italia\/\">trascrizione dell\u2019atto di nascita<\/a> o <a href=\"https:\/\/conslondra.esteri.it\/it\/servizi-consolari-e-visti\/servizi-per-il-cittadino-italiano\/stato-civile\/\">altri certificati di stato civile<\/a> (per posta);<\/li>\n<li>la <a href=\"https:\/\/conslondra.esteri.it\/it\/servizi-consolari-e-visti\/servizi-per-il-cittadino-italiano\/passaporti-e-servizi\/passaporto-per-minori-da-0-a-11-anni\/\">richiesta di passaporto per minori da 0 a 11 anni<\/a> (verificare bene le istruzioni prima della spedizione).<\/li>\n<\/ul>\n<p>&nbsp;<\/p>\n<p align=\"left\"><span style=\"text-decoration: underline;\">\u00a0 \u00a0 \u00a0 \u00a0 \u00a0 \u00a0 \u00a0 \u00a0 \u00a0 \u00a0 \u00a0 \u00a0 \u00a0 \u00a0 \u00a0 \u00a0 \u00a0 \u00a0 \u00a0 \u00a0 \u00a0 \u00a0 \u00a0 \u00a0 \u00a0 \u00a0 \u00a0 \u00a0 \u00a0 \u00a0 \u00a0 \u00a0 \u00a0<\/span><\/p>\n<p align=\"left\"><strong>TUTTI I SERVIZI RICHIEDONO LA PRENOTAZIONE DELL\u2019APPUNTAMENTO?<\/strong><\/p>\n<p align=\"left\">No.\u00a0Per alcuni servizi consolari non \u00e8 necessario prenotare un appuntamento. \u00c8 sufficiente recarsi in Consolato negli orari di apertura.<br \/>\nTra questi, a titolo esemplificativo:<\/p>\n<ul>\n<li>il rilascio di un foglio di viaggio provvisorio (<a href=\"https:\/\/conslondra.esteri.it\/it\/servizi-consolari-e-visti\/servizi-per-il-cittadino-italiano\/etd\/\">ETD<\/a>) in caso di smarrimento\/furto del documento di viaggio (dal luned\u00ec al venerd\u00ec 09:00-12:00);<\/li>\n<li><a href=\"https:\/\/conslondra.esteri.it\/it\/servizi-consolari-e-visti\/servizi-per-il-cittadino-italiano\/passaporti-e-servizi\/autentica-di-firma-e-foto-per-passaporti\/\">atto di assenso per rilascio passaporto\/carta d&#8217;identit\u00e0<\/a> da parte di genitore con cittadinanza extra-UE (<strong>luned\u00ec, marted\u00ec, gioved\u00ec 15-16<\/strong>). Per l&#8217;autentica di firma notarile \u00e8 invece necessario prendere un appuntamento (notarile.londra@esteri.it);<\/li>\n<li>apposizione nome dei genitori sul passaporto del minore (dal luned\u00ec al venerd\u00ec 09:00-12:00).<\/li>\n<\/ul>\n<p>&nbsp;<\/p>\n<p>&nbsp;<\/p>\n<p><span style=\"text-decoration: underline;\">\u00a0 \u00a0 \u00a0 \u00a0 \u00a0 \u00a0 \u00a0 \u00a0 \u00a0 \u00a0 \u00a0 \u00a0 \u00a0 \u00a0 \u00a0 \u00a0 \u00a0 \u00a0 \u00a0 \u00a0 \u00a0 \u00a0 \u00a0 \u00a0 \u00a0 \u00a0 \u00a0 \u00a0 \u00a0 \u00a0 \u00a0 \u00a0 \u00a0<\/span><\/p>\n<p>&nbsp;<\/p>\n<p><strong>IL GIORNO DELL\u2019APPUNTAMENTO IN CONSOLATO<\/strong><\/p>\n<p>Si suggerisce di visitare questo sito internet per informazioni che potranno rivelarsi utili in vista dell\u2019appuntamento in Consolato.<\/p>\n<p>Per ragioni di sicurezza, <a href=\"https:\/\/conslondra.esteri.it\/it\/chi-siamo\/gli-uffici\/modalita-acccesso-consolato\/\"><strong>non \u00e8 consentito l&#8217;accesso in Consolato di valigie, bagagli ingombranti, zaini voluminosi, carrozzine all\u2019interno del Consolato Generale<\/strong><\/a>. Il Consolato Generale non pu\u00f2 ritenersi responsabile per quanto lasciato incustodito all\u2019interno o all\u2019esterno dell\u2019edificio.<\/p>\n<p>Il\u00a0<strong>pagamento dei diritti consolari<\/strong> pu\u00f2 essere effettuato di mattina con postal order o con debit card britannica (NON SONO ACCETTATE CONTACTLESS, CREDIT CARD, AMEX, APPLE PAY, GOOGLE PAY) mentre di pomeriggio \u00e8 ammesso esclusivamente il Postal Order.<br \/>\nGli importi per ciascun servizio sono specificati nella sezione &#8220;<a href=\"https:\/\/conslondra.esteri.it\/it\/info-utili\/tariffe-consolari\/\">Tariffe Consolari<\/a>&#8221; del sito internet del Consolato.<\/p>\n","protected":false},"excerpt":{"rendered":"Nell&#8217;ottica di rendere sempre pi\u00f9 efficiente il servizio erogato, questo Consolato Generale riceve solo su appuntamento. Alcuni servizi non necessitano tuttavia la presenza del richiedente in Consolato, potendosi effettuare per posta. \u00c8 NECESSARIO VENIRE DI PERSONA IN CONSOLATO? Non tutti i servizi consolari richiedono di venire di persona in Consolato, potendosi espletare per posta o [&hellip;]","protected":false},"author":6,"featured_media":0,"parent":484,"menu_order":0,"comment_status":"closed","ping_status":"closed","template":"","meta":{"footnotes":""},"class_list":["post-1471","page","type-page","status-publish","hentry"],"_links":{"self":[{"href":"https:\/\/conslondra.esteri.it\/it\/wp-json\/wp\/v2\/pages\/1471","targetHints":{"allow":["GET"]}}],"collection":[{"href":"https:\/\/conslondra.esteri.it\/it\/wp-json\/wp\/v2\/pages"}],"about":[{"href":"https:\/\/conslondra.esteri.it\/it\/wp-json\/wp\/v2\/types\/page"}],"author":[{"embeddable":true,"href":"https:\/\/conslondra.esteri.it\/it\/wp-json\/wp\/v2\/users\/6"}],"replies":[{"embeddable":true,"href":"https:\/\/conslondra.esteri.it\/it\/wp-json\/wp\/v2\/comments?post=1471"}],"version-history":[{"count":7,"href":"https:\/\/conslondra.esteri.it\/it\/wp-json\/wp\/v2\/pages\/1471\/revisions"}],"predecessor-version":[{"id":11397,"href":"https:\/\/conslondra.esteri.it\/it\/wp-json\/wp\/v2\/pages\/1471\/revisions\/11397"}],"up":[{"embeddable":true,"href":"https:\/\/conslondra.esteri.it\/it\/wp-json\/wp\/v2\/pages\/484"}],"wp:attachment":[{"href":"https:\/\/conslondra.esteri.it\/it\/wp-json\/wp\/v2\/media?parent=1471"}],"curies":[{"name":"wp","href":"https:\/\/api.w.org\/{rel}","templated":true}]}}