{"id":1475,"date":"2022-09-05T16:46:18","date_gmt":"2022-09-05T14:46:18","guid":{"rendered":"https:\/\/conslondra.esteri.it\/?page_id=1475"},"modified":"2023-09-19T13:20:00","modified_gmt":"2023-09-19T11:20:00","slug":"prenotazione-telefonica-solo-per-passaporti","status":"publish","type":"page","link":"https:\/\/conslondra.esteri.it\/it\/info-utili\/prenota-lappuntamento\/prenotazione-telefonica-solo-per-passaporti\/","title":{"rendered":"Prenotazione telefonica (solo per passaporti)"},"content":{"rendered":"<p>Per usufruire del servizio di prenotazione tramite Call Centre \u00e8 necessario creare o avere un account <a href=\"https:\/\/prenotami.esteri.it\/\">Prenot@mi<\/a> (solo registrazione, non prenotazione di appuntamento).<\/p>\n<p><strong>Il numero da chiamare \u00e8 0203 327 6290 dal luned\u00ec al venerd\u00ec dalle 08:15 alle 12:30 (GMT)<\/strong> e fornire all\u2019operatore tutte le informazioni che verranno richieste. Si consiglia di chiamare all&#8217;apertura del servizio e di usufruire del servizio di call back per evitare problemi di linea.<\/p>\n<p style=\"text-align: justify;\"><strong>NOTA BENE ACCOUNT PRENOT@MI<\/strong>. I cittadini residenti in altre circoscrizioni consolari che hanno gi\u00e0 un account Prenot@Mi e sono registrati presso il Consolato Generale a Londra dovranno, tramite la funzione &#8220;Cambio Sede&#8221;, selezionare la <a href=\"https:\/\/serviziconsolari.esteri.it\/ScoFE\/services\/consulate\/find-consulate.sco?sCode=%28null%29\">corretta Sede consolare<\/a> di pertinenza.<\/p>\n<p style=\"text-align: justify;\">Il giorno dell\u2019appuntamento in Consolato, \u00e8 necessario presentarsi con la\u00a0<strong>documentazione indicata nella sezione\u00a0passaporti di questo sito web\u00a0<\/strong>(<a href=\"https:\/\/conslondra.esteri.it\/it\/servizi-consolari-e-visti\/servizi-per-il-cittadino\/passaporti-e-servizi\/\">cliccare qui<\/a>).<\/p>\n<p>Per passaporti per minori da 0 a 11 anni, <a href=\"https:\/\/conslondra.esteri.it\/it\/servizi-consolari-e-visti\/servizi-per-il-cittadino-italiano\/passaporti-e-servizi\/passaporto-per-minori-da-0-a-11-anni\/\">clicca qui<\/a>.<\/p>\n<p style=\"text-align: justify;\">Il costo \u00e8 quello di una chiamata verso numero fisso da linea fissa o mobile, in base all\u2019operatore scelto. Non vi sono costi aggiuntivi.<\/p>\n<p style=\"text-align: justify;\">Per l\u2019informativa completa sul trattamento dei dati personali da parte del Servizio Telefonico di prenotazione appuntamenti pomeridiani, <a href=\"https:\/\/conslondra.esteri.it\/wp-content\/uploads\/2022\/09\/trattamento_dei_dati_personali.pdf\">cliccare qui<\/a>.<\/p>\n<p style=\"text-align: right;\"><a href=\"https:\/\/conslondra.esteri.it\/it\/servizi-consolari-e-visti\/servizi-per-il-cittadino-italiano\/passaporti-e-servizi\/\">Torna ai passaporti<\/a><\/p>\n","protected":false},"excerpt":{"rendered":"Per usufruire del servizio di prenotazione tramite Call Centre \u00e8 necessario creare o avere un account Prenot@mi (solo registrazione, non prenotazione di appuntamento). Il numero da chiamare \u00e8 0203 327 6290 dal luned\u00ec al venerd\u00ec dalle 08:15 alle 12:30 (GMT) e fornire all\u2019operatore tutte le informazioni che verranno richieste. Si consiglia di chiamare all&#8217;apertura del [&hellip;]","protected":false},"author":6,"featured_media":0,"parent":1471,"menu_order":0,"comment_status":"closed","ping_status":"closed","template":"","meta":{"footnotes":""},"class_list":["post-1475","page","type-page","status-publish","hentry"],"_links":{"self":[{"href":"https:\/\/conslondra.esteri.it\/it\/wp-json\/wp\/v2\/pages\/1475","targetHints":{"allow":["GET"]}}],"collection":[{"href":"https:\/\/conslondra.esteri.it\/it\/wp-json\/wp\/v2\/pages"}],"about":[{"href":"https:\/\/conslondra.esteri.it\/it\/wp-json\/wp\/v2\/types\/page"}],"author":[{"embeddable":true,"href":"https:\/\/conslondra.esteri.it\/it\/wp-json\/wp\/v2\/users\/6"}],"replies":[{"embeddable":true,"href":"https:\/\/conslondra.esteri.it\/it\/wp-json\/wp\/v2\/comments?post=1475"}],"version-history":[{"count":6,"href":"https:\/\/conslondra.esteri.it\/it\/wp-json\/wp\/v2\/pages\/1475\/revisions"}],"predecessor-version":[{"id":5651,"href":"https:\/\/conslondra.esteri.it\/it\/wp-json\/wp\/v2\/pages\/1475\/revisions\/5651"}],"up":[{"embeddable":true,"href":"https:\/\/conslondra.esteri.it\/it\/wp-json\/wp\/v2\/pages\/1471"}],"wp:attachment":[{"href":"https:\/\/conslondra.esteri.it\/it\/wp-json\/wp\/v2\/media?parent=1475"}],"curies":[{"name":"wp","href":"https:\/\/api.w.org\/{rel}","templated":true}]}}