{"id":1489,"date":"2022-09-05T17:23:04","date_gmt":"2022-09-05T15:23:04","guid":{"rendered":"https:\/\/conslondra.esteri.it\/?page_id=1489"},"modified":"2025-09-18T13:21:58","modified_gmt":"2025-09-18T11:21:58","slug":"faq-passaporti","status":"publish","type":"page","link":"https:\/\/conslondra.esteri.it\/it\/info-utili\/f-a-q\/faq-passaporti\/","title":{"rendered":"FAQ Passaporti"},"content":{"rendered":"<ol>\n<li style=\"text-align: justify;\"><strong>Quanto tempo prima della scadenza del mio attuale passaporto posso chiedere l\u2019emissione di un nuovo passaporto?<\/strong><\/li>\n<\/ol>\n<p style=\"text-align: justify; padding-left: 40px;\">Non c\u2019\u00e8 un tempo previsto dalla legge per rinnovare il passaporto. A causa dell\u2019elevato numero di richieste di passaporto pervenute presso questo Consolato Generale, \u00e8 consigliabile prenotare appuntamento circa sei mesi prima della scadenza, tranne in caso di deterioramento o esaurimento pagine.<\/p>\n<ol style=\"text-align: justify;\" start=\"2\">\n<li><strong>Mi sono trasferito in Inghilterra e sul mio passaporto ho la vecchia residenza. Adesso vorrei stampare la nuova residenza, come faccio?<\/strong><\/li>\n<\/ol>\n<p style=\"text-align: justify; padding-left: 40px;\">Non c\u2019\u00e8 necessit\u00e0 di rilasciare un nuovo passaporto per il cambio di residenza. Verr\u00e0 aggiornato al primo rinnovo.<\/p>\n<ol style=\"text-align: justify;\" start=\"3\">\n<li><strong> Il nome dei genitori non compare sul passaporto di mio figlio, di et\u00e0 inferiore ad anni 14. Come posso richiederne l\u2019aggiunta?<\/strong><\/li>\n<\/ol>\n<p style=\"text-align: justify; padding-left: 40px;\">Dal 25 Novembre 2009 tutti i passaporti rilasciati ai minori di et\u00e0 inferiore ai 14 anni dovranno riportare l\u2019indicazione del nome di entrambi in genitori. Qualora tale indicazione non sia presente, potr\u00e0 esserne richiesta l\u2019aggiunta presso il Consolato durante gli orari di apertura al pubblico senza appuntamento. \u00c8 sufficiente la presenza di un genitore, munito dei passaporti originali di entrambi i genitori. La presenza del minore non \u00e8 richiesta.<\/p>\n<ol style=\"text-align: justify;\" start=\"4\">\n<li><strong> Ho urgentemente bisogno di richiedere un passaporto ma non ci sono appuntamenti disponibili prima della mia partenza. Cosa posso fare?<\/strong><\/li>\n<\/ol>\n<p style=\"text-align: justify; padding-left: 40px;\">Nei casi di\u00a0<strong>comprovata ed inderogabile urgenza<\/strong>\u00a0(salute o lavoro), il cittadino italiano residente nella circoscrizione Consolare di Londra, pu\u00f2 richiedere il passaporto recandosi in Consolato senza appuntamento, dalle ore 09:00 alle ore 12:00, dal luned\u00ec al venerd\u00ec, con idonea documentazione. Per ulteriori informazioni,\u00a0<a href=\"https:\/\/conslondra.esteri.it\/it\/servizi-consolari-e-visti\/servizi-per-il-cittadino\/passaporti-e-servizi\/procedure-per-il-rilascio-del-passaporto-di-urgenza-senza-appuntamento\/\">cliccare qui<\/a>.<\/p>\n<p style=\"text-align: justify; padding-left: 40px;\">In tutti gli altri casi, vi invitiamo a consultare il link in allegato per conoscere le modalit\u00e0 di prenotazione attualmente in vigore. <a href=\"https:\/\/conslondra.esteri.it\/it\/servizi-consolari-e-visti\/servizi-per-il-cittadino-italiano\/passaporti-e-servizi\/informazioni-generali-passaporti\/come-prenotare-un-appuntamento-per-il-rilascio-del-passaporto\/\">Come prenotare un appuntamento per il rilascio del passaporto \u2013 Consolato Generale d&#8217;Italia Londra<\/a><\/p>\n<p style=\"text-align: justify; padding-left: 40px;\">Qualora non trovasse disponibilit\u00e0 utile presso la nostra sede, potr\u00e0 optare per appuntamenti tramite i patronati o le agenzie consolari presenti nella nostra circoscrizione:<\/p>\n<ul>\n<li style=\"list-style-type: none;\">\n<ul style=\"text-align: justify;\">\n<li><a href=\"https:\/\/conslondra.esteri.it\/it\/news\/dal_consolato\/2025\/06\/continua-la-collaborazione-del-consolato-con-il-comites-e-i-patronati-nuove-date-appuntamenti-per-raccolta-impronte-passaporti\/\">CONTINUA LA COLLABORAZIONE DEL CONSOLATO CON IL COMITES E I PATRONATI: NUOVE DATE APPUNTAMENTI PER RACCOLTA IMPRONTE PASSAPORTI \u2013 Consolato Generale d&#8217;Italia Londra<\/a>;<\/li>\n<li><a href=\"https:\/\/conslondra.esteri.it\/it\/servizi-consolari-e-visti\/servizi-per-il-cittadino-italiano\/passaporti-e-servizi\/prenotazione-passaporto-tramite-gli-uffici-consolari-onorari\/\">Prenotazione passaporto tramite gli Uffici consolari onorari e le Agenzie Consolari \u2013 Consolato Generale d&#8217;Italia Londra<\/a><\/li>\n<\/ul>\n<\/li>\n<\/ul>\n<p style=\"text-align: justify; padding-left: 40px;\">Si segnalano inoltre i canali prioritari per le seguenti categorie:<\/p>\n<ul>\n<li style=\"list-style-type: none;\">\n<ul style=\"text-align: justify;\">\n<li><a href=\"https:\/\/conslondra.esteri.it\/it\/news\/dal_consolato\/2022\/10\/canale-dolce-attesa\/\">Canale \u201cDolce attesa\u201d \u2013 Consolato Generale d&#8217;Italia Londra<\/a><\/li>\n<li><a href=\"https:\/\/conslondra.esteri.it\/it\/news\/dal_consolato\/2022\/10\/silver-day-per-i-connazionali-over-70\/\">\u201cSILVER DAY\u201d per persone con pi\u00f9 di 70 anni \u2013 Consolato Generale d&#8217;Italia Londra<\/a><\/li>\n<li><a href=\"https:\/\/conslondra.esteri.it\/it\/news\/dal_consolato\/2022\/10\/rinnovo-passaporto-per-persone-con-disabilita\/\">Rinnovo passaporto per persone con disabilit\u00e0 \u2013 Consolato Generale d&#8217;Italia Londra<\/a><\/li>\n<li><a href=\"https:\/\/conslondra.esteri.it\/it\/news\/dal_consolato\/2023\/01\/passaporti-nuovo-canale-walk-in-per-minori-di-eta-compresa-tra-12-e-17-anni\/\">PASSAPORTI: NUOVO CANALE \u201cWALK-IN\u201d PER MINORI 12 \u2013 17 ANNI \u2013 Consolato Generale d&#8217;Italia Londra<\/a><\/li>\n<\/ul>\n<\/li>\n<\/ul>\n<ol style=\"text-align: justify;\" start=\"5\">\n<li><strong> Non riesco ad ottenere l\u2019assenso dell\u2019altro genitore per il rilascio del passaporto\/carta di\u00a0identit\u00e0 per mio\/a figlio\/a (non siamo sposati\/non so dove sia\/non ci parliamo\/siamo separati\/divorziati). Cosa posso fare?<\/strong><\/li>\n<\/ol>\n<p style=\"text-align: justify; padding-left: 40px;\">Nel caso in cui non fosse possibile ottenere l\u2019assenso dell\u2019altro genitore:<\/p>\n<ul>\n<li style=\"list-style-type: none;\">\n<ul style=\"text-align: justify;\">\n<li>Il genitore interessato pu\u00f2 presentare istanza formale motivata al Giudice Tutelare, le cui funzioni per i minori residenti\/iscritti nella\u00a0<a href=\"https:\/\/conslondra.esteri.it\/it\/chi-siamo\/la-rete-consolare\/\">circoscrizione di Londra<\/a>, sono esercitate dal Console Generale.<\/li>\n<li>Il procedimento prevede colloqui individuali con entrambi i genitori, e un\u2019audizione degli stessi in persona dal Giudice Tutelare, incluso il minore con capacit\u00e0 di discernimento.<\/li>\n<li>All\u2019istanza si applica una\u00a0<a href=\"https:\/\/conslondra.esteri.it\/it\/info-utili\/tariffe-consolari\/\">tariffa consolare<\/a>\u00a0(art. 31).<\/li>\n<li>Non sussiste un termine ordinatorio per l\u2019emanazione di un Decreto Consolare e pertanto i tempi del procedimento non possono essere determinati in anticipo, in quanto soggetti all\u2019esaurimento di tutte le fasi procedurali previste dalla normativa vigente.<\/li>\n<\/ul>\n<\/li>\n<\/ul>\n<p style=\"text-align: justify; padding-left: 40px;\">L\u2019interessato \u00e8 invitato a contattare l\u2019Ufficio di Assistenza sociale, scrivendo una mail all\u2019indirizzo\u00a0<a href=\"mailto:sociale.londra@esteri.it\">sociale.londra@esteri.it<\/a>.<\/p>\n<ol style=\"text-align: justify;\" start=\"6\">\n<li><strong>Sono un turista sprovvisto di passaporto\/carta di identit\u00e0 (per smarrimento, furto o confisca) e devo rientrare in Italia con urgenza. Come fare?<\/strong><\/li>\n<\/ol>\n<p style=\"text-align: justify; padding-left: 40px;\">Il Consolato Generale pu\u00f2 rilasciare ai non residenti sprovvisti di passaporto o carta d\u2019identit\u00e0 un documento provvisorio chiamato\u00a0ETD\u00a0(Emergency Travel Document), con validit\u00e0 di 5 giorni a partire dalla data del rilascio e valido per il solo rientro in Italia o nel Paese di residenza se si \u00e8 iscritti all\u2019AIRE. Per ottenere un documento di viaggio bisogna presentarsi in Consolato senza appuntamento durante gli orari di apertura al pubblico; sar\u00e0 possibile la richiesta del documento anche nei giorni di sabato e domenica, dalle 9 alle 13, solo previo appuntamento con il <a href=\"https:\/\/conslondra.esteri.it\/it\/chi-siamo\/numeri-di-emergenza-2\/\">funzionario di reperibilit\u00e0<\/a>. Per ulteriori informazioni,\u00a0<a href=\"https:\/\/conslondra.esteri.it\/it\/servizi-consolari-e-visti\/servizi-per-il-cittadino-italiano\/etd\/\">cliccare qui<\/a><u>.<\/u><\/p>\n<ol style=\"text-align: justify;\" start=\"7\">\n<li><strong>Mi hanno sequestrato il passaporto dicendo che risulta rubato o che vi era una denuncia, cosa posso fare per riottenerlo?<\/strong><\/li>\n<\/ol>\n<p style=\"text-align: justify; padding-left: 40px;\">In primo luogo pu\u00f2 controllare se vi \u00e8 una denuncia ancora attiva per il suo documento, consultando direttamente il sito della\u00a0<a href=\"https:\/\/www.crimnet.dcpc.interno.gov.it\/crimnet\/it\/documenti\/request.php\">Polizia di Stato<\/a>. Si rende noto all\u2019utenza che i passaporti rinvenuti dalle autorit\u00e0 locali vengono trasmessi a questa sede Consolare dopo alcune settimane. Sar\u00e0 cura del Consolato informare l\u2019interessato dell\u2019avvenuto rinvenimento e delle modalit\u00e0 di restituzione.<br \/>\nSi prega di notare che una volta sporta denuncia per lo smarrimento o furto del passaporto presso le autorit\u00e0 competenti, Italiane o straniere, la denuncia non \u00e8 pi\u00f9 ritirabile e il documento \u00e8 da considerarsi non pi\u00f9 utilizzabile ed ufficialmente bloccato.<\/p>\n<ol style=\"text-align: justify;\" start=\"8\">\n<li><strong>Non sono in possesso del mio passaporto perch\u00e9 l\u2019ho spedito alle autorit\u00e0 locali (Home Office\/DVLA) cosa posso fare?<\/strong><\/li>\n<\/ol>\n<p style=\"text-align: justify; padding-left: 40px;\">Purtroppo le opzioni sono limitate, poich\u00e9 per emettere un nuovo passaporto, \u00e8 necessario che il precedente venga presentato insieme alla domanda di passaporto per l\u2019annullamento. In alternativa, \u00e8 possibile richiedere una\u00a0<a href=\"https:\/\/conslondra.esteri.it\/it\/servizi-consolari-e-visti\/servizi-per-il-cittadino\/carta-didentita-elettronica\/\">carta d\u2019identit\u00e0<\/a>\u00a0o un\u00a0<a href=\"https:\/\/conslondra.esteri.it\/it\/servizi-consolari-e-visti\/servizi-per-il-cittadino\/passaporti-e-servizi\/procedure-per-il-rilascio-delletd-emergency-travel-document-per-i-non-residenti\/\">ETD<\/a>\u00a0(Emergency Travel Document).<\/p>\n<ol style=\"text-align: justify;\" start=\"9\">\n<li><strong> Fototessere in formato passaporto (standard ICAO)<\/strong><\/li>\n<\/ol>\n<p style=\"text-align: justify; padding-left: 40px;\">Le foto in formato passaporto devono essere recenti (scattate non oltre 6 mesi dalla richiesta del passaporto), a colori, formato 35x40mm, con sfondo chiaro ed uniforme, volto ben visibile e senza occhiali o copricapo (salvo motivi religiosi). Le foto devono inoltre rispettare gli standard ICAO (<a href=\"https:\/\/conslondra.esteri.it\/wp-content\/uploads\/2022\/08\/photograph_guidelines_it.pdf\">cliccare qui per le linee guida sulle fotografie<\/a>).<\/p>\n<ol style=\"text-align: justify;\" start=\"10\">\n<li><strong> Sono iscritto all\u2019AIRE nel Regno Unito. Posso rinnovare il mio passaporto in Italia?<\/strong><\/li>\n<\/ol>\n<p style=\"text-align: justify; padding-left: 40px;\">S\u00ec, i cittadini italiani residenti all\u2019estero possono richiedere il rilascio\/rinnovo del passaporto presso un qualsiasi ufficio emittente in Italia (Questura\/Commissariato). In tal caso, l\u2019ufficio emittente dovr\u00e0 acquisire la delega da parte del Consolato competente per residenza che viene fornita solitamente entro una settimana.<\/p>\n<ol style=\"text-align: justify;\" start=\"11\">\n<li><strong> Quali documenti di viaggio italiani sono accettati per l\u2019ingresso nei vari paesi del mondo?<\/strong><\/li>\n<\/ol>\n<p style=\"text-align: justify; padding-left: 40px;\">Si invita a consultare il sito web\u00a0<a href=\"http:\/\/www.viaggiaresicuri.it\/\">www.viaggiaresicuri.it<\/a>\u00a0per ulteriori informazioni a riguardo.<\/p>\n<p>&nbsp;<\/p>\n<p>&nbsp;<\/p>\n","protected":false},"excerpt":{"rendered":"Quanto tempo prima della scadenza del mio attuale passaporto posso chiedere l\u2019emissione di un nuovo passaporto? Non c\u2019\u00e8 un tempo previsto dalla legge per rinnovare il passaporto. A causa dell\u2019elevato numero di richieste di passaporto pervenute presso questo Consolato Generale, \u00e8 consigliabile prenotare appuntamento circa sei mesi prima della scadenza, tranne in caso di deterioramento [&hellip;]","protected":false},"author":6,"featured_media":0,"parent":801,"menu_order":0,"comment_status":"closed","ping_status":"closed","template":"","meta":{"footnotes":""},"class_list":["post-1489","page","type-page","status-publish","hentry"],"_links":{"self":[{"href":"https:\/\/conslondra.esteri.it\/it\/wp-json\/wp\/v2\/pages\/1489","targetHints":{"allow":["GET"]}}],"collection":[{"href":"https:\/\/conslondra.esteri.it\/it\/wp-json\/wp\/v2\/pages"}],"about":[{"href":"https:\/\/conslondra.esteri.it\/it\/wp-json\/wp\/v2\/types\/page"}],"author":[{"embeddable":true,"href":"https:\/\/conslondra.esteri.it\/it\/wp-json\/wp\/v2\/users\/6"}],"replies":[{"embeddable":true,"href":"https:\/\/conslondra.esteri.it\/it\/wp-json\/wp\/v2\/comments?post=1489"}],"version-history":[{"count":6,"href":"https:\/\/conslondra.esteri.it\/it\/wp-json\/wp\/v2\/pages\/1489\/revisions"}],"predecessor-version":[{"id":15345,"href":"https:\/\/conslondra.esteri.it\/it\/wp-json\/wp\/v2\/pages\/1489\/revisions\/15345"}],"up":[{"embeddable":true,"href":"https:\/\/conslondra.esteri.it\/it\/wp-json\/wp\/v2\/pages\/801"}],"wp:attachment":[{"href":"https:\/\/conslondra.esteri.it\/it\/wp-json\/wp\/v2\/media?parent=1489"}],"curies":[{"name":"wp","href":"https:\/\/api.w.org\/{rel}","templated":true}]}}