{"id":1497,"date":"2022-09-05T18:19:46","date_gmt":"2022-09-05T16:19:46","guid":{"rendered":"https:\/\/conslondra.esteri.it\/?page_id=1497"},"modified":"2026-03-02T17:13:08","modified_gmt":"2026-03-02T16:13:08","slug":"faq-sistema-di-prenotazione","status":"publish","type":"page","link":"https:\/\/conslondra.esteri.it\/it\/info-utili\/f-a-q\/faq-sistema-di-prenotazione\/","title":{"rendered":"FAQ Sistema di prenotazione"},"content":{"rendered":"<ol>\n<li style=\"text-align: justify;\"><strong>Tutti i servizi consolari sono erogati tramite il sistema automatico di prenotazione?<br \/>\n<\/strong>Non tutti i servizi consolari possono essere erogati tramite il sistema automatico di prenotazione online, pertanto si prega di verificare bene le procedure di erogazione di ciascun servizio consolare, prima di prenotare.<\/li>\n<li><strong><strong>Quali browser sono supportati dal sistema di prenotazione appuntamenti?<br \/>\n<\/strong><\/strong>I browser compatibili con Prenot@Mi sono i seguenti: Google Chrome \u2013 versione 88 e superiori e Microsoft Edge. L&#8217;utilizzo di browser non supportati non garantisce al corretta fruibilit\u00e0 di tutti i contenuti del portale.<\/li>\n<li><strong>Cosa fare in caso di errori?<\/strong>\n<ul>\n<li>utilizzare esclusivamente un COMPUTER fisso\/portatile, NON smartphone o tablet<\/li>\n<li>cambiare browser<\/li>\n<li>attivare la modalit\u00e0 di &#8220;incognito&#8221; o &#8220;privata&#8221; del suo browser (ci\u00f2 disabilita alcuni controlli web che possono bloccare le pagine)<\/li>\n<li>se sta utilizzando un TRADUTTORE WEB il portale non funzioner\u00e0 correttamente (messaggi di \u201cprenotazione fallita\u201d); cambi la lingua del portale in alto a destra.<\/li>\n<\/ul>\n<\/li>\n<li><strong>Quando clicco su Prenota, non succede nulla. Come mai?<\/strong><br \/>\nQuesto problema si verifica quando ci sono molte richieste simultanee di accesso allo stesso servizio (ad esempio, il servizio Cittadinanza). Per evitare che l\u2019errore si ripeta sistematicamente, suggeriamo di cancellare la cache del browser e di effettuare i tentativi solo da un PC o da un portatile, anzich\u00e9 da uno smartphone o da un tablet.<\/li>\n<li style=\"text-align: justify;\"><strong>Quando vengono pubblicati nuovi slot per le prenotazioni?<br \/>\n<\/strong>Tutti i servizi prenotabili rilasciano nuovi slot secondo i seguenti orari (ora di Londra):<\/p>\n<ul>\n<li>PASSAPORTI &#8211; da domenica a gioved\u00ec alle 19.00;<\/li>\n<li>CIE &#8211; da domenica a gioved\u00ec alle 18.00;<\/li>\n<li>CITTADINANZA &#8211; il luned\u00ec e mercoled\u00ec alle 17.00;<\/li>\n<li>STATO CIVILE &#8211; da luned\u00ec a mercoled\u00ec alle 16.00.<\/li>\n<\/ul>\n<\/li>\n<li><strong>Come ottengo informazioni relative agli appuntamenti (modifiche, mancanza di disponibilita&#8217;, ecc&#8230;)?<\/strong><br \/>\nSi prega di contattare direttamente agli uffici interessati. I riferimenti degli uffici sono elencati <a href=\"https:\/\/conslondra.esteri.it\/it\/chi-siamo\/gli-uffici\/\">qui<\/a>.<\/li>\n<li><strong>Come mai non riesco a cancellare un mio appuntamento?<\/strong><br \/>\n\u00c8 possibile cancellare un appuntamento solo se la richiesta non \u00e8 stata gia&#8217; presa in carico. Nel caso in cui la richiesta sia gi\u00e0 in fase di elaborazione, non \u00e8 possibile cancellarla. Tuttavia, in questi casi, la cancellazione puo&#8217; essere richiesta direttamente all&#8217;ufficio coinvolto. I riferimenti degli uffici sono elencati <a href=\"https:\/\/conslondra.esteri.it\/it\/chi-siamo\/gli-uffici\/\">qui<\/a>.<\/li>\n<li><strong>Il mio account risulta bloccato. Come posso sbloccarlo?<br \/>\n<\/strong>Molto probabilmente ci\u00f2 \u00e8 dovuto all&#8217;inserimento ripetuto di una password errata. Lo sblocco avviene automaticamente dopo 24 ore, quindi invitiamo a riprovare ad accedere dopo questo periodo di tempo. Qualora anche dopo le 24 ore la situazione non dovesse cambiare, significa che l&#8217;account e&#8217; stato automaticamente bloccato dal sistema che ha rilevato anomalie, come ad esempio tentativi di prenotazione troppo rapidi per essere effettuati da un operatore umano (ad esempio, utilizzando bot) o pi\u00f9 tentativi di prenotazione su servizi diversi. In tal caso siete pregati di inviare una segnalazione a <a href=\"mailto:londra.informatica@esteri.it\">londra.informatica@esteri.it<\/a>.<\/li>\n<li><strong>Ho dimenticato la mia password di accesso. Come posso risolvere?<\/strong><br \/>\nSe non ricordate la vostra password, potete richiederne il ripristino cliccando su &#8220;Password dimenticata?&#8221; nella home page di Prenot@Mi.<\/li>\n<li><strong>Ho bisogno di modificare alcuni dati del mio profilo ma il portale non me lo consente. Come posso fare?<\/strong><br \/>\nSe c&#8217;e&#8217; necessita&#8217; di modificare alcune informazioni nell&#8217;account Prenot@Mi, inserite le nuove informazioni nel campo NOTE del profilo e avvisateci via e-mail. Procederemo noi ad effettuare le modifiche. Se non siete in grado di accedere all&#8217;account, inviate richiesta via e-mail a <a href=\"mailto:londra.informatica@esteri.it\">londra.informatica@esteri.it<\/a> allegando una scansione\/foto di un documento d&#8217;identit\u00e0 valido.<\/li>\n<li><strong>Quando clicco su Prenota, non succede nulla oppure il sito risulta &#8220;unavailable&#8221;. Come mai?<\/strong><br \/>\nQuesto problema si verifica quando ci sono molte richieste simultanee di accesso allo stesso servizio (ad esempio, il servizio Cittadinanza). Per evitare che l&#8217;errore si ripeta sistematicamente, suggeriamo di cancellare la cache del browser e di effettuare i tentativi solo da un PC o da un portatile, anzich\u00e9 da uno smartphone o da un tablet.<br \/>\nTuttavia, non e&#8217; possibile escludere completamente la possibilit\u00e0 che il problema si ripresenti. Come gi\u00e0 detto, la causa principale \u00e8 l&#8217;elevata richiesta di appuntamenti.<\/li>\n<li><strong>In fase di creazione dell&#8217;account ho inserito un indirizzo email errato, ma se provo a registrarne uno nuovo con l&#8217;indirizzo corretto il sistema risponde che l&#8217;utente esiste gia&#8217;. Come posso correggere la situazione?<\/strong><br \/>\nDopo un certo numero di ore, in assenza di una risposta ad una mail inviata all&#8217;indirizzo errato, il sistema elimina automaticamente l&#8217;account. A quel punto dovrebbe essere possibile creare un nuovo account, facendo attenzione all&#8217;esattezza dei dati inseriti.<\/li>\n<\/ol>\n<p style=\"text-align: justify;\">Per ulteriori informazioni \u00e8 possibile scaricare il <strong><a href=\"https:\/\/prenotami.esteri.it\/Manuale\/ManualeCittadino.docx\">manuale<\/a> del portale Prenot@Mi<\/strong> dall&#8217;<a href=\"https:\/\/prenotami.esteri.it\">homepage<\/a> del sistema di prenotazione.<\/p>\n<p>&nbsp;<\/p>\n","protected":false},"excerpt":{"rendered":"Tutti i servizi consolari sono erogati tramite il sistema automatico di prenotazione? Non tutti i servizi consolari possono essere erogati tramite il sistema automatico di prenotazione online, pertanto si prega di verificare bene le procedure di erogazione di ciascun servizio consolare, prima di prenotare. Quali browser sono supportati dal sistema di prenotazione appuntamenti? I browser [&hellip;]","protected":false},"author":6,"featured_media":0,"parent":801,"menu_order":0,"comment_status":"closed","ping_status":"closed","template":"","meta":{"footnotes":""},"class_list":["post-1497","page","type-page","status-publish","hentry"],"_links":{"self":[{"href":"https:\/\/conslondra.esteri.it\/it\/wp-json\/wp\/v2\/pages\/1497","targetHints":{"allow":["GET"]}}],"collection":[{"href":"https:\/\/conslondra.esteri.it\/it\/wp-json\/wp\/v2\/pages"}],"about":[{"href":"https:\/\/conslondra.esteri.it\/it\/wp-json\/wp\/v2\/types\/page"}],"author":[{"embeddable":true,"href":"https:\/\/conslondra.esteri.it\/it\/wp-json\/wp\/v2\/users\/6"}],"replies":[{"embeddable":true,"href":"https:\/\/conslondra.esteri.it\/it\/wp-json\/wp\/v2\/comments?post=1497"}],"version-history":[{"count":7,"href":"https:\/\/conslondra.esteri.it\/it\/wp-json\/wp\/v2\/pages\/1497\/revisions"}],"predecessor-version":[{"id":17620,"href":"https:\/\/conslondra.esteri.it\/it\/wp-json\/wp\/v2\/pages\/1497\/revisions\/17620"}],"up":[{"embeddable":true,"href":"https:\/\/conslondra.esteri.it\/it\/wp-json\/wp\/v2\/pages\/801"}],"wp:attachment":[{"href":"https:\/\/conslondra.esteri.it\/it\/wp-json\/wp\/v2\/media?parent=1497"}],"curies":[{"name":"wp","href":"https:\/\/api.w.org\/{rel}","templated":true}]}}