{"id":1505,"date":"2022-09-06T10:37:33","date_gmt":"2022-09-06T08:37:33","guid":{"rendered":"https:\/\/conslondra.esteri.it\/?page_id=1505"},"modified":"2022-09-06T10:58:02","modified_gmt":"2022-09-06T08:58:02","slug":"lavoro-contributi-e-stage","status":"publish","type":"page","link":"https:\/\/conslondra.esteri.it\/it\/info-utili\/f-a-q\/lavoro-contributi-e-stage\/","title":{"rendered":"Lavoro, contributi e stage"},"content":{"rendered":"<h2>Lavoro<\/h2>\n<ol>\n<li><strong><strong>Che cos&#8217;\u00e8 il N.I.N. (National Insurance Number)?<br \/>\n<\/strong><\/strong>Il National Insurance number \u00e8 un numero personale unico (paragonabile al Codice Fiscale italiano), composto da lettere e numeri, la cui attribuzione \u00e8 di competenza\u00a0del Department for Work and Pensions (Ministero del Lavoro e delle Pensioni britannico) tramite il quale \u00e8 possibile versare contributi assistenziali e pensionistici, che danno diritto a una serie di prestazioni previdenziali.Per poter lavorare nel Regno Unito \u00e8 indispensabile possederne uno.<\/p>\n<p>Per informazioni su come ottenerlo, si consiglia di visitare la pagina web<\/p>\n<p><a href=\"https:\/\/www.gov.uk\/apply-national-insurance-number\">https:\/\/www.gov.uk\/apply-national-insurance-number<\/a><\/p>\n<p>In alternativa\u00a0\u00a0occorre rivolgersi a uno dei numerosi uffici di collocamento statali Job Centre Plus.<br \/>\n(<a href=\"https:\/\/find-your-nearest-jobcentre.dwp.gov.uk\/search.php\">https:\/\/find-your-nearest-jobcentre.dwp.gov.uk\/search.php<\/a>) presenti in maniera capillare in tutto il Paese.<\/p>\n<p>Ulteriori informazioni sul N.I.N. sono disponibili alla seguente pagina:<a href=\"https:\/\/www.gov.uk\/national-insurance\/your-national-insurance-number\"> https:\/\/www.gov.uk\/national-insurance\/your-national-insurance-number<\/a><\/li>\n<\/ol>\n<h2>Contributi<\/h2>\n<ol>\n<li><strong>Ho lavorato nel Regno Unito per alcuni anni e vorrei richiedere un resoconto dei contributi versati ai fini pensionistici. A chi mi devo rivolgere?<br \/>\n<\/strong>\u00c8 possibile richiedere un resoconto dei contributi versati ai fini pensionistici attraverso la seguente pagina <a href=\"https:\/\/www.gov.uk\/government\/publications\/national-insurance-statement-of-national-insurance-contributions-ca3916\">https:\/\/www.gov.uk\/government\/publications\/national-insurance-statement-of-national-insurance-contributions-ca3916\u00a0<\/a><\/li>\n<\/ol>\n<h2>Stage<\/h2>\n<ol>\n<li><strong><strong>Posso effettuare un tirocinio\/stage presso il Consolato?<br \/>\n<\/strong><\/strong>Per informazioni su stage e tirocini presso la rete diplomatico consolare \u00e8 possibile consultare la seguente pagina: <a href=\"https:\/\/www.esteri.it\/it\/ministero\/lavora-con-noi\/tirocinio_mae\/\">https:\/\/www.esteri.it\/it\/ministero\/lavora-con-noi\/tirocinio_mae\/<\/a><\/li>\n<\/ol>\n","protected":false},"excerpt":{"rendered":"Lavoro Che cos&#8217;\u00e8 il N.I.N. (National Insurance Number)? Il National Insurance number \u00e8 un numero personale unico (paragonabile al Codice Fiscale italiano), composto da lettere e numeri, la cui attribuzione \u00e8 di competenza\u00a0del Department for Work and Pensions (Ministero del Lavoro e delle Pensioni britannico) tramite il quale \u00e8 possibile versare contributi assistenziali e pensionistici, [&hellip;]","protected":false},"author":6,"featured_media":0,"parent":801,"menu_order":0,"comment_status":"closed","ping_status":"closed","template":"","meta":{"footnotes":""},"class_list":["post-1505","page","type-page","status-publish","hentry"],"_links":{"self":[{"href":"https:\/\/conslondra.esteri.it\/it\/wp-json\/wp\/v2\/pages\/1505","targetHints":{"allow":["GET"]}}],"collection":[{"href":"https:\/\/conslondra.esteri.it\/it\/wp-json\/wp\/v2\/pages"}],"about":[{"href":"https:\/\/conslondra.esteri.it\/it\/wp-json\/wp\/v2\/types\/page"}],"author":[{"embeddable":true,"href":"https:\/\/conslondra.esteri.it\/it\/wp-json\/wp\/v2\/users\/6"}],"replies":[{"embeddable":true,"href":"https:\/\/conslondra.esteri.it\/it\/wp-json\/wp\/v2\/comments?post=1505"}],"version-history":[{"count":0,"href":"https:\/\/conslondra.esteri.it\/it\/wp-json\/wp\/v2\/pages\/1505\/revisions"}],"up":[{"embeddable":true,"href":"https:\/\/conslondra.esteri.it\/it\/wp-json\/wp\/v2\/pages\/801"}],"wp:attachment":[{"href":"https:\/\/conslondra.esteri.it\/it\/wp-json\/wp\/v2\/media?parent=1505"}],"curies":[{"name":"wp","href":"https:\/\/api.w.org\/{rel}","templated":true}]}}