{"id":156,"date":"2022-08-08T16:14:07","date_gmt":"2022-08-08T14:14:07","guid":{"rendered":"https:\/\/conslondra.esteri.it\/?page_id=156"},"modified":"2026-02-25T10:03:50","modified_gmt":"2026-02-25T09:03:50","slug":"passaporti-e-servizi","status":"publish","type":"page","link":"https:\/\/conslondra.esteri.it\/it\/servizi-consolari-e-visti\/servizi-per-il-cittadino-italiano\/passaporti-e-servizi\/","title":{"rendered":"Passaporti"},"content":{"rendered":"<p style=\"text-align: justify;\">Possono richiedere il passaporto presso il Consolato Generale di Londra o presso\u00a0alcuni\u00a0<a href=\"https:\/\/conslondra.esteri.it\/servizi-consolari-e-visti\/servizi-per-il-cittadino\/passaporti-e-servizi\/prenotazione-passaporto-tramite-gli-uffici-consolari-onorari\/\">Uffici Onorari<\/a>, <strong>solo gli italiani iscritti all&#8217;<a href=\"https:\/\/conslondra.esteri.it\/servizi-consolari-e-visti\/servizi-per-il-cittadino\/aire\/\">AIRE<\/a> di Londra<\/strong>.<\/p>\n<div class=\"entry-content\">\n<div class=\"entry-content\">\n<p>&nbsp;<\/p>\n<hr \/>\n<\/div>\n<p>&nbsp;<\/p>\n<\/div>\n<p style=\"text-align: justify;\"><strong>Informazioni generali<\/strong><\/p>\n<ol style=\"text-align: justify;\">\n<li><a href=\"https:\/\/conslondra.esteri.it\/it\/servizi-consolari-e-visti\/servizi-per-il-cittadino-italiano\/passaporti-e-servizi\/validita-del-passaporto\/\">Validit\u00e0<\/a><\/li>\n<li><a href=\"https:\/\/conslondra.esteri.it\/it\/servizi-consolari-e-visti\/servizi-per-il-cittadino-italiano\/passaporti-e-servizi\/informazioni-generali-passaporti\/costi-e-modalita-di-pagamento\/\">Costi e modalit\u00e0 di pagamento<\/a><\/li>\n<li><a href=\"https:\/\/conslondra.esteri.it\/it\/servizi-consolari-e-visti\/servizi-per-il-cittadino-italiano\/passaporti-e-servizi\/informazioni-generali-passaporti\/come-prenotare-un-appuntamento-per-il-rilascio-del-passaporto\/\">Come prenotare l\u2019appuntamento<\/a><\/li>\n<li><a href=\"https:\/\/conslondra.esteri.it\/servizi-consolari-e-visti\/servizi-per-il-cittadino\/passaporti-e-servizi\/procedure-per-il-rilascio-delletd-emergency-travel-document-per-i-non-residenti\/\">Richiedere un ETD (Emergency Travel Document) per il rimpatrio<\/a><\/li>\n<li><a href=\"https:\/\/conslondra.esteri.it\/servizi-consolari-e-visti\/servizi-per-il-cittadino\/passaporti-e-servizi\/smarrimento-o-furto-di-passaporto\/\">Denunciare lo smarrimento o furto di passaporto<\/a><\/li>\n<\/ol>\n<div class=\"entry-content\">\n<p>&nbsp;<\/p>\n<\/div>\n<hr \/>\n<p>&nbsp;<\/p>\n<p style=\"text-align: justify;\"><strong>Richiedere il passaporto per:<\/strong><\/p>\n<p style=\"padding-left: 40px;\"><strong>Maggiorenni<\/strong><\/p>\n<ul style=\"text-align: justify;\">\n<li><a href=\"https:\/\/conslondra.esteri.it\/it\/servizi-consolari-e-visti\/servizi-per-il-cittadino-italiano\/passaporti-e-servizi\/passaporto-per-maggiorenni-appuntamento-mattutino\/\">Maggiorenni <em>(appuntamento mattutino)<\/em><\/a><\/li>\n<li><a href=\"https:\/\/conslondra.esteri.it\/it\/amministrazione-trasparente\/bandi-di-concorso\/2021-09-30-avviso-di-assunzione-3-impiegati-a-contratto\/passaporto-per-maggiorenni-appuntamento-pomeridiano-rilascio-del-passaporto-non-a-vista\/\">Maggiorenni <em>(appuntamento pomeridiano)<\/em><\/a><\/li>\n<\/ul>\n<p>&nbsp;<\/p>\n<p style=\"padding-left: 40px;\"><strong>Minori da 12 a 17 anni<\/strong><\/p>\n<ul>\n<li><a href=\"https:\/\/conslondra.esteri.it\/it\/servizi-consolari-e-visti\/servizi-per-il-cittadino-italiano\/passaporti-e-servizi\/passaporto-minori-da-12-a-17-anni\/\">Minori da 12 a 17 anni <em>(appuntamento mattutino)<\/em><\/a><\/li>\n<li><a href=\"https:\/\/conslondra.esteri.it\/it\/servizi-consolari-e-visti\/servizi-per-il-cittadino-italiano\/passaporti-e-servizi\/passaporto-per-minori-da-12-a-17-anni-appuntamento-pomeridiano\/\">Minori da 12 a 17 anni <em>(appuntamento pomeridiano)<\/em><\/a><\/li>\n<li><a href=\"https:\/\/conslondra.esteri.it\/it\/servizi-consolari-e-visti\/servizi-per-il-cittadino-italiano\/passaporti-e-servizi\/passaporto-per-minore-da-12-a-17-anni-minore-in-presenza-senza-appuntamento\/\">Minori da 12 a 17 anni <em>(senza appuntamento con servizio<strong> walk-in<\/strong>)<\/em><\/a><\/li>\n<\/ul>\n<p>&nbsp;<\/p>\n<p style=\"padding-left: 40px;\"><strong>Minori da 0 a 11 anni<\/strong><\/p>\n<ul>\n<li><a href=\"https:\/\/conslondra.esteri.it\/it\/servizi-consolari-e-visti\/servizi-per-il-cittadino-italiano\/passaporti-e-servizi\/passaporto-per-minori-da-0-a-11-anni\/\">Minori da 0 a 11 anni\u00a0 <em>(solo via posta)<\/em><\/a><\/li>\n<\/ul>\n<p>&nbsp;<\/p>\n<p style=\"padding-left: 40px;\"><strong>Canali Walk-in<\/strong><\/p>\n<ul>\n<li><a href=\"https:\/\/conslondra.esteri.it\/it\/news\/dal_consolato\/2022\/10\/rinnovo-passaporto-per-persone-con-disabilita\/\">Disabili <em>(senza appuntamento)<\/em><\/a><\/li>\n<li><a href=\"https:\/\/conslondra.esteri.it\/it\/news\/dal_consolato\/2022\/10\/silver-day-per-i-connazionali-over-70\/\">Anziani over 70 <em>(senza appuntamento)<\/em><\/a><\/li>\n<li><a href=\"https:\/\/conslondra.esteri.it\/it\/news\/dal_consolato\/2022\/10\/canale-dolce-attesa\/\">Donne in stato di gravidanza <em>(senza appuntamento)<\/em><\/a><\/li>\n<li><a href=\"https:\/\/conslondra.esteri.it\/it\/servizi-consolari-e-visti\/servizi-per-il-cittadino-italiano\/passaporti-e-servizi\/passaporto-per-minore-da-12-a-17-anni-minore-in-presenza-senza-appuntamento\/\">Minori da 12 a 17 anni <em>(senza appuntamento con servizio<strong> walk-in<\/strong>)<\/em><\/a><\/li>\n<\/ul>\n<p>&nbsp;<\/p>\n<p style=\"padding-left: 40px;\"><strong>Ulteriori modalit\u00e0<\/strong><\/p>\n<ul>\n<li><a href=\"https:\/\/conslondra.esteri.it\/servizi-consolari-e-visti\/servizi-per-il-cittadino\/passaporti-e-servizi\/passaporto-per-chi-ha-un-permanente-impedimento-a-viaggiare\/\">Allettati con \u201cpermanente incapacit\u00e0 di viaggiare\u201d<\/a><\/li>\n<li><a href=\"https:\/\/conslondra.esteri.it\/it\/news\/dal_consolato\/2025\/01\/continua-la-collaborazione-del-consolato-con-il-comites-e-i-patronati-nuove-date-appuntamenti-per-raccolta-impronte-passaporti\/\">Appuntamenti presso Comites e Patronati<\/a><\/li>\n<li><a href=\"https:\/\/conslondra.esteri.it\/it\/servizi-consolari-e-visti\/servizi-per-il-cittadino-italiano\/passaporti-e-servizi\/prenotazione-passaporto-tramite-gli-uffici-consolari-onorari\/\">Appuntamenti presso Uffici consolari onorari e Agenzie Consolari<\/a><\/li>\n<li><a href=\"https:\/\/conslondra.esteri.it\/it\/servizi-consolari-e-visti\/servizi-per-il-cittadino-italiano\/passaporti-e-servizi\/procedure-per-il-rilascio-del-passaporto-di-urgenza-senza-appuntamento\/\">Procedure per il rilascio del passaporto di urgenza<\/a><\/li>\n<\/ul>\n<p>&nbsp;<\/p>\n<div class=\"entry-content\">\n<hr \/>\n<\/div>\n<p>&nbsp;<\/p>\n<p style=\"text-align: justify;\"><strong>ATTENZIONE<\/strong><\/p>\n<p style=\"text-align: justify;\">L\u2019Ufficio Passaporti verificher\u00e0 la presenza di tutti i requisiti per la concessione del passaporto <strong>PRIMA<\/strong> del giorno dell&#8217;appuntamento.<\/p>\n<p style=\"text-align: justify;\">La mancanza dei requisiti verr\u00e0 comunicata all\u2019interessato\/a e l\u2019appuntamento sar\u00e0 cancellato senza possibilit\u00e0 di integrazioni.<\/p>\n<p>&nbsp;<\/p>\n<p><strong>AVVERTENZA<\/strong><\/p>\n<p style=\"text-align: justify;\">Gli utenti sono pregati di non prenotare voli o viaggi prima di aver ottenuto un passaporto valido per il periodo considerato. Il mero possesso di un biglietto aereo non costituisce motivo per il rilascio d\u2019urgenza n\u00e9 per la lavorazione prioritaria delle domande.<\/p>\n<p style=\"text-align: justify;\">Considerato l\u2019elevato numero di richieste e data la necessit\u00e0 di effettuare le dovute verifiche con le autorit\u00e0 competenti, non \u00e8 possibile garantire tempi certi per l\u2019emissione. Le tempistiche indicate sul sito sono meramente indicative. Si suggerisce di avanzare la richiesta con congruo anticipo rispetto alla scadenza del proprio passaporto.<\/p>\n<p>&nbsp;<\/p>\n<p style=\"text-align: right;\"><a href=\"https:\/\/conslondra.esteri.it\/it\/servizi-consolari-e-visti\/servizi-per-il-cittadino-italiano\/\">Torna ai servizi per il cittadino italiano<\/a><\/p>\n","protected":false},"excerpt":{"rendered":"Possono richiedere il passaporto presso il Consolato Generale di Londra o presso\u00a0alcuni\u00a0Uffici Onorari, solo gli italiani iscritti all&#8217;AIRE di Londra. &nbsp; &nbsp; Informazioni generali Validit\u00e0 Costi e modalit\u00e0 di pagamento Come prenotare l\u2019appuntamento Richiedere un ETD (Emergency Travel Document) per il rimpatrio Denunciare lo smarrimento o furto di passaporto &nbsp; &nbsp; Richiedere il passaporto per: [&hellip;]","protected":false},"author":4,"featured_media":0,"parent":154,"menu_order":9,"comment_status":"closed","ping_status":"closed","template":"","meta":{"footnotes":""},"class_list":["post-156","page","type-page","status-publish","hentry"],"_links":{"self":[{"href":"https:\/\/conslondra.esteri.it\/it\/wp-json\/wp\/v2\/pages\/156","targetHints":{"allow":["GET"]}}],"collection":[{"href":"https:\/\/conslondra.esteri.it\/it\/wp-json\/wp\/v2\/pages"}],"about":[{"href":"https:\/\/conslondra.esteri.it\/it\/wp-json\/wp\/v2\/types\/page"}],"author":[{"embeddable":true,"href":"https:\/\/conslondra.esteri.it\/it\/wp-json\/wp\/v2\/users\/4"}],"replies":[{"embeddable":true,"href":"https:\/\/conslondra.esteri.it\/it\/wp-json\/wp\/v2\/comments?post=156"}],"version-history":[{"count":9,"href":"https:\/\/conslondra.esteri.it\/it\/wp-json\/wp\/v2\/pages\/156\/revisions"}],"predecessor-version":[{"id":17587,"href":"https:\/\/conslondra.esteri.it\/it\/wp-json\/wp\/v2\/pages\/156\/revisions\/17587"}],"up":[{"embeddable":true,"href":"https:\/\/conslondra.esteri.it\/it\/wp-json\/wp\/v2\/pages\/154"}],"wp:attachment":[{"href":"https:\/\/conslondra.esteri.it\/it\/wp-json\/wp\/v2\/media?parent=156"}],"curies":[{"name":"wp","href":"https:\/\/api.w.org\/{rel}","templated":true}]}}