{"id":16,"date":"2022-07-27T17:36:02","date_gmt":"2022-07-27T15:36:02","guid":{"rendered":"https:\/\/conslondra.esteri.it\/?page_id=16"},"modified":"2025-12-04T11:31:03","modified_gmt":"2025-12-04T10:31:03","slug":"italia-e-regno-unito","status":"publish","type":"page","link":"https:\/\/conslondra.esteri.it\/it\/italia-e-regno-unito\/","title":{"rendered":"Italia e Regno Unito"},"content":{"rendered":"<p style=\"text-align: justify;\"><strong>ENTRARE NEL REGNO UNITO<\/strong><\/p>\n<p style=\"text-align: justify;\">Per l\u2019ingresso nel Regno Unito, dal 1\u00b0 ottobre 2021, \u00a0\u00e8 necessario l\u2019<strong>utilizzo di un valido passaporto<\/strong>. Solo coloro che hanno aderito allo\u00a0<a title=\"seleziona per accedere al sito GOV.UK\" href=\"https:\/\/www.gov.uk\/settled-status-eu-citizens-families\/after-youve-applied\" target=\"_blank\" rel=\"noopener\">EU Settlement Scheme<\/a>, potranno continuare ad utilizzare la Carta d\u2019identit\u00e0 digitale (CIE)<strong>.<\/strong><\/p>\n<p style=\"text-align: justify;\">Tutti gli italiani non residenti nel Regno Unito, <strong>compresi i bambini<\/strong>, che non possiedono alcuno status di immigrazione nel Regno Unito, dovranno munirsi di <a href=\"https:\/\/conslondra.esteri.it\/it\/servizi-consolari-e-visti\/servizi-per-il-cittadino-italiano\/eta-electronic-travel-authorisation\/\">ETA<\/a> (<em>Electronic Travel Authorisation<\/em>) per l&#8217;ingresso nel Regno Unito per motivi turistici.<\/p>\n<p style=\"text-align: justify;\">A seguito della Brexit, <strong>per lavorare in UK \u00e8 necessario richiedere il visto<\/strong> presso le Autorit\u00e0 diplomatico-consolari britanniche in Italia.<\/p>\n<p style=\"text-align: justify;\">Se si hanno dubbi, verifica la necessit\u00e0 del visto alla <a href=\"https:\/\/www.gov.uk\/check-uk-visa\">pagina ufficiale gov.uk (Check if you need a visa)<\/a><\/p>\n<p style=\"text-align: justify;\"><strong><a href=\"https:\/\/amblondra.esteri.it\/it\/\">Collegamento al sito dell&#8217;Ambasciata d&#8217;Italia a Londra<\/a><\/strong><\/p>\n<p style=\"text-align: justify;\"><strong>&#8211;\u00a0<a href=\"https:\/\/conslondra.esteri.it\/wp-content\/uploads\/2022\/08\/studio_statistico_rev_2020.pdf\">Studio statistico edito dal Consolato Generale: \u201cLa presenza italiana in Inghilterra e Galles\u201d (I edizione, ottobre 2020)<\/a><\/strong><\/p>\n<p style=\"text-align: justify;\"><strong>&#8211;\u00a0<a href=\"https:\/\/conslondra.esteri.it\/wp-content\/uploads\/2022\/08\/studio_statistico_ii_edizione.pdf\">Studio statistico edito dal Consolato Generale: \u201cLa presenza italiana in Inghilterra e Galles\u201d (II edizione, novembre 2021)<\/a><\/strong><\/p>\n<p style=\"text-align: justify;\">La crescita numerica della comunit\u00e0 italiana nel Regno Unito negli ultimi anni \u00e8 stata impetuosa. Gli iscritti all\u2019AIRE in Inghilterra e Galles sono pi\u00f9 che raddoppiati nel giro di 8 anni, passando da poco meno di 200 mila a pi\u00f9 di 452 mila. Questo studio analizza la collettivit\u00e0 attraverso vari criteri statitici (es. et\u00e0, titolo di studio, tipo di impiego, luogo di residenza e nascita etc.)<\/p>\n","protected":false},"excerpt":{"rendered":"ENTRARE NEL REGNO UNITO Per l\u2019ingresso nel Regno Unito, dal 1\u00b0 ottobre 2021, \u00a0\u00e8 necessario l\u2019utilizzo di un valido passaporto. Solo coloro che hanno aderito allo\u00a0EU Settlement Scheme, potranno continuare ad utilizzare la Carta d\u2019identit\u00e0 digitale (CIE). Tutti gli italiani non residenti nel Regno Unito, compresi i bambini, che non possiedono alcuno status di immigrazione [&hellip;]","protected":false},"author":3,"featured_media":0,"parent":0,"menu_order":1,"comment_status":"closed","ping_status":"closed","template":"","meta":{"footnotes":""},"class_list":["post-16","page","type-page","status-publish","hentry"],"_links":{"self":[{"href":"https:\/\/conslondra.esteri.it\/it\/wp-json\/wp\/v2\/pages\/16","targetHints":{"allow":["GET"]}}],"collection":[{"href":"https:\/\/conslondra.esteri.it\/it\/wp-json\/wp\/v2\/pages"}],"about":[{"href":"https:\/\/conslondra.esteri.it\/it\/wp-json\/wp\/v2\/types\/page"}],"author":[{"embeddable":true,"href":"https:\/\/conslondra.esteri.it\/it\/wp-json\/wp\/v2\/users\/3"}],"replies":[{"embeddable":true,"href":"https:\/\/conslondra.esteri.it\/it\/wp-json\/wp\/v2\/comments?post=16"}],"version-history":[{"count":6,"href":"https:\/\/conslondra.esteri.it\/it\/wp-json\/wp\/v2\/pages\/16\/revisions"}],"predecessor-version":[{"id":16810,"href":"https:\/\/conslondra.esteri.it\/it\/wp-json\/wp\/v2\/pages\/16\/revisions\/16810"}],"wp:attachment":[{"href":"https:\/\/conslondra.esteri.it\/it\/wp-json\/wp\/v2\/media?parent=16"}],"curies":[{"name":"wp","href":"https:\/\/api.w.org\/{rel}","templated":true}]}}