{"id":16183,"date":"2025-10-29T16:28:34","date_gmt":"2025-10-29T15:28:34","guid":{"rendered":"https:\/\/conslondra.esteri.it\/?page_id=16183"},"modified":"2025-10-29T16:42:14","modified_gmt":"2025-10-29T15:42:14","slug":"importazione-temporanea-per-attivita-sportive","status":"publish","type":"page","link":"https:\/\/conslondra.esteri.it\/it\/servizi-consolari-e-visti\/servizi-per-il-cittadino-italiano\/notarile\/importazione-in-italia-di-armi-da-fuoco-registrate-nel-regno-unito\/importazione-temporanea-per-attivita-sportive\/","title":{"rendered":"Importazione Temporanea per Attivit\u00e0 Sportive"},"content":{"rendered":"<p>Per importare <strong>temporaneamente<\/strong>, per un periodo di massimo 90 giorni, un\u2019arma da fuoco in Italia ai fini della partecipazione a<strong> gare sportive<\/strong>, \u00e8 necessario ottenere una dichiarazione specifica alla <a href=\"https:\/\/www.coni.it\/it\/federazioni-sportive-nazionali.html\">Federazione Sportiva Nazionale<\/a> competente (ad es.: Unione Italiana del Tiro a Segno, Federazione Italiana del Tiro a Volo, \u2026); (DM 05\/06\/1978; <a href=\"https:\/\/www.normattiva.it\/uri-res\/N2Ls?urn:nir:stato:decreto.legislativo:2010-10-26;204\">Art. 5 D.Lgs. 204\/2010<\/a>).<\/p>\n<p>Gli interessati devono rivolgersi preventivamente e direttamente alla Federazione Sportiva Nazionale di competenza per il proprio caso.<\/p>\n<p>La dichiarazione:<\/p>\n<ul>\n<li>dovr\u00e0 essere presentata alle autorit\u00e0 di frontiera per la vidimazione, e andr\u00e0 quindi conservata per essere ripresentata all\u2019esportazione;<\/li>\n<li>consente l\u2019importazione di un massimo di 3 armi da fuoco e 1000 cartucce;<\/li>\n<li>consente la detenzione ed il porto dell\u2019arma solamente in una determinata localit\u00e0. Se nel corso del viaggio il percorso dell\u2019arma dovesse subire variazioni, sar\u00e0 necessario avvisare immediatamente i locali <a href=\"https:\/\/questure.poliziadistato.it\/servizio\/dovesiamo\">Uffici di Polizia<\/a> o <a href=\"https:\/\/www.carabinieri.it\/in-vostro-aiuto\/informazioni\/dove-siamo\">Carabinieri<\/a>;<\/li>\n<li>ha una durata massima di 90 giorni, e non \u00e8 prorogabile n\u00e9 rinnovabile. Alla scadenza, l\u2019arma andr\u00e0 riesportata, oppure andr\u00e0 presentata una richiesta di <a href=\"https:\/\/conslondra.esteri.it\/it\/servizi-consolari-e-visti\/servizi-per-il-cittadino-italiano\/notarile\/importazione-in-italia-di-armi-da-fuoco-registrate-nel-regno-unito\/importazione-definitiva\/\">licenza d\u2019importazione definitiva<\/a> alla Questura competente . Sono tuttavia consentite pi\u00f9 importazioni di una stessa arma all\u2019interno dello stesso anno solare, ciascuna delle quali accompagnata da una specifica dichiarazione e seguita da una riesportazione.<\/li>\n<\/ul>\n<p>&nbsp;<\/p>\n<p><strong>NB:<\/strong> la dichiarazione NON garantisce che le compagnie di trasporto accettino armi da fuoco a bordo. Si invitano pertanto gli interessati a verificare direttamente con queste la sussistenza di eventuali ulteriori requisiti per il trasporto.<\/p>\n<p>&nbsp;<\/p>\n<p style=\"text-align: right;\"><a href=\"https:\/\/conslondra.esteri.it\/it\/servizi-consolari-e-visti\/servizi-per-il-cittadino-italiano\/notarile\/importazione-in-italia-di-armi-da-fuoco-registrate-nel-regno-unito\/\">Torna a Importazione in Italia di Armi da Fuoco<\/a><\/p>\n","protected":false},"excerpt":{"rendered":"Per importare temporaneamente, per un periodo di massimo 90 giorni, un\u2019arma da fuoco in Italia ai fini della partecipazione a gare sportive, \u00e8 necessario ottenere una dichiarazione specifica alla Federazione Sportiva Nazionale competente (ad es.: Unione Italiana del Tiro a Segno, Federazione Italiana del Tiro a Volo, \u2026); (DM 05\/06\/1978; Art. 5 D.Lgs. 204\/2010). Gli [&hellip;]","protected":false},"author":15,"featured_media":0,"parent":16162,"menu_order":0,"comment_status":"closed","ping_status":"closed","template":"","meta":{"footnotes":""},"class_list":["post-16183","page","type-page","status-publish","hentry"],"_links":{"self":[{"href":"https:\/\/conslondra.esteri.it\/it\/wp-json\/wp\/v2\/pages\/16183","targetHints":{"allow":["GET"]}}],"collection":[{"href":"https:\/\/conslondra.esteri.it\/it\/wp-json\/wp\/v2\/pages"}],"about":[{"href":"https:\/\/conslondra.esteri.it\/it\/wp-json\/wp\/v2\/types\/page"}],"author":[{"embeddable":true,"href":"https:\/\/conslondra.esteri.it\/it\/wp-json\/wp\/v2\/users\/15"}],"replies":[{"embeddable":true,"href":"https:\/\/conslondra.esteri.it\/it\/wp-json\/wp\/v2\/comments?post=16183"}],"version-history":[{"count":3,"href":"https:\/\/conslondra.esteri.it\/it\/wp-json\/wp\/v2\/pages\/16183\/revisions"}],"predecessor-version":[{"id":16213,"href":"https:\/\/conslondra.esteri.it\/it\/wp-json\/wp\/v2\/pages\/16183\/revisions\/16213"}],"up":[{"embeddable":true,"href":"https:\/\/conslondra.esteri.it\/it\/wp-json\/wp\/v2\/pages\/16162"}],"wp:attachment":[{"href":"https:\/\/conslondra.esteri.it\/it\/wp-json\/wp\/v2\/media?parent=16183"}],"curies":[{"name":"wp","href":"https:\/\/api.w.org\/{rel}","templated":true}]}}