{"id":16192,"date":"2025-10-29T16:41:07","date_gmt":"2025-10-29T15:41:07","guid":{"rendered":"https:\/\/conslondra.esteri.it\/?page_id=16192"},"modified":"2025-10-29T17:02:06","modified_gmt":"2025-10-29T16:02:06","slug":"importazione-temporanea-per-attivita-venatorie","status":"publish","type":"page","link":"https:\/\/conslondra.esteri.it\/it\/servizi-consolari-e-visti\/servizi-per-il-cittadino-italiano\/notarile\/importazione-in-italia-di-armi-da-fuoco-registrate-nel-regno-unito\/importazione-temporanea-per-attivita-venatorie\/","title":{"rendered":"Importazione Temporanea per Attivit\u00e0 Venatorie"},"content":{"rendered":"<p style=\"text-align: justify;\">Per importare <strong>temporaneamente<\/strong>, per un periodo di massimo 90 giorni, un\u2019arma da fuoco in Italia per partecipare ad attivit\u00e0 <strong>di caccia<\/strong>, \u00e8 necessario ottenere un attestato dell\u2019Autorit\u00e0 consolare competente per il luogo di residenza dell\u2019intestatario (<a href=\"https:\/\/www.normattiva.it\/uri-res\/N2Ls?urn:nir:stato:legge:1975-04-18;110!vig=\">Art. 12 L.110\/1975;<\/a> DM 05\/06\/1978;\u00a0<a href=\"https:\/\/www.normattiva.it\/uri-res\/N2Ls?urn:nir:stato:legge:1992-02-11;157\">L. 157\/1992<\/a>; <a href=\"https:\/\/www.normattiva.it\/uri-res\/N2Ls?urn:nir:stato:decreto.legislativo:2010-10-26;204\">Art. 5 D.Lgs. 204\/2010<\/a>).<\/p>\n<p style=\"text-align: justify;\">Gli interessati devono rivolgersi preventivamente e direttamente all\u2019Autorit\u00e0 consolare territorialmente competente per il proprio caso, identificabile utilizzando lo strumento disponibile a <a href=\"https:\/\/serviziconsolarionline.esteri.it\/ScoFE\/services\/consulate\/find-consulate.sco;jsessionid=17C171E0B32A3F0FB70B390F16020A06\">questa pagina<\/a> (inserendo sia la nazione sia la citt\u00e0).<\/p>\n<p style=\"text-align: justify;\">La dichiarazione:<\/p>\n<ul style=\"text-align: justify;\">\n<li>dovr\u00e0 essere presentata alle autorit\u00e0 di frontiera per la vidimazione, e andr\u00e0 quindi conservata per essere ripresentata all\u2019esportazione;<\/li>\n<li>consente l\u2019importazione di un massimo di 2 fucili e 200 cartucce;<\/li>\n<li>abilita al porto soltanto nei periodi in cui la caccia \u00e8 aperta, ed esclusivamente sui percorsi da coprire per le attivit\u00e0 venatorie consentite (si vedano a tal proposito i siti internet delle Regioni). Se nel corso del viaggio il percorso dell\u2019arma dovesse subire variazioni, sar\u00e0 necessario avvisare immediatamente i locali <a href=\"https:\/\/questure.poliziadistato.it\/servizio\/dovesiamo\">Uffici di Polizia<\/a> o <a href=\"https:\/\/www.carabinieri.it\/in-vostro-aiuto\/informazioni\/dove-siamo\">Carabinieri<\/a>;<\/li>\n<li>ha una durata massima di 90 giorni, e non \u00e8 prorogabile n\u00e9 rinnovabile. Alla scadenza, l\u2019arma andr\u00e0 riesportata, oppure andr\u00e0 presentata una richiesta di <a href=\"https:\/\/conslondra.esteri.it\/it\/servizi-consolari-e-visti\/servizi-per-il-cittadino-italiano\/notarile\/importazione-in-italia-di-armi-da-fuoco-registrate-nel-regno-unito\/importazione-definitiva\/\">licenza d\u2019importazione definitiva<\/a> alla Questura competente. Sono tuttavia consentite pi\u00f9 importazioni di una stessa arma all\u2019interno dello stesso anno solare, ciascuna delle quali accompagnata da una specifica dichiarazione e seguita da una riesportazione.<\/li>\n<\/ul>\n<p style=\"text-align: justify;\"><strong>NB:<\/strong> l\u2019attestato NON garantisce che le compagnie di trasporto accettino armi da fuoco a bordo. Si invitano pertanto gli interessati a verificare direttamente con queste la sussistenza di eventuali ulteriori requisiti per il trasporto.<\/p>\n<p>&nbsp;<\/p>\n<p style=\"text-align: justify;\"><span style=\"text-decoration: underline;\"><strong>Questo Consolato Generale d\u2019Italia a Londra \u00e8 competente per il rilascio dell\u2019attestato a favore di intestatari di armi da fuoco residenti nella <a href=\"https:\/\/conslondra.esteri.it\/it\/chi-siamo\/la-rete-consolare\/\">circoscrizione consolare di propria competenza<\/a>.<\/strong><\/span><\/p>\n<p style=\"text-align: justify;\"><strong>\u00a0<\/strong><\/p>\n<p style=\"text-align: justify;\"><strong>MODALIT\u00c0 DI EROGAZIONE E COSTO DEL SERVIZIO<\/strong><\/p>\n<p style=\"text-align: justify;\">Gli interessati dovranno inviare per email, all\u2019indirizzo <a href=\"mailto:notarile.londra@esteri.it\">notarile.londra@esteri.it<\/a>, scansione in formato PDF di:<\/p>\n<ol style=\"text-align: justify;\">\n<li>Modulo di richiesta \u201c<a href=\"https:\/\/conslondra.esteri.it\/it\/chi-siamo\/la-sede\/modulistica\/modulistica-notarile\/\">Importazione Temporanea Armi da Fuoco<\/a>\u201d compilato per intero ma non firmato n\u00e9 datato;<\/li>\n<li>Documento di identit\u00e0 in corso di validit\u00e0 (passaporto o carta d\u2019identit\u00e0 di un paese membro UE);<\/li>\n<li><a href=\"https:\/\/www.acro.police.uk\/s\/acro-services\/police-certificates\">Certificato penale ACRO<\/a>, rilasciato da non pi\u00f9 di sei mesi dalla data della richiesta e legalizzato tramite <a href=\"https:\/\/www.gov.uk\/get-document-legalised\">apostilla<\/a> per uso in Italia;<\/li>\n<li><a href=\"https:\/\/www.gov.uk\/find-licences\/shotgun-and-firearm-certificates\">Shotgun\/Firearm Certificate<\/a>, legalizzato tramite <a href=\"https:\/\/www.gov.uk\/get-document-legalised\">apostilla<\/a> per uso in Italia;<\/li>\n<li>Prova dell\u2019itinerario di viaggio (biglietti aerei, ferroviari, marittimi, \u2026);<\/li>\n<li>Prova di possesso di una polizza assicurativa valida in Italia, per la copertura della responsabilit\u00e0 civile verso terzi e per danno ad animali o cose. I massimali di copertura dovranno essere: importo complessivo di 903.283,12 \u20ac per ogni sinistro (677.462,34 \u20ac per ogni persona danneggiata, 225.820,78 \u20ac per danni ad animali o cose) (<a href=\"https:\/\/www.normattiva.it\/uri-res\/N2Ls?urn:nir:stato:legge:1992;157~art12\"> 12 L. 157\/92<\/a>, <a href=\"https:\/\/www.gazzettaufficiale.it\/eli\/id\/2021\/01\/18\/21A00168\/sg\">DM 23\/12\/2020<\/a>).<\/li>\n<\/ol>\n<p style=\"text-align: justify;\">Una volta verificata l\u2019accettabilit\u00e0 dei documenti allegati, l\u2019Ufficio risponder\u00e0 al richiedente con indicazioni per i passi successivi. In particolare:<\/p>\n<p>&nbsp;<\/p>\n<p style=\"text-align: justify;\"><strong>A. <\/strong><strong>Richiedenti cittadini di paesi membri dell\u2019UE<\/strong><\/p>\n<p style=\"text-align: justify;\">La procedura \u00e8 <strong>postale<\/strong>. L\u2019Ufficio comunicher\u00e0 al richiedente l\u2019autorizzazione all\u2019invio postale del materiale cartaceo e le modalit\u00e0 di pagamento delle tariffe consolari richieste per la procedura (<a href=\"https:\/\/conslondra.esteri.it\/it\/info-utili\/tariffe-consolari\/\">art. 66c<\/a>).<\/p>\n<p style=\"text-align: justify;\">L\u2019indirizzo a cui inviare la documentazione cartacea \u00e8 il seguente:<\/p>\n<p style=\"text-align: justify;\"><strong>\u00a0 \u00a0 \u00a0 \u00a0 \u00a0 Notary Office<\/strong><br \/>\n<strong>\u00a0 \u00a0 \u00a0 \u00a0 \u00a0 Consulate General of Italy in London<\/strong><br \/>\n<strong>\u00a0 \u00a0 \u00a0 \u00a0 \u00a0 Harp House, 83-86 Farringdon Street<\/strong><br \/>\n<strong>\u00a0 \u00a0 \u00a0 \u00a0 \u00a0 London EC4A 4BL<\/strong><\/p>\n<p style=\"text-align: justify;\">Una volta conclusa la procedura, l\u2019Ufficio comunicher\u00e0 al richiedente le modalit\u00e0 di ritiro della documentazione tramite posta raccomandata o corriere (a spese del richiedente stesso).<\/p>\n<p>&nbsp;<\/p>\n<p>&nbsp;<\/p>\n<p style=\"text-align: justify;\"><strong>B. Richiedenti cittadini extra-UE<\/strong><\/p>\n<p style=\"text-align: justify;\">La procedura prevede un <strong>appuntamento in Consolato <\/strong>(luned\u00ec-venerd\u00ec 9:30-12:30).<\/p>\n<p style=\"text-align: justify;\">L\u2019Ufficio risponder\u00e0 offrendo un appuntamento per l\u2019autenticazione della firma del richiedente cittadino extracomunitario sul modulo di richiesta, il rilascio dell\u2019attestato ed il pagamento delle tariffe consolari (<a href=\"https:\/\/conslondra.esteri.it\/it\/info-utili\/tariffe-consolari\/\">artt. 24 e 66c<\/a>).<\/p>\n<p style=\"text-align: justify;\">Si prega di notare che i pagamenti sono effettuabili in Consolato solamente tramite carta di debito britannica (no contactless, no Apple pay, no carte di credito, no carte di debito italiane).<\/p>\n<p style=\"text-align: justify;\">Nel caso in cui il richiedente fosse <strong>impossibilitato a recarsi in Consolato<\/strong>, potr\u00e0 ottenere l\u2019autenticazione della propria firma sul Modulo di richiesta \u201cImportazione Temporanea Armi da Fuoco\u201d presso un qualsiasi notaio pubblico britannico, e facendo in seguito apostillare l\u2019atto cos\u00ec formato dal\u00a0<a href=\"https:\/\/www.gov.uk\/get-document-legalised\">Legalisation Office<\/a> (molti notai offrono anche questo servizio).<\/p>\n<p style=\"text-align: justify;\">Una lista non esaustiva di notai noti a questo Consolato \u00e8 disponibile <a href=\"https:\/\/conslondra.esteri.it\/it\/info-utili\/professionisti-ed-enti\/\">qui<\/a>. Il formulario con firma autenticata e legalizzazione potr\u00e0 essere utilizzato per seguire la procedura postale di cui al precedente punto A.<\/p>\n<p>&nbsp;<\/p>\n<p style=\"text-align: right;\"><a href=\"https:\/\/conslondra.esteri.it\/it\/servizi-consolari-e-visti\/servizi-per-il-cittadino-italiano\/notarile\/importazione-in-italia-di-armi-da-fuoco-registrate-nel-regno-unito\/\">Torna a Importazione in Italia di Armi da Fuoco<\/a><\/p>\n","protected":false},"excerpt":{"rendered":"Per importare temporaneamente, per un periodo di massimo 90 giorni, un\u2019arma da fuoco in Italia per partecipare ad attivit\u00e0 di caccia, \u00e8 necessario ottenere un attestato dell\u2019Autorit\u00e0 consolare competente per il luogo di residenza dell\u2019intestatario (Art. 12 L.110\/1975; DM 05\/06\/1978;\u00a0L. 157\/1992; Art. 5 D.Lgs. 204\/2010). Gli interessati devono rivolgersi preventivamente e direttamente all\u2019Autorit\u00e0 consolare territorialmente [&hellip;]","protected":false},"author":15,"featured_media":0,"parent":16162,"menu_order":0,"comment_status":"closed","ping_status":"closed","template":"","meta":{"footnotes":""},"class_list":["post-16192","page","type-page","status-publish","hentry"],"_links":{"self":[{"href":"https:\/\/conslondra.esteri.it\/it\/wp-json\/wp\/v2\/pages\/16192","targetHints":{"allow":["GET"]}}],"collection":[{"href":"https:\/\/conslondra.esteri.it\/it\/wp-json\/wp\/v2\/pages"}],"about":[{"href":"https:\/\/conslondra.esteri.it\/it\/wp-json\/wp\/v2\/types\/page"}],"author":[{"embeddable":true,"href":"https:\/\/conslondra.esteri.it\/it\/wp-json\/wp\/v2\/users\/15"}],"replies":[{"embeddable":true,"href":"https:\/\/conslondra.esteri.it\/it\/wp-json\/wp\/v2\/comments?post=16192"}],"version-history":[{"count":6,"href":"https:\/\/conslondra.esteri.it\/it\/wp-json\/wp\/v2\/pages\/16192\/revisions"}],"predecessor-version":[{"id":16267,"href":"https:\/\/conslondra.esteri.it\/it\/wp-json\/wp\/v2\/pages\/16192\/revisions\/16267"}],"up":[{"embeddable":true,"href":"https:\/\/conslondra.esteri.it\/it\/wp-json\/wp\/v2\/pages\/16162"}],"wp:attachment":[{"href":"https:\/\/conslondra.esteri.it\/it\/wp-json\/wp\/v2\/media?parent=16192"}],"curies":[{"name":"wp","href":"https:\/\/api.w.org\/{rel}","templated":true}]}}