{"id":3665,"date":"2022-11-04T14:15:08","date_gmt":"2022-11-04T13:15:08","guid":{"rendered":"https:\/\/conslondra.esteri.it\/?page_id=3665"},"modified":"2026-03-30T15:32:49","modified_gmt":"2026-03-30T13:32:49","slug":"consoli-onorari-e-agenti-consolari-2","status":"publish","type":"page","link":"https:\/\/conslondra.esteri.it\/it\/chi-siamo\/la-rete-consolare\/consoli-onorari-e-agenti-consolari-2\/","title":{"rendered":"Consoli onorari e Agenti consolari"},"content":{"rendered":"<p><a name=\"ASHFORD\"><\/a><\/p>\n<p><strong>ASHFORD<\/strong><strong> &#8211; <\/strong><strong>AGENZIA CONSOLARE ONORARIA<\/strong><strong><br \/>\n<\/strong><strong>Agente Consolare<\/strong>: SIG. ANTONINO COMPARETTO<br \/>\n<strong>Indirizzo: <\/strong>44 Park Road, Kennington, Ashford, Kent TN24 9DL<strong><br \/>\n<\/strong><strong>Cell<\/strong>: +44 (0) 7941 612 319<br \/>\n<strong>Email<\/strong>: <a href=\"mailto:ashford.onorario@esteri.it\">ashford.onorario@esteri.it<\/a><br \/>\n<strong>Competenza territoriale<\/strong>: Kent e East Sussex.<br \/>\n<a href=\"https:\/\/conslondra.esteri.it\/wp-content\/uploads\/2023\/02\/Ashford_Comparetto_Traduzione-decreto-di-limitazione-di-funzioni-consolari.pdf\"><em><strong>Consulta il Decreto di Limitazione Funzioni dell&#8217;Agenzia Consolare di Ashford<\/strong><\/em><\/a><\/p>\n<p><a name=\"BEDFORD\"><\/a><\/p>\n<p><strong>BEDFORD<\/strong><strong> &#8211; <\/strong><strong>CONSOLATO ONORARIO<br \/>\nConsole Onorario: <\/strong>GIUSEPPE DI STEFANO<strong><br \/>\nIndirizzo: <\/strong>69 Union Street, Bedford MK40 2SE<strong><br \/>\nCell: <\/strong>+44 (0) 1234 356647<strong><br \/>\nEmail: <\/strong><a href=\"mailto:bedford.onorario@esteri.it\">bedford.onorario@esteri.it<\/a><strong><br \/>\nRicezione del pubblico: <\/strong>luned\u00ec e mercoled\u00ec dalle 9:30 alle 13:00, sabato (una volta al mese) dalle 10:00 alle 13:00<br \/>\n<strong>Competenza territoriale<\/strong>: Bedfordshire, Cambridgeshire, Northamptonshire, Norfolk, Suffolk, Buckinghamshire, Bletchley, Milton Keynes, Hertfordshire, Hitchin e Stevenage.<br \/>\n<a href=\"https:\/\/conslondra.esteri.it\/wp-content\/uploads\/2025\/02\/Bedford_Di-Stefano_Traduzione-decreto-di-limitazione-di-funzioni-consolari.docx\"><em><strong>Consulta il \u201cDecreto di Limitazione Funzioni\u201d del Consolato onorario di Bedford<\/strong><\/em><\/a><\/p>\n<p><a name=\"BRISTOL\"><\/a><\/p>\n<p><strong>BRISTOL<\/strong><strong> &#8211; <\/strong><strong>AGENZIA CONSOLARE ONORARIA<\/strong><strong><br \/>\n<\/strong><strong>Agente Consolare<\/strong>: SIG. LUIGI LINO<br \/>\n<strong>Indirizzo<\/strong>: Avondale Business Centre, Woodland Way, Kingswood, BRISTOL, BS15 1AW<br \/>\n<strong>Cell<\/strong>: +44 (0) 7817 721965<br \/>\n<strong>Email<\/strong>: <a href=\"mailto:bristol.onorario@esteri.it\">bristol.onorario@esteri.it<\/a><br \/>\n<strong>Sito web<\/strong>: <a href=\"https:\/\/www.consolatoitalianobristol.it\/\">https:\/\/www.consolatoitalianobristol.it\/<\/a><br \/>\n<strong>Ricezione del pubblico<\/strong>: Solo su appuntamento il luned\u00ec, marted\u00ec, mercoled\u00ec e gioved\u00ec dalle 10:00 alle 14:00.<br \/>\n<strong>Competenza territoriale<\/strong>: Avon, Cornwal, Devon, Glouchestershire e Somerset.<br \/>\n<a href=\"https:\/\/conslondra.esteri.it\/wp-content\/uploads\/2023\/02\/Bristol_Lino_Traduzione-decreto-di-limitazione-di-funzioni-consolari.pdf\"><em><strong>Consulta il Decreto di Limitazione Funzioni <\/strong><\/em><em><strong>dell&#8217;Agenzia<\/strong><\/em><em><strong> Consolare di Bristol<\/strong><\/em><\/a><\/p>\n<p><a name=\"CARDIFF\"><\/a><\/p>\n<p><strong>CARDIFF<\/strong><strong> &#8211; <\/strong><strong>VICE CONSOLATO ONORARIO<\/strong><strong><br \/>\n<\/strong><strong>Vice Console Onorario<\/strong>: DOTT.SSA BRUNA CHEZZI<br \/>\n<strong>Indirizzo<\/strong>: 8 St Andrew&#8217;s Crescent, CARDIFF CF10 3DD.<br \/>\n<strong>Tel<\/strong>: +44 (0) 2045 370 338. Per appuntamenti telefonare luned\u00ec, mercoled\u00ec e venerd\u00ec tra le 9:00 e le 11:00.<br \/>\n<strong>Email<\/strong>: <a href=\"mailto:cardiff.onorario@esteri.it\">cardiff.onorario@esteri.it<\/a><br \/>\n<strong>Ricezione del pubblico: <\/strong>Luned\u00ec, mercoled\u00ec e venerd\u00ec: 9:00 alle 13:30.<br \/>\n<strong>Competenza territoriale<\/strong>: Hereford (Hereford e Worcester) e Brecknock (Powys), Glamorgan, Dyfed-Gwent.<br \/>\n<a href=\"https:\/\/conslondra.esteri.it\/wp-content\/uploads\/2023\/02\/Cardiff_Chezzi_Traduzione-decreto-di-limitazione-di-funzioni-consolari.pdf\"><em><strong>Consulta il Decreto di Limitazione Funzioni del Vice Consolato Onorario di Cardiff<\/strong><\/em><\/a><\/p>\n<p><a name=\"CHESHUNT\"><\/a><\/p>\n<p><strong>CHESHUNT<\/strong><strong> &#8211; <\/strong><strong>AGENZIA CONSOLARE ONORARIA<\/strong><strong><br \/>\n<\/strong><strong>Agente Consolare<\/strong>: &#8211;<br \/>\n<strong>Indirizzo<\/strong>: &#8211;<br \/>\n<strong>Tel<\/strong>: &#8211;<br \/>\n<strong>Ricezione del pubblico: &#8211;<\/strong><br \/>\n<strong>Competenza territoriale<\/strong>: Essex, Middlesex settentrionale e Hertfordshire meridionale.<br \/>\n<em><strong>Consulta il Decreto di Limitazione Funzioni dell&#8217;Agenzia Consolare di Cheshunt<\/strong><\/em><\/p>\n<p><a name=\"GIBILTERRA\"><\/a><\/p>\n<p><strong>GIBILTERRA<\/strong><strong> &#8211; <\/strong><strong>CONSOLATO ONORARIO<\/strong><strong><br \/>\n<\/strong><strong>Console Onorario<\/strong>: SIG. PATRICK H. CANESSA<br \/>\n<strong>Indirizzo<\/strong>: PO Box 437, 28 Irish Town, GIBILTERRA, GX11 1AA<br \/>\n<strong>Tel<\/strong>: 00350 56005895<br \/>\n<strong>Fax<\/strong>: 00350-200 45591<br \/>\nEmail: <a href=\"mailto:italy.gibraltar@gmail.com\">italy.gibraltar@gmail.com<\/a><br \/>\n<strong>Ricezione del pubblico: <\/strong>Solo su appuntamento.<br \/>\n<strong>Competenza territoriale<\/strong>: Gibilterra.<br \/>\n<a href=\"https:\/\/conslondra.esteri.it\/wp-content\/uploads\/2023\/02\/Gibilterra_Canessa_Traduzione-decreto-di-limitazione-di-funzioni-consolari.pdf\"><em><strong>Consulta il Decreto di Limitazione Funzioni del Consolato Onorario di Gibilterra<\/strong><\/em><\/a><\/p>\n<p><a name=\"GUERNSEY\"><\/a><\/p>\n<p><strong>GUERNSEY<\/strong><strong> &#8211; <\/strong><strong>AGENZIA CONSOLARE ONORARIA<\/strong><strong><br \/>\n<\/strong><strong>Agente Consolare<\/strong>: SIG. STEFANO RENZO FINETTI<br \/>\n<strong>Indirizzo<\/strong>: Goose Hollow, Damouettes Lane, St Peter Port, GUERNSEY, GY1 1ZT<br \/>\n<strong>Tel<\/strong>: +44 (0) 1481 710 034<br \/>\n<strong>Ricezione del pubblico<\/strong>: Solo su appuntamento da luned\u00ec a venerd\u00ec dalle 9:00 alle 17:00.<br \/>\n<strong>Competenza territoriale<\/strong>: Isole normanne eccetto Jersey.<br \/>\n<a href=\"https:\/\/conslondra.esteri.it\/wp-content\/uploads\/2023\/02\/Guernsey_Finetti_Traduzione-decreto-di-limitazione-di-funzioni-consolari.pdf\"><em><strong>Consulta il Decreto di Limitazione Funzioni dell&#8217;Agenzia Consolare di Guernsey<\/strong><\/em><\/a><\/p>\n<p><a name=\"JERSEY\"><\/a><\/p>\n<p><strong>JERSEY<\/strong><strong> &#8211; <\/strong><strong>AGENZIA CONSOLARE ONORARIA<\/strong><strong><br \/>\n<\/strong><strong>Agente Consolare<\/strong>: DOTT. ALESSANDRO BRANCATO<br \/>\n<strong>Indirizzo<\/strong>: Apartment 76, Century Buildings, Patriotic Street, St Helier, Jersey, JE2 3AE<br \/>\n<strong>Cell<\/strong>: +44 (0) 7700 365564<br \/>\n<strong>Email<\/strong>: <a href=\"mailto:jersey.onorario@esteri.it\">jersey.onorario@esteri.it<\/a><br \/>\n<strong>Ricezione del pubblico: <\/strong>Luned\u00ec, mercoled\u00ec e venerd\u00ec: 9:00 \u2013 13:30. Sabato: 9:00 \u2013 13:00.<br \/>\n<strong>Competenza territoriale<\/strong>: Jersey.<br \/>\n<a href=\"https:\/\/conslondra.esteri.it\/wp-content\/uploads\/2023\/02\/Jersey_Brancato_Traduzione-decreto-di-limitazione-di-funzioni-consolari.pdf\"><em><strong>Consulta il Decreto di Limitazione Funzioni dell&#8217;Agenzia Consolare di Jersey<\/strong><\/em><\/a><\/p>\n<p><a name=\"PETERBOROUGH\"><\/a><\/p>\n<p><strong>PETERBOROUGH<\/strong><strong> &#8211; <\/strong><strong>AGENZIA CONSOLARE ONORARIA<\/strong><strong><br \/>\n<\/strong><strong>Agente Consolare<\/strong>: SIG.RA CARMELA COCOZZA<br \/>\n<strong>Indirizzo<\/strong>: The Fleet,\u00a0High Street, Fletton, Peterborough, PE2 8DL<br \/>\n<strong>Cell<\/strong>: +44 (0) 7552 913 229<br \/>\n<strong>Email<\/strong>: <a href=\"mailto:peterborough.onorario@esteri.it\">peterborough.onorario@esteri.it<\/a><br \/>\n<strong>Ricezione del pubblico<\/strong>: Solo\u00a0 su appuntamento.<br \/>\n<strong>Competenza territoriale<\/strong>: Peterborough e la parte settentrionale della contea del Cambridgeshire e la contea del Norfolk.<br \/>\n<a href=\"https:\/\/conslondra.esteri.it\/wp-content\/uploads\/2023\/02\/Peterborough_Cocozza_Traduzione-decreto-di-limitazione-di-funzioni-consolari.pdf\"><em><strong>Consulta il Decreto di Limitazione Funzioni dell&#8217;Agenzia Consolare di Peterborough<\/strong><\/em><\/a><\/p>\n<p><a name=\"WATFORD\"><\/a><\/p>\n<p><strong>WATFORD<\/strong><strong> &#8211; <\/strong><strong>AGENZIA CONSOLARE ONORARIA<br \/>\n<\/strong><strong>Agente Consolare<\/strong>: STEPHANIE KATE RAPA<br \/>\n<strong>Indirizzo:<\/strong>\u00a011 St James Road, Watford WD18 0DZ<br \/>\n<strong>Cell<\/strong>: +44 (0) 7802 770308<br \/>\n<strong>Email<\/strong>: <a href=\"mailto:watford.onorario@esteri.it\">watford.onorario@esteri.it<\/a><br \/>\n<strong>Ricezione del pubblico<\/strong>: venerd\u00ec dalle 9:30 alle 13:00; sabato su appuntamento<br \/>\n<strong>Competenza territoriale<\/strong>: Hertfordshire occidentale, Buckinghamshire meridionale, Oxfordshire e Berkshire.<br \/>\n<a href=\"https:\/\/conslondra.esteri.it\/wp-content\/uploads\/2025\/02\/Watford_Rapa-S_Traduzione-decreto-di-limitazione-di-funzioni-consolari.docx\"><em><strong>Consulta il \u201cDecreto di Limitazione Funzioni\u201d dell\u2019Agenzia Consolare onoraria di Watford <\/strong><\/em><\/a><\/p>\n<p><a name=\"WOKING\"><\/a><\/p>\n<p><strong>WOKING<\/strong><strong> &#8211; <\/strong><strong>AGENZIA CONSOLARE ONORARIA<\/strong><strong><br \/>\n<\/strong><strong>Agente Consolare<\/strong>: SIG. DOMENICO MINARDI<br \/>\n<strong>Indirizzo<\/strong>: 14 Oriental Road, Woking, GU22 7AW<br \/>\n<strong>Cell<\/strong>: +44 (0) 7360 213603<br \/>\n<strong>Email<\/strong>: <a href=\"mailto:woking.onorario@esteri.it\">woking.onorario@esteri.it<\/a>, <a href=\"mailto:onorario.woking@outlook.com\">onorario.woking@outlook.com<\/a> o <a href=\"mailto:onorario.woking@gmail.com\">onorario.woking@gmail.com<\/a><br \/>\n<strong>Ricezione del pubblico<\/strong>: Da luned\u00ec a venerd\u00ec dalle 9:00 alle 12:00 e dalle 14:30 alle 18:30.<br \/>\n<strong>Competenza territoriale<\/strong>: Hampshire, Surrey, West Sussex ed Isola di Wight.<br \/>\n<a href=\"https:\/\/conslondra.esteri.it\/wp-content\/uploads\/2023\/02\/Woking_Minardi_Traduzione-decreto-di-limitazione-di-funzioni-consolari.pdf\"><em><strong>Consulta il Decreto di Limitazione Funzioni dell&#8217;Agenzia Consolare di Woking<\/strong><\/em><\/a><\/p>\n","protected":false},"excerpt":{"rendered":"ASHFORD &#8211; AGENZIA CONSOLARE ONORARIA Agente Consolare: SIG. ANTONINO COMPARETTO Indirizzo: 44 Park Road, Kennington, Ashford, Kent TN24 9DL Cell: +44 (0) 7941 612 319 Email: ashford.onorario@esteri.it Competenza territoriale: Kent e East Sussex. Consulta il Decreto di Limitazione Funzioni dell&#8217;Agenzia Consolare di Ashford BEDFORD &#8211; CONSOLATO ONORARIO Console Onorario: GIUSEPPE DI STEFANO Indirizzo: 69 Union [&hellip;]","protected":false},"author":6,"featured_media":0,"parent":126,"menu_order":0,"comment_status":"closed","ping_status":"closed","template":"","meta":{"footnotes":""},"class_list":["post-3665","page","type-page","status-publish","hentry"],"_links":{"self":[{"href":"https:\/\/conslondra.esteri.it\/it\/wp-json\/wp\/v2\/pages\/3665","targetHints":{"allow":["GET"]}}],"collection":[{"href":"https:\/\/conslondra.esteri.it\/it\/wp-json\/wp\/v2\/pages"}],"about":[{"href":"https:\/\/conslondra.esteri.it\/it\/wp-json\/wp\/v2\/types\/page"}],"author":[{"embeddable":true,"href":"https:\/\/conslondra.esteri.it\/it\/wp-json\/wp\/v2\/users\/6"}],"replies":[{"embeddable":true,"href":"https:\/\/conslondra.esteri.it\/it\/wp-json\/wp\/v2\/comments?post=3665"}],"version-history":[{"count":6,"href":"https:\/\/conslondra.esteri.it\/it\/wp-json\/wp\/v2\/pages\/3665\/revisions"}],"predecessor-version":[{"id":17919,"href":"https:\/\/conslondra.esteri.it\/it\/wp-json\/wp\/v2\/pages\/3665\/revisions\/17919"}],"up":[{"embeddable":true,"href":"https:\/\/conslondra.esteri.it\/it\/wp-json\/wp\/v2\/pages\/126"}],"wp:attachment":[{"href":"https:\/\/conslondra.esteri.it\/it\/wp-json\/wp\/v2\/media?parent=3665"}],"curies":[{"name":"wp","href":"https:\/\/api.w.org\/{rel}","templated":true}]}}