{"id":3818,"date":"2022-11-08T15:22:34","date_gmt":"2022-11-08T14:22:34","guid":{"rendered":"https:\/\/conslondra.esteri.it\/?page_id=3818"},"modified":"2025-12-29T12:30:41","modified_gmt":"2025-12-29T11:30:41","slug":"notai-pubblici","status":"publish","type":"page","link":"https:\/\/conslondra.esteri.it\/it\/info-utili\/professionisti-ed-enti\/notai-pubblici\/","title":{"rendered":"Notai"},"content":{"rendered":"<p style=\"text-align: justify;\">I nominativi riportati vengono forniti \u2013 <u>in ordine alfabetico<\/u> &#8211; a titolo informativo e non esaustivo. Il Consolato Generale non sottopone a verifica la loro attivit\u00e0, n\u00e9 risponde per il loro operato. Il Consolato Generale non pu\u00f2 pertanto assumere alcuna responsabilit\u00e0 sugli esiti di eventuali rapporti che avverranno su base del tutto diretta e privatistica. Questo Consolato Generale declina ogni responsabilit\u00e0 da danni derivanti da imprecisioni od omissioni nei dati personali forniti dai professionisti. In caso di irreperibilit\u00e0, si fa presente che il nominativo del professionista verr\u00e0 cancellato dalla lista senza preavviso.<\/p>\n<p style=\"text-align: justify;\"><u>Si prega di notare che il presente elenco verr\u00e0 aggiornato <strong>con cadenza semestrale<\/strong>.<\/u><\/p>\n<p>(Ultimo aggiornamento 29\/12\/2025)<\/p>\n<p><strong>I documenti firmati dal Notaio, per essere validi in Italia, devono essere legalizzati dal \u201c<a href=\"http:\/\/www.fco.gov.uk\/legalisation\">Legalisation Department of the Foreign, Commonwealth and Development Office<\/a>\u201d. Per maggiori informazioni visitare il link:\u00a0<a href=\"https:\/\/www.gov.uk\/get-document-legalised\">https:\/\/www.gov.uk\/get-document-legalised<\/a><\/strong><\/p>\n<p>&nbsp;<\/p>\n<p><strong>Marco BOLDINI<\/strong><strong><br \/>\n<\/strong>Notary Public \u2013 England &amp; Wales<strong><br \/>\nCell.:\u00a0<\/strong>+44 (0) 7379473120<br \/>\n<strong>Email<\/strong>:\u00a0<a href=\"mailto:info@boldininotary.co.uk\">info@boldininotary.co.uk<\/a><br \/>\n<a href=\"http:\/\/www.boldininotary.co.uk\/\">www.boldininotary.co.uk<\/a><\/p>\n<p>&nbsp;<\/p>\n<p><strong>Luca CORDELLI<\/strong><br \/>\nNotary Public \u2013 England &amp; Wales<br \/>\nNotaio<br \/>\n<strong>LC LEX, LLP<\/strong><strong><br \/>\n<\/strong><strong>Email:\u00a0<\/strong><a href=\"mailto:lcordelli@lclex.co.uk\">lcordelli@lclex.co.uk<\/a><\/p>\n<p>&nbsp;<\/p>\n<p><strong>Jonathan COUTTS<\/strong><br \/>\nNotary Public<br \/>\nJOHN VENN &amp; SONS, NOTARIES AND TRANSLATORS<br \/>\n<strong>Tel.:<\/strong> +44 (0)20 7395 4300<br \/>\n<strong>Email:<\/strong> <a href=\"mailto:notary@johnvenn.co.uk\">notary@johnvenn.co.uk<\/a><br \/>\n<a href=\"http:\/\/www.johnvenn.co.uk\">www.johnvenn.co.uk<\/a><\/p>\n<p>&nbsp;<\/p>\n<p><strong>Duilio D&#8217;ALEO<\/strong><br \/>\nPrincipal Notary &amp; Solicitor of England and Wales<br \/>\nD&#8217;Aleo Public Notaries<br \/>\n<strong>Tel.:<\/strong> +44 (0)79 0715 2254<br \/>\n<strong>Email:<\/strong> <a href=\"mailto:info@dpnotaries.co.uk\">info@dpnotaries.co.uk<\/a><br \/>\n<a href=\"http:\/\/www.dpnotaries.com\">www.dpnotaries.com<\/a><\/p>\n<p>&nbsp;<\/p>\n<p><strong>Phillip JOURNEAUX LLB MCIL<\/strong><br \/>\nNotary Public, Scrivener Notary<br \/>\nDE PINNA NOTARIES<strong><br \/>\n<\/strong>Notai e servizi di traduzione<br \/>\nIn collaborazione con lo Studio Legale Internazionale Gaglione<br \/>\n<strong>Centralino<\/strong>: +44 (0)20 7208 2900<br \/>\n<strong>Diretto<\/strong>: +44 (0)20 7208 2928<br \/>\n<strong>Email<\/strong>:\u00a0<a href=\"mailto:phillipj@depinna.co.uk\">phillipj@depinna.co.uk<\/a>,\u00a0<a href=\"mailto:depinna@gaglione.it\">depinna@gaglione.it<\/a><\/p>\n<p><strong>\u00a0<\/strong><\/p>\n<p><strong>GAGLIONE NOTARIES<\/strong><strong><br \/>\nRoberto GAGLIONE<br \/>\nAlessandro GAGLIONE<br \/>\nGiuseppe GAGLIONE<br \/>\n<\/strong>Notaries Public<strong><br \/>\n<\/strong><strong>Tel.<\/strong>: +44 (0) 20 7936 3555<br \/>\n<strong>Mob.<\/strong>: +44 (0) 74 1497 4279<br \/>\n<strong>Email<\/strong>:\u00a0<a href=\"mailto:info@slignotaries.com\">info@slignotaries.com<\/a>,<a href=\"mailto:robertog@slignotaries.com\">\u00a0robertog@slignotaries.com<\/a><br \/>\n<a href=\"http:\/\/www.slignotaries.com\/\">www.slignotaries.com<\/a><\/p>\n<p>&nbsp;<\/p>\n<p><strong>Lara Giuliana GOUVEIA SIMONETTI<br \/>\n<\/strong>Notary Public, Scrivener Notary<br \/>\nLARIANAE NOTARIES<br \/>\n<strong>Tel.<\/strong>: +44 (0) 0207 199 6241<br \/>\n<strong>Email<\/strong>:\u00a0<a href=\"mailto:info@larianae.com\">info@larianae.com<\/a><br \/>\n<a href=\"http:\/\/www.larianae.com\/\">www.larianae.com<\/a><\/p>\n<p>&nbsp;<\/p>\n<p><strong>Cecilia GOZZOLI<\/strong><br \/>\nNotary Public<br \/>\n<strong>Tel:<\/strong> +44 (0) 20 3769 9657<br \/>\n<strong>Email:<\/strong> <a href=\"mailto:cg@cgsnotary.legal\">cg@cgsnotary.legal<\/a><br \/>\n<a href=\"http:\/\/www.cgsnotary.legal\">www.cgsnotary.legal<\/a><\/p>\n<p>&nbsp;<\/p>\n<p><strong>Cristina LEONE<\/strong><strong><br \/>\n<\/strong>Notary Public<br \/>\nLEONE &amp; CO. NOTARIES<strong><br \/>\nTel.<\/strong>: +44 (0) 20 3637 2657<br \/>\n<strong>Email<\/strong>:\u00a0<a href=\"mailto:info@leonenotaries.com\">info@leonenotaries.com<\/a>,\u00a0<a href=\"mailto:cristina@leonenotaries.com\">cristina@leonenotaries.com<\/a><br \/>\n<a href=\"http:\/\/www.leonenotaries.com\/\">www.leonenotaries.com<\/a><\/p>\n<p>&nbsp;<\/p>\n<p><strong>Francesco MARRA<\/strong><br \/>\nNotary Public<br \/>\nNotaio e servizi di traduzione<br \/>\n<strong>Mob.:<\/strong> +44 (0) 755 4258126<br \/>\n<strong>Email:<\/strong> <a href=\"mailto:info@marranotary.co.uk\">info@marranotary.co.uk<\/a><br \/>\n<a href=\"http:\/\/www.marranotary.co.uk\">www.marranotary.co.uk<\/a><\/p>\n<p>&nbsp;<\/p>\n<p><strong>Francesco MEDURI<\/strong><strong><br \/>\n<\/strong>Notary, Solicitor<br \/>\nNOTABLE NOTARIES LIMITED<strong><br \/>\n<\/strong><strong>Tel.<\/strong> +44 (0) 20 7952 1100<br \/>\n<strong>Email:<\/strong>\u00a0<a href=\"mailto:info@notablenotaries.co.uk\">info@notablenotaries.co.uk<\/a><br \/>\n<a href=\"http:\/\/www.notablenotaries.co.uk\/\">www.notablenotaries.co.uk<\/a><\/p>\n<p><strong>\u00a0<\/strong><\/p>\n<p><strong>Fanny ORSINI<\/strong><strong><br \/>\n<\/strong>Notary Public<br \/>\nDE PINNA NOTARIES<strong><br \/>\n<\/strong>Notai e servizi di traduzione<br \/>\n<strong>Centralino<\/strong>: +44 (0)20 7208 2900<br \/>\n<strong>Diretto<\/strong>: +44 (0)20 7208 2941<br \/>\n<strong>Email<\/strong>:\u00a0<a href=\"mailto:FannyO@depinna.co.uk\">FannyO@depinna.co.uk<\/a><\/p>\n<p>&nbsp;<\/p>\n<p><strong>SAVILLE &amp; CO.<\/strong><strong><span style=\"text-decoration: line-through;\"><br \/>\n<\/span>Andrew MACNAB<\/strong><br \/>\n<strong>Kyriaki MANIKA<br \/>\nSophie MILBURN<br \/>\n<\/strong>Notaries<strong><br \/>\nTel.<\/strong>: +44 (0) 20 7920 0000<br \/>\n<strong>Email<\/strong>:\u00a0<a href=\"mailto:italian@savillenotaries.com\">italian@savillenotaries.com<\/a><br \/>\n<a href=\"http:\/\/www.savillenotaries.com\/\">www.savillenotaries.com<\/a><\/p>\n<p>&nbsp;<\/p>\n","protected":false},"excerpt":{"rendered":"I nominativi riportati vengono forniti \u2013 in ordine alfabetico &#8211; a titolo informativo e non esaustivo. Il Consolato Generale non sottopone a verifica la loro attivit\u00e0, n\u00e9 risponde per il loro operato. Il Consolato Generale non pu\u00f2 pertanto assumere alcuna responsabilit\u00e0 sugli esiti di eventuali rapporti che avverranno su base del tutto diretta e privatistica. [&hellip;]","protected":false},"author":6,"featured_media":0,"parent":730,"menu_order":0,"comment_status":"closed","ping_status":"closed","template":"","meta":{"footnotes":""},"class_list":["post-3818","page","type-page","status-publish","hentry"],"_links":{"self":[{"href":"https:\/\/conslondra.esteri.it\/it\/wp-json\/wp\/v2\/pages\/3818","targetHints":{"allow":["GET"]}}],"collection":[{"href":"https:\/\/conslondra.esteri.it\/it\/wp-json\/wp\/v2\/pages"}],"about":[{"href":"https:\/\/conslondra.esteri.it\/it\/wp-json\/wp\/v2\/types\/page"}],"author":[{"embeddable":true,"href":"https:\/\/conslondra.esteri.it\/it\/wp-json\/wp\/v2\/users\/6"}],"replies":[{"embeddable":true,"href":"https:\/\/conslondra.esteri.it\/it\/wp-json\/wp\/v2\/comments?post=3818"}],"version-history":[{"count":6,"href":"https:\/\/conslondra.esteri.it\/it\/wp-json\/wp\/v2\/pages\/3818\/revisions"}],"predecessor-version":[{"id":17059,"href":"https:\/\/conslondra.esteri.it\/it\/wp-json\/wp\/v2\/pages\/3818\/revisions\/17059"}],"up":[{"embeddable":true,"href":"https:\/\/conslondra.esteri.it\/it\/wp-json\/wp\/v2\/pages\/730"}],"wp:attachment":[{"href":"https:\/\/conslondra.esteri.it\/it\/wp-json\/wp\/v2\/media?parent=3818"}],"curies":[{"name":"wp","href":"https:\/\/api.w.org\/{rel}","templated":true}]}}