{"id":3832,"date":"2022-11-08T15:45:53","date_gmt":"2022-11-08T14:45:53","guid":{"rendered":"https:\/\/conslondra.esteri.it\/?page_id=3832"},"modified":"2025-12-29T12:32:43","modified_gmt":"2025-12-29T11:32:43","slug":"commercialisti","status":"publish","type":"page","link":"https:\/\/conslondra.esteri.it\/it\/info-utili\/professionisti-ed-enti\/commercialisti\/","title":{"rendered":"Commercialisti"},"content":{"rendered":"<p style=\"text-align: justify;\">I nominativi riportati vengono forniti \u2013\u00a0<u>in ordine alfabetico<\/u>\u00a0\u2013 a titolo informativo e non esaustivo. Il Consolato Generale non sottopone a verifica la loro attivit\u00e0, n\u00e9 risponde per il loro operato. Il Consolato Generale non pu\u00f2 pertanto assumere alcuna responsabilit\u00e0 sugli esiti di eventuali rapporti che avverranno su base del tutto diretta e privatistica. Questo Consolato Generale declina ogni responsabilit\u00e0 da danni derivanti da imprecisioni od omissioni nei dati personali forniti dai professionisti. In caso di irreperibilit\u00e0, si fa presente che il nominativo del professionista verr\u00e0 cancellato dalla lista senza preavviso.<\/p>\n<p style=\"text-align: justify;\"><u>Si prega di notare che il presente elenco verr\u00e0 aggiornato\u00a0<strong>con cadenza semestrale<\/strong>.<\/u><\/p>\n<p>(ultimo aggiornamento 29\/12\/2025)<\/p>\n<p>&nbsp;<\/p>\n<p><strong>Dott. Michele AMMIRATI, ACMA, CGMA<\/strong><br \/>\nConsulenza fiscale e societaria in UK ed internazionale<br \/>\n<strong>Tel.<\/strong>: +44 (0)20 3581 1717<br \/>\n<strong>Email:<\/strong>\u00a0<a href=\"mailto:m.ammirati@well-tax.com\">m.ammirati@well-tax.com<\/a><br \/>\n<a href=\"http:\/\/www.well-tax.com\/\">www.well-tax.com<\/a><\/p>\n<p>&nbsp;<\/p>\n<p><strong>Dott. Francesco ANDREOZZI<\/strong><br \/>\nACA, Dottore Commercialista, Tax Advisor ATT (Tax Technician)<br \/>\nContabilit\u00e1, Assistenza Fiscale, Revisione Contabile<br \/>\n<strong>Cell.:<\/strong> +44 (0)7894 435675<br \/>\n<strong>Email:<\/strong> <a href=\"mailto:francesco.andreozzi@belluzzo.net\">francesco.andreozzi@belluzzo.net<\/a><\/p>\n<p>&nbsp;<\/p>\n<p><strong>Dott. Vincenzo BORELLI <\/strong><br \/>\nContabilita\u2019 e Consulenza fiscale persone fisiche e societaria<br \/>\n<strong>Tel.:<\/strong> +44 (0)2072336797<br \/>\n<strong>Email:<\/strong> <a href=\"mailto:vborelli@pfcinternational.co.uk\">vborelli@pfcinternational.co.uk<\/a><br \/>\n<a href=\"http:\/\/www.pfc-international.co.uk\">www.pfc-international.co.uk<\/a><\/p>\n<p>&nbsp;<\/p>\n<p><strong>Dott.ssa Francesca Romana BOTTARI<br \/>\n<\/strong>ACA, Dottore Commercialista, Revisore Legale<br \/>\nConsulenza e Assistenza Fiscale Tributaria in Italia e UK, Contabilit\u00e0<br \/>\n<strong>Cell.<\/strong>: +44 (0)7508 779 312<br \/>\n<strong>Email<\/strong>: <a href=\"mailto:frbottari@gmail.com\">frbottari@gmail.com<\/a><\/p>\n<p>&nbsp;<\/p>\n<p><strong>Dott. Angelo CHIRULLI\u00a0<\/strong><strong>ACA, BFP, CIPD, MAAT, ACCA<br \/>\nStudio Commerciale Vectigalis AC Tax<br \/>\n<\/strong>Tax Partner\/Dottore Commercialista<br \/>\nIscritto all\u2019Ordine dei Dottori Commercialisti Italiano<br \/>\nFiscalita\u2019 locale ed internazionale delle Corporates e degli individui, Hybrid entities, Controlled Foreign Companies, Inward ed Onward investments<br \/>\n<strong>Cell.:<\/strong>\u00a0+44 (0)7768 454 304<br \/>\n<strong>Email: \u00a0<\/strong><u><a href=\"mailto:angelo@vectigalistax.co.uk\">angelo@vectigalistax.co.uk<\/a><\/u><br \/>\n<a href=\"http:\/\/www.vectigalistax.co.uk\">www.vectigalistax.co.uk<\/a><\/p>\n<p>&nbsp;<\/p>\n<p><strong>Dott.ssa Marina D\u2019ANGERIO<\/strong><br \/>\nAscheri &amp; Partners, Dottore Commercialista e Chartered Accountant<br \/>\nConsulenza fiscale per societ\u00e0 e persone fisiche, preparazione bilanci, dichiarazioni fiscali<br \/>\n<strong>Tel.<\/strong>: 0203 9531161<br \/>\n<strong>Email<\/strong>:\u00a0<a href=\"mailto:marina.dangerio@ascheri.co.uk\">marina.dangerio@ascheri.co.uk<\/a><br \/>\n<strong>Sito web<\/strong>:\u00a0<a href=\"http:\/\/www.ascheri.co.uk\">www.ascheri.co.uk<\/a><\/p>\n<p>&nbsp;<\/p>\n<p><strong>Dott. Vincenzo D\u2019ONOFRIO<br \/>\n<\/strong>Dottore Commercialista e Chartered Accountant\u00a0 (ICAEW)<br \/>\nPiccole e medie imprese<br \/>\n<strong>Cell.<\/strong>: +44 (0) 7796857176<br \/>\n<strong>Email<\/strong>: <a href=\"mailto:vincenzo@studiodonofrio.eu\">vincenzo@studiodonofrio.eu<\/a><\/p>\n<p>&nbsp;<\/p>\n<p><strong>Dott. Cristiano MARIANI BSC(Hons) <\/strong><strong>ACPA, MIAB, MIAAP, ACFE<br \/>\n<\/strong>Not Just Bookkeeping LTD<br \/>\nTax, Accounting, Bookkeeping and Payroll<br \/>\n<strong>Tel.:<\/strong>\u00a0+44 (0)2039620979<br \/>\n<strong>Email:<\/strong>\u00a0<a href=\"mailto:cris@notjustbookkeeping.co.uk\">cris@notjustbookkeeping.co.uk<\/a><br \/>\n<a href=\"https:\/\/notjustbookkeeping.co.uk\">https:\/\/notjustbookkeeping.co.uk<\/a><\/p>\n<p>&nbsp;<\/p>\n<p><strong>Dott. Pietro MARINI<\/strong><br \/>\nFellow Chartered Accountant<br \/>\nDottore Commercialita e Revisore Contabile<br \/>\nContabile, fiscale, societario<br \/>\n<strong>Tel.:<\/strong> +44 (0)2079200<br \/>\n<strong>Cell.<\/strong>: +44 (0)7826555876<br \/>\n<strong>Email<\/strong>: <a href=\"mailto:p.marini@kelmer.com\">p.marini@kelmer.com<\/a><br \/>\n<a href=\"https:\/\/kelmer.com\/\">https:\/\/kelmer.com\/<\/a><\/p>\n<p>&nbsp;<\/p>\n<p><strong>Dott. Vincenzo QUINTO FCCA<br \/>\n<\/strong>Italian Accountants LTD<br \/>\nConsulenza fiscale, aperture LTD, dichiarazione VAT, buste paga, self assessment, bilanci, contabilit\u00e0<br \/>\n<strong>Tel.<\/strong>: +44 (0)20 8371 7892<br \/>\n<strong>Email<\/strong>: <a href=\"mailto:vincenzo@italianaccountants.com\">vincenzo@italianaccountants.com<\/a><\/p>\n<p>&nbsp;<\/p>\n","protected":false},"excerpt":{"rendered":"I nominativi riportati vengono forniti \u2013\u00a0in ordine alfabetico\u00a0\u2013 a titolo informativo e non esaustivo. Il Consolato Generale non sottopone a verifica la loro attivit\u00e0, n\u00e9 risponde per il loro operato. Il Consolato Generale non pu\u00f2 pertanto assumere alcuna responsabilit\u00e0 sugli esiti di eventuali rapporti che avverranno su base del tutto diretta e privatistica. Questo Consolato [&hellip;]","protected":false},"author":6,"featured_media":0,"parent":730,"menu_order":2,"comment_status":"closed","ping_status":"closed","template":"","meta":{"footnotes":""},"class_list":["post-3832","page","type-page","status-publish","hentry"],"_links":{"self":[{"href":"https:\/\/conslondra.esteri.it\/it\/wp-json\/wp\/v2\/pages\/3832","targetHints":{"allow":["GET"]}}],"collection":[{"href":"https:\/\/conslondra.esteri.it\/it\/wp-json\/wp\/v2\/pages"}],"about":[{"href":"https:\/\/conslondra.esteri.it\/it\/wp-json\/wp\/v2\/types\/page"}],"author":[{"embeddable":true,"href":"https:\/\/conslondra.esteri.it\/it\/wp-json\/wp\/v2\/users\/6"}],"replies":[{"embeddable":true,"href":"https:\/\/conslondra.esteri.it\/it\/wp-json\/wp\/v2\/comments?post=3832"}],"version-history":[{"count":6,"href":"https:\/\/conslondra.esteri.it\/it\/wp-json\/wp\/v2\/pages\/3832\/revisions"}],"predecessor-version":[{"id":17062,"href":"https:\/\/conslondra.esteri.it\/it\/wp-json\/wp\/v2\/pages\/3832\/revisions\/17062"}],"up":[{"embeddable":true,"href":"https:\/\/conslondra.esteri.it\/it\/wp-json\/wp\/v2\/pages\/730"}],"wp:attachment":[{"href":"https:\/\/conslondra.esteri.it\/it\/wp-json\/wp\/v2\/media?parent=3832"}],"curies":[{"name":"wp","href":"https:\/\/api.w.org\/{rel}","templated":true}]}}