{"id":3919,"date":"2022-11-14T13:05:32","date_gmt":"2022-11-14T12:05:32","guid":{"rendered":"https:\/\/conslondra.esteri.it\/?page_id=3919"},"modified":"2022-11-14T13:06:39","modified_gmt":"2022-11-14T12:06:39","slug":"studi-medici-e-case-di-cura","status":"publish","type":"page","link":"https:\/\/conslondra.esteri.it\/it\/info-utili\/professionisti-ed-enti\/studi-medici-e-case-di-cura\/","title":{"rendered":"Studi medici e Case di cura"},"content":{"rendered":"<p>I nominativi riportati \u2013 <u>in ordine alfabetico<\/u> &#8211; vengono forniti a titolo informativo e non esaustivo. Il Consolato Generale non risponde per il loro operato, n\u00e9 pu\u00f2 pertanto assumere alcuna responsabilit\u00e0 sugli esiti di eventuali rapporti che avverranno su base del tutto diretta e privatistica.<\/p>\n<p><u>Si prega di notare che il presente elenco verr\u00e0 aggiornato <strong>con cadenza quadrimestral<\/strong><\/u><strong>e<\/strong>.<\/p>\n<p><strong>Centri medici<\/strong><\/p>\n<ul>\n<li><strong>DOTTORE LONDON<\/strong><strong><br \/>\nIndirizzo: <\/strong>24-25 Hand Court, London, WC1V6JF<br \/>\n<strong>Tel.<\/strong>: +44 (0)20 8616 8380<br \/>\n<strong>Email<\/strong>:<a href=\"mailto:info@dottorelondon.com\">info@dottorelondon.com<\/a><br \/>\n<strong>Sito web<\/strong>:\u00a0<a href=\"https:\/\/www.dottorelondon.com\/\">https:\/\/www.dottorelondon.com\/<\/a><\/li>\n<\/ul>\n<p>&nbsp;<\/p>\n<ul>\n<li><strong>ITALIAN DOCTORS<\/strong><strong><br \/>\nIndirizzo: <\/strong>24E Little Russell Street, London, WC1A 2HS<br \/>\n<strong>Tel.:\u00a0<\/strong>+44 (0)20 3417 0790<br \/>\n<strong>Mob<\/strong>.: +44 (0)7708 909 408<br \/>\n<strong>Email<\/strong>:\u00a0<a href=\"mailto:info@italiandoctors.co.uk\">info@italiandoctors.co.uk<\/a><br \/>\n<strong>Sito web<\/strong>: <a href=\"https:\/\/www.italiandoctors.co.uk\/\">https:\/\/www.italiandoctors.co.uk\/<\/a><\/li>\n<\/ul>\n<p>&nbsp;<\/p>\n<ul>\n<li><strong>ITALIAN GP LONDON<\/strong><strong><br \/>\nIndirizzo<\/strong>: 2 Wimpole Street, London, W1G 0EB<br \/>\n57-61 Newington Causeway, London SE1 6BD<br \/>\n<strong>Email<\/strong>:\u00a0<a href=\"mailto:info@italiangplondon.com\">info@italiangplondon.com<\/a><br \/>\n<strong>Sito web<\/strong>: <a href=\"https:\/\/italiangplondon.com\/\">https:\/\/italiangplondon.com\/<\/a><\/li>\n<\/ul>\n<p>&nbsp;<\/p>\n<p><strong>Care Homes<\/strong><\/p>\n<ul>\n<li><strong>VILLA SCALABRINI<\/strong><strong><br \/>\n<\/strong>Residential Home<br \/>\n<strong>Indirizzo<\/strong>: Green Street, Shenley, Hertfordshire, WD7 9BB<br \/>\n<strong>Tel.<\/strong>: +44 (0)208 207 5713<br \/>\n<strong>Email<\/strong>:\u00a0<a href=\"mailto:office@villascalabrini.co.uk\">office@villascalabrini.co.uk<\/a><br \/>\n<strong>Sito web<\/strong>: <a href=\"http:\/\/www.villascalabrini.co.uk\/\">www.villascalabrini.co.uk<\/a><\/li>\n<\/ul>\n","protected":false},"excerpt":{"rendered":"I nominativi riportati \u2013 in ordine alfabetico &#8211; vengono forniti a titolo informativo e non esaustivo. Il Consolato Generale non risponde per il loro operato, n\u00e9 pu\u00f2 pertanto assumere alcuna responsabilit\u00e0 sugli esiti di eventuali rapporti che avverranno su base del tutto diretta e privatistica. Si prega di notare che il presente elenco verr\u00e0 aggiornato [&hellip;]","protected":false},"author":6,"featured_media":0,"parent":730,"menu_order":6,"comment_status":"closed","ping_status":"closed","template":"","meta":{"footnotes":""},"class_list":["post-3919","page","type-page","status-publish","hentry"],"_links":{"self":[{"href":"https:\/\/conslondra.esteri.it\/it\/wp-json\/wp\/v2\/pages\/3919","targetHints":{"allow":["GET"]}}],"collection":[{"href":"https:\/\/conslondra.esteri.it\/it\/wp-json\/wp\/v2\/pages"}],"about":[{"href":"https:\/\/conslondra.esteri.it\/it\/wp-json\/wp\/v2\/types\/page"}],"author":[{"embeddable":true,"href":"https:\/\/conslondra.esteri.it\/it\/wp-json\/wp\/v2\/users\/6"}],"replies":[{"embeddable":true,"href":"https:\/\/conslondra.esteri.it\/it\/wp-json\/wp\/v2\/comments?post=3919"}],"version-history":[{"count":0,"href":"https:\/\/conslondra.esteri.it\/it\/wp-json\/wp\/v2\/pages\/3919\/revisions"}],"up":[{"embeddable":true,"href":"https:\/\/conslondra.esteri.it\/it\/wp-json\/wp\/v2\/pages\/730"}],"wp:attachment":[{"href":"https:\/\/conslondra.esteri.it\/it\/wp-json\/wp\/v2\/media?parent=3919"}],"curies":[{"name":"wp","href":"https:\/\/api.w.org\/{rel}","templated":true}]}}