{"id":396,"date":"2022-08-24T14:55:45","date_gmt":"2022-08-24T12:55:45","guid":{"rendered":"https:\/\/conslondra.esteri.it\/?page_id=396"},"modified":"2026-03-03T17:40:49","modified_gmt":"2026-03-03T16:40:49","slug":"procedure-per-il-rilascio-del-passaporto-di-urgenza-senza-appuntamento","status":"publish","type":"page","link":"https:\/\/conslondra.esteri.it\/it\/servizi-consolari-e-visti\/servizi-per-il-cittadino-italiano\/passaporti-e-servizi\/procedure-per-il-rilascio-del-passaporto-di-urgenza-senza-appuntamento\/","title":{"rendered":"Rilascio del passaporto in casi di comprovata urgenza"},"content":{"rendered":"<p>Esclusivamente nei casi di seguito descritti, il cittadino italiano\u00a0<strong>iscritto all\u2019AIRE nella circoscrizione Consolare di Londra<\/strong>\u00a0pu\u00f2 richiedere un appuntamento via email per rilascio passaporto con urgenza:<\/p>\n<ul>\n<li><strong>gravi motivi familiari o di salute personale<\/strong>, certificati da strutture o autorit\u00e0 competenti pubbliche o private. Qualora l\u2019urgenza sia di assistere un familiare, dal certificato dovr\u00e0 emergere tale esigenza;<\/li>\n<li><strong>improrogabili necessit\u00e0 di lavoro<\/strong>, comprovate da una richiesta motivata e firmata da chi ricopre incarichi dirigenziali (completa di nominativo, ruolo e numero di telefono di chi firma) e redatta su carta intestata del datore di lavoro o del cliente che riceve i servizi (in caso di lavoratori autonomi).<\/li>\n<\/ul>\n<p>L\u2019Ufficio passaporti potr\u00e0 richiedere eventuale documentazione aggiuntiva (es.: titolo di viaggio) e, a seguito delle verifiche necessarie, approver\u00e0 o rigetter\u00e0 la richiesta. La valutazione riveste carattere discrezionale e il numero di appuntamenti disponibili \u00e8 limitato.<\/p>\n<p><strong>\u00a0<\/strong><\/p>\n<p><strong>AVVERTENZE<\/strong><\/p>\n<p>I benefici della procedura d\u2019urgenza per motivi di lavoro e salute\u00a0<strong>NON potranno in alcun modo essere estesi anche ai familiari del titolare<\/strong>.<\/p>\n<p>N<strong>on verranno accettate<\/strong>\u00a0richieste di rilascio con urgenza per chi richieda\u00a0<strong>per la prima volta il passaporto italiano<\/strong>.<\/p>\n<p><strong>NON\u00a0<\/strong>saranno ritenute valide le seguenti prove d\u2019urgenza\/emergenza:<\/p>\n<ul>\n<li>il solo possesso di un titolo di viaggio (biglietto aereo, treno):<\/li>\n<li>certificati medici dai quali non si evinca chiaramente la presenza di una condizione medica di un diretto familiare;<\/li>\n<li>lettere di parenti, conoscenti, ecc.;<\/li>\n<li>impegni lavorativi comprovati da messaggi ricevuti via email o whatsapp o simili;<\/li>\n<li>autocertificazioni del richiedente su situazioni di urgenza\/emergenza non comprovate da adeguata documentazione a supporto;<\/li>\n<li>gite scolastiche.<\/li>\n<\/ul>\n<p><strong>\u00a0<\/strong><\/p>\n<p><strong>PROCEDURA<\/strong><\/p>\n<p>Gli interessati dovranno richiedere l\u2019appuntamento per passaporto con procedura di urgenza scrivendo all\u2019indirizzo <a href=\"mailto:londra.urp@esteri.it\">londra.urp@esteri.it<\/a>. Il testo dell\u2019email dovr\u00e0 contenere:<\/p>\n<ul>\n<li>dati anagrafici;<\/li>\n<li>motivi dell\u2019urgenza;<\/li>\n<li>almeno 3 date di preferenza per l\u2019appuntamento.<\/li>\n<\/ul>\n<p>Dovranno inoltre essere allegati i seguenti elementi:<\/p>\n<ul>\n<li><strong>Documentazione<\/strong> giustificativa dell\u2019urgenza per motivi di salute o lavoro (vedi sopra). I documenti dovranno essere redatti in <strong>lingua italiana o inglese<\/strong> oppure ufficialmente tradotti<\/li>\n<li><a href=\"https:\/\/conslondra.esteri.it\/it\/chi-siamo\/la-sede\/modulistica\/modulistica-passaporti\/\"><strong>Modulo<\/strong><\/a> richiesta passaporto compilato e firmato<\/li>\n<li>Copia <strong>documento di identit\u00e0<\/strong><\/li>\n<\/ul>\n<p>I file allegati non dovranno superare la dimensione di 7 MB totali.<\/p>\n<p>Chi richiede un passaporto attraverso questa procedura dovr\u00e0 pagare, oltre al normale costo del passaporto, anche i <strong>diritti d\u2019urgenza<\/strong>. Consultare le\u00a0<a href=\"https:\/\/conslondra.esteri.it\/info-utili\/tariffe-consolari\/\">Tariffe Consolari<\/a>\u00a0per conoscere gli importi, che si aggiornano ogni trimestre.<\/p>\n<p style=\"text-align: right;\"><a href=\"https:\/\/conslondra.esteri.it\/it\/servizi-consolari-e-visti\/servizi-per-il-cittadino-italiano\/passaporti-e-servizi\/\">Torna ai passaporti<\/a><\/p>\n","protected":false},"excerpt":{"rendered":"Esclusivamente nei casi di seguito descritti, il cittadino italiano\u00a0iscritto all\u2019AIRE nella circoscrizione Consolare di Londra\u00a0pu\u00f2 richiedere un appuntamento via email per rilascio passaporto con urgenza: gravi motivi familiari o di salute personale, certificati da strutture o autorit\u00e0 competenti pubbliche o private. Qualora l\u2019urgenza sia di assistere un familiare, dal certificato dovr\u00e0 emergere tale esigenza; improrogabili [&hellip;]","protected":false},"author":6,"featured_media":0,"parent":156,"menu_order":1,"comment_status":"closed","ping_status":"closed","template":"","meta":{"footnotes":""},"class_list":["post-396","page","type-page","status-publish","hentry"],"_links":{"self":[{"href":"https:\/\/conslondra.esteri.it\/it\/wp-json\/wp\/v2\/pages\/396","targetHints":{"allow":["GET"]}}],"collection":[{"href":"https:\/\/conslondra.esteri.it\/it\/wp-json\/wp\/v2\/pages"}],"about":[{"href":"https:\/\/conslondra.esteri.it\/it\/wp-json\/wp\/v2\/types\/page"}],"author":[{"embeddable":true,"href":"https:\/\/conslondra.esteri.it\/it\/wp-json\/wp\/v2\/users\/6"}],"replies":[{"embeddable":true,"href":"https:\/\/conslondra.esteri.it\/it\/wp-json\/wp\/v2\/comments?post=396"}],"version-history":[{"count":8,"href":"https:\/\/conslondra.esteri.it\/it\/wp-json\/wp\/v2\/pages\/396\/revisions"}],"predecessor-version":[{"id":17638,"href":"https:\/\/conslondra.esteri.it\/it\/wp-json\/wp\/v2\/pages\/396\/revisions\/17638"}],"up":[{"embeddable":true,"href":"https:\/\/conslondra.esteri.it\/it\/wp-json\/wp\/v2\/pages\/156"}],"wp:attachment":[{"href":"https:\/\/conslondra.esteri.it\/it\/wp-json\/wp\/v2\/media?parent=396"}],"curies":[{"name":"wp","href":"https:\/\/api.w.org\/{rel}","templated":true}]}}