{"id":417,"date":"2022-08-24T15:09:46","date_gmt":"2022-08-24T13:09:46","guid":{"rendered":"https:\/\/conslondra.esteri.it\/?page_id=417"},"modified":"2026-02-06T16:32:47","modified_gmt":"2026-02-06T15:32:47","slug":"etd","status":"publish","type":"page","link":"https:\/\/conslondra.esteri.it\/it\/servizi-consolari-e-visti\/servizi-per-il-cittadino-italiano\/etd\/","title":{"rendered":"Emergency Travel Documents (ETD)"},"content":{"rendered":"<p style=\"text-align: justify;\">L\u2019Emergency Travel Document\u00a0<strong>(ETD)<\/strong>\u00a0\u00e8 un documento di viaggio provvisorio\u00a0<strong>con validit\u00e0 di 5 giorni compresa la data di rilascio<\/strong>.<br \/>\nPu\u00f2 essere emesso nel caso in cui la persona non abbia passaporto o carta d\u2019identit\u00e0 validi.<\/p>\n<p style=\"text-align: justify;\">L\u2019ETD si pu\u00f2 usare\u00a0<strong>SOLO<\/strong>\u00a0per il rientro in Italia o verso lo Stato ove si abbia la residenza AIRE. La sua erogazione \u00e8 riservata ai cittadini italiani\u00a0<strong>NON<\/strong>\u00a0residenti nella Circoscrizione di questo Consolato, ma che sono residenti in Italia o in altro Paese diverso dal Regno Unito. Il cittadino iscritto all\u2019AIRE presso questo Consolato non potr\u00e0 dunque richiedere l\u2019E.T.D., ma dovr\u00e0 fare richiesta di\u00a0<a href=\"https:\/\/conslondra.esteri.it\/it\/servizi-consolari-e-visti\/servizi-per-il-cittadino-italiano\/passaporti-e-servizi\/prenotazione-passaporto-tramite-gli-uffici-consolari-onorari\/\"><strong>passaporto<\/strong>\u00a0<\/a>o\u00a0<a href=\"https:\/\/conslondra.esteri.it\/it\/servizi-consolari-e-visti\/servizi-per-il-cittadino-italiano\/carta-didentita-elettronica\/\"><strong>carta d\u2019identit\u00e0 elettronica<\/strong><\/a>\u00a0secondo le modalit\u00e0 descritte sulla nostra pagina web.<\/p>\n<p><strong>Per il rilascio, \u00e8 necessaria la presenza in Consolato del richiedente (neonati e minori compresi)<\/strong>.<\/p>\n<p style=\"text-align: justify;\">Qualora l\u2019interessato sia in possesso di carta d\u2019identit\u00e0 elettronica valida per l\u2019espatrio,\u00a0<strong>NON verr\u00e0 emesso l\u2019ETD<\/strong>.<\/p>\n<p>&nbsp;<\/p>\n<hr \/>\n<p>&nbsp;<\/p>\n<p><strong>PAGAMENTO<br \/>\n<\/strong><\/p>\n<ul>\n<li>Con l\u2019adozione del nuovo modello di documento di viaggio a partire dal 9 dicembre, non \u00e8 previsto attualmente alcun addebito per l\u2019utenza.<\/li>\n<\/ul>\n<p>&nbsp;<\/p>\n<hr \/>\n<p>&nbsp;<\/p>\n<p style=\"text-align: left;\"><strong>APERTURA SERVIZIO<\/strong><\/p>\n<ul>\n<li>Dal luned\u00ec al venerd\u00ec dalle 09:00 alle 12:00 e dalle 14:00 alle 16:00;<\/li>\n<li>Solo previo appuntamento con il <a href=\"https:\/\/conslondra.esteri.it\/it\/chi-siamo\/numeri-di-emergenza-2\/\">funzionario di turno<\/a>, anche nei <a href=\"https:\/\/conslondra.esteri.it\/it\/chi-siamo\/gli-uffici\/festivita-osservate-dal-consolato\/\">giorni festivi<\/a>, sabati o domeniche, dalle 09:00 alle 13:00 ma solo per viaggi nel fine settimana.<\/li>\n<\/ul>\n<p>&nbsp;<\/p>\n<hr \/>\n<p>&nbsp;<\/p>\n<p style=\"text-align: left;\"><strong>DOCUMENTAZIONE NECESSARIA &#8211; ETD PER MAGGIORENNE:<\/strong><\/p>\n<ul style=\"text-align: justify;\">\n<li>modulo di richiesta <a href=\"https:\/\/conslondra.esteri.it\/info-utili\/modulistica\/modulistica-passaporti\/\"><strong>ETD1<\/strong><\/a> correttamente compilato e stampato;<\/li>\n<li>2 fotografie formato tessera identiche e recenti (acquisite da non oltre 6 mesi), conformi agli <a href=\"https:\/\/conslondra.esteri.it\/wp-content\/uploads\/2022\/08\/photograph_guidelines_it.pdf\">standard internazionali ICAO<\/a>;<\/li>\n<li>copia stampata di carta d\u2019identit\u00e0 o passaporto o patente di guida;<\/li>\n<li>in mancanza di un qualsiasi documento di identificazione, \u00e8 necessaria la presenza di un testimone, munito a sua volta di documento d&#8217;identit\u00e0, che sia in grado di identificare il richiedente sotto la propria responsabilit\u00e0;<\/li>\n<li>copia stampata del biglietto aereo ove si evinca nome dell&#8217;interessato e <strong>data di partenza entro 5 giorni dalla richiesta di ETD;<\/strong><\/li>\n<li><span style=\"text-decoration: underline;\">Si consiglia<\/span> di presentarsi in Consolato 2-3 giorni prima della partenza, in modo da avere un ETD con copertura maggiore nel caso di scioperi dei mezzi di trasporto o qualora la compagnia aerea annullasse il volo o modificasse la data di partenza.<\/li>\n<\/ul>\n<p>&nbsp;<\/p>\n<hr \/>\n<p>&nbsp;<\/p>\n<p style=\"text-align: justify;\"><strong>DOCUMENTAZIONE NECESSARIA &#8211; ETD PER MINORENNE:<\/strong><\/p>\n<ul style=\"text-align: justify;\">\n<li>modulo di richiesta <a href=\"https:\/\/conslondra.esteri.it\/info-utili\/modulistica\/modulistica-passaporti\/\"><strong>ETD2<\/strong><\/a> correttamente compilato e firmato da entrambi i genitori;\n<ul style=\"text-align: justify;\">\n<li>La firma di ENTRAMBI i genitori \u00e8 obbligatoria;<\/li>\n<li>Se il padre non ha riconosciuto la nascita del figlio, \u00e8 obbligatorio esibire copia dell&#8217;atto di nascita ove si evinca la mancanza del nome del padre oppure altra certificazione rilasciata dal Comune attestante l&#8217;assenza del padre;<\/li>\n<li>Se uno dei due genitori \u00e8 defunto, \u00e8 obbligatorio esibire copia dell&#8217;atto di morte oppure altra certificazione rilasciata dal Comune attestante la morte;<\/li>\n<\/ul>\n<\/li>\n<li><strong>Se<\/strong><strong> uno dei genitori non \u00e8 cittadino europeo, dovr\u00e0 autenticare la propria firma:<\/strong>\n<ul style=\"text-align: justify;\">\n<li>RECANDOSI IN CONSOLATO A LONDRA COL PASSAPORTO ORIGINALE, il giorno in cui viene a richiedere l&#8217;ETD per il figlio\/a;<\/li>\n<li>oppure RECANDOSI IN CONSOLATO A LONDRA COL PASSAPORTO ORIGINALE, senza appuntamento, nei giorni di <strong>luned\u00ec, marted\u00ec\u00a0<\/strong>e\u00a0<strong>gioved\u00ec dalle 14.30 alle 15.30<\/strong>;<\/li>\n<li>oppure SENZA RECARSI IN CONSOLATO A LONDRA, presso i\u00a0<strong><a href=\"https:\/\/conslondra.esteri.it\/it\/chi-siamo\/la-rete-consolare\/consoli-onorari-e-agenti-consolari-2\/\">Consolati onorari e le Agenzie onorarie<\/a><\/strong>;<\/li>\n<li>oppure SENZA RECARSI IN CONSOLATO A LONDRA, presso un\u00a0<strong>qualsiasi notaio\/solicitor britannico<\/strong>. La dichiarazione autenticata dal notaio\/solicitor dovr\u00e0 poi essere legalizzata inviandola al \u201c<a href=\"https:\/\/www.gov.uk\/get-document-legalised\">Legalisation Office<\/a>\u201d;<\/li>\n<li>oppure SENZA RECARSI IN CONSOLATO A LONDRA, presso un funzionario della Pubblica Amministrazione in Italia (Comune, Polizia di Stato, Carabinieri);<\/li>\n<li>oppure SENZA RECARSI IN CONSOLATO A LONDRA, presso qualsiasi Ambasciata o Consolato italiano nel mondo.<\/li>\n<\/ul>\n<\/li>\n<li>2 fotografie formato tessera identiche e recenti (acquisite da non oltre 6 mesi) conformi agli <a href=\"https:\/\/conslondra.esteri.it\/wp-content\/uploads\/2022\/08\/photograph_guidelines_it.pdf\">standard internazionali ICAO<\/a>, sfondo bianco, NO USB;<\/li>\n<li>originale o copia di passaporto o carta d&#8217;identit\u00e0 di entrambi i genitori;<\/li>\n<li>originale di passaporto o carta d&#8217;identit\u00e0 dell&#8217;accompagnatore;<\/li>\n<li>in mancanza di un qualsiasi documento di identificazione del minore, \u00e8 necessaria la presenza di un testimone maggiorenne munito a sua volta di documento d&#8217;identit\u00e0 originale, che sia in grado di identificare il richiedente sotto la propria responsabilit\u00e0 (per primo rilascio di documento italiano, fare inoltre riferimento a quanto indicato a fondo pagina);<\/li>\n<li>copia stampata del biglietto aereo ove si evinca nome dell&#8217;interessato e <strong>data di partenza entro 5 giorni dalla richiesta di ETD;<\/strong><\/li>\n<li><span style=\"text-decoration: underline;\">Si consiglia<\/span> di presentarsi in Consolato 2-3 giorni prima della partenza, in modo da avere un ETD con copertura maggiore nel caso di scioperi dei mezzi di trasporto o qualora la compagnia aerea annullasse il volo o modificasse la data di partenza;<\/li>\n<\/ul>\n<p>&nbsp;<\/p>\n<hr \/>\n<p>&nbsp;<\/p>\n<p style=\"text-align: left;\"><strong>ATTENZIONE:<\/strong><\/p>\n<ul>\n<li style=\"text-align: justify;\">Qualora il minore non abbia mai avuto in precedenza un documento di riconoscimento italiano, il rilascio ETD non potr\u00e0 avvenire senza previo contatto via email con l\u2019Ufficio. Bisogner\u00e0 comprovare il possesso della cittadinanza italiana inviando all\u2019indirizzo <a href=\"mailto:passaporti.londra@esteri.it\">passaporti.londra@esteri.it<\/a> un &#8220;estratto dell&#8217;atto di nascita&#8221; o altra documentazione idonea.<\/li>\n<li style=\"text-align: justify;\"><u><\/u>Per ulteriori informazioni sulla registrazione degli atti di nascita, consultare la sezione <a href=\"https:\/\/conslondra.esteri.it\/servizi-consolari-e-visti\/servizi-per-il-cittadino\/stato-civile\/\">Stato Civile<\/a>.<\/li>\n<\/ul>\n<p>&nbsp;<\/p>\n<hr \/>\n<p>&nbsp;<\/p>\n<p><strong>INDIRIZZO DEL CONSOLATO GENERALE D&#8217;ITALIA A LONDRA<\/strong><\/p>\n<p>83\/86 Farringdon St. &#8211; EC4A 4BL &#8211; London<\/p>\n<p>&nbsp;<\/p>\n<p style=\"text-align: right;\"><a href=\"https:\/\/conslondra.esteri.it\/it\/servizi-consolari-e-visti\/servizi-per-il-cittadino-italiano\/passaporti-e-servizi\/\">Torna ai passaporti<\/a><\/p>\n","protected":false},"excerpt":{"rendered":"L\u2019Emergency Travel Document\u00a0(ETD)\u00a0\u00e8 un documento di viaggio provvisorio\u00a0con validit\u00e0 di 5 giorni compresa la data di rilascio. Pu\u00f2 essere emesso nel caso in cui la persona non abbia passaporto o carta d\u2019identit\u00e0 validi. L\u2019ETD si pu\u00f2 usare\u00a0SOLO\u00a0per il rientro in Italia o verso lo Stato ove si abbia la residenza AIRE. La sua erogazione \u00e8 [&hellip;]","protected":false},"author":6,"featured_media":0,"parent":154,"menu_order":6,"comment_status":"closed","ping_status":"closed","template":"","meta":{"footnotes":""},"class_list":["post-417","page","type-page","status-publish","hentry"],"_links":{"self":[{"href":"https:\/\/conslondra.esteri.it\/it\/wp-json\/wp\/v2\/pages\/417","targetHints":{"allow":["GET"]}}],"collection":[{"href":"https:\/\/conslondra.esteri.it\/it\/wp-json\/wp\/v2\/pages"}],"about":[{"href":"https:\/\/conslondra.esteri.it\/it\/wp-json\/wp\/v2\/types\/page"}],"author":[{"embeddable":true,"href":"https:\/\/conslondra.esteri.it\/it\/wp-json\/wp\/v2\/users\/6"}],"replies":[{"embeddable":true,"href":"https:\/\/conslondra.esteri.it\/it\/wp-json\/wp\/v2\/comments?post=417"}],"version-history":[{"count":8,"href":"https:\/\/conslondra.esteri.it\/it\/wp-json\/wp\/v2\/pages\/417\/revisions"}],"predecessor-version":[{"id":17429,"href":"https:\/\/conslondra.esteri.it\/it\/wp-json\/wp\/v2\/pages\/417\/revisions\/17429"}],"up":[{"embeddable":true,"href":"https:\/\/conslondra.esteri.it\/it\/wp-json\/wp\/v2\/pages\/154"}],"wp:attachment":[{"href":"https:\/\/conslondra.esteri.it\/it\/wp-json\/wp\/v2\/media?parent=417"}],"curies":[{"name":"wp","href":"https:\/\/api.w.org\/{rel}","templated":true}]}}