{"id":4177,"date":"2023-01-06T17:15:14","date_gmt":"2023-01-06T16:15:14","guid":{"rendered":"https:\/\/conslondra.esteri.it\/?page_id=4177"},"modified":"2024-08-27T13:00:59","modified_gmt":"2024-08-27T11:00:59","slug":"disposizioni-anticipate-di-trattamento","status":"publish","type":"page","link":"https:\/\/conslondra.esteri.it\/it\/servizi-consolari-e-visti\/servizi-per-il-cittadino-italiano\/notarile\/disposizioni-anticipate-di-trattamento\/","title":{"rendered":"Disposizioni Anticipate di Trattamento"},"content":{"rendered":"<p><strong>COSA SONO<\/strong><\/p>\n<p>Le <a href=\"https:\/\/www.salute.gov.it\/portale\/dat\/dettaglioContenutiDat.jsp?lingua=italiano&amp;id=4954&amp;area=dat&amp;menu=vuoto\">Disposizioni Anticipate di Trattamento<\/a> \u2013 DAT (anche dette \u201c<strong>biotestamento<\/strong>\u201d o \u201c<strong>testamento biologico<\/strong>\u201d) sono le disposizioni che permettono ad ogni persona, maggiorenne e capace di intendere e volere, di esprimere il proprio consenso o dissenso ad accertamenti diagnostici, scelte terapeutiche e singoli trattamenti sanitari, in previsione di una eventuale futura incapacit\u00e0 di comunicare la propria volont\u00e0. Tramite le DAT \u00e8 anche possibile <strong>nominare un fiduciario<\/strong>, maggiorenne e capace di intendere e volere, che rappresenti e faccia rispettare le volont\u00e0 del sottoscrittore nelle relazioni con il medico e con le strutture sanitarie in caso di sopraggiunta incapacit\u00e0.<\/p>\n<p>&nbsp;<\/p>\n<p><strong>NB:<\/strong><\/p>\n<ul>\n<li>Le DAT non hanno scadenza. Possono essere <strong>rinnovate, modificate o revocate<\/strong> in qualsiasi momento, con le stesse modalit\u00e0 con le quali possono essere sottoscritte.<\/li>\n<li><strong>Non possono sostituire la volont\u00e0 attuale della persona, finch\u00e9 questa \u00e8 capace di autodeterminarsi<\/strong>.<\/li>\n<li>Le DAT rese di fronte all\u2019autorit\u00e0 italiana <strong>non hanno effetto nei confronti delle autorit\u00e0 del Regno Unito<\/strong>. La procedura per ottenere DAT valide nel Regno Unito \u00e8 disponibile <a href=\"https:\/\/www.nhs.uk\/conditions\/end-of-life-care\/planning-ahead\/advance-decision-to-refuse-treatment\/\">a questa pagina<\/a>.<\/li>\n<\/ul>\n<p><strong>\u00a0<\/strong><\/p>\n<p>&nbsp;<\/p>\n<p>&nbsp;<\/p>\n<p><strong>MODALIT\u00c0 DI PRENOTAZIONE DELL\u2019APPUNTAMENTO<\/strong><\/p>\n<p>I soli cittadini\u00a0<strong>italiani<\/strong>, iscritti all\u2019AIRE presso questa\u00a0<a href=\"https:\/\/conslondra.esteri.it\/it\/chi-siamo\/la-rete-consolare\/\">circoscrizione consolare<\/a>, potranno sottoscrivere le DAT presso l\u2019Ufficio Notarile di questo Consolato Generale, seguendo la procedura illustrata di seguito.<\/p>\n<p>Sar\u00e0 innanzitutto necessario inviare per email, all\u2019indirizzo <a href=\"mailto:notarile.londra@esteri.it\">notarile.londra@esteri.it<\/a>, una <strong>richiesta di appuntamento<\/strong>, a cui andr\u00e0 allegata la seguente documentazione:<\/p>\n<ol>\n<li>Scansione di un proprio <strong>documento di identit\u00e0 italiano<\/strong> in corso di validit\u00e0;<\/li>\n<li>Scansione del proprio <strong>codice fiscale<\/strong> (<a href=\"https:\/\/conslondra.esteri.it\/it\/servizi-consolari-e-visti\/servizi-per-il-cittadino-italiano\/carta-didentita-elettronica\/\">carta d\u2019identit\u00e0 elettronica<\/a>, tessera sanitaria, tesserino del codice fiscale, <a href=\"https:\/\/conslondra.esteri.it\/it\/servizi-consolari-e-visti\/servizi-per-il-cittadino-italiano\/codice-fiscale\/\">certificato di attribuzione del codice fiscale<\/a>);<\/li>\n<li><strong>Dichiarazione DAT<\/strong> compilata in ogni sua parte ma non firmata n\u00e9 datata. Il Consolato ed il Ministero della Salute non forniscono bozze della dichiarazione, poich\u00e9 questa dovr\u00e0 includere le disposizioni specifiche prescelte dall\u2019interessato. Tuttavia, i siti internet di <a href=\"http:\/\/www.provincia.bz.it\/salute-benessere\/salute\/downloads\/Formular_Patientenverfuegung_it-03-2020.pdf\">alcuni enti locali<\/a> offrono alcuni esempi di dichiarazione utilizzabili dagli interessati per la redazione della stessa;<\/li>\n<li><a href=\"https:\/\/conslondra.esteri.it\/it\/chi-siamo\/la-sede\/modulistica\/modulistica-notarile\/\"><strong>Dichiarazione del proprio consenso o dissenso<\/strong><\/a> alla trasmissione della DAT alla Banca Dati Nazionale DAT;<\/li>\n<li>Scansione del documento di identit\u00e0 in corso di validit\u00e0 del fiduciario (NB: solamente nel caso in cui la Dichiarazione DAT ne disponga la nomina);<\/li>\n<li>Scansione del codice fiscale del fiduciario (NB: solamente nel caso in cui la Dichiarazione DAT ne disponga la nomina);<\/li>\n<li><a href=\"https:\/\/conslondra.esteri.it\/it\/chi-siamo\/la-sede\/modulistica\/modulistica-notarile\/\">Dichiarazione di consenso o dissenso del fiduciario<\/a> alla trasmissione dei propri dati alla Banca Dati Nazionale DAT (NB: solamente nel caso in cui la Dichiarazione DAT ne disponga la nomina);<\/li>\n<\/ol>\n<p>&nbsp;<\/p>\n<p>Una volta verificata l\u2019accettabilit\u00e0 della richiesta, l\u2019Ufficio risponder\u00e0 al richiedente offrendo un appuntamento in Consolato. All\u2019appuntamento, gli interessati dovranno portare la documentazione di cui ai punti precedenti. Nel caso in cui la Dichiarazione DAT nomini un fiduciario, la Dichiarazione DAT dovr\u00e0 gi\u00e0 essere stata firmata dallo stesso.<\/p>\n<p>All\u2019appuntamento verr\u00e0 autenticata la firma dell\u2019interessato sulla Dichiarazione DAT e, eventualmente, questa verr\u00e0 trasmessa per registrazione alla Banca Dati Nazionale DAT.<\/p>\n<p>&nbsp;<\/p>\n<p><strong>COSTO DEL SERVIZIO<\/strong><\/p>\n<p>Il servizio \u00e8 gratuito.<\/p>\n<p>&nbsp;<\/p>\n<p>&nbsp;<\/p>\n","protected":false},"excerpt":{"rendered":"COSA SONO Le Disposizioni Anticipate di Trattamento \u2013 DAT (anche dette \u201cbiotestamento\u201d o \u201ctestamento biologico\u201d) sono le disposizioni che permettono ad ogni persona, maggiorenne e capace di intendere e volere, di esprimere il proprio consenso o dissenso ad accertamenti diagnostici, scelte terapeutiche e singoli trattamenti sanitari, in previsione di una eventuale futura incapacit\u00e0 di comunicare [&hellip;]","protected":false},"author":6,"featured_media":0,"parent":751,"menu_order":9,"comment_status":"closed","ping_status":"closed","template":"","meta":{"footnotes":""},"class_list":["post-4177","page","type-page","status-publish","hentry"],"_links":{"self":[{"href":"https:\/\/conslondra.esteri.it\/it\/wp-json\/wp\/v2\/pages\/4177","targetHints":{"allow":["GET"]}}],"collection":[{"href":"https:\/\/conslondra.esteri.it\/it\/wp-json\/wp\/v2\/pages"}],"about":[{"href":"https:\/\/conslondra.esteri.it\/it\/wp-json\/wp\/v2\/types\/page"}],"author":[{"embeddable":true,"href":"https:\/\/conslondra.esteri.it\/it\/wp-json\/wp\/v2\/users\/6"}],"replies":[{"embeddable":true,"href":"https:\/\/conslondra.esteri.it\/it\/wp-json\/wp\/v2\/comments?post=4177"}],"version-history":[{"count":4,"href":"https:\/\/conslondra.esteri.it\/it\/wp-json\/wp\/v2\/pages\/4177\/revisions"}],"predecessor-version":[{"id":10735,"href":"https:\/\/conslondra.esteri.it\/it\/wp-json\/wp\/v2\/pages\/4177\/revisions\/10735"}],"up":[{"embeddable":true,"href":"https:\/\/conslondra.esteri.it\/it\/wp-json\/wp\/v2\/pages\/751"}],"wp:attachment":[{"href":"https:\/\/conslondra.esteri.it\/it\/wp-json\/wp\/v2\/media?parent=4177"}],"curies":[{"name":"wp","href":"https:\/\/api.w.org\/{rel}","templated":true}]}}