{"id":479,"date":"2022-08-24T16:42:02","date_gmt":"2022-08-24T14:42:02","guid":{"rendered":"https:\/\/conslondra.esteri.it\/?page_id=479"},"modified":"2026-03-27T17:27:10","modified_gmt":"2026-03-27T16:27:10","slug":"autentica-di-firma-e-foto-per-passaporti","status":"publish","type":"page","link":"https:\/\/conslondra.esteri.it\/it\/servizi-consolari-e-visti\/servizi-per-il-cittadino-italiano\/passaporti-e-servizi\/autentica-di-firma-e-foto-per-passaporti\/","title":{"rendered":"Autentica di firma e legalizzazione della foto"},"content":{"rendered":"<p><strong>AVVERTENZA<\/strong><\/p>\n<p>Il servizio di &#8220;AUTENTICA DI FIRMA E LEGALIZZAZIONE DELLA FOTO&#8221; sono finalizzati al rilascio di passaporti SOLO SE emessi da questa Sede.<\/p>\n<p style=\"text-align: justify;\">Per l&#8217;autentica di firma per il rilascio di passaporti NON EMESSI da questo Consolato Generale \u00e8 necessario <a href=\"https:\/\/conslondra.esteri.it\/it\/servizi-consolari-e-visti\/servizi-per-il-cittadino-italiano\/notarile\/atti-di-assenso-per-il-rilascio-di-un-documento-di-identita-di-minore-italiano-presso-altra-sede\/\">prenotare un appuntamento con l&#8217;Ufficio notarile<\/a>.<\/p>\n<p>&nbsp;<\/p>\n<p><strong>PREREQUISITO<\/strong><\/p>\n<ul style=\"font-weight: 400;\">\n<li style=\"text-align: justify;\">Almeno\u00a0 un genitore deve essere iscritto all\u2019AIRE;<\/li>\n<li style=\"text-align: justify;\">L\u2019atto di nascita del minorenne deve essere gi\u00e0 stato trascritto in Italia;<\/li>\n<li style=\"text-align: justify;\"><strong>Se tuo figlio \u00e8 nato in Italia,<\/strong>\u00a0la nascita \u00e8\u00a0<u>automaticamente trascritta<\/u>;<\/li>\n<li style=\"text-align: justify;\"><strong>Se tuo figlio \u00e8 nato all\u2019estero,\u00a0<\/strong>devi assicurarti che la registrazione della nascita sia gi\u00e0 stata fatta col Consolato o con il Comune in Italia. Qualora cos\u00ec non fosse, segui attentamente questa\u00a0<a href=\"https:\/\/conslondra.esteri.it\/it\/servizi-consolari-e-visti\/servizi-per-il-cittadino-italiano\/stato-civile\/come-registrare-una-nascita-in-italia\/\">procedura<\/a>\u00a0per registrare il certificato di nascita, cos\u00ec da evitare la restituzione della pratica inevasa.<\/li>\n<\/ul>\n<p>&nbsp;<\/p>\n<p style=\"text-align: left;\"><strong>AUTENTICA DI FIRMA DEL GENITORE DEL MINORE DA 0 A 17 ANNI<\/strong><\/p>\n<p>L\u2019assenso di entrambi i genitori \u00e8 <strong>sempre obbligatorio per il rilascio del passaporto del minore<\/strong>.<\/p>\n<p style=\"text-align: justify;\">Se il genitore che concede l\u2019assenso \u00e8 un\u00a0<strong>cittadino dell\u2019Unione Europea<\/strong>, potr\u00e0 semplicemente compilare e firmare a penna il modulo <a href=\"https:\/\/conslondra.esteri.it\/info-utili\/modulistica\/modulistica-passaporti\/\">MOD2<\/a> (per i minori tra i 12 e 17 anni) oppure il <a href=\"https:\/\/conslondra.esteri.it\/it\/chi-siamo\/la-sede\/modulistica\/modulistica-passaporti\/\">MOD3<\/a> (per minori tra 0 e 11 anni) o, in alternativa, il documento specifico <a href=\"https:\/\/conslondra.esteri.it\/it\/chi-siamo\/la-sede\/modulistica\/modulistica-passaporti\/\">AUT1<\/a>, allegando copia del documento d\u2019identit\u00e0 (pagina con foto e firma).<\/p>\n<p style=\"text-align: justify;\">Se invece il genitore che concede l\u2019assenso \u00e8 <strong>extra UE\u00a0 (inclusi i cittadini britannici)<\/strong>, dovr\u00e0 firmare il modulo <a href=\"https:\/\/conslondra.esteri.it\/info-utili\/modulistica\/modulistica-passaporti\/\">MOD2<\/a> (per i minori tra i 12 e 17 anni) oppure il modulo <a href=\"https:\/\/conslondra.esteri.it\/it\/chi-siamo\/la-sede\/modulistica\/modulistica-passaporti\/\">MOD3<\/a> (per i minori tra 0 e 11 anni) o, in alternativa, il documento specifico <a href=\"https:\/\/conslondra.esteri.it\/it\/chi-siamo\/la-sede\/modulistica\/modulistica-passaporti\/\">AUT1<\/a>, portando a seguito il proprio passaporto originale e valido, <strong>in una delle seguenti modalit\u00e0<\/strong>:<\/p>\n<ul style=\"text-align: justify;\">\n<li><span style=\"text-decoration: underline;\">RECANDOSI IN CONSOLATO A LONDRA<\/span>:\n<ul style=\"text-align: justify;\">\n<li>Per minori <strong>da 0 a 11 anni<\/strong>, nei giorni di<strong> luned\u00ec, marted\u00ec e gioved\u00ec dalle 14.30 alle 15.30 <\/strong>(senza appuntamento);<\/li>\n<li>Per minori <strong>da 12 a 17 anni<\/strong>, nei giorni di <strong>mercoled\u00ec e venerd\u00ec dalle 14.30 alle 15.30<\/strong> contestualmente al servizio di rilascio passaporto senza appuntamento (il minore dovr\u00e0 essere presente);<\/li>\n<li>Per minori <strong>da 12 a 17 anni<\/strong>, nei giorni di<strong> luned\u00ec, marted\u00ec e gioved\u00ec dalle 14.30 alle 15.30<\/strong><strong>\u00a0<\/strong>(senza appuntamento);<\/li>\n<li>Per minori <strong>da 12 a 17 anni<\/strong>, il giorno dell&#8217;appuntamento per il rilascio del passaporto del minore.<\/li>\n<\/ul>\n<\/li>\n<\/ul>\n<ul style=\"text-align: justify;\">\n<li><span style=\"text-decoration: underline;\">SENZA RECARSI IN CONSOLATO A LONDRA:<\/span>\n<ul style=\"text-align: justify;\">\n<li>presso i\u00a0<strong>Consolati onorari e le Agenzie onorarie\u00a0<\/strong>delle nostra rete diffusa su tutto il territorio, <a href=\"https:\/\/conslondra.esteri.it\/it\/chi-siamo\/la-rete-consolare\/consoli-onorari-e-agenti-consolari-2\/\">qui reperibili<\/a>;<\/li>\n<li>presso un <strong>qualsiasi notaio\/solicitor britannico<\/strong>. La dichiarazione autenticata dal notaio\/solicitor dovr\u00e0 poi essere legalizzata con Apostille tramite il \u201cLegalisation Office Inglese\u201d. Vedi qui le <a href=\"https:\/\/www.gov.uk\/get-document-legalised\">istruzioni<\/a>;<\/li>\n<li>presso un funzionario della Pubblica Amministrazione in Italia;<\/li>\n<li>presso un funzionario di una qualsiasi Ambasciata o Consolato italiano nel mondo;<\/li>\n<li>presso un\u2019Autorit\u00e0 straniera (es.: Comune, Commissariato o Notaio locale) in paesi terzi. In questo caso \u00e8 necessaria legalizzazione (o apostille) a seconda delle modalit\u00e0 previste in base agli accordi internazionali in vigore.<\/li>\n<\/ul>\n<\/li>\n<\/ul>\n<p>&nbsp;<\/p>\n<p style=\"text-align: justify;\"><strong>IN CASO DI MORTE DI UNO DEI GENITORI<br \/>\n<\/strong><br \/>\nSar\u00e0 necessario presentare il certificato di morte originale, apostillato e tradotto secondo le modalit\u00e0 <a href=\"https:\/\/conslondra.esteri.it\/it\/servizi-consolari-e-visti\/servizi-per-il-cittadino-italiano\/assistenza-ai-cittadini-allestero\/registrare-un-certificato-di-morte-britannico-in-italia\/\">qui descritte<\/a> (solo se non \u00e8 stato gi\u00e0 registrato presso il proprio Comune di riferimento in Italia).<\/p>\n<p>&nbsp;<\/p>\n<p><strong>SE NON FOSSE POSSIBILE OTTENERE L&#8217;ASSENSO DI UN GENITORE<\/strong><\/p>\n<p>Sar\u00e0 necessario contattare l\u2019Ufficio Assistenza Sociale, scrivendo una email all\u2019indirizzo <a href=\"mailto:sociale.londra@esteri.it\">sociale.londra@esteri.it<\/a><\/p>\n<ul>\n<li>Solo se i minori sono residenti e iscritti nella <a href=\"https:\/\/conslondra.esteri.it\/it\/chi-siamo\/la-rete-consolare\/\">circoscrizione di Londra<\/a>;<\/li>\n<li>Il procedimento prevede colloqui individuali con entrambi i genitori e un\u2019audizione degli stessi in persona dal Giudice Tutelare, incluso il minore con capacit\u00e0 di discernimento;<\/li>\n<li>All\u2019istanza si applica una <u><a href=\"https:\/\/conslondra.esteri.it\/it\/info-utili\/tariffe-consolari\/\">tariffa consolare<\/a><\/u> (art. 31);<\/li>\n<li>Non sussiste un termine ordinatorio per l\u2019emanazione di un Decreto Consolare e pertanto i tempi del procedimento non possono essere determinati in anticipo, in quanto soggetti all\u2019esaurimento di tutte le fasi procedurali previste dalla normativa vigente.<\/li>\n<\/ul>\n<p>&nbsp;<\/p>\n<p><span style=\"text-decoration: underline;\"><strong>\u00a0 \u00a0 \u00a0 \u00a0 \u00a0 \u00a0 \u00a0 \u00a0 \u00a0 \u00a0 \u00a0 \u00a0 \u00a0 \u00a0 \u00a0 \u00a0 \u00a0 \u00a0 \u00a0 \u00a0 \u00a0 \u00a0 \u00a0 \u00a0 \u00a0 \u00a0 \u00a0 \u00a0 \u00a0 \u00a0 \u00a0 \u00a0 \u00a0 \u00a0 \u00a0 \u00a0 \u00a0 \u00a0 \u00a0\u00a0<\/strong><\/span><\/p>\n<p>&nbsp;<\/p>\n<p><strong>LEGALIZZAZIONE DELLA FOTO PER PASSAPORTO PER MINORI TRA 0 E 11 ANNI<\/strong><\/p>\n<ul>\n<li><span style=\"text-decoration: underline;\">RECANDOSI IN CONSOLATO A LONDRA<\/span>\n<ul>\n<li style=\"list-style-type: none;\">\n<ul>\n<li>Un genitore, <strong>unitamente al minore<\/strong>, dovr\u00e0 recarsi presso il Consolato Generale d\u2019Italia a Londra, senza appuntamento, nei giorni di\u00a0<strong>luned\u00ec, marted\u00ec e gioved\u00ec dalle 14.30 alle 15.30, <\/strong>portando al seguito:\n<ol>\n<li>modulo\u00a0<a href=\"https:\/\/conslondra.esteri.it\/it\/chi-siamo\/la-sede\/modulistica\/modulistica-passaporti\/\">MOD3<\/a>\u00a0gi\u00e0 compilato;<\/li>\n<li>nr. 3 fotografie del minore;<\/li>\n<li>il passaporto originale in corso di validit\u00e0 oppure la carta d\u2019identit\u00e0\u00a0<em>(non sono accettati altri documenti)<\/em>;<\/li>\n<li>il precedente passaporto del minore\u00a0<em>(anche se scaduto o deteriorato);<\/em><\/li>\n<li>in caso di richiesta di primo passaporto del minore, un altro documento d\u2019identit\u00e0 in corso di validit\u00e0 (residence card o Oyster card non sono accettate) o certificato di nascita.<\/li>\n<\/ol>\n<\/li>\n<\/ul>\n<\/li>\n<\/ul>\n<\/li>\n<li><span style=\"text-decoration: underline;\">SENZA RECARSI IN CONSOLATO<\/span>\n<ul>\n<li style=\"list-style-type: none;\">\n<ul>\n<li>Tramite la firma di un\u00a0<strong>cittadino britannico o appartenente all\u2019Unione Europea,\u00a0<\/strong>allegando al modulo\u00a0<a href=\"https:\/\/conslondra.esteri.it\/it\/chi-siamo\/la-sede\/modulistica\/modulistica-passaporti\/\">AFT2<\/a>, anche la prova di professione e copia di un documento (Passaporto o carta identit\u00e0) che riporti pagina con foto e firma del professionista che ha autenticato la foto. Come stabilito dalla <a href=\"https:\/\/www.gov.uk\/countersigning-passport-applications\">normativa britannica<\/a>, il firmatario deve:\n<ol>\n<li>conoscere i genitori da almeno due anni\u00a0<em>(un amico, un vicino di casa, un collega)<\/em>;<\/li>\n<li>non pu\u00f2 essere un parente;<\/li>\n<li>godere di stima e buona reputazione pubblica;<\/li>\n<li>avere una professione riconosciuta.<\/li>\n<\/ol>\n<\/li>\n<\/ul>\n<\/li>\n<\/ul>\n<\/li>\n<\/ul>\n<p style=\"padding-left: 120px;\">Le autorit\u00e0 britanniche hanno pubblicato un\u00a0<a href=\"https:\/\/www.gov.uk\/countersigning-passport-applications\/accepted-occupations-for-countersignatories\">elenco non esaustivo<\/a>\u00a0tra cui vi \u00e8 ad esempio l\u2019insegnante, il dentista, il farmacista, un fotografo, un dipendente del Comune, ecc.<\/p>\n<p>&nbsp;<\/p>\n<p>&nbsp;<\/p>\n","protected":false},"excerpt":{"rendered":"AVVERTENZA Il servizio di &#8220;AUTENTICA DI FIRMA E LEGALIZZAZIONE DELLA FOTO&#8221; sono finalizzati al rilascio di passaporti SOLO SE emessi da questa Sede. Per l&#8217;autentica di firma per il rilascio di passaporti NON EMESSI da questo Consolato Generale \u00e8 necessario prenotare un appuntamento con l&#8217;Ufficio notarile. &nbsp; PREREQUISITO Almeno\u00a0 un genitore deve essere iscritto all\u2019AIRE; [&hellip;]","protected":false},"author":6,"featured_media":0,"parent":156,"menu_order":0,"comment_status":"closed","ping_status":"closed","template":"","meta":{"footnotes":""},"class_list":["post-479","page","type-page","status-publish","hentry"],"_links":{"self":[{"href":"https:\/\/conslondra.esteri.it\/it\/wp-json\/wp\/v2\/pages\/479","targetHints":{"allow":["GET"]}}],"collection":[{"href":"https:\/\/conslondra.esteri.it\/it\/wp-json\/wp\/v2\/pages"}],"about":[{"href":"https:\/\/conslondra.esteri.it\/it\/wp-json\/wp\/v2\/types\/page"}],"author":[{"embeddable":true,"href":"https:\/\/conslondra.esteri.it\/it\/wp-json\/wp\/v2\/users\/6"}],"replies":[{"embeddable":true,"href":"https:\/\/conslondra.esteri.it\/it\/wp-json\/wp\/v2\/comments?post=479"}],"version-history":[{"count":8,"href":"https:\/\/conslondra.esteri.it\/it\/wp-json\/wp\/v2\/pages\/479\/revisions"}],"predecessor-version":[{"id":17908,"href":"https:\/\/conslondra.esteri.it\/it\/wp-json\/wp\/v2\/pages\/479\/revisions\/17908"}],"up":[{"embeddable":true,"href":"https:\/\/conslondra.esteri.it\/it\/wp-json\/wp\/v2\/pages\/156"}],"wp:attachment":[{"href":"https:\/\/conslondra.esteri.it\/it\/wp-json\/wp\/v2\/media?parent=479"}],"curies":[{"name":"wp","href":"https:\/\/api.w.org\/{rel}","templated":true}]}}