{"id":4834,"date":"2023-05-31T16:02:07","date_gmt":"2023-05-31T14:02:07","guid":{"rendered":"https:\/\/conslondra.esteri.it\/?page_id=4834"},"modified":"2023-05-31T16:15:01","modified_gmt":"2023-05-31T14:15:01","slug":"dichiarazione-sostitutiva-di-atto-notorio","status":"publish","type":"page","link":"https:\/\/conslondra.esteri.it\/it\/servizi-consolari-e-visti\/servizi-per-il-cittadino-italiano\/autocertificazioni-dichiarazioni-sostitutive-e-atti-notori\/dichiarazione-sostitutiva-di-atto-notorio\/","title":{"rendered":"Dichiarazione Sostitutiva di Atto Notorio"},"content":{"rendered":"<p style=\"text-align: justify;\"><strong>COS\u2019\u00c8<\/strong><strong>:<\/strong> La dichiarazione sostitutiva dell\u2019atto di notoriet\u00e0 \u00e8 un documento, redatto in carta semplice, tramite il quale posso essere riportati <strong>stati<\/strong> (essere proprietario di un immobile, essere erede di una certa persona, \u2026), <strong>qualit\u00e0 personali<\/strong> (essere titolare d\u2019impresa; non essere soggetto all\u2019imposta sui redditi, &#8230;) o <strong>fatti<\/strong> (avere subito danni a causa di una calamit\u00e0 naturale, \u2026) di cui il dichiarante sia a diretta conoscenza. La dichiarazione pu\u00f2 anche sostituire l\u2019attestazione di conformit\u00e0 all\u2019originale per le <strong>fotocopie<\/strong> di documenti conservati o rilasciati da una pubblica amministrazione, copie di pubblicazioni, di titoli di studio o di servizio e di documenti fiscali conservati da privati (registri, fatture, \u2026). Per altri tipi di documenti \u00e8 necessario presentare una <a href=\"https:\/\/conslondra.esteri.it\/it\/servizi-consolari-e-visti\/servizi-per-il-cittadino-italiano\/notarile\/autentica-di-fotocopia-di-documento\/\">fotocopia autenticata<\/a>. Il firmatario si assume la responsabilit\u00e0 personale di quanto dichiarato.<\/p>\n<p>&nbsp;<\/p>\n<p style=\"text-align: justify;\"><strong>COSA <u>NON<\/u> PU\u00d2<\/strong>\u00a0<strong>RIGUARDARE:<\/strong><\/p>\n<ul style=\"text-align: justify;\">\n<li style=\"text-align: justify;\"><strong>stati<\/strong> (essere proprietario di un immobile, essere erede di una certa persona, \u2026), <strong>qualit\u00e0 personali<\/strong> (essere titolare d\u2019impresa; non essere soggetto all\u2019imposta sui redditi, &#8230;) o <strong>fatti<\/strong> (avere subito danni a causa di una calamit\u00e0 naturale, \u2026) che <a href=\"https:\/\/www.normattiva.it\/uri-res\/N2Ls?urn:nir:stato:decreto.del.presidente.della.repubblica:2000-12-28;445\">la legge<\/a> prevede debbano essere oggetto di <a href=\"https:\/\/conslondra.esteri.it\/it\/servizi-consolari-e-visti\/servizi-per-il-cittadino-italiano\/autocertificazioni-dichiarazioni-sostitutive-e-atti-notori\/atto-notorio\/\"><u>atto notorio<\/u><\/a> o che, al contrario, possano essere <a href=\"https:\/\/conslondra.esteri.it\/it\/servizi-consolari-e-visti\/servizi-per-il-cittadino-italiano\/autocertificazioni-dichiarazioni-sostitutive-e-atti-notori\/autocertificazione\/\"><u>autocertificati<\/u><\/a>;<\/li>\n<li style=\"text-align: justify;\">certificati medici, sanitari, veterinari, di origine, di conformit\u00e0 CE, di marchi o brevetti, (per questi \u00e8 necessario presentare i certificati stessi);<\/li>\n<li style=\"text-align: justify;\">manifestazioni di volont\u00e0 (<a href=\"https:\/\/conslondra.esteri.it\/it\/servizi-consolari-e-visti\/servizi-per-il-cittadino-italiano\/notarile\/procure-generali-e-speciali\/\">rinunce, accettazioni, procure<\/a>, \u2026).<\/li>\n<\/ul>\n<p style=\"text-align: justify;\"><strong>NB:<\/strong> in molti casi, quindi, la dichiarazione sostitutiva non viene richiesta, perch\u00e9 sufficiente l\u2019<a href=\"https:\/\/conslondra.esteri.it\/it\/servizi-consolari-e-visti\/servizi-per-il-cittadino-italiano\/autocertificazioni-dichiarazioni-sostitutive-e-atti-notori\/autocertificazione\/\"><u>autocertificazione<\/u><\/a>. Si invitano pertanto gli interessati a verificare autonomamente quale atto venga richiesto nel proprio caso specifico.<\/p>\n<p>&nbsp;<\/p>\n<p style=\"text-align: justify;\"><strong>CON CHI SI PU\u00d2 USARE:<\/strong><\/p>\n<ul style=\"text-align: justify;\">\n<li>con la <strong>pubblica amministrazione<\/strong> (Comuni, Consolati, \u2026);<\/li>\n<li>con i <strong>gestori di servizi pubblici<\/strong> (ENEL, Aci, Telecom, \u2026);<\/li>\n<li>con i <strong>privati<\/strong> (banche, assicurazioni, aziende, ecc..), a patto che questi acconsentano a riceverla e che l\u2019interessato stesso presti il suo consenso al controllo dei dati presso l\u2019Amministrazione che li detiene. In questo caso, quindi, gli interessati dovranno innanzitutto verificare con l\u2019ente privato in questione se sia necessario produrre un vero e proprio <a href=\"https:\/\/conslondra.esteri.it\/it\/servizi-consolari-e-visti\/servizi-per-il-cittadino-italiano\/autocertificazioni-dichiarazioni-sostitutive-e-atti-notori\/atto-notorio\/\">atto notorio<\/a> o se la dichiarazione sostitutiva sia sufficiente.<\/li>\n<\/ul>\n<p>&nbsp;<\/p>\n<p style=\"text-align: justify;\"><strong>CHI PU\u00d2 SOTTOSCRIVERLA:<\/strong><\/p>\n<ul style=\"text-align: justify;\">\n<li>maggiorenni cittadini <strong>italiani<\/strong>;<\/li>\n<li>maggiorenni cittadini di paesi membri dell\u2019<strong>UE<\/strong> ;<\/li>\n<li>maggiorenni cittadini <strong>extracomunitari<\/strong> regolarmente soggiornanti in Italia (solo se i dati ed i fatti oggetto di dichiarazione possono essere verificati presso soggetti pubblici italiani e per quelle materie per le quali esiste una convenzione tra l\u2019Italia ed il loro paese di provenienza).<\/li>\n<\/ul>\n<p>&nbsp;<\/p>\n<p style=\"text-align: justify;\"><strong>COME SI PRESENTA:<\/strong><\/p>\n<p style=\"text-align: justify;\">Nella maggior parte dei casi, le dichiarazioni sostitutive di atto notorio <span style=\"text-decoration: underline;\"><strong>non<\/strong><\/span>\u00a0necessitano di autentica di firma, ma sar\u00e0 necessario allegare alla dichiarazione firmata una fotocopia di un documento di identit\u00e0 in corso di validit\u00e0 del firmatario.<\/p>\n<p style=\"text-align: justify;\">L\u2019autentica di firma <span style=\"text-decoration: underline;\"><strong>\u00e8<\/strong><\/span> invece richiesta quando la dichiarazione debba essere presentata:<\/p>\n<ul style=\"text-align: justify;\">\n<li>a soggetti <strong>privati\u200b\u200b\u200b\u200b\u200b<\/strong>, come banche, assicurazioni, ecc.;<\/li>\n<li>a soggetti <strong>pubblici<\/strong> ai fini della riscossione di benefici economici da parte di terzi (ad esempio la delega alla riscossione della pensione).<\/li>\n<\/ul>\n<p>&nbsp;<\/p>\n<p style=\"text-align: justify;\"><strong>MODALIT\u00c0 DI PRENOTAZIONE DEL SERVIZIO<\/strong><\/p>\n<p style=\"text-align: justify;\">I cittadini <strong>italiani<\/strong> che desiderino ottenere l\u2019autentica della propria firma sulla dichiarazione sostitutiva presso questo Consolato dovranno richiedere un appuntamento scrivendo all\u2019indirizzo <a href=\"mailto:notarile.londra@esteri.it\">notarile.londra@esteri.it<\/a>.<\/p>\n<p style=\"text-align: justify;\">I cittadini stranieri ed i cittadini italiani che siano impossibilitati a recarsi in Consolato potranno rivolgersi ad un qualsiasi notaio pubblico britannico per ottenere l\u2019autentica di firma sulla dichiarazione sostitutiva e la relativa legalizzazione tramite apostilla necessaria a rendere l\u2019atto valido in Italia. Una lista non esaustiva di notai noti a questo Consolato \u00e8 disponibile <a href=\"https:\/\/conslondra.esteri.it\/it\/info-utili\/professionisti-ed-enti\/\">qui<\/a>.<\/p>\n<p>&nbsp;<\/p>\n<p style=\"text-align: justify;\"><strong>COSTO DEL SERVIZIO<\/strong><\/p>\n<p style=\"text-align: justify;\">Il costo del servizio \u00e8 quello indicato all\u2019art. 24 della <a href=\"https:\/\/conslondra.esteri.it\/info-utili\/tariffe-consolari\/\">Tabella dei diritti consolari<\/a>. Si prega di notare che i pagamenti sono effettuabili in Consolato solamente tramite carta di debito britannica (no contactless, no Applepay, no carte di credito, no carte italiane).<\/p>\n<p>&nbsp;<\/p>\n","protected":false},"excerpt":{"rendered":"COS\u2019\u00c8: La dichiarazione sostitutiva dell\u2019atto di notoriet\u00e0 \u00e8 un documento, redatto in carta semplice, tramite il quale posso essere riportati stati (essere proprietario di un immobile, essere erede di una certa persona, \u2026), qualit\u00e0 personali (essere titolare d\u2019impresa; non essere soggetto all\u2019imposta sui redditi, &#8230;) o fatti (avere subito danni a causa di una calamit\u00e0 [&hellip;]","protected":false},"author":6,"featured_media":0,"parent":4768,"menu_order":1,"comment_status":"closed","ping_status":"closed","template":"","meta":{"footnotes":""},"class_list":["post-4834","page","type-page","status-publish","hentry"],"_links":{"self":[{"href":"https:\/\/conslondra.esteri.it\/it\/wp-json\/wp\/v2\/pages\/4834","targetHints":{"allow":["GET"]}}],"collection":[{"href":"https:\/\/conslondra.esteri.it\/it\/wp-json\/wp\/v2\/pages"}],"about":[{"href":"https:\/\/conslondra.esteri.it\/it\/wp-json\/wp\/v2\/types\/page"}],"author":[{"embeddable":true,"href":"https:\/\/conslondra.esteri.it\/it\/wp-json\/wp\/v2\/users\/6"}],"replies":[{"embeddable":true,"href":"https:\/\/conslondra.esteri.it\/it\/wp-json\/wp\/v2\/comments?post=4834"}],"version-history":[{"count":0,"href":"https:\/\/conslondra.esteri.it\/it\/wp-json\/wp\/v2\/pages\/4834\/revisions"}],"up":[{"embeddable":true,"href":"https:\/\/conslondra.esteri.it\/it\/wp-json\/wp\/v2\/pages\/4768"}],"wp:attachment":[{"href":"https:\/\/conslondra.esteri.it\/it\/wp-json\/wp\/v2\/media?parent=4834"}],"curies":[{"name":"wp","href":"https:\/\/api.w.org\/{rel}","templated":true}]}}