{"id":4840,"date":"2023-05-31T16:06:36","date_gmt":"2023-05-31T14:06:36","guid":{"rendered":"https:\/\/conslondra.esteri.it\/?page_id=4840"},"modified":"2025-01-29T15:42:43","modified_gmt":"2025-01-29T14:42:43","slug":"autocertificazione","status":"publish","type":"page","link":"https:\/\/conslondra.esteri.it\/it\/servizi-consolari-e-visti\/servizi-per-il-cittadino-italiano\/autocertificazioni-dichiarazioni-sostitutive-e-atti-notori\/autocertificazione\/","title":{"rendered":"Autocertificazione"},"content":{"rendered":"<p style=\"text-align: justify;\">L\u2019autocertificazione \u00e8 una dichiarazione che sostituisce i certificati solitamente rilasciati dalle pubbliche amministrazione e dai gestori di pubblici servizi. Viene redatta in carta semplice e firmata dal soggetto interessato, che si assume la responsabilit\u00e0 personale di quanto dichiarato (<a href=\"https:\/\/www.normattiva.it\/uri-res\/N2Ls?urn:nir:stato:decreto.del.presidente.della.repubblica:2000-12-28;445\">D.P.R. 445\/2000<\/a>).<\/p>\n<p style=\"text-align: justify;\"><strong>COSA SI PU\u00d2 AUTOCERTIFICARE: stati<\/strong> (essere proprietario di un immobile, essere erede di una certa persona, \u2026), <strong>qualit\u00e0 personali<\/strong> (essere titolare d\u2019impresa; non essere soggetto all\u2019imposta sui redditi, &#8230;) o <strong>fatti<\/strong> (avere subito danni a causa di una calamit\u00e0 naturale, \u2026) certificabili dalla pubblica amministrazione, tranne quelli che necessitano di essere dichiarati tramite <a href=\"https:\/\/conslondra.esteri.it\/it\/servizi-consolari-e-visti\/servizi-per-il-cittadino-italiano\/autocertificazioni-dichiarazioni-sostitutive-e-atti-notori\/atto-notorio\/\"><u>atto notorio<\/u><\/a>.<\/p>\n<p style=\"text-align: justify;\"><strong>\u00a0<\/strong><\/p>\n<p style=\"text-align: justify;\"><strong>CON CHI SI PU\u00d2 USARE:<\/strong><\/p>\n<ul style=\"text-align: justify;\">\n<li>con la <strong>pubblica amministrazione<\/strong> (Comuni, Consolati, \u2026);<\/li>\n<li>con i <strong>gestori di servizi pubblici<\/strong> (ENEL, Aci, Telecom, \u2026);<\/li>\n<li>con i <strong>privati<\/strong> (banche, assicurazioni, aziende, ecc..) che sono obbligati ad accettarla in base alla <a href=\"https:\/\/www.normattiva.it\/uri-res\/N2Ls?urn:nir:stato:legge:2020-09-11;120\">L. n. 120\/2020<\/a>.<\/li>\n<\/ul>\n<p style=\"text-align: justify;\"><strong>\u00a0<\/strong><\/p>\n<p style=\"text-align: justify;\"><strong>CHI PU\u00d2 SOTTOSCRIVERLA:<\/strong><\/p>\n<ul style=\"text-align: justify;\">\n<li>maggiorenni cittadini <strong>italiani<\/strong>;<\/li>\n<li>maggiorenni cittadini di paesi membri dell\u2019<strong>UE<\/strong>;<\/li>\n<li>maggiorenni cittadini <strong>extracomunitari<\/strong> regolarmente soggiornanti in Italia (solo se i dati ed i fatti oggetto di dichiarazione possono essere verificati presso soggetti pubblici italiani e per quelle materie per le quali esiste una convenzione tra l\u2019Italia ed il loro paese di provenienza).<\/li>\n<\/ul>\n<p style=\"text-align: justify;\"><strong>\u00a0<\/strong><\/p>\n<p style=\"text-align: justify;\"><strong>COME SI PRESENTA: <\/strong><\/p>\n<p style=\"text-align: justify;\">L\u2019autocertificazione <strong>NON<\/strong> necessita dell\u2019autentica di firma e pertanto non \u00e8 un servizio offerto da questa Sede. Sar\u00e0 necessario allegare alla dichiarazione firmata una fotocopia di un documento di identit\u00e0 in corso di validit\u00e0 del firmatario.<\/p>\n<p>&nbsp;<\/p>\n","protected":false},"excerpt":{"rendered":"L\u2019autocertificazione \u00e8 una dichiarazione che sostituisce i certificati solitamente rilasciati dalle pubbliche amministrazione e dai gestori di pubblici servizi. Viene redatta in carta semplice e firmata dal soggetto interessato, che si assume la responsabilit\u00e0 personale di quanto dichiarato (D.P.R. 445\/2000). COSA SI PU\u00d2 AUTOCERTIFICARE: stati (essere proprietario di un immobile, essere erede di una certa [&hellip;]","protected":false},"author":6,"featured_media":0,"parent":4768,"menu_order":2,"comment_status":"closed","ping_status":"closed","template":"","meta":{"footnotes":""},"class_list":["post-4840","page","type-page","status-publish","hentry"],"_links":{"self":[{"href":"https:\/\/conslondra.esteri.it\/it\/wp-json\/wp\/v2\/pages\/4840","targetHints":{"allow":["GET"]}}],"collection":[{"href":"https:\/\/conslondra.esteri.it\/it\/wp-json\/wp\/v2\/pages"}],"about":[{"href":"https:\/\/conslondra.esteri.it\/it\/wp-json\/wp\/v2\/types\/page"}],"author":[{"embeddable":true,"href":"https:\/\/conslondra.esteri.it\/it\/wp-json\/wp\/v2\/users\/6"}],"replies":[{"embeddable":true,"href":"https:\/\/conslondra.esteri.it\/it\/wp-json\/wp\/v2\/comments?post=4840"}],"version-history":[{"count":1,"href":"https:\/\/conslondra.esteri.it\/it\/wp-json\/wp\/v2\/pages\/4840\/revisions"}],"predecessor-version":[{"id":12838,"href":"https:\/\/conslondra.esteri.it\/it\/wp-json\/wp\/v2\/pages\/4840\/revisions\/12838"}],"up":[{"embeddable":true,"href":"https:\/\/conslondra.esteri.it\/it\/wp-json\/wp\/v2\/pages\/4768"}],"wp:attachment":[{"href":"https:\/\/conslondra.esteri.it\/it\/wp-json\/wp\/v2\/media?parent=4840"}],"curies":[{"name":"wp","href":"https:\/\/api.w.org\/{rel}","templated":true}]}}