{"id":5301,"date":"2023-08-31T11:48:51","date_gmt":"2023-08-31T09:48:51","guid":{"rendered":"https:\/\/conslondra.esteri.it\/?page_id=5301"},"modified":"2025-12-04T12:07:35","modified_gmt":"2025-12-04T11:07:35","slug":"passaporto-minori-da-12-a-17-anni","status":"publish","type":"page","link":"https:\/\/conslondra.esteri.it\/it\/servizi-consolari-e-visti\/servizi-per-il-cittadino-italiano\/passaporti-e-servizi\/passaporto-minori-da-12-a-17-anni\/","title":{"rendered":"Passaporto per minore da 12 a 17 anni &#8211; minore in presenza (appuntamento mattutino)"},"content":{"rendered":"<p><strong>PREREQUISITI:<\/strong><\/p>\n<ul>\n<li>Il minore deve essere registrato all&#8217;AIRE nella circoscrizione Consolare di Londra;<\/li>\n<li>Almeno uno dei genitori deve essere registrato all&#8217;AIRE nella circoscrizione Consolare di Londra;<\/li>\n<li>Il minore deve essere accompagnato da almeno un genitore\/tutore;<\/li>\n<li>Il certificato di nascita del minore deve essere registrato presso il comune AIRE di competenza.<\/li>\n<\/ul>\n<p>&nbsp;<\/p>\n<p><span style=\"text-decoration: underline;\">\u00a0 \u00a0 \u00a0 \u00a0 \u00a0 \u00a0 \u00a0 \u00a0 \u00a0 \u00a0 \u00a0 \u00a0 \u00a0 \u00a0 \u00a0 \u00a0 \u00a0 \u00a0 \u00a0 \u00a0 \u00a0 \u00a0 \u00a0 \u00a0 \u00a0 \u00a0 \u00a0 \u00a0 \u00a0 \u00a0 \u00a0 \u00a0 \u00a0 \u00a0 \u00a0 \u00a0 \u00a0 \u00a0_\u00a0 \u00a0<\/span><\/p>\n<p>&nbsp;<\/p>\n<p><strong>COME PRENOTARE UN APPUNTAMENTO:<\/strong><\/p>\n<ul>\n<li>Leggere <a href=\"https:\/\/conslondra.esteri.it\/it\/servizi-consolari-e-visti\/servizi-per-il-cittadino-italiano\/passaporti-e-servizi\/informazioni-generali-passaporti\/come-prenotare-un-appuntamento-per-il-rilascio-del-passaporto\/\"><strong>qui<\/strong><\/a>.<\/li>\n<\/ul>\n<p>&nbsp;<\/p>\n<p><strong><span style=\"text-decoration: underline;\">\u00a0 \u00a0 \u00a0 \u00a0 \u00a0 \u00a0 \u00a0 \u00a0 \u00a0 \u00a0 \u00a0 \u00a0 \u00a0 \u00a0 \u00a0 \u00a0 \u00a0 \u00a0 \u00a0 \u00a0 \u00a0 \u00a0 \u00a0 \u00a0 \u00a0 \u00a0 \u00a0 \u00a0 \u00a0 \u00a0 \u00a0 \u00a0 \u00a0 \u00a0 \u00a0 \u00a0 \u00a0 \u00a0 \u00a0\u00a0<\/span><\/strong><\/p>\n<p><strong><br \/>\nMODALIT\u00c0 DI ACCESSO IN CONSOLATO:<\/strong><\/p>\n<ul>\n<li>Solo il giorno dell\u2019appuntamento\u00a0<strong>dalle ore 09:00 alle ore 12:00<\/strong>.<br \/>\nLeggere <a href=\"https:\/\/conslondra.esteri.it\/it\/chi-siamo\/gli-uffici\/modalita-acccesso-consolato\/\"><strong>qui<\/strong><\/a> le modalit\u00e0 di accesso e gli oggetti non consentiti in Consolato.<\/li>\n<\/ul>\n<p>&nbsp;<\/p>\n<p><strong><span style=\"text-decoration: underline;\">\u00a0 \u00a0 \u00a0 \u00a0 \u00a0 \u00a0 \u00a0 \u00a0 \u00a0 \u00a0 \u00a0 \u00a0 \u00a0 \u00a0 \u00a0 \u00a0 \u00a0 \u00a0 \u00a0 \u00a0 \u00a0 \u00a0 \u00a0 \u00a0 \u00a0 \u00a0 \u00a0 \u00a0 \u00a0 \u00a0 \u00a0 \u00a0 \u00a0 \u00a0 \u00a0 \u00a0 \u00a0 \u00a0 \u00a0\u00a0<\/span><\/strong><\/p>\n<p>&nbsp;<\/p>\n<p><strong>MODALIT\u00c0 DI RILASCIO:<\/strong><\/p>\n<ul>\n<li>Il rilascio del passaporto \u00e8 normalmente a vista in assenza di cause ostative.<\/li>\n<\/ul>\n<p>&nbsp;<\/p>\n<p><strong><span style=\"text-decoration: underline;\">\u00a0 \u00a0 \u00a0 \u00a0 \u00a0 \u00a0 \u00a0 \u00a0 \u00a0 \u00a0 \u00a0 \u00a0 \u00a0 \u00a0 \u00a0 \u00a0 \u00a0 \u00a0 \u00a0 \u00a0 \u00a0 \u00a0 \u00a0 \u00a0 \u00a0 \u00a0 \u00a0 \u00a0 \u00a0 \u00a0 \u00a0 \u00a0 \u00a0 \u00a0 \u00a0 \u00a0 \u00a0 \u00a0 \u00a0\u00a0<\/span><\/strong><\/p>\n<p>&nbsp;<\/p>\n<p><strong>MODALIT\u00c0 DI PAGAMENTO:<\/strong><\/p>\n<ul>\n<li><strong>DEBIT CARD<\/strong> emessa da un istituto bancario britannico (NON SONO ACCETTATI PAGAMENTI CONTACTLESS, CREDIT CARD, AMEX, APPLE PAY, GOOGLE PAY). Verificare l\u2019importo aggiornato qui:\u00a0<a href=\"https:\/\/conslondra.esteri.it\/info-utili\/tariffe-consolari\/\">Tariffe Consolari.<\/a><\/li>\n<\/ul>\n<p>&nbsp;<\/p>\n<p><strong><span style=\"text-decoration: underline;\">\u00a0 \u00a0 \u00a0 \u00a0 \u00a0 \u00a0 \u00a0 \u00a0 \u00a0 \u00a0 \u00a0 \u00a0 \u00a0 \u00a0 \u00a0 \u00a0 \u00a0 \u00a0 \u00a0 \u00a0 \u00a0 \u00a0 \u00a0 \u00a0 \u00a0 \u00a0 \u00a0 \u00a0 \u00a0 \u00a0 \u00a0 \u00a0 \u00a0 \u00a0 \u00a0 \u00a0 \u00a0 \u00a0 \u00a0\u00a0<\/span><\/strong><\/p>\n<p>&nbsp;<\/p>\n<p><strong>DOCUMENTAZIONE DA PRESENTARE ALL\u2019APPUNTAMENTO:<\/strong><\/p>\n<ul>\n<li>Occorre presentarsi allo sportello con i moduli gi\u00e0 compilati e firmati. Si informa che, in mancanza di quanto richiesto, in base alla normativa vigente, le domande di rilascio passaporti verranno respinte.<\/li>\n<\/ul>\n<p>&nbsp;<\/p>\n<p><strong><span style=\"text-decoration: underline;\">\u00a0 \u00a0 \u00a0 \u00a0 \u00a0 \u00a0 \u00a0 \u00a0 \u00a0 \u00a0 \u00a0 \u00a0 \u00a0 \u00a0 \u00a0 \u00a0 \u00a0 \u00a0 \u00a0 \u00a0 \u00a0 \u00a0 \u00a0 \u00a0 \u00a0 \u00a0 \u00a0 \u00a0 \u00a0 \u00a0 \u00a0 \u00a0 \u00a0 \u00a0 \u00a0 \u00a0 \u00a0 \u00a0 \u00a0\u00a0<\/span><\/strong><\/p>\n<p>&nbsp;<\/p>\n<p><strong>CHECKLIST:<\/strong><\/p>\n<ul>\n<li><strong>DEBIT CARD<\/strong> emessa da un istituto bancario britannico (NON SONO ACCETTATI PAGAMENTI CONTACTLESS, CREDIT CARD, AMEX, APPLE PAY, GOOGLE PAY);<\/li>\n<li><strong>Modulo di richiesta <a href=\"https:\/\/conslondra.esteri.it\/info-utili\/modulistica\/modulistica-passaporti\/\">MOD2<\/a><\/strong> stampato, accuratamente compilato e <a href=\"https:\/\/conslondra.esteri.it\/servizi-consolari-e-visti\/servizi-per-il-cittadino\/passaporti-e-servizi\/autentica-di-firma-e-foto-per-passaporti\/\">firmato da entrambi i genitori<\/a> (le firme devono corrispondere a quelle riportate sul documento allegato);<\/li>\n<li><strong>Se<\/strong><strong>\u00a0uno dei genitori \u00e8 cittadino extra UE<\/strong>\u00a0seguire le modalit\u00e0 indicate nella\u00a0<a href=\"https:\/\/conslondra.esteri.it\/it\/servizi-consolari-e-visti\/servizi-per-il-cittadino-italiano\/passaporti-e-servizi\/autentica-di-firma-e-foto-per-passaporti\/\">pagina specifica<\/a>;<\/li>\n<li><strong>3 x fotografie in formato tessera<\/strong>, identiche e acquisite da non oltre 6 mesi, conformi agli <a href=\"https:\/\/conslondra.esteri.it\/wp-content\/uploads\/2022\/08\/photograph_guidelines_it.pdf\">standard internazionali ICAO<\/a>. Sfondo bianco e NO USB;<\/li>\n<li><strong>Documento di riconoscimento di entrambi i genitori in corso di validit\u00e0 e originali:<\/strong> solo passaporto o carta identit\u00e0 italiana;<\/li>\n<li><strong>Precedente passaporto italiano del minore<\/strong> anche se scaduto o deteriorato. In mancanza, carta d\u2019identit\u00e0 italiana o passaporto straniero originale in corso di validit\u00e0;<\/li>\n<li><strong>In caso di furto del passaporto del minore:<\/strong>\u00a0denuncia delle autorit\u00e0 locali, anche online, <strong>e compilazione<\/strong> del formulario di denuncia di smarrimento\u00a0<a href=\"https:\/\/conslondra.esteri.it\/info-utili\/modulistica\/modulistica-passaporti\/\">ETD2<\/a>;<\/li>\n<li><strong>In caso di precedente passaporto del minore scaduto da pi\u00f9 di 10 anni oppure il minore non \u00e8 pi\u00f9 riconoscibili dalla foto: <\/strong>carta d\u2019identit\u00e0 italiana o passaporto straniero originale in corso di validit\u00e0 del minore;<\/li>\n<li><strong>In caso di richiesta di primo passaporto per il minore:<\/strong> carta d\u2019identit\u00e0 italiana o passaporto straniero originale in corso di validit\u00e0 del minore.<\/li>\n<\/ul>\n<p>&nbsp;<\/p>\n<p><strong><span style=\"text-decoration: underline;\">\u00a0 \u00a0 \u00a0 \u00a0 \u00a0 \u00a0 \u00a0 \u00a0 \u00a0 \u00a0 \u00a0 \u00a0 \u00a0 \u00a0 \u00a0 \u00a0 \u00a0 \u00a0 \u00a0 \u00a0 \u00a0 \u00a0 \u00a0 \u00a0 \u00a0 \u00a0 \u00a0 \u00a0 \u00a0 \u00a0 \u00a0 \u00a0 \u00a0 \u00a0 \u00a0 \u00a0 \u00a0 \u00a0 \u00a0\u00a0<\/span><\/strong><\/p>\n<p>&nbsp;<\/p>\n<p><strong>Nel caso in cui non fosse possibile ottenere l\u2019assenso dell\u2019altro genitore, <\/strong>l\u2019interessato \u00e8 invitato a contattare l\u2019Ufficio di Assistenza sociale, scrivendo una email all\u2019indirizzo <a href=\"mailto:sociale.londra@esteri.it\">sociale.londra@esteri.it<\/a><\/p>\n<ul>\n<li>Solo se i minori sono residenti e iscritti nella <a href=\"https:\/\/conslondra.esteri.it\/it\/chi-siamo\/la-rete-consolare\/\">circoscrizione di Londra<\/a>;<\/li>\n<li>Il procedimento prevede colloqui individuali con entrambi i genitori e un\u2019audizione degli stessi in persona dal Giudice Tutelare, incluso il minore con capacit\u00e0 di discernimento;<\/li>\n<li>All\u2019istanza si applica una <u><a href=\"https:\/\/conslondra.esteri.it\/it\/info-utili\/tariffe-consolari\/\">tariffa consolare<\/a><\/u> (art. 31);<\/li>\n<li>Non sussiste un termine ordinatorio per l\u2019emanazione di un Decreto Consolare e pertanto i tempi del procedimento non possono essere determinati in anticipo, in quanto soggetti all\u2019esaurimento di tutte le fasi procedurali previste dalla normativa vigente.<\/li>\n<\/ul>\n<p>&nbsp;<\/p>\n<p><strong><span style=\"text-decoration: underline;\">\u00a0 \u00a0 \u00a0 \u00a0 \u00a0 \u00a0 \u00a0 \u00a0 \u00a0 \u00a0 \u00a0 \u00a0 \u00a0 \u00a0 \u00a0 \u00a0 \u00a0 \u00a0 \u00a0 \u00a0 \u00a0 \u00a0 \u00a0 \u00a0 \u00a0 \u00a0 \u00a0 \u00a0 \u00a0 \u00a0 \u00a0 \u00a0 \u00a0 \u00a0 \u00a0 \u00a0 \u00a0 \u00a0 \u00a0\u00a0<\/span><\/strong><\/p>\n<p>&nbsp;<\/p>\n<p><strong>In caso di morte di uno dei genitori:<\/strong><\/p>\n<ul>\n<li>Sar\u00e0 necessario presentare il certificato di morte originale, apostillato e tradotto secondo le modalit\u00e0 <a href=\"https:\/\/conslondra.esteri.it\/it\/servizi-consolari-e-visti\/servizi-per-il-cittadino-italiano\/assistenza-ai-cittadini-allestero\/registrare-un-certificato-di-morte-britannico-in-italia\/\">qui<\/a>\u00a0descritte (solo se non \u00e8 stato gi\u00e0 registrato presso il proprio Comune di riferimento in Italia).<\/li>\n<\/ul>\n<p>&nbsp;<\/p>\n<p><strong><span style=\"text-decoration: underline;\">\u00a0 \u00a0 \u00a0 \u00a0 \u00a0 \u00a0 \u00a0 \u00a0 \u00a0 \u00a0 \u00a0 \u00a0 \u00a0 \u00a0 \u00a0 \u00a0 \u00a0 \u00a0 \u00a0 \u00a0 \u00a0 \u00a0 \u00a0 \u00a0 \u00a0 \u00a0 \u00a0 \u00a0 \u00a0 \u00a0 \u00a0 \u00a0 \u00a0 \u00a0 \u00a0 \u00a0 \u00a0 \u00a0 \u00a0\u00a0<\/span><\/strong><\/p>\n<p>&nbsp;<\/p>\n<p>&nbsp;<\/p>\n<p>&nbsp;<\/p>\n<p style=\"text-align: right;\"><a href=\"https:\/\/conslondra.esteri.it\/it\/servizi-consolari-e-visti\/servizi-per-il-cittadino-italiano\/passaporti-e-servizi\/\">Torna ai passaporti<\/a><\/p>\n","protected":false},"excerpt":{"rendered":"PREREQUISITI: Il minore deve essere registrato all&#8217;AIRE nella circoscrizione Consolare di Londra; Almeno uno dei genitori deve essere registrato all&#8217;AIRE nella circoscrizione Consolare di Londra; Il minore deve essere accompagnato da almeno un genitore\/tutore; Il certificato di nascita del minore deve essere registrato presso il comune AIRE di competenza. &nbsp; \u00a0 \u00a0 \u00a0 \u00a0 \u00a0 [&hellip;]","protected":false},"author":15,"featured_media":0,"parent":156,"menu_order":0,"comment_status":"closed","ping_status":"closed","template":"","meta":{"footnotes":""},"class_list":["post-5301","page","type-page","status-publish","hentry"],"_links":{"self":[{"href":"https:\/\/conslondra.esteri.it\/it\/wp-json\/wp\/v2\/pages\/5301","targetHints":{"allow":["GET"]}}],"collection":[{"href":"https:\/\/conslondra.esteri.it\/it\/wp-json\/wp\/v2\/pages"}],"about":[{"href":"https:\/\/conslondra.esteri.it\/it\/wp-json\/wp\/v2\/types\/page"}],"author":[{"embeddable":true,"href":"https:\/\/conslondra.esteri.it\/it\/wp-json\/wp\/v2\/users\/15"}],"replies":[{"embeddable":true,"href":"https:\/\/conslondra.esteri.it\/it\/wp-json\/wp\/v2\/comments?post=5301"}],"version-history":[{"count":7,"href":"https:\/\/conslondra.esteri.it\/it\/wp-json\/wp\/v2\/pages\/5301\/revisions"}],"predecessor-version":[{"id":16812,"href":"https:\/\/conslondra.esteri.it\/it\/wp-json\/wp\/v2\/pages\/5301\/revisions\/16812"}],"up":[{"embeddable":true,"href":"https:\/\/conslondra.esteri.it\/it\/wp-json\/wp\/v2\/pages\/156"}],"wp:attachment":[{"href":"https:\/\/conslondra.esteri.it\/it\/wp-json\/wp\/v2\/media?parent=5301"}],"curies":[{"name":"wp","href":"https:\/\/api.w.org\/{rel}","templated":true}]}}