{"id":5305,"date":"2023-08-31T12:00:32","date_gmt":"2023-08-31T10:00:32","guid":{"rendered":"https:\/\/conslondra.esteri.it\/?page_id=5305"},"modified":"2026-03-25T16:52:29","modified_gmt":"2026-03-25T15:52:29","slug":"passaporto-per-minori-da-12-a-17-anni-appuntamento-pomeridiano","status":"publish","type":"page","link":"https:\/\/conslondra.esteri.it\/it\/servizi-consolari-e-visti\/servizi-per-il-cittadino-italiano\/passaporti-e-servizi\/passaporto-per-minori-da-12-a-17-anni-appuntamento-pomeridiano\/","title":{"rendered":"Passaporto per minore da 12 a 17 anni &#8211; minore in presenza (appuntamento pomeridiano)"},"content":{"rendered":"<p><span style=\"color: #ff0000;\">ATTENZIONE: le indicazioni relative all\u2019orario e alle modalit\u00e0 di rilascio e di pagamento sono valide per appuntamenti fino al 3 maggio.<\/span><\/p>\n<p><span style=\"color: #ff0000;\">Le istruzioni per gli appuntamenti presi per le date successive verranno comunicate agli interessati via email e inserite nei futuri aggiornamenti della pagina web.<\/span><\/p>\n<p style=\"text-align: justify;\"><strong>PREREQUISITI<\/strong><\/p>\n<ul style=\"text-align: justify;\">\n<li>Il minore deve essere registrato all&#8217;AIRE nella circoscrizione Consolare di Londra;<\/li>\n<li>Almeno uno dei genitori deve essere registrato all&#8217;AIRE nella circoscrizione Consolare di Londra;<\/li>\n<li>Il minore deve essere accompagnato da almeno un genitore\/tutore;<\/li>\n<li>Il certificato di nascita del minore deve essere registrato presso il comune AIRE di competenza.<\/li>\n<\/ul>\n<p>&nbsp;<\/p>\n<hr \/>\n<p>&nbsp;<\/p>\n<p style=\"text-align: justify;\"><strong>COME PRENOTARE UN APPUNTAMENTO<\/strong><\/p>\n<ul style=\"text-align: justify;\">\n<li>Leggere <a href=\"https:\/\/conslondra.esteri.it\/it\/servizi-consolari-e-visti\/servizi-per-il-cittadino-italiano\/passaporti-e-servizi\/informazioni-generali-passaporti\/come-prenotare-un-appuntamento-per-il-rilascio-del-passaporto\/\"><strong>qui<\/strong><\/a>.<\/li>\n<\/ul>\n<p>&nbsp;<\/p>\n<hr \/>\n<p>&nbsp;<\/p>\n<p style=\"text-align: justify;\"><strong>MODALIT\u00c0 DI ACCESSO IN CONSOLATO<\/strong><\/p>\n<ul style=\"text-align: justify;\">\n<li>Solo il giorno dell\u2019appuntamento\u00a0<strong>dalle ore 14:00 alle ore 16:00<\/strong>.<br \/>\nLeggere <a href=\"https:\/\/conslondra.esteri.it\/it\/chi-siamo\/gli-uffici\/modalita-acccesso-consolato\/\"><strong>qui<\/strong><\/a> le modalit\u00e0 di accesso e gli oggetti non consentiti in Consolato.<\/li>\n<\/ul>\n<p>&nbsp;<\/p>\n<hr \/>\n<p>&nbsp;<\/p>\n<p style=\"text-align: justify;\"><strong>MODALIT\u00c0 DI RILASCIO<\/strong><\/p>\n<ul style=\"text-align: justify;\">\n<li style=\"text-align: justify;\">Il rilascio del passaporto non \u00e8 a vista ma sar\u00e0 spedito all\u2019indirizzo indicato sulla busta.<br \/>\n<strong>I tempi di spedizione sono di circa 2 settimane<\/strong>\u00a0(le tempistiche indicate sono orientative e soggette a variazione).<\/li>\n<\/ul>\n<p>&nbsp;<\/p>\n<hr \/>\n<p>&nbsp;<\/p>\n<p style=\"text-align: justify;\"><strong>MODALIT\u00c0 DI PAGAMENTO<\/strong><\/p>\n<div class=\"entry-content\" style=\"text-align: justify;\">\n<div class=\"entry-content\">\n<ul>\n<li>BONIFICO per ogni passaporto<\/li>\n<li>Nome Conto:<strong> CONSULATE GENERAL OF ITALY IN LONDON<\/strong><\/li>\n<li>Numero: <strong>11910468<\/strong><\/li>\n<li>Sort code: <strong>30-91-37<\/strong><\/li>\n<li>Importo: <a href=\"https:\/\/conslondra.esteri.it\/it\/info-utili\/tariffe-consolari\/\">Tariffe consolari<\/a><\/li>\n<li>Causale: verificare quale sia la causale nell\u2019ultima email di conferma appuntamento che vi \u00e8 stata inviata.<\/li>\n<\/ul>\n<div class=\"entry-content\">\n<div class=\"entry-content\">\n<p>Si ricorda che il bonifico dovr\u00e0 risultare accreditato entro la data riportata nella mail di conferma. Si consiglia il bonifico ad accredito immediato.<\/p>\n<p><strong>L\u2019utenza dovr\u00e0 presentarsi il giorno dell\u2019appuntamento con l\u2019attestazione\/ricevuta bancaria STAMPATA di avvenuto bonifico. In caso contrario, il servizio NON sar\u00e0 garantito.<\/strong><\/p>\n<\/div>\n<\/div>\n<p>&nbsp;<\/p>\n<\/div>\n<\/div>\n<hr \/>\n<p>&nbsp;<\/p>\n<p style=\"text-align: justify;\"><strong>DOCUMENTAZIONE DA PRESENTARE ALL\u2019APPUNTAMENTO POMERIDIANO<\/strong><\/p>\n<ul style=\"text-align: justify;\">\n<li><b>Copia stampata del bonifico bancario.<\/b> Verificare l&#8217;importo qui: <a href=\"https:\/\/conslondra.esteri.it\/info-utili\/tariffe-consolari\/\">Tariffe Consolari<\/a><\/li>\n<li><strong>Busta raccomandata SPECIAL DELIVERY<\/strong> (fino a 500gr) preaffrancata (con francobollo non annullato da una data specifica) \u00a0acquistabile presso qualsiasi ufficio postale, per la spedizione del nuovo passaporto e la restituzione di quello precedente. Si raccomanda di segnare il codice presente sulla busta per il tracciamento della spedizione.<\/li>\n<li><strong>Modulo di richiesta\u00a0<a href=\"https:\/\/conslondra.esteri.it\/info-utili\/modulistica\/modulistica-passaporti\/\">MOD2<\/a><\/strong> stampato, accuratamente compilato e <a href=\"https:\/\/conslondra.esteri.it\/servizi-consolari-e-visti\/servizi-per-il-cittadino\/passaporti-e-servizi\/autentica-di-firma-e-foto-per-passaporti\/\">firmato da entrambi i genitori<\/a> (le firme devono corrispondere a quelle riportate sul documento allegato);<\/li>\n<li><strong>Se<\/strong><strong>\u00a0uno dei genitori \u00e8 cittadino extra UE<\/strong>\u00a0seguire le modalit\u00e0 indicate nella\u00a0<a href=\"https:\/\/conslondra.esteri.it\/it\/servizi-consolari-e-visti\/servizi-per-il-cittadino-italiano\/passaporti-e-servizi\/autentica-di-firma-e-foto-per-passaporti\/\">pagina specifica<\/a>;<\/li>\n<li><strong>3 fotografie in formato tessera<\/strong>, identiche e acquisite da non oltre 6 mesi, conformi agli\u00a0<a href=\"https:\/\/conslondra.esteri.it\/wp-content\/uploads\/2022\/08\/photograph_guidelines_it.pdf\">standard internazionali ICAO<\/a>\u00a0(sfondo bianco e NO USB);<\/li>\n<li><strong>Documento di riconoscimento di entrambi i genitori in corso di validit\u00e0 e originali:<\/strong> solo passaporto o carta identit\u00e0 italiana;<\/li>\n<li><strong>Precedente passaporto italiano del minore<\/strong> anche se scaduto o deteriorato. In mancanza, carta d\u2019identit\u00e0 italiana o passaporto straniero originale in corso di validit\u00e0. Si segnala che il passaporto precedente verr\u00e0 trattenuto dall\u2019Ufficio per la revoca e poi spedito al titolare insieme al nuovo;<\/li>\n<li><strong>In caso di furto del passaporto del minore:<\/strong>\u00a0denuncia delle autorit\u00e0 locali, anche online, <strong>e compilazione<\/strong> del formulario di denuncia di smarrimento\u00a0<a href=\"https:\/\/conslondra.esteri.it\/info-utili\/modulistica\/modulistica-passaporti\/\">ETD2<\/a>;<\/li>\n<li><strong>In caso di precedente passaporto del minore scaduto da pi\u00f9 di 10 anni oppure il minore non \u00e8 pi\u00f9 riconoscibili dalla foto: <\/strong>carta d\u2019identit\u00e0 italiana o passaporto straniero originale in corso di validit\u00e0 del minore (la patente di guida, residence card o Oyster card non sono accettate).<\/li>\n<\/ul>\n<p>&nbsp;<\/p>\n<hr \/>\n<p>&nbsp;<\/p>\n<p style=\"text-align: justify;\"><strong>Nel caso in cui non fosse possibile ottenere l\u2019assenso dell\u2019altro genitore, <\/strong>l\u2019interessato \u00e8 invitato a contattare l\u2019Ufficio di Assistenza sociale, scrivendo una email all\u2019indirizzo <a href=\"mailto:sociale.londra@esteri.it\">sociale.londra@esteri.it<\/a><\/p>\n<ul style=\"text-align: justify;\">\n<li>Solo se i minori sono residenti e iscritti nella <a href=\"https:\/\/conslondra.esteri.it\/it\/chi-siamo\/la-rete-consolare\/\">circoscrizione di Londra<\/a>;<\/li>\n<li>Il procedimento prevede colloqui individuali con entrambi i genitori e un\u2019audizione degli stessi in persona dal Giudice Tutelare, incluso il minore con capacit\u00e0 di discernimento;<\/li>\n<li>All\u2019istanza si applica una <u><a href=\"https:\/\/conslondra.esteri.it\/it\/info-utili\/tariffe-consolari\/\">tariffa consolare<\/a><\/u> (art. 31);<\/li>\n<li>Non sussiste un termine ordinatorio per l\u2019emanazione di un Decreto Consolare e pertanto i tempi del procedimento non possono essere determinati in anticipo, in quanto soggetti all\u2019esaurimento di tutte le fasi procedurali previste dalla normativa vigente.<\/li>\n<\/ul>\n<p>&nbsp;<\/p>\n<hr \/>\n<p>&nbsp;<\/p>\n<p style=\"text-align: justify;\"><strong>In caso di morte di uno dei genitori<\/strong><\/p>\n<ul style=\"text-align: justify;\">\n<li style=\"text-align: justify;\">Sar\u00e0 necessario presentare il certificato di morte originale, apostillato e tradotto secondo le modalit\u00e0\u00a0<a href=\"https:\/\/conslondra.esteri.it\/it\/servizi-consolari-e-visti\/servizi-per-il-cittadino-italiano\/assistenza-ai-cittadini-allestero\/registrare-un-certificato-di-morte-britannico-in-italia\/\">qui<\/a>\u00a0descritte (solo se non \u00e8 stato gi\u00e0 registrato presso il proprio Comune di riferimento in Italia).<\/li>\n<\/ul>\n<p>&nbsp;<\/p>\n<p style=\"text-align: right;\"><a href=\"https:\/\/conslondra.esteri.it\/it\/servizi-consolari-e-visti\/servizi-per-il-cittadino-italiano\/passaporti-e-servizi\/\">Torna ai passaporti<\/a><\/p>\n","protected":false},"excerpt":{"rendered":"ATTENZIONE: le indicazioni relative all\u2019orario e alle modalit\u00e0 di rilascio e di pagamento sono valide per appuntamenti fino al 3 maggio. Le istruzioni per gli appuntamenti presi per le date successive verranno comunicate agli interessati via email e inserite nei futuri aggiornamenti della pagina web. PREREQUISITI Il minore deve essere registrato all&#8217;AIRE nella circoscrizione Consolare [&hellip;]","protected":false},"author":15,"featured_media":0,"parent":156,"menu_order":0,"comment_status":"closed","ping_status":"closed","template":"","meta":{"footnotes":""},"class_list":["post-5305","page","type-page","status-publish","hentry"],"_links":{"self":[{"href":"https:\/\/conslondra.esteri.it\/it\/wp-json\/wp\/v2\/pages\/5305","targetHints":{"allow":["GET"]}}],"collection":[{"href":"https:\/\/conslondra.esteri.it\/it\/wp-json\/wp\/v2\/pages"}],"about":[{"href":"https:\/\/conslondra.esteri.it\/it\/wp-json\/wp\/v2\/types\/page"}],"author":[{"embeddable":true,"href":"https:\/\/conslondra.esteri.it\/it\/wp-json\/wp\/v2\/users\/15"}],"replies":[{"embeddable":true,"href":"https:\/\/conslondra.esteri.it\/it\/wp-json\/wp\/v2\/comments?post=5305"}],"version-history":[{"count":8,"href":"https:\/\/conslondra.esteri.it\/it\/wp-json\/wp\/v2\/pages\/5305\/revisions"}],"predecessor-version":[{"id":17883,"href":"https:\/\/conslondra.esteri.it\/it\/wp-json\/wp\/v2\/pages\/5305\/revisions\/17883"}],"up":[{"embeddable":true,"href":"https:\/\/conslondra.esteri.it\/it\/wp-json\/wp\/v2\/pages\/156"}],"wp:attachment":[{"href":"https:\/\/conslondra.esteri.it\/it\/wp-json\/wp\/v2\/media?parent=5305"}],"curies":[{"name":"wp","href":"https:\/\/api.w.org\/{rel}","templated":true}]}}