{"id":5312,"date":"2023-08-31T12:20:15","date_gmt":"2023-08-31T10:20:15","guid":{"rendered":"https:\/\/conslondra.esteri.it\/?page_id=5312"},"modified":"2025-07-12T10:29:42","modified_gmt":"2025-07-12T08:29:42","slug":"passaporto-per-maggiorenni-appuntamento-mattutino","status":"publish","type":"page","link":"https:\/\/conslondra.esteri.it\/it\/servizi-consolari-e-visti\/servizi-per-il-cittadino-italiano\/passaporti-e-servizi\/passaporto-per-maggiorenni-appuntamento-mattutino\/","title":{"rendered":"Passaporto per maggiorenni (appuntamento mattutino)"},"content":{"rendered":"<div class=\"entry-content\">\n<p><strong>PREREQUISITO:<\/strong><\/p>\n<p>&nbsp;<\/p>\n<\/div>\n<ul>\n<li class=\"entry-content\">L&#8217;interessato deve essere iscritto all&#8217;AIRE nella circoscrizione Consolare di Londra;<\/li>\n<li class=\"entry-content\">Il certificato di nascita o il decreto\/sentenza di cittadinanza, deve essere gi\u00e0 stato registrato con il Consolato o con il Comune in Italia.<\/li>\n<\/ul>\n<p>&nbsp;<\/p>\n<hr \/>\n<p>&nbsp;<\/p>\n<p><strong>COME PRENOTARE UN APPUNTAMENTO:<\/strong><\/p>\n<ul>\n<li>Leggere <a href=\"https:\/\/conslondra.esteri.it\/it\/servizi-consolari-e-visti\/servizi-per-il-cittadino-italiano\/passaporti-e-servizi\/informazioni-generali-passaporti\/come-prenotare-un-appuntamento-per-il-rilascio-del-passaporto\/\">qui<\/a>.<\/li>\n<\/ul>\n<p>&nbsp;<\/p>\n<hr \/>\n<p>&nbsp;<\/p>\n<p><strong>MODALIT\u00c0 DI ACCESSO IN CONSOLATO:<\/strong><\/p>\n<ul>\n<li>Solo il giorno dell&#8217;appuntamento <strong>dalle ore 09:00 alle ore 12:00<\/strong>.<br \/>\nLeggere <a href=\"https:\/\/conslondra.esteri.it\/it\/chi-siamo\/gli-uffici\/modalita-acccesso-consolato\/\">qui<\/a> le modalit\u00e0 di accesso e gli oggetti non consentiti in Consolato.<\/li>\n<\/ul>\n<p>&nbsp;<\/p>\n<hr \/>\n<div class=\"entry-content\">\n<p>&nbsp;<\/p>\n<p><strong>MODALIT\u00c0 DI RILASCIO:<\/strong><\/p>\n<ul>\n<li>Il rilascio del passaporto \u00e8 normalmente a vista in assenza di cause ostative.<\/li>\n<\/ul>\n<p>&nbsp;<\/p>\n<\/div>\n<hr \/>\n<p>&nbsp;<\/p>\n<p><strong>MODALIT\u00c0 DI PAGAMENTO:<\/strong><\/p>\n<ul>\n<li style=\"text-align: justify;\"><strong>DEBIT CARD<\/strong> emessa da un istituto bancario britannico (NON SONO ACCETTATI PAGAMENTI CONTACTLESS, CREDIT CARD, AMEX, APPLE PAY, GOOGLE PAY). Verificare l\u2019importo aggiornato qui: <a href=\"https:\/\/conslondra.esteri.it\/info-utili\/tariffe-consolari\/\">Tariffe Consolari.<\/a><\/li>\n<\/ul>\n<p>&nbsp;<\/p>\n<hr \/>\n<p>&nbsp;<\/p>\n<div class=\"entry-content\">\n<p><strong>DOCUMENTAZIONE DA PRESENTARE ALL&#8217;APPUNTAMENTO:<\/strong><\/p>\n<ul>\n<li style=\"text-align: justify;\">Occorre presentarsi allo sportello con i moduli gi\u00e0 compilati e firmati. Si informa che, in mancanza di quanto richiesto in base alla normativa vigente, le domande di rilascio passaporti verranno respinte.<\/li>\n<\/ul>\n<p>&nbsp;<\/p>\n<hr \/>\n<p>&nbsp;<\/p>\n<p><strong>CHECKLIST:<\/strong><\/p>\n<ul>\n<li><strong>DEBIT CARD<\/strong> emessa da un istituto bancario britannico (NON SONO ACCETTATI PAGAMENTI CONTACTLESS, CREDIT CARD, AMEX, APPLE PAY, GOOGLE PAY);<\/li>\n<li style=\"text-align: justify;\"><strong>Modulo di richiesta<\/strong>\u00a0<a href=\"https:\/\/conslondra.esteri.it\/info-utili\/modulistica\/modulistica-passaporti\/\">MOD1<\/a> stampato e correttamente compilato;<\/li>\n<li style=\"text-align: justify;\"><strong>2 fotografie<\/strong> formato tessera identiche e recenti (acquisite da non oltre 6 mesi) conformi agli <a href=\"https:\/\/conslondra.esteri.it\/wp-content\/uploads\/2022\/08\/photograph_guidelines_it.pdf\">standard internazionali ICAO<\/a> (sfondo bianco e NO USB);<\/li>\n<li style=\"text-align: justify;\"><strong>Precedente passaporto italiano <\/strong>anche se scaduto o deteriorato. In mancanza, carta d\u2019identit\u00e0 italiana o passaporto straniero originale in corso di validit\u00e0 (la patente di guida, residence card o Oyster card non sono accettate);<\/li>\n<li style=\"text-align: justify;\"><strong>In caso di furto del passaporto: <\/strong>denuncia delle autorit\u00e0 locali, anche online, <strong>e compilazione<\/strong> del formulario di denuncia di smarrimento\u00a0<a href=\"https:\/\/conslondra.esteri.it\/info-utili\/modulistica\/modulistica-passaporti\/\">DEN1<\/a>;<\/li>\n<li style=\"text-align: justify;\"><strong>In caso di precedente passaporto scaduto da pi\u00f9 di 10 anni oppure non si \u00e8 pi\u00f9 riconoscibili dalla foto:<\/strong> carta d\u2019identit\u00e0 italiana o passaporto straniero originale in corso di validit\u00e0 (la patente di guida, residence card o Oyster card non sono accettate);<\/li>\n<li style=\"text-align: justify;\"><strong>In caso di richiesta di primo passaporto:<\/strong> carta d\u2019identit\u00e0 italiana o passaporto straniero originale in corso di validit\u00e0 (la patente di guida, residence card o Oyster card non sono accettate).<\/li>\n<\/ul>\n<\/div>\n<p>&nbsp;<\/p>\n<hr \/>\n<p>&nbsp;<\/p>\n<p><strong>AGGIUNTA COGNOME CONIUGE:<\/strong><\/p>\n<div class=\"entry-content\">\n<ul>\n<li style=\"text-align: justify;\">La donna italiana legalmente coniugata, conserva il proprio cognome da nubile nel passaporto e negli altri documenti. Pu\u00f2 comunque richiedere (ma non \u00e8 obbligatorio) che sia aggiunto il cognome da coniugata mediante un&#8217;annotazione nella pagina 4 del passaporto.<br \/>\nPer procedere in tal senso per\u00f2, <strong>il certificato di matrimonio deve essere stato gi\u00e0 trascritto in Italia<\/strong>.<br \/>\nQualora il matrimonio non fosse stato ancora registrato, si dovr\u00e0 pertanto prima richiedere la trascrizione dell\u2019atto tramite l\u2019Ufficio Stato Civile di questo Consolato seguendo queste <a href=\"https:\/\/conslondra.esteri.it\/it\/servizi-consolari-e-visti\/servizi-per-il-cittadino-italiano\/stato-civile\/per-registrare-i-certificati-di-matrimonio\">indicazioni<\/a>.<\/li>\n<\/ul>\n<p>&nbsp;<\/p>\n<\/div>\n<p>&nbsp;<\/p>\n<div class=\"entry-content\">\n<p style=\"text-align: right;\"><a href=\"https:\/\/conslondra.esteri.it\/it\/servizi-consolari-e-visti\/servizi-per-il-cittadino-italiano\/passaporti-e-servizi\/\">Torna ai passaporti<\/a><\/p>\n<\/div>\n","protected":false},"excerpt":{"rendered":"PREREQUISITO: &nbsp; L&#8217;interessato deve essere iscritto all&#8217;AIRE nella circoscrizione Consolare di Londra; Il certificato di nascita o il decreto\/sentenza di cittadinanza, deve essere gi\u00e0 stato registrato con il Consolato o con il Comune in Italia. &nbsp; &nbsp; COME PRENOTARE UN APPUNTAMENTO: Leggere qui. &nbsp; &nbsp; MODALIT\u00c0 DI ACCESSO IN CONSOLATO: Solo il giorno dell&#8217;appuntamento dalle [&hellip;]","protected":false},"author":15,"featured_media":0,"parent":156,"menu_order":0,"comment_status":"closed","ping_status":"closed","template":"","meta":{"footnotes":""},"class_list":["post-5312","page","type-page","status-publish","hentry"],"_links":{"self":[{"href":"https:\/\/conslondra.esteri.it\/it\/wp-json\/wp\/v2\/pages\/5312","targetHints":{"allow":["GET"]}}],"collection":[{"href":"https:\/\/conslondra.esteri.it\/it\/wp-json\/wp\/v2\/pages"}],"about":[{"href":"https:\/\/conslondra.esteri.it\/it\/wp-json\/wp\/v2\/types\/page"}],"author":[{"embeddable":true,"href":"https:\/\/conslondra.esteri.it\/it\/wp-json\/wp\/v2\/users\/15"}],"replies":[{"embeddable":true,"href":"https:\/\/conslondra.esteri.it\/it\/wp-json\/wp\/v2\/comments?post=5312"}],"version-history":[{"count":8,"href":"https:\/\/conslondra.esteri.it\/it\/wp-json\/wp\/v2\/pages\/5312\/revisions"}],"predecessor-version":[{"id":14747,"href":"https:\/\/conslondra.esteri.it\/it\/wp-json\/wp\/v2\/pages\/5312\/revisions\/14747"}],"up":[{"embeddable":true,"href":"https:\/\/conslondra.esteri.it\/it\/wp-json\/wp\/v2\/pages\/156"}],"wp:attachment":[{"href":"https:\/\/conslondra.esteri.it\/it\/wp-json\/wp\/v2\/media?parent=5312"}],"curies":[{"name":"wp","href":"https:\/\/api.w.org\/{rel}","templated":true}]}}