{"id":5325,"date":"2023-08-31T12:42:34","date_gmt":"2023-08-31T10:42:34","guid":{"rendered":"https:\/\/conslondra.esteri.it\/?page_id=5325"},"modified":"2026-01-23T11:08:19","modified_gmt":"2026-01-23T10:08:19","slug":"passaporto-per-maggiorenni-appuntamento-pomeridiano-rilascio-del-passaporto-non-a-vista","status":"publish","type":"page","link":"https:\/\/conslondra.esteri.it\/it\/servizi-consolari-e-visti\/servizi-per-il-cittadino-italiano\/passaporti-e-servizi\/passaporto-per-maggiorenni-appuntamento-pomeridiano-rilascio-del-passaporto-non-a-vista\/","title":{"rendered":"Passaporto per maggiorenni (appuntamento pomeridiano)"},"content":{"rendered":"<header class=\"entry-header\"><\/header>\n<div class=\"entry-content\" style=\"text-align: justify;\">\n<div>\n<p><span style=\"color: #ff0000;\">ATTENZIONE: le indicazioni relative all&#8217;orario e alle modalit\u00e0 di rilascio e di pagamento sono valide per appuntamenti fino al 3 maggio. <\/span><\/p>\n<p><span style=\"color: #ff0000;\">Le istruzioni per gli appuntamenti presi per le date successive verranno comunicate agli interessati via email e inserite nei futuri aggiornamenti della pagina web.<\/span><\/p>\n<\/div>\n<div class=\"entry-content\"><strong>PREREQUISITO<\/strong><\/div>\n<\/div>\n<div class=\"entry-content\" style=\"text-align: justify;\">\n<div class=\"entry-content\">\n<ul>\n<li>L&#8217;interessato deve essere iscritto all&#8217;AIRE nella circoscrizione Consolare di Londra;<\/li>\n<li>Il certificato di nascita deve essere gi\u00e0 stato registrato con il Consolato o con il Comune in Italia.<\/li>\n<\/ul>\n<p>&nbsp;<\/p>\n<hr \/>\n<p>&nbsp;<\/p>\n<p><strong>COME PRENOTARE UN APPUNTAMENTO<\/strong><\/p>\n<ul>\n<li>Leggere <a href=\"https:\/\/conslondra.esteri.it\/it\/servizi-consolari-e-visti\/servizi-per-il-cittadino-italiano\/passaporti-e-servizi\/informazioni-generali-passaporti\/come-prenotare-un-appuntamento-per-il-rilascio-del-passaporto\/\"><strong>qui<\/strong><\/a>.<\/li>\n<\/ul>\n<p>&nbsp;<\/p>\n<hr \/>\n<p>&nbsp;<\/p>\n<p><strong>MODALIT\u00c0 DI ACCESSO IN CONSOLATO<\/strong><\/p>\n<ul>\n<li>Solo il giorno dell&#8217;appuntamento <strong>dalle ore 14:00 alle ore 16:00<\/strong>.<br \/>\nLeggere <a href=\"https:\/\/conslondra.esteri.it\/it\/chi-siamo\/gli-uffici\/modalita-acccesso-consolato\/\"><strong>qui<\/strong><\/a> le modalit\u00e0 di accesso e gli oggetti non consentiti in Consolato.<\/li>\n<\/ul>\n<p>&nbsp;<\/p>\n<hr \/>\n<p>&nbsp;<\/p>\n<p><strong>MODALIT\u00c0 DI RILASCIO<\/strong><\/p>\n<ul>\n<li>Il rilascio del passaporto non \u00e8 a vista ma sar\u00e0 spedito all&#8217;indirizzo indicato sulla busta.<br \/>\n<strong>I tempi di spedizione sono di circa 2 settimane <\/strong>(le tempistiche indicate sono orientative e soggette a variazione).<\/li>\n<\/ul>\n<p>&nbsp;<\/p>\n<\/div>\n<\/div>\n<hr \/>\n<p>&nbsp;<\/p>\n<p style=\"text-align: justify;\"><strong>MODALIT\u00c0 DI PAGAMENTO<\/strong><\/p>\n<div class=\"entry-content\" style=\"text-align: justify;\">\n<div class=\"entry-content\">\n<ul>\n<li>BONIFICO per ogni passaporto<\/li>\n<li>Nome Conto:<strong> CONSULATE GENERAL OF ITALY IN LONDON<\/strong><\/li>\n<li>Numero: <strong>11910468<\/strong><\/li>\n<li>Sort code: <strong>30-91-37<\/strong><\/li>\n<li>Importo: <a href=\"https:\/\/conslondra.esteri.it\/it\/info-utili\/tariffe-consolari\/\">Tariffe consolari<\/a><\/li>\n<li>Causale: verificare quale sia la causale nell&#8217;ultima email di conferma appuntamento che vi \u00e8 stata inviata.<\/li>\n<\/ul>\n<p>Si ricorda che il bonifico dovr\u00e0 risultare accreditato entro la data riportata nella mail di conferma. Si consiglia il bonifico ad accredito immediato.<\/p>\n<p><strong>L\u2019utenza dovr\u00e0 presentarsi il giorno dell\u2019appuntamento con l\u2019attestazione\/ricevuta bancaria STAMPATA di avvenuto bonifico. In caso contrario, il servizio NON sar\u00e0 garantito.<\/strong><\/p>\n<p>&nbsp;<\/p>\n<\/div>\n<\/div>\n<p style=\"text-align: justify;\"><strong>ATTENZIONE<br \/>\n<\/strong><br \/>\nQuesta modalit\u00e0 di pagamento <strong>\u00e8 riservata<\/strong> esclusivamente ai possessori di appuntamento pomeridiano prenotato tramite il portale <a href=\"https:\/\/prenotami.esteri.it\/\">Prenot@mi<\/a> di questo Consolato oppure tramite il <a href=\"https:\/\/conslondra.esteri.it\/it\/info-utili\/prenota-lappuntamento\/prenotazione-telefonica-solo-per-passaporti\/\">Call Center<\/a> di questo Consolato.<\/p>\n<p style=\"text-align: justify;\">Il bonifico <strong>non \u00e8 consentito<\/strong> per i servizi WALK-IN.<br \/>\nIl bonifico <strong>non \u00e8 consentito<\/strong> se procedete tramite Agenzie Consolari Onorarie tipo Bedford, Bristol, Cardiff, Peterborough.<br \/>\nIl bonifico <strong>non \u00e8 consentito<\/strong> se procedete tramite Patronati (INAS, INCA, CGIL, ITAL, ACLI, COMITES).<\/p>\n<p>&nbsp;<\/p>\n<hr \/>\n<div class=\"entry-content\" style=\"text-align: justify;\">\n<div class=\"entry-content\">\n<p>&nbsp;<\/p>\n<p><strong>DOCUMENTAZIONE DA PRESENTARE ALL&#8217;APPUNTAMENTO<\/strong><\/p>\n<ul>\n<li><b>Copia stampata del bonifico bancario.<\/b> Verificare l\u2019importo qui: <a href=\"https:\/\/conslondra.esteri.it\/info-utili\/tariffe-consolari\/\">Tariffe Consolari<\/a><\/li>\n<li style=\"text-align: justify;\"><strong>Busta raccomandata SPECIAL DELIVERY<\/strong> (fino a 500gr) preaffrancata (con francobollo non annullato da una data specifica) acquistabile presso qualsiasi ufficio postale, per la spedizione del nuovo passaporto e la restituzione di quello precedente. Si raccomanda di segnare il codice presente sulla busta per il tracciamento della spedizione;<\/li>\n<li style=\"text-align: justify;\"><strong>Modulo di richiesta<\/strong>\u00a0<a href=\"https:\/\/conslondra.esteri.it\/info-utili\/modulistica\/modulistica-passaporti\/\"><strong>MOD1<\/strong><\/a> stampato e correttamente compilato;<\/li>\n<li style=\"text-align: justify;\"><strong>2 fotografie<\/strong> formato tessera identiche e recenti (acquisite da non oltre 6 mesi) conformi agli <a href=\"https:\/\/conslondra.esteri.it\/wp-content\/uploads\/2022\/08\/photograph_guidelines_it.pdf\">standard internazionali ICAO<\/a>. Sfondo bianco e NO USB;<\/li>\n<li><strong>Precedente passaporto<\/strong> <strong>italiano<\/strong> anche se scaduto o deteriorato. In mancanza: carta d\u2019identit\u00e0 italiana o passaporto straniero originale in corso di validit\u00e0 (la patente di guida, residence card o Oyster card non sono accettate). Si segnala che il passaporto precedente verr\u00e0 trattenuto dall\u2019Ufficio per la revoca e poi spedito al titolare insieme al nuovo;<\/li>\n<li style=\"text-align: justify;\"><strong>In caso di furto del passaporto:<\/strong> denuncia delle autorit\u00e0 locali, anche online,\u00a0<strong>e compilazione<\/strong>\u00a0del formulario di denuncia di smarrimento <a href=\"https:\/\/conslondra.esteri.it\/info-utili\/modulistica\/modulistica-passaporti\/\">DEN1<\/a>;<\/li>\n<li style=\"text-align: justify;\"><strong>In caso di precedente passaporto scaduto da pi\u00f9 di 10 anni oppure non si \u00e8 pi\u00f9 riconoscibili dalla foto:<\/strong> carta d\u2019identit\u00e0 italiana o passaporto straniero originale in corso di validit\u00e0 (la patente di guida, residence card o Oyster card non sono accettate);<\/li>\n<li style=\"text-align: justify;\"><strong>In caso di richiesta di primo passaporto:<\/strong> carta d\u2019identit\u00e0 italiana o passaporto straniero originale in corso di validit\u00e0 (la patente di guida, residence card o Oyster card non sono accettate).<\/li>\n<\/ul>\n<p>&nbsp;<\/p>\n<hr \/>\n<p>&nbsp;<\/p>\n<p><strong>AGGIUNTA COGNOME CONIUGE<\/strong><\/p>\n<div class=\"entry-content\">\n<ul>\n<li style=\"text-align: justify;\">La donna italiana legalmente coniugata, conserva il proprio cognome da nubile nel passaporto e negli altri documenti. Pu\u00f2 comunque richiedere (ma non \u00e8 obbligatorio) che sia aggiunto il cognome da coniugata mediante un&#8217;annotazione nella pagina 4 del passaporto.<br \/>\nPer procedere in tal senso per\u00f2, <strong>il certificato di matrimonio deve essere stato gi\u00e0 trascritto in Italia<\/strong>.<br \/>\nQualora il matrimonio non fosse stato ancora registrato, si dovr\u00e0 pertanto prima richiedere la trascrizione dell\u2019atto tramite l\u2019Ufficio Stato Civile di questo Consolato seguendo queste <a href=\"https:\/\/conslondra.esteri.it\/it\/servizi-consolari-e-visti\/servizi-per-il-cittadino-italiano\/stato-civile\/per-registrare-i-certificati-di-matrimonio\">indicazioni<\/a>.<\/li>\n<\/ul>\n<\/div>\n<\/div>\n<\/div>\n<div class=\"entry-content\">\n<div class=\"entry-content\">\n<p style=\"text-align: right;\"><a class=\"focus--mouse\" href=\"https:\/\/conslondra.esteri.it\/it\/servizi-consolari-e-visti\/servizi-per-il-cittadino-italiano\/passaporti-e-servizi\/\" data-focus-mouse=\"true\">Torna ai passaporti<\/a><\/p>\n<\/div>\n<\/div>\n","protected":false},"excerpt":{"rendered":"ATTENZIONE: le indicazioni relative all&#8217;orario e alle modalit\u00e0 di rilascio e di pagamento sono valide per appuntamenti fino al 3 maggio. Le istruzioni per gli appuntamenti presi per le date successive verranno comunicate agli interessati via email e inserite nei futuri aggiornamenti della pagina web. PREREQUISITO L&#8217;interessato deve essere iscritto all&#8217;AIRE nella circoscrizione Consolare di [&hellip;]","protected":false},"author":15,"featured_media":0,"parent":156,"menu_order":0,"comment_status":"closed","ping_status":"closed","template":"","meta":{"footnotes":""},"class_list":["post-5325","page","type-page","status-publish","hentry"],"_links":{"self":[{"href":"https:\/\/conslondra.esteri.it\/it\/wp-json\/wp\/v2\/pages\/5325","targetHints":{"allow":["GET"]}}],"collection":[{"href":"https:\/\/conslondra.esteri.it\/it\/wp-json\/wp\/v2\/pages"}],"about":[{"href":"https:\/\/conslondra.esteri.it\/it\/wp-json\/wp\/v2\/types\/page"}],"author":[{"embeddable":true,"href":"https:\/\/conslondra.esteri.it\/it\/wp-json\/wp\/v2\/users\/15"}],"replies":[{"embeddable":true,"href":"https:\/\/conslondra.esteri.it\/it\/wp-json\/wp\/v2\/comments?post=5325"}],"version-history":[{"count":8,"href":"https:\/\/conslondra.esteri.it\/it\/wp-json\/wp\/v2\/pages\/5325\/revisions"}],"predecessor-version":[{"id":17290,"href":"https:\/\/conslondra.esteri.it\/it\/wp-json\/wp\/v2\/pages\/5325\/revisions\/17290"}],"up":[{"embeddable":true,"href":"https:\/\/conslondra.esteri.it\/it\/wp-json\/wp\/v2\/pages\/156"}],"wp:attachment":[{"href":"https:\/\/conslondra.esteri.it\/it\/wp-json\/wp\/v2\/media?parent=5325"}],"curies":[{"name":"wp","href":"https:\/\/api.w.org\/{rel}","templated":true}]}}