{"id":5501,"date":"2023-09-12T15:01:32","date_gmt":"2023-09-12T13:01:32","guid":{"rendered":"https:\/\/conslondra.esteri.it\/?page_id=5501"},"modified":"2024-10-22T13:04:04","modified_gmt":"2024-10-22T11:04:04","slug":"validita-del-passaporto","status":"publish","type":"page","link":"https:\/\/conslondra.esteri.it\/it\/servizi-consolari-e-visti\/servizi-per-il-cittadino-italiano\/passaporti-e-servizi\/informazioni-generali-passaporti\/validita-del-passaporto\/","title":{"rendered":"Validit\u00e0 del passaporto"},"content":{"rendered":"<p>Il passaporto biometrico \u00e8 un documento di identit\u00e0 provvisto di microchip all\u2019interno del quale, oltre ai dati anagrafici, sono memorizzate anche la foto e le impronte digitali del titolare.<\/p>\n<p>Validit\u00e0 del passaporto biometrico:<\/p>\n<ul>\n<li>3 anni per i minori di et\u00e0 inferiore a 3 anni;<\/li>\n<li>5 anni per i minori dai 3 anni fino ai 17 anni;<\/li>\n<li>10 anni per i maggiorenni (dai 18 anni compiuti).<\/li>\n<\/ul>\n<p>&nbsp;<\/p>\n<p style=\"text-align: right;\"><a href=\"https:\/\/conslondra.esteri.it\/it\/servizi-consolari-e-visti\/servizi-per-il-cittadino-italiano\/passaporti-e-servizi\/\">Torna ai passaporti<\/a><\/p>\n","protected":false},"excerpt":{"rendered":"Il passaporto biometrico \u00e8 un documento di identit\u00e0 provvisto di microchip all\u2019interno del quale, oltre ai dati anagrafici, sono memorizzate anche la foto e le impronte digitali del titolare. Validit\u00e0 del passaporto biometrico: 3 anni per i minori di et\u00e0 inferiore a 3 anni; 5 anni per i minori dai 3 anni fino ai 17 [&hellip;]","protected":false},"author":15,"featured_media":0,"parent":340,"menu_order":0,"comment_status":"closed","ping_status":"closed","template":"","meta":{"footnotes":""},"class_list":["post-5501","page","type-page","status-publish","hentry"],"_links":{"self":[{"href":"https:\/\/conslondra.esteri.it\/it\/wp-json\/wp\/v2\/pages\/5501","targetHints":{"allow":["GET"]}}],"collection":[{"href":"https:\/\/conslondra.esteri.it\/it\/wp-json\/wp\/v2\/pages"}],"about":[{"href":"https:\/\/conslondra.esteri.it\/it\/wp-json\/wp\/v2\/types\/page"}],"author":[{"embeddable":true,"href":"https:\/\/conslondra.esteri.it\/it\/wp-json\/wp\/v2\/users\/15"}],"replies":[{"embeddable":true,"href":"https:\/\/conslondra.esteri.it\/it\/wp-json\/wp\/v2\/comments?post=5501"}],"version-history":[{"count":5,"href":"https:\/\/conslondra.esteri.it\/it\/wp-json\/wp\/v2\/pages\/5501\/revisions"}],"predecessor-version":[{"id":11478,"href":"https:\/\/conslondra.esteri.it\/it\/wp-json\/wp\/v2\/pages\/5501\/revisions\/11478"}],"up":[{"embeddable":true,"href":"https:\/\/conslondra.esteri.it\/it\/wp-json\/wp\/v2\/pages\/340"}],"wp:attachment":[{"href":"https:\/\/conslondra.esteri.it\/it\/wp-json\/wp\/v2\/media?parent=5501"}],"curies":[{"name":"wp","href":"https:\/\/api.w.org\/{rel}","templated":true}]}}