{"id":5583,"date":"2023-09-13T13:42:30","date_gmt":"2023-09-13T11:42:30","guid":{"rendered":"https:\/\/conslondra.esteri.it\/?page_id=5583"},"modified":"2026-03-02T17:26:15","modified_gmt":"2026-03-02T16:26:15","slug":"come-prenotare-un-appuntamento-per-il-rilascio-del-passaporto","status":"publish","type":"page","link":"https:\/\/conslondra.esteri.it\/it\/servizi-consolari-e-visti\/servizi-per-il-cittadino-italiano\/passaporti-e-servizi\/informazioni-generali-passaporti\/come-prenotare-un-appuntamento-per-il-rilascio-del-passaporto\/","title":{"rendered":"Come prenotare un appuntamento per il rilascio del passaporto"},"content":{"rendered":"<p>Prima di prenotare un appuntamento deve accertarsi di essere iscritto all&#8217;<a href=\"https:\/\/conslondra.esteri.it\/servizi-consolari-e-visti\/servizi-per-il-cittadino\/aire\/\">AIRE<\/a> nella circoscrizione di Londra e verificare che l&#8217;indirizzo di residenza (visualizzabile su <a href=\"https:\/\/iam.esteri.it\/signin\/?realm=\/external&amp;goto=https%3A%2F%2Fiam.esteri.it%2Flogin%2Foauth2%2Fauthorize%3Fclient_id%3Dfastit-fe%26redirect_uri%3Dhttps%3A%2F%2Fserviziconsolari.esteri.it%2Fauth-callback%26response_type%3Dcode%26scope%3Dopenid%2520profile%2520email%2520phone%2520info%2520offline_access%26state%3Dc92b069ab6724312ad0ed4fadc94351f%26code_challenge%3DG9ozWNCHRxYlF63kicvCd8G4skXTnxANL7pwbLINXEM%26code_challenge_method%3DS256&amp;authIndexType=service&amp;authIndexValue=PlatformLogin#\/\">Fast It<\/a>) sia aggiornato.<\/p>\n<p>L&#8217;appuntamento si pu\u00f2 prenotare tramite:<\/p>\n<p style=\"text-align: justify;\"><strong>1. Portale<\/strong> <a href=\"https:\/\/prenotami.esteri.it\/\">Prenot@Mi<\/a>: \u00e8 necessario creare o avere un account e procedere con la prenotazione dell\u2019appuntamento. I dati dell&#8217;account Prenotami <span style=\"text-decoration: underline;\">devono corrispondere esattamente con i dati anagrafici del richiedente (cognome da nubile per le signore)<\/span>. La creazione dell&#8217;account \u00e8 riservata ai soli cittadini maggiorenni, mentre i minorenni rientrano nell&#8217;account del genitore\/tutore, figurando nella sezione &#8220;Dati richiedente aggiuntivo&#8221;. <span style=\"text-decoration: underline;\">Nuovi slot per le prenotazioni vengono pubblicati <strong>da domenica a gioved\u00ec alle 19.00<\/strong> (ora di Londra)<\/span>.\u00a0Per ulteriori informazioni <a href=\"https:\/\/conslondra.esteri.it\/it\/info-utili\/f-a-q\/faq-sistema-di-prenotazione\/\">cliccare qui<\/a>.<\/p>\n<p>&nbsp;<\/p>\n<p style=\"text-align: justify;\"><strong>2. <a href=\"https:\/\/conslondra.esteri.it\/it\/info-utili\/prenota-lappuntamento\/prenotazione-telefonica-solo-per-passaporti\/\">CALL CENTRE<\/a>:<\/strong> \u00e8 necessario creare o avere un account <a href=\"https:\/\/prenotami.esteri.it\/\">Prenot@mi<\/a> prima di chiamare il call centre. Il call centre risponde al numero <strong>020 3327 6290<\/strong> ed \u00e8 aperto <strong>dal luned\u00ec al venerd\u00ec dalle 8:15 alle 12.30<\/strong>. Si suggerisce di chiamare all&#8217;apertura del servizio e di ricorrere al call back al fine di scongiurare la possibilit\u00e0 che la linea cada durante l\u2019attesa. Il costo della chiamata da linea fissa o mobile dipende dal vostro piano tariffario. Per informazioni sul trattamento dei dati personali, cliccare <a href=\"https:\/\/conslondra.esteri.it\/wp-content\/uploads\/2022\/09\/trattamento_dei_dati_personali.pdf\">qui<\/a>.<\/p>\n<p>&nbsp;<\/p>\n<p style=\"text-align: justify;\"><strong>3. <a href=\"https:\/\/conslondra.esteri.it\/servizi-consolari-e-visti\/servizi-per-il-cittadino\/passaporti-e-servizi\/prenotazione-passaporto-tramite-gli-uffici-consolari-onorari\/\">Consolati Onorari<\/a> <\/strong>(Bedford, Bristol, Cardiff e Peterborough): l\u2019appuntamento \u00e8 finalizzato\u00a0<strong>esclusivamente <\/strong>all\u2019acquisizione dei dati biometrici del richiedente, alla consegna di tutta la relativa documentazione e destinato ai soli connazionali iscritti all\u2019AIRE nella circoscrizione Consolare di Londra.<br \/>\n<strong>Il passaporto non verr\u00e0 rilasciato a vista<\/strong> ma spedito successivamente al proprio domicilio.<\/p>\n<p>&nbsp;<\/p>\n<p style=\"text-align: justify;\"><strong>4. Patronati a Londra <\/strong>(ACLI, INAS-CISL, INCA\u2013CGIL e ITAL-UIL) e il <strong>COMITES<\/strong>: sul nostro sito \u00e8 sempre disponibile <a href=\"https:\/\/conslondra.esteri.it\/it\/news\/dal_consolato\/2024\/03\/continua-la-collaborazione-del-consolato-con-il-comites-e-i-patronati-nuove-date-appuntamenti-per-raccolta-impronte-passaporti\/\">un calendario di date<\/a>. Il servizio \u00e8 totalmente gratuito. <strong>AVVERTENZA:<\/strong> l\u2019appuntamento \u00e8 finalizzato\u00a0<strong>esclusivamente <\/strong>all\u2019acquisizione dei dati biometrici del richiedente, alla consegna di tutta la relativa documentazione e destinato ai connazionali iscritti all\u2019AIRE nella circoscrizione Consolare di Londra.<br \/>\n<strong>Il passaporto non verr\u00e0 rilasciato a vista<\/strong> ma spedito successivamente al proprio domicilio. Attualmente le tempistiche d\u2019attesa sono di circa 4 settimane.<\/p>\n<p>&nbsp;<\/p>\n<p><strong>5. CANALI AD HOC PER PASSAPORTO &#8211; SENZA APPUNTAMENTO<\/strong>. Verificare i requisiti ai rispettivi link:<\/p>\n<ul>\n<li><a href=\"https:\/\/conslondra.esteri.it\/it\/news\/dal_consolato\/2022\/10\/canale-dolce-attesa\/\">DOLCE ATTESA<\/a> per le\u00a0donne in stato di gravidanza: <strong>dal luned\u00ec al venerd\u00ec dalle 09:00 alle 12:00<\/strong>;<\/li>\n<li><a href=\"https:\/\/conslondra.esteri.it\/it\/news\/dal_consolato\/2022\/10\/silver-day-per-i-connazionali-over-70\/\">SILVER DAY<\/a> per le persone con\u00a0pi\u00f9 di 70 anni: <strong>dal luned\u00ec al venerd\u00ec dalle 09:00 alle 12:00<\/strong>;<\/li>\n<li><a href=\"https:\/\/conslondra.esteri.it\/it\/news\/dal_consolato\/2022\/10\/rinnovo-passaporto-per-persone-con-disabilita\/\">DISABILI<\/a>: <strong>dal luned\u00ec al venerd\u00ec dalle 09:00 alle 12:00<\/strong>;<\/li>\n<li><a href=\"https:\/\/conslondra.esteri.it\/it\/servizi-consolari-e-visti\/servizi-per-il-cittadino-italiano\/passaporti-e-servizi\/passaporto-per-minori-da-0-a-11-anni\/\">MINORI DA 0 A 11 ANNI<\/a><u>:<\/u> <strong>il luned\u00ec, marted\u00ec e gioved\u00ec dalle 15.00 alle 16.00 per autentica foto e\/o firma<\/strong>. Pratica postale;<\/li>\n<li><a href=\"https:\/\/conslondra.esteri.it\/it\/news\/dal_consolato\/2023\/01\/passaporti-nuovo-canale-walk-in-per-minori-di-eta-compresa-tra-12-e-17-anni\/\">MINORI DA 12 A 17 ANNI<\/a><strong>: ogni mercoled\u00ec e venerd\u00ec dalle 15:00 alle 16:00<\/strong>;<\/li>\n<li><a href=\"https:\/\/conslondra.esteri.it\/it\/servizi-consolari-e-visti\/servizi-per-il-cittadino-italiano\/passaporti-e-servizi\/procedure-per-il-rilascio-del-passaporto-di-urgenza-senza-appuntamento\/\">MOTIVI D\u2019URGENZA<\/a>: per comprovati motivi di salute o lavoro, <strong>dal luned\u00ec al venerd\u00ec dalle 09:00 alle 12:00<\/strong>.<\/li>\n<\/ul>\n<p>&nbsp;<\/p>\n<p>&nbsp;<\/p>\n<p style=\"text-align: justify;\"><strong>AVVERTENZA<\/strong><\/p>\n<p style=\"text-align: justify;\"><strong>A seguito dell&#8217;apertura del Consolato di Manchester, <\/strong>i\u00a0cittadini residenti nella\u00a0<a href=\"https:\/\/conslondra.esteri.it\/wp-content\/uploads\/2022\/07\/map-1603387928.pdf\">circoscrizione di Manchester<\/a>\u00a0che hanno gi\u00e0 un\u00a0<a href=\"https:\/\/prenotami.esteri.it\/\">account Prenot@Mi<\/a> e sono registrati presso il Consolato Generale a Londra, dovranno, tramite la funzione <strong>\u201cCambio Sede\u201d<\/strong>, selezionare come Sede \u201cRegno Unito Manchester Consolato d\u2019Italia\u201d. Coloro che non hanno un account Prenot@Mi dovranno registrarsi sul portale e selezionare come Sede \u201cRegno Unito Manchester Consolato d\u2019Italia\u201d.<\/p>\n<p>&nbsp;<\/p>\n<p style=\"text-align: right;\"><a href=\"https:\/\/conslondra.esteri.it\/it\/servizi-consolari-e-visti\/servizi-per-il-cittadino-italiano\/passaporti-e-servizi\/\">Torna ai passaporti<\/a><\/p>\n","protected":false},"excerpt":{"rendered":"Prima di prenotare un appuntamento deve accertarsi di essere iscritto all&#8217;AIRE nella circoscrizione di Londra e verificare che l&#8217;indirizzo di residenza (visualizzabile su Fast It) sia aggiornato. L&#8217;appuntamento si pu\u00f2 prenotare tramite: 1. Portale Prenot@Mi: \u00e8 necessario creare o avere un account e procedere con la prenotazione dell\u2019appuntamento. I dati dell&#8217;account Prenotami devono corrispondere esattamente [&hellip;]","protected":false},"author":15,"featured_media":0,"parent":340,"menu_order":0,"comment_status":"closed","ping_status":"closed","template":"","meta":{"footnotes":""},"class_list":["post-5583","page","type-page","status-publish","hentry"],"_links":{"self":[{"href":"https:\/\/conslondra.esteri.it\/it\/wp-json\/wp\/v2\/pages\/5583","targetHints":{"allow":["GET"]}}],"collection":[{"href":"https:\/\/conslondra.esteri.it\/it\/wp-json\/wp\/v2\/pages"}],"about":[{"href":"https:\/\/conslondra.esteri.it\/it\/wp-json\/wp\/v2\/types\/page"}],"author":[{"embeddable":true,"href":"https:\/\/conslondra.esteri.it\/it\/wp-json\/wp\/v2\/users\/15"}],"replies":[{"embeddable":true,"href":"https:\/\/conslondra.esteri.it\/it\/wp-json\/wp\/v2\/comments?post=5583"}],"version-history":[{"count":8,"href":"https:\/\/conslondra.esteri.it\/it\/wp-json\/wp\/v2\/pages\/5583\/revisions"}],"predecessor-version":[{"id":17623,"href":"https:\/\/conslondra.esteri.it\/it\/wp-json\/wp\/v2\/pages\/5583\/revisions\/17623"}],"up":[{"embeddable":true,"href":"https:\/\/conslondra.esteri.it\/it\/wp-json\/wp\/v2\/pages\/340"}],"wp:attachment":[{"href":"https:\/\/conslondra.esteri.it\/it\/wp-json\/wp\/v2\/media?parent=5583"}],"curies":[{"name":"wp","href":"https:\/\/api.w.org\/{rel}","templated":true}]}}