{"id":5839,"date":"2023-10-05T14:12:25","date_gmt":"2023-10-05T12:12:25","guid":{"rendered":"https:\/\/conslondra.esteri.it\/?page_id=5839"},"modified":"2024-03-14T11:05:52","modified_gmt":"2024-03-14T10:05:52","slug":"procedure-passaporto-minorenni-e-maggiorenniminori1217","status":"publish","type":"page","link":"https:\/\/conslondra.esteri.it\/it\/servizi-consolari-e-visti\/servizi-per-il-cittadino-italiano\/passaporti-e-servizi\/procedure-passaporto-minorenni-e-maggiorenniminori1217\/","title":{"rendered":"Passaporto per minore da 12 a 17 anni \u2013 minore in presenza (appuntamento mattutino)"},"content":{"rendered":"<p><strong>MODALITA\u2019 DI RILASCIO<\/strong><\/p>\n<p>Il rilascio del passaporto \u00e8 normalmente a vista in assenza di cause ostative.<\/p>\n<p>&nbsp;<\/p>\n<p><span style=\"text-decoration: underline;\"><strong>\u00a0 \u00a0 \u00a0 \u00a0 \u00a0 \u00a0 \u00a0 \u00a0 \u00a0 \u00a0 \u00a0 \u00a0 \u00a0 \u00a0 \u00a0 \u00a0 \u00a0 \u00a0 \u00a0 \u00a0 \u00a0 \u00a0 \u00a0 \u00a0 \u00a0 \u00a0 \u00a0 \u00a0 \u00a0 \u00a0 \u00a0 \u00a0 \u00a0 \u00a0 \u00a0 \u00a0 \u00a0 \u00a0 \u00a0\u00a0<\/strong><\/span><\/p>\n<p>&nbsp;<\/p>\n<p><strong>MODALITA\u2019 DI PAGAMENTO<\/strong><\/p>\n<ul>\n<li><strong>DEBIT CARD<\/strong>\u00a0emessa da un istituto bancario britannico (NON SONO ACCETTATE CONTACTLESS, CREDIT CARD, AMEX, APPLE PAY, GOOGLE PAY).<\/li>\n<\/ul>\n<p>&nbsp;<\/p>\n<p><span style=\"text-decoration: underline;\"><strong>\u00a0 \u00a0 \u00a0 \u00a0 \u00a0 \u00a0 \u00a0 \u00a0 \u00a0 \u00a0 \u00a0 \u00a0 \u00a0 \u00a0 \u00a0 \u00a0 \u00a0 \u00a0 \u00a0 \u00a0 \u00a0 \u00a0 \u00a0 \u00a0 \u00a0 \u00a0 \u00a0 \u00a0 \u00a0 \u00a0 \u00a0 \u00a0 \u00a0 \u00a0 \u00a0 \u00a0 \u00a0 \u00a0 \u00a0\u00a0<\/strong><\/span><\/p>\n<p>&nbsp;<\/p>\n<p><strong>DOCUMENTAZIONE DA PRESENTARE ALL\u2019APPUNTAMENTO<\/strong><\/p>\n<p>Si prega di leggere preventivamente e attentamente la CHECKLIST sotto riportata.<\/p>\n<p>Occorre presentarsi allo sportello con i moduli gi\u00e0 compilati e firmati. Si informa che, in mancanza di quanto richiesto, in base alla normativa vigente, le domande di rilascio passaporti verranno respinte.<\/p>\n<p><strong>CHECKLIST<\/strong><\/p>\n<ul>\n<li><strong>Modulo di richiesta\u00a0<a href=\"https:\/\/conslondra.esteri.it\/info-utili\/modulistica\/modulistica-passaporti\/\">MOD2<\/a><\/strong>\u00a0accuratamente compilato e\u00a0<a href=\"https:\/\/conslondra.esteri.it\/servizi-consolari-e-visti\/servizi-per-il-cittadino\/passaporti-e-servizi\/autentica-di-firma-e-foto-per-passaporti\/\">firmato da entrambi i genitori<\/a>. Si raccomanda di completare il modulo in tutte le sue parti (non tralasciando recapiti telefonici e indirizzi email e di inserire l\u2019altezza del minore in centimetri, non in pollici);<\/li>\n<li><strong>Se<\/strong><strong>\u00a0uno dei genitori \u00e8 cittadino extra UE<\/strong>\u00a0seguire le modalit\u00e0 indicate nella\u00a0<a href=\"https:\/\/conslondra.esteri.it\/it\/servizi-consolari-e-visti\/servizi-per-il-cittadino-italiano\/passaporti-e-servizi\/autentica-di-firma-e-foto-per-passaporti\/\">pagina specifica<\/a>;<\/li>\n<li><strong>Documento di riconoscimento di entrambi i genitori in corso di validit\u00e0 e originali<\/strong>\u00a0(solo passaporto o carta identit\u00e0 italiana);<\/li>\n<li><strong>3 x fotografie in formato tessera<\/strong>, identiche e acquisite da non oltre 6 mesi, conformi agli\u00a0<a href=\"https:\/\/conslondra.esteri.it\/wp-content\/uploads\/2022\/08\/photograph_guidelines_it.pdf\">standard internazionali ICAO<\/a>\u00a0(sfondo bianco e NO USB);<\/li>\n<li><strong>Eventuale precedente passaporto<\/strong>\u00a0(anche se scaduto o deteriorato o \u2013 in mancanza \u2013 altro documento di identit\u00e0 originale in corso di validit\u00e0);<\/li>\n<li><strong>In caso di furto del passaporto,<\/strong>\u00a0denuncia delle autorit\u00e0 locali, anche online, e compilazione del formulario di denuncia di smarrimento\u00a0<a href=\"https:\/\/conslondra.esteri.it\/info-utili\/modulistica\/modulistica-passaporti\/\">ETD1\/DEN1<\/a>;<\/li>\n<li><strong>In caso di precedente passaporto scaduto da pi\u00f9 di 10 anni<\/strong>, altro documento di riconoscimento originale in corso di validit\u00e0;<\/li>\n<li><strong>In caso di richiesta di primo passaporto<\/strong>, documento d\u2019identit\u00e0 italiano o passaporto straniero originale in corso di validit\u00e0 (la patente di guida non \u00e8 accettata);<\/li>\n<li><strong>DEBIT CARD<\/strong>\u00a0emessa da un istituto bancario britannico (NON SONO ACCETTATE CONTACTLESS, CREDIT CARD, AMEX, APPLE PAY, GOOGLE PAY).<\/li>\n<\/ul>\n<p>&nbsp;<\/p>\n<p><span style=\"text-decoration: underline;\"><strong>\u00a0 \u00a0 \u00a0 \u00a0 \u00a0 \u00a0 \u00a0 \u00a0 \u00a0 \u00a0 \u00a0 \u00a0 \u00a0 \u00a0 \u00a0 \u00a0 \u00a0 \u00a0 \u00a0 \u00a0 \u00a0 \u00a0 \u00a0 \u00a0 \u00a0 \u00a0 \u00a0 \u00a0 \u00a0 \u00a0 \u00a0 \u00a0 \u00a0 \u00a0 \u00a0 \u00a0 \u00a0 \u00a0 \u00a0\u00a0<\/strong><\/span><\/p>\n<p>&nbsp;<\/p>\n<p><strong>Nel caso in cui non fosse possibile ottenere l\u2019assenso dell\u2019altro genitore:<\/strong><\/p>\n<ul>\n<li>Il genitore interessato pu\u00f2 presentare istanza formale motivata al Giudice Tutelare, le cui funzioni per i minori residenti\/iscritti nella\u00a0<a href=\"https:\/\/conslondra.esteri.it\/it\/chi-siamo\/la-rete-consolare\/\">circoscrizione di Londra<\/a>, sono esercitate dal Console Generale.<\/li>\n<li>Il procedimento prevede colloqui individuali con entrambi i genitori, e un\u2019audizione degli stessi in persona dal Giudice Tutelare, incluso il minore con capacita\u2019 di discernimento.<\/li>\n<li>All\u2019istanza si applica una\u00a0<u><a href=\"https:\/\/conslondra.esteri.it\/it\/info-utili\/tariffe-consolari\/\">tariffa consolare<\/a><\/u>\u00a0(art. 31).<\/li>\n<li>Non sussiste un termine ordinatorio per l\u2019emanazione di un Decreto Consolare e pertanto i tempi del procedimento non possono essere determinati in anticipo, in quanto soggetti all\u2019esaurimento di tutte le fasi procedurali previste dalla normativa vigente.<\/li>\n<\/ul>\n<p>L\u2019interessato \u00e8 invitato a contattare l\u2019Ufficio di Assistenza sociale, scrivendo una mail all\u2019indirizzo\u00a0<a href=\"mailto:sociale.londra@esteri.it\">sociale.londra@esteri.it<\/a>.<\/p>\n<p>&nbsp;<\/p>\n<p><span style=\"text-decoration: underline;\"><strong>\u00a0 \u00a0 \u00a0 \u00a0 \u00a0 \u00a0 \u00a0 \u00a0 \u00a0 \u00a0 \u00a0 \u00a0 \u00a0 \u00a0 \u00a0 \u00a0 \u00a0 \u00a0 \u00a0 \u00a0 \u00a0 \u00a0 \u00a0 \u00a0 \u00a0 \u00a0 \u00a0 \u00a0 \u00a0 \u00a0 \u00a0 \u00a0 \u00a0 \u00a0 \u00a0 \u00a0 \u00a0 \u00a0 \u00a0\u00a0<\/strong><\/span><\/p>\n<p>&nbsp;<\/p>\n<p><strong>In caso di morte di uno dei genitori:<\/strong><\/p>\n<ul>\n<li>Sar\u00e0 necessario presentare il certificato di morte originale, apostillato e tradotto secondo le modalit\u00e0\u00a0<a href=\"https:\/\/conslondra.esteri.it\/it\/servizi-consolari-e-visti\/servizi-per-il-cittadino-italiano\/assistenza-ai-cittadini-allestero\/registrare-un-certificato-di-morte-britannico-in-italia\/\">qui<\/a>\u00a0descritte (solo se non \u00e8 stato gi\u00e0 registrato presso il proprio Comune di riferimento in Italia).<\/li>\n<\/ul>\n<p>&nbsp;<\/p>\n<p>&nbsp;<\/p>\n<p>&nbsp;<\/p>\n<p style=\"text-align: right;\"><a class=\"focus--mouse\" href=\"https:\/\/conslondra.esteri.it\/it\/servizi-consolari-e-visti\/servizi-per-il-cittadino-italiano\/passaporti-e-servizi\/\" data-focus-mouse=\"true\">Torna ai passaporti<\/a><\/p>\n","protected":false},"excerpt":{"rendered":"MODALITA\u2019 DI RILASCIO Il rilascio del passaporto \u00e8 normalmente a vista in assenza di cause ostative. &nbsp; \u00a0 \u00a0 \u00a0 \u00a0 \u00a0 \u00a0 \u00a0 \u00a0 \u00a0 \u00a0 \u00a0 \u00a0 \u00a0 \u00a0 \u00a0 \u00a0 \u00a0 \u00a0 \u00a0 \u00a0 \u00a0 \u00a0 \u00a0 \u00a0 \u00a0 \u00a0 \u00a0 \u00a0 \u00a0 \u00a0 \u00a0 \u00a0 \u00a0 \u00a0 \u00a0 \u00a0 \u00a0 \u00a0 [&hellip;]","protected":false},"author":15,"featured_media":0,"parent":156,"menu_order":0,"comment_status":"closed","ping_status":"closed","template":"","meta":{"footnotes":""},"class_list":["post-5839","page","type-page","status-publish","hentry"],"_links":{"self":[{"href":"https:\/\/conslondra.esteri.it\/it\/wp-json\/wp\/v2\/pages\/5839","targetHints":{"allow":["GET"]}}],"collection":[{"href":"https:\/\/conslondra.esteri.it\/it\/wp-json\/wp\/v2\/pages"}],"about":[{"href":"https:\/\/conslondra.esteri.it\/it\/wp-json\/wp\/v2\/types\/page"}],"author":[{"embeddable":true,"href":"https:\/\/conslondra.esteri.it\/it\/wp-json\/wp\/v2\/users\/15"}],"replies":[{"embeddable":true,"href":"https:\/\/conslondra.esteri.it\/it\/wp-json\/wp\/v2\/comments?post=5839"}],"version-history":[{"count":6,"href":"https:\/\/conslondra.esteri.it\/it\/wp-json\/wp\/v2\/pages\/5839\/revisions"}],"predecessor-version":[{"id":8288,"href":"https:\/\/conslondra.esteri.it\/it\/wp-json\/wp\/v2\/pages\/5839\/revisions\/8288"}],"up":[{"embeddable":true,"href":"https:\/\/conslondra.esteri.it\/it\/wp-json\/wp\/v2\/pages\/156"}],"wp:attachment":[{"href":"https:\/\/conslondra.esteri.it\/it\/wp-json\/wp\/v2\/media?parent=5839"}],"curies":[{"name":"wp","href":"https:\/\/api.w.org\/{rel}","templated":true}]}}