{"id":6427,"date":"2023-11-17T11:31:36","date_gmt":"2023-11-17T10:31:36","guid":{"rendered":"https:\/\/conslondra.esteri.it\/?page_id=6427"},"modified":"2024-04-26T16:01:17","modified_gmt":"2024-04-26T14:01:17","slug":"denunce-di-fatti-o-eventi-esposti-querele-e-remissioni-di-querela","status":"publish","type":"page","link":"https:\/\/conslondra.esteri.it\/it\/servizi-consolari-e-visti\/servizi-per-il-cittadino-italiano\/notarile\/denunce\/denunce-di-fatti-o-eventi-esposti-querele-e-remissioni-di-querela\/","title":{"rendered":"Denunce di fatti o eventi, esposti, querele e remissioni di querela"},"content":{"rendered":"<p style=\"text-align: justify;\">\u00c8 possibile presentare, presso questo Ufficio Notarile, denunce di fatti o eventi avvenuti o aventi rilevanza in Italia, querele ed esposti. \u00c8 possibile altres\u00ec revocare una querela precedentemente presentata tramite atti di remissione di querela.<\/p>\n<p>&nbsp;<\/p>\n<p style=\"text-align: justify;\"><strong>MODALIT\u00c0 DI PRENOTAZIONE DELL\u2019APPUNTAMENTO E COSTO DEL SERVIZIO<\/strong><\/p>\n<p style=\"text-align: justify;\">Gli interessati dovranno richiedere un appuntamento scrivendo all\u2019indirizzo <a href=\"mailto:notarile.londra@esteri.it\">notarile.londra@esteri.it<\/a>. L\u2019email di richiesta dovr\u00e0 contenere:<\/p>\n<ol style=\"text-align: justify;\">\n<li>Scansione di un proprio documento di identit\u00e0 in corso di validit\u00e0;<\/li>\n<li>Il testo che si intende presentare, in formato modificabile (ad es.: Word) compilato per intero in lingua italiana, ma NON firmato. Per le denunce aventi ad oggetto questioni pi\u00f9 semplici, gli interessati potranno compilare essi stessi il <a href=\"https:\/\/conslondra.esteri.it\/it\/chi-siamo\/la-sede\/modulistica\/modulistica-notarile\/\">Modello di denuncia generico<\/a>. Per denunce relative a vicende pi\u00f9 complesse, esposti, querele e relative remissioni, andr\u00e0 invece allegato un testo redatto da un legale. Un elenco non esaustivo di professionisti noti a questo Consolato \u00e8 disponibile a <a href=\"https:\/\/conslondra.esteri.it\/it\/info-utili\/professionisti-ed-enti\/\">questa pagina<\/a>;<\/li>\n<li>Indicazioni circa l\u2019indirizzo email PEC dell\u2019Ufficio in Italia (Questura, Commissariato o Procura della Repubblica) al quale si desidera venga inoltrata scansione dell\u2019atto una volta conclusa la procedura. Solitamente, gli indirizzi email PEC sono rinvenibili sui siti internet degli uffici stessi.<\/li>\n<\/ol>\n<p style=\"text-align: justify;\">Eventuali allegati formato immagine (PDF, JPEG, JPG, \u2026) video o audio <strong>non<\/strong> dovranno essere anticipati via email. Sar\u00e0 sufficiente che vengano menzionati nel testo della denuncia\/esposto\/querela\/remissione e vengano successivamente inviati dall\u2019interessato, su supporto USB, tramite corriere privato, alla Questura, Commissariato o Procura della Repubblica di interesse.<\/p>\n<p style=\"text-align: left;\">Una volta verificata l\u2019accettabilit\u00e0 della richiesta, l\u2019Ufficio risponder\u00e0 al richiedente offrendo un appuntamento in Consolato. All\u2019appuntamento verr\u00e0 autenticata la firma dell\u2019interessato sulla denuncia\/esposto\/querela\/remissione, verr\u00e0 sottoscritto un verbale di ricezione del documento, e verranno inviate scansioni della pratica all\u2019Ufficio selezionato.<\/p>\n<p>&nbsp;<\/p>\n<p style=\"text-align: justify;\"><strong>All\u2019appuntamento, l\u2019interessato dovr\u00e0 portare:<\/strong><\/p>\n<ol>\n<li style=\"text-align: justify;\">Un proprio documento di identit\u00e0 in corso di validit\u00e0;<\/li>\n<li style=\"text-align: justify;\">Il testo che si intende presentare, compilato per intero in lingua italiana, stampato ma NON firmato;<\/li>\n<li style=\"text-align: justify;\">Il supporto USB contenente eventuali allegati;<\/li>\n<li style=\"text-align: justify;\">Una UK Debit card per il pagamento. Il costo del servizio \u00e8 quello indicato all\u2019art. 24, della <a href=\"https:\/\/conslondra.esteri.it\/info-utili\/tariffe-consolari\/\">Tabella dei diritti consolari<\/a>. Si prega di notare che i pagamenti sono effettuabili in Consolato solamente tramite carta di debito britannica (no contactless, no Applepay, no carte di credito, no carte italiane).<\/li>\n<\/ol>\n<p>&nbsp;<\/p>\n<p style=\"text-align: right;\"><a href=\"https:\/\/conslondra.esteri.it\/it\/servizi-consolari-e-visti\/servizi-per-il-cittadino-italiano\/notarile\/denunce\/\">Torna a Denunce<\/a><\/p>\n","protected":false},"excerpt":{"rendered":"\u00c8 possibile presentare, presso questo Ufficio Notarile, denunce di fatti o eventi avvenuti o aventi rilevanza in Italia, querele ed esposti. \u00c8 possibile altres\u00ec revocare una querela precedentemente presentata tramite atti di remissione di querela. &nbsp; MODALIT\u00c0 DI PRENOTAZIONE DELL\u2019APPUNTAMENTO E COSTO DEL SERVIZIO Gli interessati dovranno richiedere un appuntamento scrivendo all\u2019indirizzo notarile.londra@esteri.it. L\u2019email di [&hellip;]","protected":false},"author":15,"featured_media":0,"parent":4817,"menu_order":0,"comment_status":"closed","ping_status":"closed","template":"","meta":{"footnotes":""},"class_list":["post-6427","page","type-page","status-publish","hentry"],"_links":{"self":[{"href":"https:\/\/conslondra.esteri.it\/it\/wp-json\/wp\/v2\/pages\/6427","targetHints":{"allow":["GET"]}}],"collection":[{"href":"https:\/\/conslondra.esteri.it\/it\/wp-json\/wp\/v2\/pages"}],"about":[{"href":"https:\/\/conslondra.esteri.it\/it\/wp-json\/wp\/v2\/types\/page"}],"author":[{"embeddable":true,"href":"https:\/\/conslondra.esteri.it\/it\/wp-json\/wp\/v2\/users\/15"}],"replies":[{"embeddable":true,"href":"https:\/\/conslondra.esteri.it\/it\/wp-json\/wp\/v2\/comments?post=6427"}],"version-history":[{"count":6,"href":"https:\/\/conslondra.esteri.it\/it\/wp-json\/wp\/v2\/pages\/6427\/revisions"}],"predecessor-version":[{"id":7371,"href":"https:\/\/conslondra.esteri.it\/it\/wp-json\/wp\/v2\/pages\/6427\/revisions\/7371"}],"up":[{"embeddable":true,"href":"https:\/\/conslondra.esteri.it\/it\/wp-json\/wp\/v2\/pages\/4817"}],"wp:attachment":[{"href":"https:\/\/conslondra.esteri.it\/it\/wp-json\/wp\/v2\/media?parent=6427"}],"curies":[{"name":"wp","href":"https:\/\/api.w.org\/{rel}","templated":true}]}}