{"id":6670,"date":"2023-11-17T16:34:19","date_gmt":"2023-11-17T15:34:19","guid":{"rendered":"https:\/\/conslondra.esteri.it\/?page_id=6670"},"modified":"2026-03-25T16:48:49","modified_gmt":"2026-03-25T15:48:49","slug":"passaporto-per-minore-da-12-a-17-anni-minore-in-presenza-senza-appuntamento","status":"publish","type":"page","link":"https:\/\/conslondra.esteri.it\/it\/servizi-consolari-e-visti\/servizi-per-il-cittadino-italiano\/passaporti-e-servizi\/passaporto-per-minore-da-12-a-17-anni-minore-in-presenza-senza-appuntamento\/","title":{"rendered":"Passaporto per minore da 12 a 17 anni &#8211; minore in presenza (senza appuntamento)"},"content":{"rendered":"<p style=\"text-align: justify;\"><strong>PREREQUISITI<\/strong><\/p>\n<ul style=\"text-align: justify;\">\n<li>Il minore deve essere registrato all&#8217;AIRE nella circoscrizione Consolare di Londra;<\/li>\n<li>Almeno uno dei genitori deve essere registrato all&#8217;AIRE nella circoscrizione Consolare di Londra;<\/li>\n<li>Il minore deve essere accompagnato da almeno un genitore\/tutore;<\/li>\n<li>Il certificato di nascita del minore deve essere registrato presso il comune AIRE di competenza.<\/li>\n<\/ul>\n<p>&nbsp;<\/p>\n<hr \/>\n<p>&nbsp;<\/p>\n<p style=\"text-align: justify;\"><strong>MODALIT\u00c0 DI ACCESSO IN CONSOLATO<\/strong><\/p>\n<ul style=\"text-align: justify;\">\n<li><strong>Solo il mercoled\u00ec o il venerd\u00ec dalle 14:30 alle 15:30 (eccetto 24 e 31 dicembre 2025 e 2 gennaio 2026)<\/strong>, senza appuntamento.<br \/>\nLeggere <a href=\"https:\/\/conslondra.esteri.it\/it\/chi-siamo\/gli-uffici\/modalita-acccesso-consolato\/\"><strong>qui<\/strong><\/a> le modalit\u00e0 di accesso e gli oggetti non consentiti in Consolato.<\/li>\n<\/ul>\n<p>&nbsp;<\/p>\n<hr \/>\n<p>&nbsp;<\/p>\n<p style=\"text-align: justify;\"><strong>MODALIT\u00c0 DI RILASCIO<\/strong><\/p>\n<ul style=\"text-align: justify;\">\n<li style=\"text-align: justify;\">Il rilascio del passaporto non \u00e8 a vista ma sar\u00e0 spedito all\u2019indirizzo indicato sulla busta.<br \/>\n<strong>I tempi di spedizione sono di circa 8 settimane <\/strong>(le tempistiche indicate sono orientative e soggette a variazione).<\/li>\n<\/ul>\n<p>&nbsp;<\/p>\n<hr \/>\n<p><strong>MODALIT\u00c0 DI PAGAMENTO<\/strong><\/p>\n<p>Un <strong>bonifico<\/strong> per ogni passaporto<\/p>\n<ul>\n<li>Nome Conto:\u00a0<strong>CONSULATE GENERAL OF ITALY IN LONDON<\/strong><\/li>\n<li>Numero:\u00a0<strong>11910468<\/strong><\/li>\n<li>Sort code:\u00a0<strong>30-91-37<\/strong><\/li>\n<li>Importo:\u00a0<a href=\"https:\/\/conslondra.esteri.it\/it\/info-utili\/tariffe-consolari\/\">Tariffe consolari<\/a><\/li>\n<li>Causale: <strong>data di nascita e cognome del minore<\/strong>.\n<ul>\n<li>Esempio di causale: 08.09.2020 ROSSI<\/li>\n<\/ul>\n<\/li>\n<\/ul>\n<p>Si ricorda che il bonifico dovr\u00e0 risultare accreditato entro la data di presentazione della domanda. Si consiglia il bonifico ad accredito immediato.<\/p>\n<p><strong>L\u2019utenza dovr\u00e0 presentarsi con l\u2019attestazione\/ricevuta bancaria STAMPATA di avvenuto bonifico. In caso contrario la richiesta non sar\u00e0 accettata.<\/strong><\/p>\n<p>&nbsp;<\/p>\n<hr \/>\n<p>&nbsp;<\/p>\n<p style=\"text-align: justify;\"><strong>DOCUMENTAZIONE DA PRESENTARE<\/strong><\/p>\n<ul style=\"text-align: justify;\">\n<li><span style=\"text-decoration: underline;\">Occorre presentarsi allo sportello con i moduli stampati, gi\u00e0 compilati e firmati<\/span>. Si informa che, in mancanza di quanto richiesto in base alla normativa vigente, le domande di rilascio passaporti verranno respinte.<\/li>\n<\/ul>\n<p>&nbsp;<\/p>\n<hr \/>\n<p>&nbsp;<\/p>\n<p style=\"text-align: justify;\"><strong>CHECKLIST<\/strong><\/p>\n<ul style=\"text-align: justify;\">\n<li><strong>Attestazione\/ricevuta bancaria STAMPATA di avvenuto bonifico, secondo le modalit\u00e0 su indicate<\/strong>. Verificare l&#8217;importo aggiornato qui: <a href=\"https:\/\/conslondra.esteri.it\/info-utili\/tariffe-consolari\/\">Tariffe Consolari<\/a><\/li>\n<li><strong>Busta raccomandata SPECIAL DELIVERY<\/strong> fino a 500gr preaffrancata (con francobollo non annullato da una data specifica) acquistabile presso qualsiasi ufficio postale. Si raccomanda di segnare il codice presente sulla busta per il tracciamento della spedizione;<\/li>\n<li><strong>Modulo di richiesta\u00a0<a href=\"https:\/\/conslondra.esteri.it\/info-utili\/modulistica\/modulistica-passaporti\/\">MOD2<\/a><\/strong> stampato, accuratamente compilato e <a href=\"https:\/\/conslondra.esteri.it\/servizi-consolari-e-visti\/servizi-per-il-cittadino\/passaporti-e-servizi\/autentica-di-firma-e-foto-per-passaporti\/\">firmato da entrambi i genitori<\/a> (le firme devono corrispondere a quelle riportate sul documento allegato);<\/li>\n<li><strong>Se<\/strong><strong>\u00a0uno dei genitori \u00e8 cittadino extra UE<\/strong>\u00a0seguire le modalit\u00e0 indicate nella\u00a0<a href=\"https:\/\/conslondra.esteri.it\/it\/servizi-consolari-e-visti\/servizi-per-il-cittadino-italiano\/passaporti-e-servizi\/autentica-di-firma-e-foto-per-passaporti\/\">pagina specifica<\/a>;<\/li>\n<li><strong>3 x fotografie in formato tessera<\/strong>, identiche e acquisite da non oltre 6 mesi, conformi agli\u00a0<a href=\"https:\/\/conslondra.esteri.it\/wp-content\/uploads\/2022\/08\/photograph_guidelines_it.pdf\">standard internazionali ICAO<\/a>. Sfondo bianco e NO USB;<\/li>\n<li><strong>Documento di riconoscimento di entrambi i genitori in corso di validit\u00e0 e originali:<\/strong> solo passaporto o carta identit\u00e0 italiana. La patente di guida, residence card o Oyster card non sono accettate;<\/li>\n<li><strong>Precedente passaporto italiano del minore<\/strong> anche se scaduto o deteriorato. In mancanza, carta d\u2019identit\u00e0 italiana o passaporto straniero originale in corso di validit\u00e0 (la patente di guida, residence card o Oyster card non sono accettate). Si segnala che il passaporto precedente verr\u00e0 trattenuto dall\u2019Ufficio per la revoca e poi spedito al titolare insieme al nuovo;<\/li>\n<li><strong>In caso di furto del passaporto del minore:<\/strong>\u00a0denuncia delle autorit\u00e0 locali, anche online, <strong>e compilazione<\/strong> del formulario di denuncia di smarrimento\u00a0<a href=\"https:\/\/conslondra.esteri.it\/info-utili\/modulistica\/modulistica-passaporti\/\">ETD2<\/a>;<\/li>\n<li><strong>In caso di precedente passaporto del minore scaduto da pi\u00f9 di 10 anni oppure il minore non \u00e8 pi\u00f9 riconoscibili dalla foto: <\/strong>carta d\u2019identit\u00e0 italiana o passaporto straniero originale in corso di validit\u00e0 del minore (la patente di guida, residence card o Oyster card non sono accettate).<\/li>\n<\/ul>\n<p>&nbsp;<\/p>\n<hr \/>\n<p>&nbsp;<\/p>\n<p style=\"text-align: justify;\"><strong>Nel caso in cui non fosse possibile ottenere l\u2019assenso dell\u2019altro genitore, <\/strong>l\u2019interessato \u00e8 invitato a contattare l\u2019Ufficio di Assistenza sociale, scrivendo una email all\u2019indirizzo <a href=\"mailto:sociale.londra@esteri.it\">sociale.londra@esteri.it<\/a><\/p>\n<ul style=\"text-align: justify;\">\n<li>Solo se il minore \u00e8 residente e iscritto nella <a href=\"https:\/\/conslondra.esteri.it\/it\/chi-siamo\/la-rete-consolare\/\">circoscrizione di Londra<\/a>;<\/li>\n<li>Il procedimento prevede colloqui individuali con entrambi i genitori e un\u2019audizione degli stessi in persona dal Giudice Tutelare, incluso il minore con capacit\u00e0 di discernimento;<\/li>\n<li>All\u2019istanza si applica una <u><a href=\"https:\/\/conslondra.esteri.it\/it\/info-utili\/tariffe-consolari\/\">tariffa consolare<\/a><\/u> (art. 31);<\/li>\n<li>Non sussiste un termine ordinatorio per l\u2019emanazione di un Decreto Consolare e pertanto i tempi del procedimento non possono essere determinati in anticipo, in quanto soggetti all\u2019esaurimento di tutte le fasi procedurali previste dalla normativa vigente.<\/li>\n<\/ul>\n<p>&nbsp;<\/p>\n<hr \/>\n<p>&nbsp;<\/p>\n<p style=\"text-align: justify;\"><strong>In caso di morte di uno dei genitori<\/strong><\/p>\n<ul style=\"text-align: justify;\">\n<li style=\"text-align: justify;\">Sar\u00e0 necessario presentare il certificato di morte originale, apostillato e tradotto secondo le modalit\u00e0\u00a0<a href=\"https:\/\/conslondra.esteri.it\/it\/servizi-consolari-e-visti\/servizi-per-il-cittadino-italiano\/assistenza-ai-cittadini-allestero\/registrare-un-certificato-di-morte-britannico-in-italia\/\">qui<\/a>\u00a0descritte (solo se non \u00e8 stato gi\u00e0 registrato presso il proprio Comune di riferimento in Italia).<\/li>\n<\/ul>\n<p>&nbsp;<\/p>\n<p style=\"text-align: right;\"><a href=\"https:\/\/conslondra.esteri.it\/it\/servizi-consolari-e-visti\/servizi-per-il-cittadino-italiano\/passaporti-e-servizi\/\">Torna ai passaporti<\/a><\/p>\n","protected":false},"excerpt":{"rendered":"PREREQUISITI Il minore deve essere registrato all&#8217;AIRE nella circoscrizione Consolare di Londra; Almeno uno dei genitori deve essere registrato all&#8217;AIRE nella circoscrizione Consolare di Londra; Il minore deve essere accompagnato da almeno un genitore\/tutore; Il certificato di nascita del minore deve essere registrato presso il comune AIRE di competenza. &nbsp; &nbsp; MODALIT\u00c0 DI ACCESSO IN [&hellip;]","protected":false},"author":16,"featured_media":0,"parent":156,"menu_order":0,"comment_status":"closed","ping_status":"closed","template":"","meta":{"footnotes":""},"class_list":["post-6670","page","type-page","status-publish","hentry"],"_links":{"self":[{"href":"https:\/\/conslondra.esteri.it\/it\/wp-json\/wp\/v2\/pages\/6670","targetHints":{"allow":["GET"]}}],"collection":[{"href":"https:\/\/conslondra.esteri.it\/it\/wp-json\/wp\/v2\/pages"}],"about":[{"href":"https:\/\/conslondra.esteri.it\/it\/wp-json\/wp\/v2\/types\/page"}],"author":[{"embeddable":true,"href":"https:\/\/conslondra.esteri.it\/it\/wp-json\/wp\/v2\/users\/16"}],"replies":[{"embeddable":true,"href":"https:\/\/conslondra.esteri.it\/it\/wp-json\/wp\/v2\/comments?post=6670"}],"version-history":[{"count":7,"href":"https:\/\/conslondra.esteri.it\/it\/wp-json\/wp\/v2\/pages\/6670\/revisions"}],"predecessor-version":[{"id":17880,"href":"https:\/\/conslondra.esteri.it\/it\/wp-json\/wp\/v2\/pages\/6670\/revisions\/17880"}],"up":[{"embeddable":true,"href":"https:\/\/conslondra.esteri.it\/it\/wp-json\/wp\/v2\/pages\/156"}],"wp:attachment":[{"href":"https:\/\/conslondra.esteri.it\/it\/wp-json\/wp\/v2\/media?parent=6670"}],"curies":[{"name":"wp","href":"https:\/\/api.w.org\/{rel}","templated":true}]}}