{"id":7015,"date":"2023-12-14T13:21:14","date_gmt":"2023-12-14T12:21:14","guid":{"rendered":"https:\/\/conslondra.esteri.it\/?page_id=7015"},"modified":"2023-12-14T16:51:41","modified_gmt":"2023-12-14T15:51:41","slug":"atti-di-assenso-per-il-rilascio-di-un-documento-di-identita-di-minore-italiano-presso-altra-sede","status":"publish","type":"page","link":"https:\/\/conslondra.esteri.it\/it\/servizi-consolari-e-visti\/servizi-per-il-cittadino-italiano\/notarile\/atti-di-assenso-per-il-rilascio-di-un-documento-di-identita-di-minore-italiano-presso-altra-sede\/","title":{"rendered":"Atti di assenso per il rilascio di un documento di identit\u00e0 di minore italiano presso altra sede"},"content":{"rendered":"<p style=\"text-align: justify;\">L\u2019Ufficio Notarile \u00e8 competente solamente per autenticare le firme dei genitori di nazionalit\u00e0 <u>extracomunitaria<\/u> sugli atti di assenso al rilascio di passaporti e carte d\u2019identit\u00e0 di <u>minori italiani<\/u> da parte di uffici <u>NON<\/u> appartenenti a questo stesso Consolato (Questure, Commissariati, Comuni in Italia e altri Consolati e Ambasciate italiani).<\/p>\n<p style=\"text-align: justify;\"><strong><u>NB:<\/u><\/strong><\/p>\n<ul style=\"text-align: justify;\">\n<li>L\u2019atto di assenso <strong>NON<\/strong> \u00e8 pi\u00f9 richiesto per il rilascio di documenti di identit\u00e0 italiani di <strong>genitori<\/strong> con figli minorenni. Per informazioni si veda <a href=\"https:\/\/conslondra.esteri.it\/it\/news\/dal_consolato\/2023\/06\/avviso-novita-riguardanti-lassenso-al-rilascio-dei-documenti-di-viaggio-in-favore-dei-genitori-di-prole-minore\/\">questa pagina<\/a>.<\/li>\n<li>Nel caso di <strong>passaporti di minori italiani rilasciati da questo stesso Consolato<\/strong> si veda <a href=\"https:\/\/conslondra.esteri.it\/it\/servizi-consolari-e-visti\/servizi-per-il-cittadino-italiano\/passaporti-e-servizi\/autentica-di-firma-e-foto-per-passaporti\/\">questa pagina<\/a>.<\/li>\n<li>Nel caso di <strong>carte d\u2019identit\u00e0 elettroniche rilasciate da questo stesso Consolato<\/strong>, si veda <a href=\"https:\/\/conslondra.esteri.it\/it\/servizi-consolari-e-visti\/servizi-per-il-cittadino-italiano\/carta-didentita-elettronica\/\">questa pagina<\/a>.<\/li>\n<li>L\u2019autenticazione della firma sull\u2019atto di assenso al rilascio di <strong>documenti di identit\u00e0 di minori <\/strong>italiani<strong> NON<\/strong> \u00e8 richiesta nel caso di<strong> genitori di nazionalit\u00e0 di paesi membri dell\u2019UE<\/strong>. Pertanto, nel caso di documenti da rilasciarsi presso uffici non appartenenti a questo stesso Consolato (<strong>Questure, Commissariati, Comuni in Italia e altri Consolati e Ambasciate italiani<\/strong>) i genitori europei <strong>NON<\/strong> dovranno presentarsi in Consolato, ma baster\u00e0 che inviino, via posta, al proprio figlio minore, una fotocopia del proprio documento di identit\u00e0 europeo ed il formulario \u201c<a href=\"https:\/\/conslondra.esteri.it\/it\/chi-siamo\/la-sede\/modulistica\/modulistica-notarile\/\">atto di assenso<\/a>\u201d. Questo dovr\u00e0 essere stampato, compilato per intero e firmato in originale.<\/li>\n<\/ul>\n<p>&nbsp;<\/p>\n<p style=\"text-align: justify;\">I soli genitori di nazionalit\u00e0 <strong>extracomunitaria<\/strong> di <strong>minori italiani<\/strong> i cui documenti di identit\u00e0 debbano essere rilasciati da uffici <u>NON<\/u> appartenenti a questo stesso Consolato (<strong>Questure, Commissariati, Comuni in Italia e altri Consolati e Ambasciate italiani<\/strong>), potranno richiedere un appuntamento per l\u2019autenticazione della propria firma sull\u2019atto di assenso presso l\u2019Ufficio Notarile.<\/p>\n<p style=\"text-align: justify;\">I genitori di nazionalit\u00e0 extracomunitaria che siano <strong>impossibilitati a recarsi in Consolato<\/strong>, possono ottenere l\u2019autentica della propria firma sull\u2019atto di assenso sottoscrivendolo presso un qualsiasi notaio pubblico britannico, e facendo in seguito apostillare l\u2019atto cos\u00ec formato dal <a href=\"https:\/\/www.gov.uk\/get-document-legalised\">Legalisation Office<\/a> (molti notai offrono anche questo servizio). Una lista non esaustiva di notai noti a questo Consolato \u00e8 disponibile <a href=\"https:\/\/conslondra.esteri.it\/it\/info-utili\/professionisti-ed-enti\/\">qui<\/a>. L\u2019atto cos\u00ec formato andr\u00e0 poi recapitato, in originale, via posta, al proprio figlio minore il cui documento debba essere rilasciato.<\/p>\n<p>&nbsp;<\/p>\n<p>&nbsp;<\/p>\n<p style=\"text-align: justify;\"><strong>MODALIT\u00c0 DI PRENOTAZIONE E COSTO DEL SERVIZIO<\/strong><\/p>\n<p style=\"text-align: justify;\">A tale scopo, sar\u00e0 necessario scrivere un\u2019email all\u2019indirizzo <a href=\"mailto:notarile.londra@esteri.it\">notarile.londra@esteri.it<\/a> inserendo le seguenti informazioni:<\/p>\n<ol style=\"text-align: justify;\">\n<li>Nome, cognome e nazionalit\u00e0 del genitore extracomunitario che intende ottenere l\u2019autenticazione della propria firma;<\/li>\n<li>Nome, cognome, data e luogo di nascita del cittadino italiano il cui documento deve essere rilasciato;<\/li>\n<li>Indirizzo email PEC dell\u2019Ufficio che rilascer\u00e0 il documento (rinvenibile sul loro sito);<\/li>\n<li>Data per la quale \u00e8 previsto il rilascio del documento.<\/li>\n<\/ol>\n<p style=\"text-align: justify;\">Una volta verificata l\u2019accettabilit\u00e0 della richiesta, l\u2019Ufficio risponder\u00e0 offrendo un appuntamento in Consolato.<\/p>\n<p style=\"text-align: justify;\">All\u2019appuntamento si dovr\u00e0 presentare solamente il genitore di nazionalit\u00e0 extracomunitaria, e dovr\u00e0 portare:<\/p>\n<ol style=\"text-align: justify;\">\n<li>Una email di conferma appuntamento che verr\u00e0 fornita dall\u2019Ufficio;<\/li>\n<li>Un proprio documento d\u2019identit\u00e0 in corso di validit\u00e0;<\/li>\n<li>Il formulario \u201c<a href=\"https:\/\/conslondra.esteri.it\/it\/chi-siamo\/la-sede\/modulistica\/modulistica-notarile\/\">Atto di assenso<\/a>\u201d compilato MA NON FIRMATO;<\/li>\n<li>Una UK Debit card per il pagamento. Il costo del servizio \u00e8 quanto indicato all\u2019art. 19, della <a href=\"https:\/\/conslondra.esteri.it\/info-utili\/tariffe-consolari\/\">Tabella dei diritti consolari<\/a>. Si prega di notare che i pagamenti sono effettuabili in Consolato solamente tramite carta di debito britannica (no contactless, no Apple pay, no carte di credito, no carte di debito italiane).<\/li>\n<\/ol>\n<p>&nbsp;<\/p>\n<p style=\"text-align: justify;\"><strong>UTILIZZO E VALIDIT\u00c0 DELL\u2019ATTO DI ASSENSO<\/strong><\/p>\n<p style=\"text-align: justify;\">Il giorno dell\u2019appuntamento verr\u00e0 inviata scansione dell\u2019atto di assenso e del documento del genitore extracomunitario all\u2019Ufficio selezionato dal richiedente, ed al richiedente stesso. L\u2019atto di assenso \u00e8 valido per sei mesi dalla data dell\u2019emissione.<\/p>\n<p>&nbsp;<\/p>\n<p>&nbsp;<\/p>\n<p style=\"text-align: right;\"><a href=\"https:\/\/conslondra.esteri.it\/it\/servizi-consolari-e-visti\/servizi-per-il-cittadino-italiano\/notarile\/\">Torna a Servizi Notarili<\/a><\/p>\n<p>&nbsp;<\/p>\n<p>&nbsp;<\/p>\n","protected":false},"excerpt":{"rendered":"L\u2019Ufficio Notarile \u00e8 competente solamente per autenticare le firme dei genitori di nazionalit\u00e0 extracomunitaria sugli atti di assenso al rilascio di passaporti e carte d\u2019identit\u00e0 di minori italiani da parte di uffici NON appartenenti a questo stesso Consolato (Questure, Commissariati, Comuni in Italia e altri Consolati e Ambasciate italiani). NB: L\u2019atto di assenso NON \u00e8 [&hellip;]","protected":false},"author":15,"featured_media":0,"parent":751,"menu_order":0,"comment_status":"closed","ping_status":"closed","template":"","meta":{"footnotes":""},"class_list":["post-7015","page","type-page","status-publish","hentry"],"_links":{"self":[{"href":"https:\/\/conslondra.esteri.it\/it\/wp-json\/wp\/v2\/pages\/7015","targetHints":{"allow":["GET"]}}],"collection":[{"href":"https:\/\/conslondra.esteri.it\/it\/wp-json\/wp\/v2\/pages"}],"about":[{"href":"https:\/\/conslondra.esteri.it\/it\/wp-json\/wp\/v2\/types\/page"}],"author":[{"embeddable":true,"href":"https:\/\/conslondra.esteri.it\/it\/wp-json\/wp\/v2\/users\/15"}],"replies":[{"embeddable":true,"href":"https:\/\/conslondra.esteri.it\/it\/wp-json\/wp\/v2\/comments?post=7015"}],"version-history":[{"count":6,"href":"https:\/\/conslondra.esteri.it\/it\/wp-json\/wp\/v2\/pages\/7015\/revisions"}],"predecessor-version":[{"id":7342,"href":"https:\/\/conslondra.esteri.it\/it\/wp-json\/wp\/v2\/pages\/7015\/revisions\/7342"}],"up":[{"embeddable":true,"href":"https:\/\/conslondra.esteri.it\/it\/wp-json\/wp\/v2\/pages\/751"}],"wp:attachment":[{"href":"https:\/\/conslondra.esteri.it\/it\/wp-json\/wp\/v2\/media?parent=7015"}],"curies":[{"name":"wp","href":"https:\/\/api.w.org\/{rel}","templated":true}]}}