{"id":7077,"date":"2023-12-14T14:10:55","date_gmt":"2023-12-14T13:10:55","guid":{"rendered":"https:\/\/conslondra.esteri.it\/?page_id=7077"},"modified":"2024-12-19T11:40:20","modified_gmt":"2024-12-19T10:40:20","slug":"rilascio-endorsement-provvisorio","status":"publish","type":"page","link":"https:\/\/conslondra.esteri.it\/it\/servizi-consolari-e-visti\/servizi-per-il-cittadino-italiano\/notarile\/navigazione\/endorsement-per-certificati-imo-stcw\/rilascio-endorsement-provvisorio\/","title":{"rendered":"Rilascio Endorsement Provvisorio"},"content":{"rendered":"<p style=\"text-align: justify;\">L\u2019Endorsement provvisorio garantisce autorizzazione temporanea all\u2019imbarco ed ha validit\u00e0 massima di 3 mesi.<\/p>\n<p style=\"text-align: justify;\"><strong>NB<\/strong>:\u00a0l\u2019Endorsement provvisorio\u00a0<u>NON<\/u>\u00a0\u00e8 rinnovabile. Per mantenere autorizzazione all\u2019imbarco, sar\u00e0 necessario \u201cconvertirlo\u201d in\u00a0<a href=\"https:\/\/conslondra.esteri.it\/it\/servizi-consolari-e-visti\/servizi-per-il-cittadino-italiano\/notarile\/navigazione\/endorsement-per-certificati-imo-stcw\/rilascio-endorsement-definitivo\/\">Endorsement definitivo<\/a>.<\/p>\n<p style=\"text-align: justify;\">Per il rilascio di un Endorsement provvisorio\u00a0<u>NON<\/u>\u00a0\u00e8 necessario che il richiedente si presenti in Consolato, e pertanto \u00e8 in vigore una procedura postale.<\/p>\n<p style=\"text-align: justify;\">Sar\u00e0 innanzitutto necessario inviare per email, all\u2019indirizzo\u00a0<a href=\"mailto:notarile.londra@esteri.it\">notarile.londra@esteri.it<\/a>, scansione nitida e completa, in formato PDF, di:<\/p>\n<ol style=\"text-align: justify;\">\n<li>Modulo di richiesta\u00a0<a href=\"https:\/\/conslondra.esteri.it\/it\/chi-siamo\/la-sede\/modulistica\/modulistica-notarile\/\">14 Quater \u201cModello Istanza Endorsement<\/a>\u201d compilato e firmato (a partire dal 01\/01\/2025 non \u00e8 pi\u00f9 necessaria la marca da bollo);<\/li>\n<li>Due\u00a0<a href=\"https:\/\/www.poliziadistato.it\/statics\/10\/fotografia_passaporto_web.pdf\">fototessere formato passaporto<\/a>\u00a0recenti ed identiche tra loro;<\/li>\n<li>Certificato per il quale si intende richiedere l\u2019Endorsement (fronte\/retro e senza i bordi tagliati in un unico file PDF);<\/li>\n<li>Passaporto in corso di validit\u00e0 (solamente la pagina riportante foto e dati del possessore);<\/li>\n<li>Libretto di Navigazione (solamente le pagine riportanti foto e dati del possessore);<\/li>\n<li>Dichiarazione dell\u2019Armatore (solamente per i marittimi\u00a0<strong>stranieri <\/strong>che intendano endorsare un Certificato di cui alle Regole STCW II\/1, III\/2, III\/3 e VII\/1, come da pag.\u00a0<a href=\"https:\/\/www.esteri.it\/mae\/doc\/prontuario_navigazione_2016\/prontuario_navigazione_2016.pdf\"> 20 del Prontuario Amministrativo<\/a>).<\/li>\n<\/ol>\n<p style=\"text-align: justify;\">Una volta verificata l\u2019accettabilit\u00e0 dei documenti allegati, l\u2019Ufficio risponder\u00e0 al richiedente per autorizzare l\u2019invio postale del cartaceo (14 Quater e due <a href=\"https:\/\/www.poliziadistato.it\/statics\/10\/fotografia_passaporto_web.pdf\">fototessere formato passaporto<\/a>\u00a0in originale, fotocopie del resto).<\/p>\n<p style=\"text-align: justify;\">L\u2019indirizzo a cui recapitare la documentazione \u00e8 il seguente:<\/p>\n<p><strong>Notary Office<br \/>\nConsulate General of Italy in London<br \/>\nHarp House, 83-86 Farringdon Street<br \/>\nLondon EC4A 4BL<\/strong><\/p>\n<p><strong>\u00a0<\/strong><\/p>\n<p style=\"text-align: justify;\">Una volta ricevuto il cartaceo e conclusa la procedura, l\u2019Ufficio comunicher\u00e0 al richiedente le modalit\u00e0 di ritiro della documentazione tramite posta raccomandata (a spese del richiedente stesso).<\/p>\n<p>Il rilascio dell\u2019Endorsement provvisorio\u00a0<u>NON<\/u>\u00a0comporta il pagamento di diritti consolari.<\/p>\n<p>&nbsp;<\/p>\n<p>&nbsp;<\/p>\n<p style=\"text-align: right;\"><a href=\"https:\/\/conslondra.esteri.it\/it\/servizi-consolari-e-visti\/servizi-per-il-cittadino-italiano\/notarile\/navigazione\/endorsement-per-certificati-imo-stcw\/\">Torna a Endorsement per ceritifcati IMO STCW<\/a><\/p>\n","protected":false},"excerpt":{"rendered":"L\u2019Endorsement provvisorio garantisce autorizzazione temporanea all\u2019imbarco ed ha validit\u00e0 massima di 3 mesi. NB:\u00a0l\u2019Endorsement provvisorio\u00a0NON\u00a0\u00e8 rinnovabile. Per mantenere autorizzazione all\u2019imbarco, sar\u00e0 necessario \u201cconvertirlo\u201d in\u00a0Endorsement definitivo. Per il rilascio di un Endorsement provvisorio\u00a0NON\u00a0\u00e8 necessario che il richiedente si presenti in Consolato, e pertanto \u00e8 in vigore una procedura postale. Sar\u00e0 innanzitutto necessario inviare per email, all\u2019indirizzo\u00a0notarile.londra@esteri.it, [&hellip;]","protected":false},"author":15,"featured_media":0,"parent":1058,"menu_order":0,"comment_status":"closed","ping_status":"closed","template":"","meta":{"footnotes":""},"class_list":["post-7077","page","type-page","status-publish","hentry"],"_links":{"self":[{"href":"https:\/\/conslondra.esteri.it\/it\/wp-json\/wp\/v2\/pages\/7077","targetHints":{"allow":["GET"]}}],"collection":[{"href":"https:\/\/conslondra.esteri.it\/it\/wp-json\/wp\/v2\/pages"}],"about":[{"href":"https:\/\/conslondra.esteri.it\/it\/wp-json\/wp\/v2\/types\/page"}],"author":[{"embeddable":true,"href":"https:\/\/conslondra.esteri.it\/it\/wp-json\/wp\/v2\/users\/15"}],"replies":[{"embeddable":true,"href":"https:\/\/conslondra.esteri.it\/it\/wp-json\/wp\/v2\/comments?post=7077"}],"version-history":[{"count":3,"href":"https:\/\/conslondra.esteri.it\/it\/wp-json\/wp\/v2\/pages\/7077\/revisions"}],"predecessor-version":[{"id":12257,"href":"https:\/\/conslondra.esteri.it\/it\/wp-json\/wp\/v2\/pages\/7077\/revisions\/12257"}],"up":[{"embeddable":true,"href":"https:\/\/conslondra.esteri.it\/it\/wp-json\/wp\/v2\/pages\/1058"}],"wp:attachment":[{"href":"https:\/\/conslondra.esteri.it\/it\/wp-json\/wp\/v2\/media?parent=7077"}],"curies":[{"name":"wp","href":"https:\/\/api.w.org\/{rel}","templated":true}]}}