{"id":730,"date":"2022-08-25T15:14:26","date_gmt":"2022-08-25T13:14:26","guid":{"rendered":"https:\/\/conslondra.esteri.it\/?page_id=730"},"modified":"2022-12-20T16:26:46","modified_gmt":"2022-12-20T15:26:46","slug":"professionisti-ed-enti","status":"publish","type":"page","link":"https:\/\/conslondra.esteri.it\/it\/info-utili\/professionisti-ed-enti\/","title":{"rendered":"Professionisti ed Enti"},"content":{"rendered":"<p style=\"text-align: justify;\">Questa pagina\u00a0contiene\u00a0le liste di Enti e Operatori italiani.<\/p>\n<p style=\"text-align: justify;\">I nominativi riportati vengono forniti (<u>in ordine alfabetico<\/u>) a titolo informativo e non esaustivo. Il Consolato Generale non sottopone a verifica la loro attivit\u00e0, n\u00e9 risponde per il loro operato. Il Consolato Generale non pu\u00f2 pertanto assumere alcuna responsabilit\u00e0 sugli esiti di eventuali rapporti che avverranno su base del tutto diretta e privatistica. Questo Consolato Generale declina ogni responsabilit\u00e0 da danni derivanti da imprecisioni od omissioni nei dati personali forniti dai professionisti. In caso di irreperibilit\u00e0, si fa presente che il nominativo del professionista verr\u00e0 cancellato dalla lista senza preavviso.<\/p>\n<p style=\"text-align: justify;\">N.B. La predisposizione degli elenchi non costituisce un obbligo per le Sedi Consolari, e non si configura quale \u201cAlbo chiuso\u201d, bens\u00ec \u00e8 aggiornato su semplice richiesta scritta d\u2019inserimento (<a href=\"mailto:consolato.londra@esteri.it\">consolato.londra@esteri.it<\/a>) da parte del professionista interessato, corredata dal curriculum professionale e da qualsiasi altro documento comprovante i requisiti richiesti secondo la normativa italiana. Alla richiesta non consegue alcuna procedura selettiva, n\u00e9 la predisposizione della lista comporta alcuna graduatoria di merito delle figure professionali.<\/p>\n<p>Elenchi :<\/p>\n<ol>\n<li><a href=\"https:\/\/conslondra.esteri.it\/it\/info-utili\/professionisti-ed-enti\/notai-pubblici\/\">Notai<\/a>, <a href=\"https:\/\/conslondra.esteri.it\/it\/info-utili\/professionisti-ed-enti\/avvocati\/\">avvocati<\/a> e <a href=\"https:\/\/conslondra.esteri.it\/it\/info-utili\/professionisti-ed-enti\/commercialisti\/\">commercialisti<\/a><\/li>\n<li><a href=\"https:\/\/conslondra.esteri.it\/it\/info-utili\/professionisti-ed-enti\/medici-chirurghi-dentisti\/\">Medici di base, specialisti e dentisti<\/a><\/li>\n<li><a href=\"https:\/\/conslondra.esteri.it\/it\/info-utili\/professionisti-ed-enti\/traduttori-ed-interpreti\/\">Traduttori ed Interpreti<\/a><\/li>\n<li><a href=\"https:\/\/conslondra.esteri.it\/it\/info-utili\/professionisti-ed-enti\/patronati\/\">Patronati<\/a><\/li>\n<li><a href=\"https:\/\/conslondra.esteri.it\/it\/info-utili\/professionisti-ed-enti\/studi-medici-e-case-di-cura\/\">Studi medici e Case di cura<\/a><\/li>\n<li><a href=\"https:\/\/conslondra.esteri.it\/it\/info-utili\/professionisti-ed-enti\/organizzazioni-benefiche\/\">Organizzazioni benefiche<\/a><\/li>\n<\/ol>\n","protected":false},"excerpt":{"rendered":"Questa pagina\u00a0contiene\u00a0le liste di Enti e Operatori italiani. I nominativi riportati vengono forniti (in ordine alfabetico) a titolo informativo e non esaustivo. Il Consolato Generale non sottopone a verifica la loro attivit\u00e0, n\u00e9 risponde per il loro operato. Il Consolato Generale non pu\u00f2 pertanto assumere alcuna responsabilit\u00e0 sugli esiti di eventuali rapporti che avverranno su [&hellip;]","protected":false},"author":6,"featured_media":0,"parent":484,"menu_order":0,"comment_status":"closed","ping_status":"closed","template":"","meta":{"footnotes":""},"class_list":["post-730","page","type-page","status-publish","hentry"],"_links":{"self":[{"href":"https:\/\/conslondra.esteri.it\/it\/wp-json\/wp\/v2\/pages\/730","targetHints":{"allow":["GET"]}}],"collection":[{"href":"https:\/\/conslondra.esteri.it\/it\/wp-json\/wp\/v2\/pages"}],"about":[{"href":"https:\/\/conslondra.esteri.it\/it\/wp-json\/wp\/v2\/types\/page"}],"author":[{"embeddable":true,"href":"https:\/\/conslondra.esteri.it\/it\/wp-json\/wp\/v2\/users\/6"}],"replies":[{"embeddable":true,"href":"https:\/\/conslondra.esteri.it\/it\/wp-json\/wp\/v2\/comments?post=730"}],"version-history":[{"count":0,"href":"https:\/\/conslondra.esteri.it\/it\/wp-json\/wp\/v2\/pages\/730\/revisions"}],"up":[{"embeddable":true,"href":"https:\/\/conslondra.esteri.it\/it\/wp-json\/wp\/v2\/pages\/484"}],"wp:attachment":[{"href":"https:\/\/conslondra.esteri.it\/it\/wp-json\/wp\/v2\/media?parent=730"}],"curies":[{"name":"wp","href":"https:\/\/api.w.org\/{rel}","templated":true}]}}