{"id":749,"date":"2022-08-25T15:35:12","date_gmt":"2022-08-25T13:35:12","guid":{"rendered":"https:\/\/conslondra.esteri.it\/?page_id=749"},"modified":"2026-04-30T11:42:30","modified_gmt":"2026-04-30T09:42:30","slug":"unioni-civili-tra-persone-dello-stesso-sesso","status":"publish","type":"page","link":"https:\/\/conslondra.esteri.it\/it\/servizi-consolari-e-visti\/servizi-per-il-cittadino-italiano\/stato-civile\/unioni-civili-tra-persone-dello-stesso-sesso\/","title":{"rendered":"Trascrizione atto di unione civile tra persone dello stesso sesso"},"content":{"rendered":"<p><strong>TRASCRIZIONE IN ITALIA DELL\u2019ATTO DI UNIONE CIVILE CELEBRATO ALL\u2019ESTERO<\/strong><\/p>\n<p>In Italia, l\u2019istituto dell\u2019unione civile \u00e8 stato introdotto con la <a href=\"https:\/\/www.normattiva.it\/uri-res\/N2Ls?urn:nir:stato:legge:2016-05-20;76\">Legge n. 76 del 20 maggio 2016<\/a> (conosciuta anche come &#8220;Legge Cirinn\u00e0&#8221;) ed \u00e8 <strong><u>riservato esclusivamente alle<\/u><\/strong><u> <strong>coppie dello stesso sesso<\/strong><\/u>. Queste unioni civili costituite di fronte alle autorit\u00e0 straniere, in cui almeno una delle parti sia\u00a0di cittadinanza italiana, producono nell\u2019ordinamento italiano gli effetti dell\u2019unione civile regolata dalla legge n. 76\/2016.<\/p>\n<p>I cittadini italiani che, all\u2019estero e secondo la legge locale, abbiano contratto un\u2019unione civile con una <strong><u>persona dello stesso sesso<\/u><\/strong>, possono richiedere la trascrizione presso il Comune italiano competente degli atti costituiti all\u2019estero (legge n. 76\/2016. art. 8, comma 3) per il tramite dell\u2019Autorit\u00e0 Consolare.<\/p>\n<p>\u00c8 possibile richiedere la trascrizione di tali atti anche se l\u2019unione \u00e8 avvenuta prima dell\u2019entrata in vigore della suddetta Legge.<\/p>\n<p>Gli atti verranno trascritti nell\u2019ordinamento italiano quali \u201c<strong><u>unioni civili<\/u><\/strong>\u201d nell\u2019apposito Registro Provvisorio delle Unioni Civili istituito presso ciascun Comune (art. 9, comma 1, DPCM 144\/2016). Su richiesta degli interessati, nei documenti e negli atti in cui \u00e8 prevista l\u2019indicazione dello stato civile, verranno utilizzate le formule di \u201cunito o unita civilmente\u201d (art.7, comma 2, DPCM 144\/2016).<\/p>\n<p>&nbsp;<\/p>\n<h3><strong>Unioni civili per le <u>coppie di sesso diverso<\/u><\/strong><\/h3>\n<p>L\u2019istituto dell\u2019unione civile per le <strong><u>coppie di sesso diverso<\/u><\/strong><u> <strong>NON<\/strong>\u00a0<strong>\u00e8 previsto<\/strong><\/u> dalla legislazione attualmente vigente in Italia mentre\u00a0\u00e8 <a href=\"https:\/\/www.gov.uk\/marriages-civil-partnerships\">riconosciuto nel Regno Unito<\/a>. <strong><u>Pertanto tali atti non sono trascrivibili in Italia<\/u><\/strong> e le richieste inviate a questo Consolato <strong><u>saranno restituite<\/u>.<\/strong><\/p>\n<p>Per ulteriori chiarimenti, i connazionali possono contattare il proprio Comune in Italia, consultare le pagine disponibili sul sito del Ministero degli Affari Esteri e della Cooperazione Internazionale \u2013 <a href=\"https:\/\/www.esteri.it\/it\/servizi-consolari-e-visti\/italiani-all-estero\/stato-civile\/unioni-civili-convivenze-di-fatto_0\/\">MAECI<\/a> \u2013 e quello del <a href=\"https:\/\/www.gov.uk\/marriages-civil-partnerships-abroad\">Governo Britannico<\/a>, nonch\u00e9 effettuare ulteriori specifiche ricerche personali online.<\/p>\n<p><strong>\u00a0<\/strong><strong><u>SOLO le<\/u><\/strong><u> <strong>coppie di sesso diverso unite civilmente in SCOZIA possono convertire la loro unione civile in matrimonio<\/strong><\/u>. Per ulteriori informazioni su tale procedura contattare il Registry Office competente.<\/p>\n<h4><strong>A.\u00a0\u00a0\u00a0\u00a0 AVVERTENZE GENERALI<\/strong><\/h4>\n<p><strong>Prerequisiti <\/strong><\/p>\n<p>Questo Ufficio Stato Civile pu\u00f2 processare la richiesta trascrizione dell\u2019atto di unione civile di coppie dello stesso sesso <strong><u>SOLO<\/u><\/strong> in presenza dei due seguenti prerequisiti:<\/p>\n<ul>\n<li><strong>Iscrizione all\u2019AIRE di Londra di almeno uno dei contraenti con l\u2019indirizzo di residenza aggiornato<\/strong>:<\/li>\n<\/ul>\n<p>Per informazioni e procedure dettagliate per l\u2019eventuale iscrizione all\u2019AIRE o aggiornamenti AIRE <a href=\"https:\/\/conslondra.esteri.it\/it\/servizi-consolari-e-visti\/servizi-per-il-cittadino-italiano\/aire\/\">cliccare qui<\/a>. Nel men\u00f9 a destra di tale sezione sono disponibili dei video tutorial;<\/p>\n<ul>\n<li><strong>Stato civile aggiornato: <\/strong><\/li>\n<\/ul>\n<p>Precedenti matrimoni \/ unioni e divorzi devono essere registrati \/ trascritti in Italia. Per informazioni e istruzioni dettagliate sulla registrazione di una sentenza di divorzio <a href=\"https:\/\/conslondra.esteri.it\/it\/servizi-consolari-e-visti\/servizi-per-il-cittadino-italiano\/stato-civile\/per-registrare-una-sentenza-di-divorzio\/\">cliccare qui<\/a>.<\/p>\n<p><strong>\u00a0<\/strong><\/p>\n<p><strong>Come fare richiesta, tempistiche e documentazione originale<\/strong><\/p>\n<ul>\n<li>La procedura \u00e8 <strong>interamente postale<\/strong>. I documenti <strong><u>NON<\/u><\/strong> possono essere consegnati di persona e\/o su appuntamento ma solo spediti tramite <strong>ROYAL MAIL SPECIAL DELIVERY <\/strong>al:<\/li>\n<\/ul>\n<p><strong>CONSOLATO GENERALE D\u2019ITALIA A LONDRA<\/strong><br \/>\n<strong>Ufficio Stato Civile<\/strong><br \/>\n<strong>83\/86, Farringdon Street<\/strong><br \/>\n<strong>London EC4A 4BL<\/strong><\/p>\n<p>&nbsp;<\/p>\n<ul>\n<li>Le richieste vengono <strong>trattate nell\u2019ordine cronologico <\/strong>di arrivo all\u2019Ufficio Stato Civile ed il tempo di lavorazione delle pratiche \u00e8 attualmente di circa <strong><u>12 settimane;<\/u><\/strong><\/li>\n<li><strong>In ottemperanza alla normativa italiana, la<\/strong> <strong>documentazione originale completa <u>sar\u00e0 conservata<\/u><\/strong><u> <strong>negli archivi del Consolato<\/strong><\/u>. Ulteriori copie dei documenti possono essere richieste all\u2019autorit\u00e0 che li ha emessi;<\/li>\n<li><strong>La documentazione<\/strong> <strong>originale incompleta e\/o non conforme<u> sar\u00e0 restituita<\/u><\/strong><u> <strong>al mittente<\/strong><\/u> con la richiesta di fornire documenti integrativi e\/o corretti.<\/li>\n<\/ul>\n<p><strong>\u00a0<\/strong><\/p>\n<p><strong>Richieste di conferme ed informazioni<\/strong><\/p>\n<ul>\n<li><strong>Per la conferma di avvenuta ricezione del plico:<\/strong><\/li>\n<\/ul>\n<p>Consultare il sito della <a href=\"https:\/\/www.royalmail.com\/\">Royal Mail<\/a> alla pagina <a href=\"https:\/\/www.royalmail.com\/track-your-item\">Track your item<\/a> e utilizzare il codice stampato sulla ricevuta di special delivery;<\/p>\n<ul>\n<li><strong>Per informazioni circa lo stato di avanzamento della richiesta:<\/strong><\/li>\n<\/ul>\n<p>Attendere la notifica della trasmissione inviata da questo Ufficio al Comune competente tramite email certificata (PEC) e contemporaneamente al richiedente tramite email ordinaria. \u00c8 importante indicare <strong>un indirizzo email leggibile e<\/strong> <strong>verificare la casella di posta indesiderata <\/strong>(spam).<\/p>\n<ul>\n<li><strong>Per la conferma dell\u2019esito della trascrizione.<\/strong><\/li>\n<\/ul>\n<p>Verificare la posizione propria e\/o familiare sul Portale dell\u2019<strong><u>A<\/u><\/strong>nagrafe <strong><u>N<\/u><\/strong>azionale della <strong><u>P<\/u><\/strong>opolazione <strong><u>R<\/u><\/strong>esidente \u2013 <a href=\"https:\/\/www.anagrafenazionale.interno.it\/\">ANPR<\/a> a cui si pu\u00f2 accedere tramite un\u2019identit\u00e0 digitale <a href=\"https:\/\/conslondra.esteri.it\/it\/servizi-consolari-e-visti\/servizi-per-il-cittadino-italiano\/spid\/\">SPID<\/a>, una <a href=\"https:\/\/conslondra.esteri.it\/it\/servizi-consolari-e-visti\/servizi-per-il-cittadino-italiano\/carta-didentita-elettronica\/\">Carta d\u2019Identit\u00e0 Elettronica (CIE)<\/a> o una Carta nazionale dei Servizi (CNS).<\/p>\n<p>In alternativa, contattare il Comune di riferimento tramite i dettagli disponibili sul loro sito.<\/p>\n<h4>B.\u00a0\u00a0\u00a0\u00a0 DOCUMENTAZIONE RICHIESTA<\/h4>\n<p>La documentazione da inviare \u00e8 specifica sulla base dello Stato in cui \u00e8 stata celebrata l\u2019unione civile \/ Stato di emissione dell\u2019atto di unione civile:<\/p>\n<ul>\n<li>Per le unioni civili celebrate nel <strong>Regno Unito<\/strong> <a href=\"https:\/\/conslondra.esteri.it\/it\/servizi-consolari-e-visti\/servizi-per-il-cittadino-italiano\/stato-civile\/unioni-civili-tra-persone-dello-stesso-sesso\/unioni-civili-delle-coppie-dello-stesso-sesso-celebrate-nel-regno-unito-atto-formato-nel-regno-unito\/\">cliccare qui<\/a>;<\/li>\n<li>Per le unioni civili celebrate in uno<strong> Stato diverso dal Regno Unito <\/strong><a href=\"https:\/\/conslondra.esteri.it\/it\/servizi-consolari-e-visti\/servizi-per-il-cittadino-italiano\/voto-allestero\/elezioni-politiche-e-referendum\/17201-2\/unioni-civili-delle-coppie-dello-stesso-sesso-celebrate-in-uno-stato-diverso-dal-regno-unito\/\">cliccare qui<\/a><\/li>\n<\/ul>\n","protected":false},"excerpt":{"rendered":"TRASCRIZIONE IN ITALIA DELL\u2019ATTO DI UNIONE CIVILE CELEBRATO ALL\u2019ESTERO In Italia, l\u2019istituto dell\u2019unione civile \u00e8 stato introdotto con la Legge n. 76 del 20 maggio 2016 (conosciuta anche come &#8220;Legge Cirinn\u00e0&#8221;) ed \u00e8 riservato esclusivamente alle coppie dello stesso sesso. Queste unioni civili costituite di fronte alle autorit\u00e0 straniere, in cui almeno una delle parti [&hellip;]","protected":false},"author":6,"featured_media":0,"parent":182,"menu_order":4,"comment_status":"closed","ping_status":"closed","template":"","meta":{"footnotes":""},"class_list":["post-749","page","type-page","status-publish","hentry"],"_links":{"self":[{"href":"https:\/\/conslondra.esteri.it\/it\/wp-json\/wp\/v2\/pages\/749","targetHints":{"allow":["GET"]}}],"collection":[{"href":"https:\/\/conslondra.esteri.it\/it\/wp-json\/wp\/v2\/pages"}],"about":[{"href":"https:\/\/conslondra.esteri.it\/it\/wp-json\/wp\/v2\/types\/page"}],"author":[{"embeddable":true,"href":"https:\/\/conslondra.esteri.it\/it\/wp-json\/wp\/v2\/users\/6"}],"replies":[{"embeddable":true,"href":"https:\/\/conslondra.esteri.it\/it\/wp-json\/wp\/v2\/comments?post=749"}],"version-history":[{"count":8,"href":"https:\/\/conslondra.esteri.it\/it\/wp-json\/wp\/v2\/pages\/749\/revisions"}],"predecessor-version":[{"id":18377,"href":"https:\/\/conslondra.esteri.it\/it\/wp-json\/wp\/v2\/pages\/749\/revisions\/18377"}],"up":[{"embeddable":true,"href":"https:\/\/conslondra.esteri.it\/it\/wp-json\/wp\/v2\/pages\/182"}],"wp:attachment":[{"href":"https:\/\/conslondra.esteri.it\/it\/wp-json\/wp\/v2\/media?parent=749"}],"curies":[{"name":"wp","href":"https:\/\/api.w.org\/{rel}","templated":true}]}}