{"id":764,"date":"2022-08-25T16:17:53","date_gmt":"2022-08-25T14:17:53","guid":{"rendered":"https:\/\/conslondra.esteri.it\/?page_id=764"},"modified":"2025-01-06T13:30:25","modified_gmt":"2025-01-06T12:30:25","slug":"cittadino-italiano-che-intende-sposarsi-allestero","status":"publish","type":"page","link":"https:\/\/conslondra.esteri.it\/it\/servizi-consolari-e-visti\/servizi-per-il-cittadino-italiano\/stato-civile\/cittadino-italiano-che-intende-sposarsi-allestero\/","title":{"rendered":"Matrimonio all&#8217;estero del cittadino italiano"},"content":{"rendered":"<p style=\"text-align: justify;\">Il cittadino italiano che intende sposarsi all\u2019estero <strong>NON deve effettuare le pubblicazioni di matrimonio<\/strong>, <span style=\"text-decoration: underline;\">eccetto per l\u2019Albania<\/span>.<\/p>\n<p style=\"text-align: justify;\">Questo Consolato Generale pu\u00f2, unicamente per gli iscritti all\u2019Aire, rilasciare il &#8220;<a href=\"https:\/\/conslondra.esteri.it\/wp-content\/uploads\/2024\/02\/20-Modulo-nuovo-richiesta-certificato.docx\">Certificato contestuale<\/a>&#8221;\u00a0 o il &#8220;<a href=\"https:\/\/conslondra.esteri.it\/wp-content\/uploads\/2023\/06\/22-Modulo-nuovo-2-richiesta-capacita-matrimoniale-1.docx\">Certificato di Capacit\u00e0 Matrimoniale<\/a>&#8221; secondo la Convenzione di Monaco del 05.09.1980.<br \/>\nI certificati sono emessi solo per i connazionali iscritti AIRE presso questa Sede.<\/p>\n<p>&nbsp;<\/p>\n<p style=\"text-align: justify;\"><span style=\"text-decoration: underline;\">\u00a0 \u00a0 \u00a0 \u00a0 \u00a0 \u00a0 \u00a0 \u00a0 \u00a0 \u00a0 \u00a0 \u00a0 \u00a0 \u00a0 \u00a0 \u00a0 \u00a0 \u00a0 \u00a0 \u00a0 \u00a0 \u00a0 \u00a0 \u00a0 \u00a0 \u00a0 \u00a0 \u00a0 \u00a0 \u00a0 \u00a0 \u00a0 \u00a0 \u00a0 \u00a0 \u00a0 \u00a0 \u00a0 \u00a0\u00a0<\/span><\/p>\n<p>Nel caso di <strong>matrimonio nel Regno Unito<\/strong> tra\u00a0due cittadini italiani o\u00a0cittadino italiano con cittadino straniero,\u00a0non \u00e8 richiesto da parte delle autorit\u00e0 italiane <span style=\"text-decoration: underline;\">nessun adempimento preventivo.<\/span><\/p>\n<p>Il cittadino italiano dovr\u00e0 presentare alle autorit\u00e0 britanniche un certificato di stato civile in lingua inglese che potr\u00e0 richiedere, se iscritto AIRE, a questo Consolato (vedi <a href=\"https:\/\/conslondra.esteri.it\/it\/servizi-consolari-e-visti\/servizi-per-il-cittadino-italiano\/stato-civile\/per-richiedere-un-certificato\/\">Richiedere un Certificato \u2013 Consolato Generale d&#8217;Italia Londra<\/a>).<\/p>\n<p>Una volta celebrato il matrimonio, questo dovr\u00e0 essere <strong>registrato negli atti del comune italiano competente<\/strong>, seguendo la procedura descritta alla pagina: <a href=\"https:\/\/conslondra.esteri.it\/it\/servizi-consolari-e-visti\/servizi-per-il-cittadino-italiano\/stato-civile\/per-registrare-i-certificati-di-matrimonio\/\">Come registrare un matrimonio in Italia \u2013 Consolato Generale d&#8217;Italia Londra<\/a>.<\/p>\n<p>&nbsp;<\/p>\n<p>Nel caso di <strong>matrimonio in altro Paese estero<\/strong>, il cittadino italiano dovr\u00e0:<\/p>\n<p>1) contattare le Autorit\u00e0 locali di quel Paese per la documentazione da presentare per sposarsi;<\/p>\n<p>2) contattare la Rappresentanza italiana in quel Paese per verificare le procedure di trascrizione dell\u2019atto di matrimonio straniero.<\/p>\n<p style=\"text-align: justify;\"><span style=\"text-decoration: underline;\">\u00a0 \u00a0 \u00a0 \u00a0 \u00a0 \u00a0 \u00a0 \u00a0 \u00a0 \u00a0 \u00a0 \u00a0 \u00a0 \u00a0 \u00a0 \u00a0 \u00a0 \u00a0 \u00a0 \u00a0 \u00a0 \u00a0 \u00a0 \u00a0 \u00a0 \u00a0 \u00a0 \u00a0 \u00a0 \u00a0 \u00a0 \u00a0 \u00a0 \u00a0 \u00a0 \u00a0 \u00a0 \u00a0 \u00a0\u00a0<\/span><\/p>\n<p>&nbsp;<\/p>\n<p style=\"text-align: justify;\"><strong>Certificato di capacit\u00e0 matrimoniale secondo la convenzione di Monaco del 05.09.1980<\/strong><\/p>\n<p style=\"text-align: justify;\">Per il cittadino italiano che intende sposarsi all\u2019estero in uno dei Paesi che hanno firmato e ratificato la Convenzione di Monaco del 05.09.1980:<\/p>\n<p style=\"text-align: justify;\">Austria, Germania, Grecia, Italia, Lussemburgo, Moldova, Paesi Bassi, Portogallo, Spagna, Svizzera, Turchia.<\/p>\n<p style=\"text-align: justify;\">Il Consolato competente per residenza rilascia specifico &#8220;Certificato di Capacit\u00e0 Matrimoniale&#8221; che \u00e8 esente da legalizzazione e traduzione poich\u00e9 le varie voci sono gi\u00e0 tradotte nelle lingue convenute dai Paesi firmatari.<\/p>\n<p style=\"text-align: justify;\">\n","protected":false},"excerpt":{"rendered":"Il cittadino italiano che intende sposarsi all\u2019estero NON deve effettuare le pubblicazioni di matrimonio, eccetto per l\u2019Albania. Questo Consolato Generale pu\u00f2, unicamente per gli iscritti all\u2019Aire, rilasciare il &#8220;Certificato contestuale&#8221;\u00a0 o il &#8220;Certificato di Capacit\u00e0 Matrimoniale&#8221; secondo la Convenzione di Monaco del 05.09.1980. I certificati sono emessi solo per i connazionali iscritti AIRE presso questa [&hellip;]","protected":false},"author":6,"featured_media":0,"parent":182,"menu_order":7,"comment_status":"closed","ping_status":"closed","template":"","meta":{"footnotes":""},"class_list":["post-764","page","type-page","status-publish","hentry"],"_links":{"self":[{"href":"https:\/\/conslondra.esteri.it\/it\/wp-json\/wp\/v2\/pages\/764","targetHints":{"allow":["GET"]}}],"collection":[{"href":"https:\/\/conslondra.esteri.it\/it\/wp-json\/wp\/v2\/pages"}],"about":[{"href":"https:\/\/conslondra.esteri.it\/it\/wp-json\/wp\/v2\/types\/page"}],"author":[{"embeddable":true,"href":"https:\/\/conslondra.esteri.it\/it\/wp-json\/wp\/v2\/users\/6"}],"replies":[{"embeddable":true,"href":"https:\/\/conslondra.esteri.it\/it\/wp-json\/wp\/v2\/comments?post=764"}],"version-history":[{"count":6,"href":"https:\/\/conslondra.esteri.it\/it\/wp-json\/wp\/v2\/pages\/764\/revisions"}],"predecessor-version":[{"id":12416,"href":"https:\/\/conslondra.esteri.it\/it\/wp-json\/wp\/v2\/pages\/764\/revisions\/12416"}],"up":[{"embeddable":true,"href":"https:\/\/conslondra.esteri.it\/it\/wp-json\/wp\/v2\/pages\/182"}],"wp:attachment":[{"href":"https:\/\/conslondra.esteri.it\/it\/wp-json\/wp\/v2\/media?parent=764"}],"curies":[{"name":"wp","href":"https:\/\/api.w.org\/{rel}","templated":true}]}}