{"id":778,"date":"2022-08-25T17:06:37","date_gmt":"2022-08-25T15:06:37","guid":{"rendered":"https:\/\/conslondra.esteri.it\/?page_id=778"},"modified":"2024-08-20T11:28:12","modified_gmt":"2024-08-20T09:28:12","slug":"domanda-di-ripristino-del-cognome-originario","status":"publish","type":"page","link":"https:\/\/conslondra.esteri.it\/it\/servizi-consolari-e-visti\/servizi-per-il-cittadino-italiano\/stato-civile\/domanda-di-ripristino-del-cognome-originario\/","title":{"rendered":"Domanda di ripristino del nome\/cognome originario"},"content":{"rendered":"<p style=\"text-align: justify;\">Ai sensi dell\u2019art. 98, comma 2, del DPR 3 novembre 2000, della Circolare n. 397 del 15.05.2008 del Ministero del\u2019 Interno e della Sentenza della Corte Costituzionale n.286 dell\u201908.11.2016 \u00e8 possibile richiedere il RIPRISTINO del COGNOME ORIGINARIO attribuito al momento della nascita nel proprio certificato di nascita straniero in base alla normativa locale.<\/p>\n<p style=\"text-align: justify;\">Nel caso ci\u00f2 venga richiesto in favore di MINORI, la richiesta dovr\u00e0 essere accompagnata da prova della COMUNE VOLONT\u00c0\u00a0dei genitori in tal senso di attribuire al figlio ANCHE il cognome materno.<\/p>\n<p>&nbsp;<\/p>\n<p>ISTRUZIONI :<\/p>\n<ol>\n<li>compilare e firmare il <a href=\"https:\/\/conslondra.esteri.it\/info-utili\/modulistica\/modulistica-stato-civile\/\">MODULO<\/a> di richiesta;<\/li>\n<li>allegare il certificato di NASCITA con traduzione ed &#8220;Apostille&#8221;. Per l\u2019Apostille, verificare le istruzioni su questo sito: <a href=\"http:\/\/www.fco.gov.uk\/legalisation\">www.fco.gov.uk\/legalisation<\/a><\/li>\n<li>allegare copia del proprio passaporto italiano e se posseduto anche di quello straniero;<\/li>\n<li>inviare il tutto al Comune competente.<\/li>\n<\/ol>\n<p>&nbsp;<\/p>\n<p>&nbsp;<\/p>\n","protected":false},"excerpt":{"rendered":"Ai sensi dell\u2019art. 98, comma 2, del DPR 3 novembre 2000, della Circolare n. 397 del 15.05.2008 del Ministero del\u2019 Interno e della Sentenza della Corte Costituzionale n.286 dell\u201908.11.2016 \u00e8 possibile richiedere il RIPRISTINO del COGNOME ORIGINARIO attribuito al momento della nascita nel proprio certificato di nascita straniero in base alla normativa locale. Nel caso [&hellip;]","protected":false},"author":6,"featured_media":0,"parent":182,"menu_order":9,"comment_status":"closed","ping_status":"closed","template":"","meta":{"footnotes":""},"class_list":["post-778","page","type-page","status-publish","hentry"],"_links":{"self":[{"href":"https:\/\/conslondra.esteri.it\/it\/wp-json\/wp\/v2\/pages\/778","targetHints":{"allow":["GET"]}}],"collection":[{"href":"https:\/\/conslondra.esteri.it\/it\/wp-json\/wp\/v2\/pages"}],"about":[{"href":"https:\/\/conslondra.esteri.it\/it\/wp-json\/wp\/v2\/types\/page"}],"author":[{"embeddable":true,"href":"https:\/\/conslondra.esteri.it\/it\/wp-json\/wp\/v2\/users\/6"}],"replies":[{"embeddable":true,"href":"https:\/\/conslondra.esteri.it\/it\/wp-json\/wp\/v2\/comments?post=778"}],"version-history":[{"count":4,"href":"https:\/\/conslondra.esteri.it\/it\/wp-json\/wp\/v2\/pages\/778\/revisions"}],"predecessor-version":[{"id":17594,"href":"https:\/\/conslondra.esteri.it\/it\/wp-json\/wp\/v2\/pages\/778\/revisions\/17594"}],"up":[{"embeddable":true,"href":"https:\/\/conslondra.esteri.it\/it\/wp-json\/wp\/v2\/pages\/182"}],"wp:attachment":[{"href":"https:\/\/conslondra.esteri.it\/it\/wp-json\/wp\/v2\/media?parent=778"}],"curies":[{"name":"wp","href":"https:\/\/api.w.org\/{rel}","templated":true}]}}