{"id":927,"date":"2022-08-26T17:14:22","date_gmt":"2022-08-26T15:14:22","guid":{"rendered":"https:\/\/conslondra.esteri.it\/?page_id=927"},"modified":"2023-12-14T16:56:07","modified_gmt":"2023-12-14T15:56:07","slug":"atto-di-separazione-dei-beni-tra-coniugi","status":"publish","type":"page","link":"https:\/\/conslondra.esteri.it\/it\/servizi-consolari-e-visti\/servizi-per-il-cittadino-italiano\/notarile\/atto-di-separazione-dei-beni-tra-coniugi\/","title":{"rendered":"Dichiarazione di separazione o di comunione dei beni tra coniugi"},"content":{"rendered":"<p style=\"text-align: justify;\">La scelta del regime patrimoniale viene effettuata all&#8217;atto del matrimonio, con dichiarazione verbale all&#8217;Ufficiale dello Stato Civile o al Parroco celebrante il matrimonio. Successivamente alla celebrazione del matrimonio, \u00e8 possibile rivolgersi a questo Consolato Generale per modificare la scelta effettuata in precedenza, ad esempio per passare dal regime di separazione a quello di comunione dei beni o viceversa, oppure scegliere la legge italiana per la regolamentazione del regime patrimoniale di un matrimonio contratto all\u2019estero.<\/p>\n<p style=\"text-align: justify;\">Il servizio di sottoscrizione di procure e atti notarili presso questo Consolato Generale d\u2019Italia a Londra \u00e8 riservato unicamente ai cittadini italiani che si trovino all\u2019estero in via permanente o temporanea (<a href=\"https:\/\/www.normattiva.it\/uri-res\/N2Ls?urn:nir:stato:decreto.legislativo:2011-02-03;71\">D. Lgs. 71\/2011<\/a>). Chi fosse impossibilitato a recarsi in Consolato potr\u00e0 sempre ottenere procure ed atti notarili validi in Italia sottoscrivendoli presso un qualsiasi notaio pubblico britannico, e facendo in seguito apostillare l\u2019atto cos\u00ec formato dal <a href=\"https:\/\/www.gov.uk\/get-document-legalised\">Legalisation Office<\/a> (molti notai offrono anche questo servizio). Una lista non esaustiva di notai noti a questo Consolato \u00e8 disponibile <a href=\"https:\/\/conslondra.esteri.it\/it\/info-utili\/professionisti-ed-enti\/\">qui<\/a>.<\/p>\n<p>&nbsp;<\/p>\n<p style=\"text-align: justify;\"><strong>MODALIT\u00c0 DI PRENOTAZIONE E COSTO DEL SERVIZIO<\/strong><\/p>\n<p style=\"text-align: justify;\">I coniugi interessati, di cui almeno uno in possesso della cittadinanza italiana, devono richiedere un appuntamento scrivendo all\u2019indirizzo <a href=\"mailto:notarile.londra@esteri.it\">notarile.londra@esteri.it<\/a>, includendo nell\u2019email le seguenti informazioni:<\/p>\n<ul style=\"text-align: justify;\">\n<li>Nome, cognome, data e luogo di nascita, indirizzo di residenza e codice fiscale del primo coniuge;<\/li>\n<li>Nome, cognome, data e luogo di nascita, indirizzo di residenza e codice fiscale del secondo coniuge;<\/li>\n<li>Data e luogo del matrimonio;<\/li>\n<li>Comune presso il quale il matrimonio verr\u00e0 oppure \u00e8 stato gi\u00e0 trascritto (includendo gli estremi della trascrizione).<\/li>\n<\/ul>\n<p style=\"text-align: justify;\">Una volta verificata l\u2019accettabilit\u00e0 della richiesta, l\u2019Ufficio risponder\u00e0 offrendo un appuntamento in Consolato.<\/p>\n<p style=\"text-align: justify;\">All\u2019appuntamento dovranno presentarsi entrambi i coniugi e dovranno portare:<\/p>\n<ol style=\"text-align: justify;\">\n<li>Una email di conferma appuntamento che verr\u00e0 fornita dall\u2019Ufficio;<\/li>\n<li>Un proprio documento di identit\u00e0 in corso di validit\u00e0;<\/li>\n<li>Copia del certificato di matrimonio;<\/li>\n<li>Una UK Debit card per il pagamento. Il costo del servizio \u00e8 il doppio di quanto indicato all\u2019art. 26, della <a href=\"https:\/\/conslondra.esteri.it\/info-utili\/tariffe-consolari\/\">Tabella dei diritti consolari<\/a>. Si prega di notare che i pagamenti sono effettuabili in Consolato solamente tramite carta di debito britannica (no contactless, no Apple pay, no carte di credito, no carte di debito italiane).<\/li>\n<\/ol>\n<p>&nbsp;<\/p>\n<p style=\"text-align: justify;\"><strong>UTILIZZO DELLA DICHIARAZIONE<\/strong><\/p>\n<p style=\"text-align: justify;\">Il giorno dell\u2019appuntamento verr\u00e0 rilasciata agli interessati una copia originale della dichiarazione di separazione o comunione dei beni. Gli interessati dovranno provvedere <strong>autonomamente<\/strong> alla trascrizione della stessa presso il comune italiano competente.<\/p>\n<p>&nbsp;<\/p>\n<p>&nbsp;<\/p>\n<p style=\"text-align: right;\"><a href=\"https:\/\/conslondra.esteri.it\/it\/servizi-consolari-e-visti\/servizi-per-il-cittadino-italiano\/notarile\/autentica-di-fotocopia-di-documento\/\">Torna a Servizi Notarili<\/a><\/p>\n<p>&nbsp;<\/p>\n<p>&nbsp;<\/p>\n","protected":false},"excerpt":{"rendered":"La scelta del regime patrimoniale viene effettuata all&#8217;atto del matrimonio, con dichiarazione verbale all&#8217;Ufficiale dello Stato Civile o al Parroco celebrante il matrimonio. Successivamente alla celebrazione del matrimonio, \u00e8 possibile rivolgersi a questo Consolato Generale per modificare la scelta effettuata in precedenza, ad esempio per passare dal regime di separazione a quello di comunione dei [&hellip;]","protected":false},"author":6,"featured_media":0,"parent":751,"menu_order":3,"comment_status":"closed","ping_status":"closed","template":"","meta":{"footnotes":""},"class_list":["post-927","page","type-page","status-publish","hentry"],"_links":{"self":[{"href":"https:\/\/conslondra.esteri.it\/it\/wp-json\/wp\/v2\/pages\/927","targetHints":{"allow":["GET"]}}],"collection":[{"href":"https:\/\/conslondra.esteri.it\/it\/wp-json\/wp\/v2\/pages"}],"about":[{"href":"https:\/\/conslondra.esteri.it\/it\/wp-json\/wp\/v2\/types\/page"}],"author":[{"embeddable":true,"href":"https:\/\/conslondra.esteri.it\/it\/wp-json\/wp\/v2\/users\/6"}],"replies":[{"embeddable":true,"href":"https:\/\/conslondra.esteri.it\/it\/wp-json\/wp\/v2\/comments?post=927"}],"version-history":[{"count":3,"href":"https:\/\/conslondra.esteri.it\/it\/wp-json\/wp\/v2\/pages\/927\/revisions"}],"predecessor-version":[{"id":7355,"href":"https:\/\/conslondra.esteri.it\/it\/wp-json\/wp\/v2\/pages\/927\/revisions\/7355"}],"up":[{"embeddable":true,"href":"https:\/\/conslondra.esteri.it\/it\/wp-json\/wp\/v2\/pages\/751"}],"wp:attachment":[{"href":"https:\/\/conslondra.esteri.it\/it\/wp-json\/wp\/v2\/media?parent=927"}],"curies":[{"name":"wp","href":"https:\/\/api.w.org\/{rel}","templated":true}]}}