{"id":9326,"date":"2024-05-20T16:25:14","date_gmt":"2024-05-20T14:25:14","guid":{"rendered":"https:\/\/conslondra.esteri.it\/?page_id=9326"},"modified":"2024-06-18T09:37:43","modified_gmt":"2024-06-18T07:37:43","slug":"marcacao-de-manha-confirmada","status":"publish","type":"page","link":"https:\/\/conslondra.esteri.it\/it\/amministrazione-trasparente\/altri-contenuti\/marcacao-de-manha-confirmada\/","title":{"rendered":"Agendamento Marca\u00e7\u00e3o de Manh\u00e3 confirmado"},"content":{"rendered":"<p>A marca\u00e7\u00e3o do seu passaporte\u00a0<strong>est\u00e1 confirmada<\/strong>.<\/p>\n<p><strong>Confira no e-mail qual \u00e9 o seu hor\u00e1rio de acesso no Consulado. <\/strong>Deve apresentar este e-mail e o seu Passaporte a entrada junto do pessoal da seguran\u00e7a.<\/p>\n<p>Por favor, ignore todos os e-mails recebidos anteriormente. Este e-mail \u00e9 o \u00fanico e-mail de confirma\u00e7\u00e3o para entrar no Consulado.<\/p>\n<p>&nbsp;<\/p>\n<p><strong><u>Por favor, aten\u00e7\u00e3o ao seguinte:<\/u><\/strong><\/p>\n<ul>\n<li>Esta marca\u00e7\u00e3o n\u00e3o tem hor\u00e1rio fixo;<\/li>\n<li>Verifique o hor\u00e1rio de acesso no email;<\/li>\n<li>Voc\u00ea ser\u00e1 obrigado a fazer fila no exterior do Consulado e ser\u00e1 chamado por ordem de chegada;<\/li>\n<li>N\u00e3o \u00e9 permitido o acesso de acompanhantes, amigos ou familiares. Quaisquer exce\u00e7\u00f5es ser\u00e3o avaliadas no momento.<\/li>\n<\/ul>\n<p>A perman\u00eancia no Consulado ser\u00e1 de\u00a0<strong>PELO MENOS DUAS HORAS<\/strong>, salvo impedimentos ou problemas tecnicos.<\/p>\n<p>Esta marca\u00e7\u00e3o \u00e9 estritamente pessoal e intransfer\u00edvel a terceiros e est\u00e1 exclusivamente reservado \u00e0 emiss\u00e3o do passaporte do mesmo.<\/p>\n<p><strong><br \/>\nCASO TU SEJAS MAIOR DE IDADE (18 ANOS), DEVES TRAZER CONTIGO:<\/strong><\/p>\n<ul>\n<li><strong>PAGAMENTO SOMENTE COM CARTAO DE MULTIBANCO INGLES COM PIN<\/strong>, (N\u00e3o aceitamos Touch, Apple pay ou pagamentos similares);<\/li>\n<li><a href=\"https:\/\/conslondra.esteri.it\/en\/chi-siamo\/la-sede\/modulistica\/modulistica-passaporti\/\"><strong>MOD1<\/strong><\/a> j\u00e1 impresso e preenchido;<\/li>\n<li><strong>Duas fotos<\/strong> tipo passaporte (formato ICAO, recentes, fundo branco e n\u00e3o em suporte digital);<\/li>\n<li><strong>Passaporte italiano original<\/strong> mesmo fora de validade ou danificado;<\/li>\n<li>O t\u00edtulo de viagem \u00fanica, (ETD1\/DEN1) \u00e9 emitido presencialmente a cidad\u00e3os de nacionalidade Italiana;<\/li>\n<li><strong>Em caso de perda ou roubo do passaporte<\/strong>: devem trazer o formul\u00e1rio\u00a0<a href=\"https:\/\/conslondra.esteri.it\/en\/chi-siamo\/la-sede\/modulistica\/modulistica-passaporti\/\">ETD1\/DEN1<\/a> j\u00e1 impresso e preenchido, acompanhado de um documento de identifica\u00e7\u00e3o ORIGINAL E V\u00c1LIDO, ainda que de outra nacionalidade (N\u00c3O ACEITAMOS A CARTA DE CONDUC\u00c3O, CART\u00c3O OYSTER OU CART\u00c3O DE RESID\u00caNCIA);<\/li>\n<li><strong>Se o seu passaporte estiver fora de validade h\u00e1 mais de 10 anos ou<\/strong>, se voc\u00ea n\u00e3o for mais reconhec\u00edvel pela fotografia, deve trazer outro documento de identifica\u00e7\u00e3o ORIGINAL E V\u00c1LIDO, mesmo que de outra nacionalidade ( N\u00c3O ACEITAMOS A CARTA DE CONDUC\u00c3O, CART\u00c3O OYSTER OU CART\u00c3O DE RESID\u00caNCIA);<\/li>\n<li><strong>No caso de ser o primeiro passaporte Italiano<\/strong>, deve trazer outro documento de identifica\u00e7\u00e3o ORIGINAL E V\u00c1LIDO, ainda que de outra nacionalidade (N\u00c3O ACEITAMOS A CARTA DE CONDUCAO, CART\u00c3O OYSTER OU CART\u00c3O DE RESID\u00caNCIA).<\/li>\n<\/ul>\n<p>&nbsp;<\/p>\n<p><strong>CASO TU SEJAS MENOR DE IDADE (18 ANOS), DEVES TRAZER CONTIGO:<\/strong><\/p>\n<ul>\n<li><strong>Aten\u00e7\u00e3o<\/strong>, <strong>o menor dever\u00e1 estar presente no Consulado<\/strong>;<\/li>\n<li><strong>PAGAMENTO SOMENTE COM CARTAO DE MULTIBANCO INGLES\u00a0COM PIN<\/strong> (N\u00e3o aceitamos Touch, Apple pay ou pagamentos similares);<\/li>\n<li><a href=\"https:\/\/conslondra.esteri.it\/en\/chi-siamo\/la-sede\/modulistica\/modulistica-passaporti\/\"><strong>MOD2<\/strong><\/a> j\u00e1 impresso, preenchido e assinado por ambos os pais\/respons\u00e1veis;<\/li>\n<li><strong>Caso um dos pais\/respons\u00e1veis <\/strong><strong>\u200b\u200b<\/strong><strong>n<\/strong><strong>\u00e3<\/strong><strong>o seja europeu<\/strong>, dever\u00e1 comparecer no Consulado com o seu Passaporte ORIGINAL E V\u00c1LIDO para assinar pessoalmente em presen\u00e7a de um fun\u00e7ionario consular (N\u00c3O ACEITAMOS A CARTA DE CONDUC\u00c3O, CART\u00c3O OYSTER OU CART\u00c3O DE RESID\u00caNCIA);<\/li>\n<li><strong>Tr\u00eas fotos<\/strong> tipo passaporte (formato ICAO, recentes, fundo branco e n\u00e3o em suporte digital );<\/li>\n<li><strong>Passaporte italiano original<\/strong> do menor ainda que fora de validade ou danificado;<\/li>\n<li><strong>Passaportes Originais de ambos os pais\/respons\u00e1veis<\/strong>;<\/li>\n<li>O t\u00edtulo de viagem \u00fanica, (ETD2) \u00e9 emitido presencialmente a favor de indiv\u00edduos de nacionalidade Italiana <strong>em caso de perda ou roubo do passaporte<\/strong>: Devem trazer o formul\u00e1rio\u00a0<a href=\"https:\/\/conslondra.esteri.it\/en\/chi-siamo\/la-sede\/modulistica\/modulistica-passaporti\/\">ETD2<\/a> j\u00e1 impresso e preenchido, acompanhado de um outro documento de identifica\u00e7\u00e3o ORIGINAL E V\u00c1LIDO, ainda que de outra nacionalidade (N\u00c3O ACEITAMOS A CARTA DE CONDUC\u00c3O, CART\u00c3O OYSTER OU CART\u00c3O DE RESID\u00caNCIA);<\/li>\n<li><strong>Se o seu passaporte estiver fora de validade h\u00e1 mais de 10 anos<\/strong> ou se voc\u00ea n\u00e3o for mais reconhec\u00edvel pela fotografia, deve trazer outro documento de identifica\u00e7\u00e3o ORIGINAL, mesmo que seja de outra nacionalidade ( N\u00c3O ACEITAMOS A CARTA DE CONDUCAO, CART\u00c3O OYSTER OU CART\u00c3O DE RESID\u00caNCIA);<\/li>\n<li><strong>Em caso de ser o primeiro passaporte Italiano<\/strong>, deve trazer outro documento de identifica\u00e7\u00e3o ORIGINAL E V\u00c1LIDO, ainda que de outra nacionalidade ( N\u00c3O ACEITAMOS A CARTA DE CONDUC\u00c3O, CART\u00c3O OYSTER OU CART\u00c3O DE RESID\u00caNCIA)<strong>;<\/strong><\/li>\n<li><strong>C<\/strong><strong>aso um dos pais\/respons\u00e1veis <\/strong><strong>\u200b\u200b<\/strong><strong>n<\/strong><strong>\u00e3<\/strong><strong>o queira assinar o consentimento<\/strong>, dever\u00e1 considerar esta marca\u00e7\u00e3o Nula e sem efeito. Deve contactar o gabinete de Assist\u00eancia Social atrav\u00e9s do e-mail: sociale.londra@esteri.it. N\u00e3o se deve apresentar no Consulado mas sim aguardar instru\u00e7\u00f5es do referido escrit\u00f3rio para como pro\u00e7eder.<\/li>\n<\/ul>\n<p>&nbsp;<\/p>\n<p>Aten\u00e7iosamente,<br \/>\nEscrit\u00f3rio de passaportes<\/p>\n<p>Londres<br \/>\n83-86, Farringdon St.<br \/>\nEC4A 4BL<br \/>\nLondres<\/p>\n","protected":false},"excerpt":{"rendered":"A marca\u00e7\u00e3o do seu passaporte\u00a0est\u00e1 confirmada. Confira no e-mail qual \u00e9 o seu hor\u00e1rio de acesso no Consulado. Deve apresentar este e-mail e o seu Passaporte a entrada junto do pessoal da seguran\u00e7a. Por favor, ignore todos os e-mails recebidos anteriormente. Este e-mail \u00e9 o \u00fanico e-mail de confirma\u00e7\u00e3o para entrar no Consulado. &nbsp; Por [&hellip;]","protected":false},"author":16,"featured_media":0,"parent":1565,"menu_order":0,"comment_status":"closed","ping_status":"closed","template":"","meta":{"footnotes":""},"class_list":["post-9326","page","type-page","status-publish","hentry"],"_links":{"self":[{"href":"https:\/\/conslondra.esteri.it\/it\/wp-json\/wp\/v2\/pages\/9326","targetHints":{"allow":["GET"]}}],"collection":[{"href":"https:\/\/conslondra.esteri.it\/it\/wp-json\/wp\/v2\/pages"}],"about":[{"href":"https:\/\/conslondra.esteri.it\/it\/wp-json\/wp\/v2\/types\/page"}],"author":[{"embeddable":true,"href":"https:\/\/conslondra.esteri.it\/it\/wp-json\/wp\/v2\/users\/16"}],"replies":[{"embeddable":true,"href":"https:\/\/conslondra.esteri.it\/it\/wp-json\/wp\/v2\/comments?post=9326"}],"version-history":[{"count":6,"href":"https:\/\/conslondra.esteri.it\/it\/wp-json\/wp\/v2\/pages\/9326\/revisions"}],"predecessor-version":[{"id":9645,"href":"https:\/\/conslondra.esteri.it\/it\/wp-json\/wp\/v2\/pages\/9326\/revisions\/9645"}],"up":[{"embeddable":true,"href":"https:\/\/conslondra.esteri.it\/it\/wp-json\/wp\/v2\/pages\/1565"}],"wp:attachment":[{"href":"https:\/\/conslondra.esteri.it\/it\/wp-json\/wp\/v2\/media?parent=9326"}],"curies":[{"name":"wp","href":"https:\/\/api.w.org\/{rel}","templated":true}]}}