{"id":939,"date":"2022-08-26T17:35:13","date_gmt":"2022-08-26T15:35:13","guid":{"rendered":"https:\/\/conslondra.esteri.it\/?page_id=939"},"modified":"2025-01-13T13:43:35","modified_gmt":"2025-01-13T12:43:35","slug":"accompagnamento-di-minori-di-14-anni-che-devono-viaggiare-con-persona-diversa-dai-genitori","status":"publish","type":"page","link":"https:\/\/conslondra.esteri.it\/it\/servizi-consolari-e-visti\/servizi-per-il-cittadino-italiano\/notarile\/accompagnamento-di-minori-di-14-anni-che-devono-viaggiare-con-persona-diversa-dai-genitori\/","title":{"rendered":"Dichiarazione di accompagnamento per cittadini italiani minori di 14 anni"},"content":{"rendered":"<p style=\"text-align: justify;\">I cittadini italiani minori di 14 anni che debbano effettuare viaggi internazionali senza la presenza dei propri genitori, dovranno presentare alle autorit\u00e0 di frontiera una dichiarazione di accompagnamento da allegare al proprio passaporto o carta d\u2019identit\u00e0 italiani. Tale documento viene emesso da Ambasciate, Consolati, Commissariati e Questure italiani, e \u201cregistra\u201d il consenso dei genitori all\u2019espatrio del minore senza la loro presenza, conferendo delega ad uno o pi\u00f9 accompagnatori da questi individuati. Ha validit\u00e0 massima di sei mesi dall\u2019emissione e pu\u00f2 essere utilizzata solamente per un viaggio andata e ritorno.<\/p>\n<p style=\"text-align: justify;\">Questo Consolato Generale d\u2019Italia a Londra \u00e8 competente per il rilascio di dichiarazioni di accompagnamento unicamente nei casi in cui siano soddisfatte <strong>TUTTE<\/strong> le seguenti condizioni:<\/p>\n<ul style=\"text-align: justify;\">\n<li>Il minore che necessita di dichiarazione di accompagnamento \u00e8 cittadino italiano;<\/li>\n<li>Il minore in questione\u00a0ha un\u2019et\u00e0 inferiore ai 14 anni;<\/li>\n<li>Il minore viagger\u00e0 utilizzando un documento di viaggio (passaporto o carta d\u2019identit\u00e0) italiano. Ai doppi cittadini che viaggino utilizzando un documento d\u2019identit\u00e0 straniero, si applicheranno le norme del paese che ha emesso quel documento. Nel caso di minori italo-britannici che viaggino con passaporto UK si veda <a href=\"https:\/\/www.gov.uk\/permission-take-child-abroad\">questa pagina<\/a>;<\/li>\n<li>Il minore risiede normalmente e si trova, al momento nella richiesta, all\u2019interno della <a href=\"https:\/\/conslondra.esteri.it\/it\/chi-siamo\/la-rete-consolare\/consoli-onorari-e-agenti-consolari-2\/\">circoscrizione consolare di competenza di questo Consolato<\/a>;<\/li>\n<li>Il minore <strong>NON<\/strong> viagger\u00e0 accompagnato da un proprio genitore;<\/li>\n<li>Il viaggio sar\u00e0 internazionale (coinvolger\u00e0 pi\u00f9 di una nazione);<\/li>\n<li>L\u2019accompagnatore sar\u00e0 una compagnia di trasporto (es. ITA, Ryanair, \u2026) e\/o almeno una persona fisica di et\u00e0 superiore ai 18 anni.<strong> NB:<\/strong> la dichiarazione di accompagnamento <strong>NON<\/strong> garantisce che le compagnie di trasporto accettino minori non accompagnati. Si invitano pertanto gli interessati a verificare direttamente con queste se offrano servizi riguardanti la presa in affidamento di minori.<\/li>\n<\/ul>\n<p>&nbsp;<\/p>\n<p style=\"text-align: justify;\">I genitori interessati ad ottenere una dichiarazione di accompagnamento tramite questo Consolato Generale d\u2019Italia a Londra per un proprio figlio a cui si applichino le condizioni di cui sopra, dovranno seguire una delle due procedure riportate di seguito.<\/p>\n<p style=\"text-align: justify;\"><strong>A. ENTRAMBI I GENITORI SONO CITTADINI ITALIANI, DELL&#8217;UNIONE EUROPEA o CITTADINI EXTRACOMUNITARI NORMALMENTE RESIDENTI IN ITALIA<\/strong><\/p>\n<p style=\"padding-left: 40px; text-align: justify;\">Nel caso in cui i genitori del minore in questione siano cittadini di un paese membro dell\u2019Unione Europea, oppure siano cittadini extracomunitari normalmente residenti in Italia, si applica una procedura <strong>postale<\/strong> gratuita. Sar\u00e0 necessario inviare, via posta, all\u2019Ufficio Notarile, la seguente documentazione cartacea:<\/p>\n<ol style=\"text-align: justify;\">\n<li style=\"list-style-type: none;\">\n<ol style=\"text-align: justify;\">\n<li>Fotocopie dei documenti di identit\u00e0 (carta d\u2019identit\u00e0 europea, passaporto europeo, carta di soggiorno italiana) dei genitori;<\/li>\n<li>Fotocopia del documento di identit\u00e0 <strong>italiano<\/strong> (carta d\u2019identit\u00e0 o passaporto) con il quale viagger\u00e0 il minore (<span style=\"text-decoration: underline;\">incluse la parti\/pagine riportanti i nomi dei genitori e l&#8217;ente emittente<\/span>);<\/li>\n<li>Formulario di richiesta \u201c<a href=\"https:\/\/conslondra.esteri.it\/wp-content\/uploads\/2022\/08\/02_formulario_dichiarazione_di_accompagnamento.docx\">Dichiarazione di Accompagnamento<\/a>\u201d. Questo dovr\u00e0 essere compilato e firmato in originale da entrambi i genitori. Se i genitori vivono separati sar\u00e0 necessario che firmino a turno lo stesso formulario prima di inviarlo al Consolato.<\/li>\n<\/ol>\n<\/li>\n<\/ol>\n<p style=\"padding-left: 40px; text-align: justify;\">L\u2019indirizzo al quale spedire la documentazione \u00e8 il seguente:<\/p>\n<p style=\"padding-left: 40px; text-align: justify;\"><strong>Notary Office<\/strong><br \/>\n<strong>Consulate General of Italy in London<\/strong><br \/>\n<strong>Harp House, 83-86 Farringdon Street<\/strong><br \/>\n<strong>London EC4A 4BL<\/strong><\/p>\n<p style=\"padding-left: 40px; text-align: justify;\">Una volta ricevuta la documentazione, se corretta e completa, l&#8217;Ufficio invier\u00e0 una dichiarazione di accompagnamento in formato digitale all&#8217;indirizzo email dei richiedenti. Questi la dovranno inoltrare all&#8217;accompagnatore, affinch\u00e9 la presenti, direttamente dal proprio smartphone, alle autorit\u00e0 preposte ai controlli di frontiera.<\/p>\n<p>&nbsp;<\/p>\n<p>&nbsp;<\/p>\n<p style=\"text-align: justify;\"><strong>B. UNO DEI GENITORI \u00c8 CITTADINO EXTRACOMUNITARIO E NON RISIEDE IN ITALIA<\/strong><\/p>\n<p style=\"padding-left: 40px; text-align: justify;\">I cittadini extracomunitari residenti all\u2019estero NON godono dell\u2019esenzione dall\u2019autenticazione della propria firma e, pertanto, dovranno richiedere un <strong>appuntamento presso l\u2019Ufficio Notarile<\/strong> per presentare personalmente la richiesta di dichiarazione di accompagnamento.<\/p>\n<p style=\"padding-left: 40px; text-align: justify;\">A tale scopo, sar\u00e0 necessario scrivere un\u2019email all\u2019indirizzo <a href=\"mailto:notarile.londra@esteri.it\">notarile.londra@esteri.it<\/a> inserendo le seguenti informazioni:<\/p>\n<ul style=\"text-align: justify;\">\n<li style=\"list-style-type: none;\">\n<ul style=\"text-align: justify;\">\n<li>Nome, cognome e nazionalit\u00e0 del genitore di nazionalit\u00e0 extracomunitaria che dovr\u00e0 presentarsi all\u2019appuntamento;<\/li>\n<li>Nome, cognome, data e luogo di nascita del minore di 14 anni per cui si intende richiedere la dichiarazione di accompagnamento;<\/li>\n<li>Data per la quale \u00e8 previsto il viaggio e paesi coinvolti (inclusi eventuali paesi di transito o scalo aeroportuale).<\/li>\n<\/ul>\n<\/li>\n<\/ul>\n<p style=\"padding-left: 40px; text-align: justify;\">Una volta verificata l\u2019accettabilit\u00e0 della richiesta, l\u2019Ufficio risponder\u00e0 offrendo un appuntamento in Consolato.<\/p>\n<p style=\"padding-left: 40px; text-align: justify;\">All\u2019appuntamento si dovr\u00e0 presentare solamente il genitore di nazionalit\u00e0 extracomunitaria, e dovr\u00e0 portare:<\/p>\n<ol style=\"text-align: justify;\">\n<li style=\"list-style-type: none;\">\n<ol style=\"text-align: justify;\">\n<li>Una email di conferma appuntamento che verr\u00e0 fornita dall\u2019Ufficio;<\/li>\n<li>Un proprio documento d\u2019identit\u00e0 in corso di validit\u00e0;<\/li>\n<li>Fotocopie dei documenti di identit\u00e0 dei genitori;<\/li>\n<li>Fotocopia del documento di identit\u00e0 <strong>italiano<\/strong> (carta d\u2019identit\u00e0 o passaporto) con il quale viagger\u00e0 il minore (<span style=\"text-decoration: underline;\">incluse la parti\/pagine riportanti i nomi dei genitori e l&#8217;ente emittente<\/span>);<\/li>\n<li>Formulario di richiesta \u201c<a href=\"https:\/\/conslondra.esteri.it\/wp-content\/uploads\/2022\/08\/02_formulario_dichiarazione_di_accompagnamento.docx\">Dichiarazione di Accompagnamento<\/a>\u201d. Questo dovr\u00e0 essere stampato e compilato e firmato in originale dal genitore cittadino europeo MA NON dal genitore cittadino extracomunitario (firmer\u00e0 in Consolato);<\/li>\n<li>Una UK Debit card per il pagamento. Il costo del servizio \u00e8 quanto indicato all\u2019art. 24, della <a href=\"https:\/\/conslondra.esteri.it\/info-utili\/tariffe-consolari\/\">Tabella dei diritti consolari<\/a>. Si prega di notare che i pagamenti sono effettuabili in Consolato solamente tramite carta di debito britannica (no contactless, no Apple pay, no carte di credito, no carte di debito italiane).<\/li>\n<\/ol>\n<\/li>\n<\/ol>\n<p style=\"padding-left: 40px; text-align: justify;\">Il giorno dell\u2019appuntamento, l&#8217;Ufficio invier\u00e0 una dichiarazione di accompagnamento in formato digitale all&#8217;indirizzo email dei richiedenti. Questi la dovranno inoltrare all&#8217;accompagnatore, affinch\u00e9 la presenti, direttamente dal proprio smartphone, alle autorit\u00e0 preposte ai controlli di frontiera.<\/p>\n<p style=\"padding-left: 40px; text-align: justify;\">Nel caso in cui il genitore di nazionalit\u00e0 extracomunitaria fosse\u00a0<strong>impossibilitato a recarsi in Consolato<\/strong>, potr\u00e0 ottenere l\u2019autenticazione della propria firma sul Formulario di richiesta \u201c<a href=\"https:\/\/conslondra.esteri.it\/wp-content\/uploads\/2022\/08\/02_formulario_dichiarazione_di_accompagnamento.docx\">Dichiarazione di Accompagnamento<\/a>\u201d sottoscrivendolo presso un qualsiasi notaio pubblico britannico, e facendo in seguito apostillare l\u2019atto cos\u00ec formato dal\u00a0<a href=\"https:\/\/www.gov.uk\/get-document-legalised\">Legalisation Office<\/a>\u00a0(molti notai offrono anche questo servizio). Una lista non esaustiva di notai noti a questo Consolato \u00e8 disponibile\u00a0<a href=\"https:\/\/conslondra.esteri.it\/it\/info-utili\/professionisti-ed-enti\/\">qui<\/a>. Il formulario con firma autenticata e legalizzazione potr\u00e0 essere utilizzato per seguire la procedura postale di cui al precedente punto A.<\/p>\n<p>&nbsp;<\/p>\n<p style=\"text-align: right;\"><a href=\"https:\/\/conslondra.esteri.it\/it\/servizi-consolari-e-visti\/servizi-per-il-cittadino-italiano\/notarile\/\">Torna a Servizi Notarili<\/a><\/p>\n<p>&nbsp;<\/p>\n<p>&nbsp;<\/p>\n","protected":false},"excerpt":{"rendered":"I cittadini italiani minori di 14 anni che debbano effettuare viaggi internazionali senza la presenza dei propri genitori, dovranno presentare alle autorit\u00e0 di frontiera una dichiarazione di accompagnamento da allegare al proprio passaporto o carta d\u2019identit\u00e0 italiani. Tale documento viene emesso da Ambasciate, Consolati, Commissariati e Questure italiani, e \u201cregistra\u201d il consenso dei genitori all\u2019espatrio [&hellip;]","protected":false},"author":6,"featured_media":0,"parent":751,"menu_order":8,"comment_status":"closed","ping_status":"closed","template":"","meta":{"footnotes":""},"class_list":["post-939","page","type-page","status-publish","hentry"],"_links":{"self":[{"href":"https:\/\/conslondra.esteri.it\/it\/wp-json\/wp\/v2\/pages\/939","targetHints":{"allow":["GET"]}}],"collection":[{"href":"https:\/\/conslondra.esteri.it\/it\/wp-json\/wp\/v2\/pages"}],"about":[{"href":"https:\/\/conslondra.esteri.it\/it\/wp-json\/wp\/v2\/types\/page"}],"author":[{"embeddable":true,"href":"https:\/\/conslondra.esteri.it\/it\/wp-json\/wp\/v2\/users\/6"}],"replies":[{"embeddable":true,"href":"https:\/\/conslondra.esteri.it\/it\/wp-json\/wp\/v2\/comments?post=939"}],"version-history":[{"count":6,"href":"https:\/\/conslondra.esteri.it\/it\/wp-json\/wp\/v2\/pages\/939\/revisions"}],"predecessor-version":[{"id":12470,"href":"https:\/\/conslondra.esteri.it\/it\/wp-json\/wp\/v2\/pages\/939\/revisions\/12470"}],"up":[{"embeddable":true,"href":"https:\/\/conslondra.esteri.it\/it\/wp-json\/wp\/v2\/pages\/751"}],"wp:attachment":[{"href":"https:\/\/conslondra.esteri.it\/it\/wp-json\/wp\/v2\/media?parent=939"}],"curies":[{"name":"wp","href":"https:\/\/api.w.org\/{rel}","templated":true}]}}