{"id":942,"date":"2022-08-26T17:46:02","date_gmt":"2022-08-26T15:46:02","guid":{"rendered":"https:\/\/conslondra.esteri.it\/?page_id=942"},"modified":"2023-12-14T17:01:19","modified_gmt":"2023-12-14T16:01:19","slug":"autentica-di-fotocopia-di-documento","status":"publish","type":"page","link":"https:\/\/conslondra.esteri.it\/it\/servizi-consolari-e-visti\/servizi-per-il-cittadino-italiano\/notarile\/autentica-di-fotocopia-di-documento\/","title":{"rendered":"Autenticazione di fotocopia di atti e documenti"},"content":{"rendered":"<p style=\"text-align: justify;\">Esistono diverse procedure per l\u2019autenticazione di fotocopie, che variano in base al tipo di atto o documento, al richiedente, ed all\u2019utilizzo che ne deve essere fatto. <a href=\"https:\/\/www.normattiva.it\/uri-res\/N2Ls?urn:nir:stato:decreto.del.presidente.della.repubblica:2000-12-28;445\">D.P.R. 445\/2000<\/a><\/p>\n<ol>\n<li style=\"text-align: justify;\">Le copie di <strong>atti notarili<\/strong> (procure, atti di rinuncia\/accettazione di eredit\u00e0, \u2026) possono essere prodotte solamente dal notaio che ha rilasciato tali atti e presso il quale questi sono depositati. Per ottenere copie autenticate di <a href=\"https:\/\/conslondra.esteri.it\/it\/servizi-consolari-e-visti\/servizi-per-il-cittadino-italiano\/notarile\/procure-generali-e-speciali\/\">atti notarili rilasciati da questo Consolato<\/a> \u00e8 in vigore una procedura postale. L\u2019interessato dovr\u00e0 innanzitutto presentare richiesta inviando una email all\u2019indirizzo <a href=\"mailto:notarile.londra@esteri.it\">notarile.londra@esteri.it<\/a> indicando i propri dati (nome, cognome, data e luogo di nascita) ed i dati dell\u2019atto (numero di repertorio e data della sottoscrizione).<\/li>\n<\/ol>\n<p style=\"text-align: justify; padding-left: 40px;\">Una volta verificata l\u2019accettabilit\u00e0 della richiesta, l\u2019Ufficio risponder\u00e0 al richiedente per comunicare le modalit\u00e0 di pagamento delle tariffe consolari richieste per la procedura (<a href=\"https:\/\/conslondra.esteri.it\/it\/info-utili\/tariffe-consolari\/\">art. 25<\/a>). Successivamente, a procedura conclusa, l\u2019Ufficio comunicher\u00e0 al richiedente le modalit\u00e0 di ritiro della documentazione tramite posta raccomandata (a spese del richiedente stesso).<\/p>\n<p>&nbsp;<\/p>\n<p style=\"text-align: justify; padding-left: 40px;\">2. Le copie di altri <strong>documenti<\/strong> conservati o rilasciati da una pubblica amministrazione, copie di <strong>pubblicazioni<\/strong>, di <strong>titoli di studio<\/strong> o di servizio e di <strong>documenti fiscali<\/strong> conservati da privati (registri, fatture, \u2026) possono essere sostituite da una dichiarazione sottoscritta direttamente dall\u2019interessato. Questa soluzione pu\u00f2 essere conveniente laddove l\u2019interessato non possa esibire il documento originale. Per tutte le informazioni si veda <a href=\"https:\/\/conslondra.esteri.it\/it\/servizi-consolari-e-visti\/servizi-per-il-cittadino-italiano\/autocertificazioni-dichiarazioni-sostitutive-e-atti-notori\/dichiarazione-sostitutiva-di-atto-notorio\/\"><u>questa pagina<\/u><\/a>.<\/p>\n<p>&nbsp;<\/p>\n<p style=\"text-align: justify; padding-left: 40px;\">3. In <strong>altri<\/strong> casi (ad esempio quando il documento di cui viene richiesta copia sia un <strong>documento di identit\u00e0<\/strong> rilasciato da un determinato paese <strong>extracomunitario<\/strong>, o il richiedente la copia stessa sia un <strong>soggetto privato<\/strong>, \u2026) pu\u00f2 rendersi necessaria una <strong>dichiarazione di conformit\u00e0 della fotocopia con l\u2019originale<\/strong> resa da una pubblica amministrazione. In questo caso \u00e8 necessario che l\u2019interessato esibisca il documento originale.<\/p>\n<p style=\"text-align: justify; padding-left: 40px;\"><strong>NB:<\/strong> Si invitano gli interessati a verificare autonomamente quale tipo di copia venga richiesta nel proprio caso specifico.<\/p>\n<p style=\"text-align: justify; padding-left: 40px;\">I cittadini <strong>italiani<\/strong> che desiderino ottenere, presso questo Consolato, l\u2019<strong>autenticazione di fotocopia <\/strong>di un documento riferito a loro stessi od a loro familiari diretti, dovranno richiedere un appuntamento scrivendo all\u2019indirizzo <a href=\"mailto:notarile.londra@esteri.it\">notarile.londra@esteri.it<\/a>.<\/p>\n<p style=\"text-align: justify; padding-left: 40px;\">All\u2019appuntamento sar\u00e0 necessario presentare un proprio documento d\u2019identit\u00e0 italiano in corso di validit\u00e0, la fotocopia da autenticare ed il relativo originale. Nel caso di documenti riferiti ad altra persona sar\u00e0 necessario presentare inoltre <a href=\"https:\/\/conslondra.esteri.it\/it\/chi-siamo\/la-sede\/modulistica\/modulistica-notarile\/\">delega<\/a> firmata e fotocopia del documento d\u2019identit\u00e0 dell\u2019interessato.<\/p>\n<p style=\"text-align: justify; padding-left: 40px;\">Il costo del servizio \u00e8 quello indicato all\u2019art. 71 della <a href=\"https:\/\/conslondra.esteri.it\/it\/info-utili\/tariffe-consolari\/\">Tabella dei diritti consolari<\/a>. Si prega di notare che i pagamenti sono effettuabili in Consolato solamente tramite carta di debito britannica (no contactless, no Applepay, no carte di credito, no carte italiane).<\/p>\n<p style=\"text-align: justify; padding-left: 40px;\">I cittadini <strong>stranieri<\/strong> ed i cittadini italiani che siano impossibilitati a recarsi in Consolato potranno rivolgersi ad un qualsiasi notaio pubblico britannico per ottenere l\u2019autentica di fotocopia e la relativa legalizzazione tramite apostilla necessaria a rendere l\u2019atto valido in Italia. Una lista non esaustiva di notai noti a questo Consolato \u00e8 disponibile <a href=\"https:\/\/conslondra.esteri.it\/it\/info-utili\/professionisti-ed-enti\/\">qui<\/a>.<\/p>\n<p>&nbsp;<\/p>\n<p>&nbsp;<\/p>\n<p style=\"text-align: right;\"><a href=\"https:\/\/conslondra.esteri.it\/it\/servizi-consolari-e-visti\/servizi-per-il-cittadino-italiano\/notarile\/\">Torna a Servizi Notarili<\/a><\/p>\n<p>&nbsp;<\/p>\n<p>&nbsp;<\/p>\n","protected":false},"excerpt":{"rendered":"Esistono diverse procedure per l\u2019autenticazione di fotocopie, che variano in base al tipo di atto o documento, al richiedente, ed all\u2019utilizzo che ne deve essere fatto. D.P.R. 445\/2000 Le copie di atti notarili (procure, atti di rinuncia\/accettazione di eredit\u00e0, \u2026) possono essere prodotte solamente dal notaio che ha rilasciato tali atti e presso il quale [&hellip;]","protected":false},"author":6,"featured_media":0,"parent":751,"menu_order":4,"comment_status":"closed","ping_status":"closed","template":"","meta":{"footnotes":""},"class_list":["post-942","page","type-page","status-publish","hentry"],"_links":{"self":[{"href":"https:\/\/conslondra.esteri.it\/it\/wp-json\/wp\/v2\/pages\/942","targetHints":{"allow":["GET"]}}],"collection":[{"href":"https:\/\/conslondra.esteri.it\/it\/wp-json\/wp\/v2\/pages"}],"about":[{"href":"https:\/\/conslondra.esteri.it\/it\/wp-json\/wp\/v2\/types\/page"}],"author":[{"embeddable":true,"href":"https:\/\/conslondra.esteri.it\/it\/wp-json\/wp\/v2\/users\/6"}],"replies":[{"embeddable":true,"href":"https:\/\/conslondra.esteri.it\/it\/wp-json\/wp\/v2\/comments?post=942"}],"version-history":[{"count":3,"href":"https:\/\/conslondra.esteri.it\/it\/wp-json\/wp\/v2\/pages\/942\/revisions"}],"predecessor-version":[{"id":7359,"href":"https:\/\/conslondra.esteri.it\/it\/wp-json\/wp\/v2\/pages\/942\/revisions\/7359"}],"up":[{"embeddable":true,"href":"https:\/\/conslondra.esteri.it\/it\/wp-json\/wp\/v2\/pages\/751"}],"wp:attachment":[{"href":"https:\/\/conslondra.esteri.it\/it\/wp-json\/wp\/v2\/media?parent=942"}],"curies":[{"name":"wp","href":"https:\/\/api.w.org\/{rel}","templated":true}]}}