{"id":9423,"date":"2024-05-30T17:09:54","date_gmt":"2024-05-30T15:09:54","guid":{"rendered":"https:\/\/conslondra.esteri.it\/?page_id=9423"},"modified":"2026-03-30T13:24:35","modified_gmt":"2026-03-30T11:24:35","slug":"per-richiedere-un-certificato","status":"publish","type":"page","link":"https:\/\/conslondra.esteri.it\/it\/servizi-consolari-e-visti\/servizi-per-il-cittadino-italiano\/stato-civile\/per-richiedere-un-certificato\/","title":{"rendered":"Richiedere un Certificato"},"content":{"rendered":"<p><span style=\"color: #0000ff;\"><strong>INFORMAZIONE IMPORTANTE \u2013 Il Consolato\u00a0non risponder\u00e0 ad email\u00a0con cui si richiede<\/strong><strong>\u00a0se la pratica \u00e8 stata ricevuta o lavorata,\u00a0 n\u00e9 a richieste relative ad informazioni gi\u00e0 presenti in questa pagina (per esempio conferme sulla documentazione da presentare per un determinato caso).<\/strong><\/span><\/p>\n<p>&nbsp;<\/p>\n<p style=\"text-align: justify;\"><strong>I cittadini italiani iscritti AIRE potranno chiedere i seguenti certificati<\/strong><strong> anagrafici\u00a0 <a href=\"https:\/\/www.anagrafenazionale.interno.it\/servizi-al-cittadino\/\">online<\/a>, in totale autonomia, tramite il sito <a href=\"https:\/\/www.anagrafenazionale.interno.it\/\">ANPR<\/a>:<\/strong><\/p>\n<ul style=\"text-align: justify;\">\n<li>Anagrafico di nascita<\/li>\n<li>Anagrafico di matrimonio<\/li>\n<li>di Cittadinanza<\/li>\n<li>di Residenza AIRE<\/li>\n<li>di Stato di famiglia AIRE<\/li>\n<li>Anagrafico di Unione Civile<\/li>\n<li>Contratto di Convivenza<\/li>\n<li>Godimento dei diritti politici<\/li>\n<li>Iscrizione nelle liste elettorali<\/li>\n<\/ul>\n<p style=\"text-align: justify;\">Tale servizio \u00e8 attivo dal 15 novembre 2021 e riservato ai soli cittadini iscritti nelle anagrafi italiane (APR e AIRE).<br \/>\nI sopraindicati certificati posso essere richiesti per s\u00e9 stessi oppure per i familiari italiani conviventi.<br \/>\nIl rilascio di tali certificati \u00e8\u00a0<strong>gratuito<\/strong> e possibile solo a condizione di avere un\u2019identit\u00e0 digitale <a href=\"https:\/\/consmardelplata.esteri.it\/it\/news\/dal_consolato\/2021\/11\/Consolato_MardePlata\/it\/la_comunicazione\/dal_consolato\/sistema-pubblico-per-la-gestione.html\"><strong>CIE, Spid o CNS<\/strong><\/a>.<br \/>\nAd oggi infatti, l&#8217;accesso ai servizi telematici erogati dalla Pubblica Amministrazione (ANPR) \u00e8 riservata ai titolari di identit\u00e0 digitale <a href=\"https:\/\/consmardelplata.esteri.it\/it\/news\/dal_consolato\/2021\/11\/Consolato_MardePlata\/it\/la_comunicazione\/dal_consolato\/sistema-pubblico-per-la-gestione.html\"><strong>CIE, Spid o CNS<\/strong><\/a>.<br \/>\nAttenzione, il Consolato <strong>non<\/strong>\u00a0gestisce l\u2019ANPR.<\/p>\n<p style=\"text-align: justify;\"><span style=\"text-decoration: underline;\">\u00a0 \u00a0 \u00a0 \u00a0 \u00a0 \u00a0 \u00a0 \u00a0 \u00a0 \u00a0 \u00a0 \u00a0 \u00a0 \u00a0 \u00a0 \u00a0 \u00a0 \u00a0 \u00a0 \u00a0 \u00a0 \u00a0 \u00a0 \u00a0 \u00a0 \u00a0 \u00a0 \u00a0 \u00a0 \u00a0 \u00a0 \u00a0 \u00a0 \u00a0 \u00a0 \u00a0 \u00a0 \u00a0 \u00a0\u00a0<\/span><\/p>\n<p>Questo Consolato Generale <strong><span style=\"text-decoration: underline;\">NON<\/span>\u00a0emette\u00a0certificati di\u00a0nascita,\u00a0matrimonio, morte, divorzio, <\/strong>perch\u00e9 di competenza <span style=\"text-decoration: underline;\">ESCLUSIVA<\/span> del Comune in Italia.<\/p>\n<p><span style=\"text-decoration: underline;\">La richiesta va inviata direttamente al Comune.<\/span> Per il modulo di richiesta di certificato al comune si prega di scaricare il modulo (<a href=\"https:\/\/conslondra.esteri.it\/wp-content\/uploads\/2022\/08\/1_-_modulo_di_richiesta_certificatoda_inviare_al_comune_italiano.pdf\">Clicca qui<\/a>).<\/p>\n<p>&nbsp;<\/p>\n<p style=\"text-align: justify;\"><strong>CERTIFICATI RILASCIATI DALL\u2019UFFICIO STATO CIVILE<\/strong><\/p>\n<p><strong>ATTENZIONE<\/strong>: Prima di inoltrare la richiesta, il richiedente si accerti che sia correttamente iscritto all&#8217;AIRE tramite il sito dell&#8217;<a href=\"https:\/\/www.anagrafenazionale.interno.it\/\">anagrafe nazionale<\/a> .\u00a0Altrimenti potr\u00e0 iscriversi all&#8217;AIRE su <a href=\"https:\/\/serviziconsolari.esteri.it\/ScoFE\/index.sco\">questo sito<\/a> attendendo poi conferma via email.<\/p>\n<p style=\"text-align: justify;\">L\u2019Ufficio Stato Civile emette certificati attestanti situazioni ricavate dagli archivi anagrafici. Questi certificati sono validi solo nei rapporti con altri privati, ad esempio: patronati, notai, compagnie di assicurazioni, etc., ed Enti pubblici stranieri.<br \/>\n<span style=\"text-decoration: underline;\">Ma non sono validi nei confronti di altri Enti pubblici italiani<\/span>.<\/p>\n<p style=\"text-align: justify;\">\u2013 Certificati di\u00a0<strong>stato civile (<\/strong>che possono essere utilizzati per provare lo <strong>stato libero)<br \/>\n<\/strong>\u2013 Certificati di\u00a0<strong>stato di famiglia<br \/>\n<\/strong>\u2013 Certificato\u00a0<strong>contestuale<br \/>\n<\/strong>\u2013 Certificato di\u00a0<strong>concordanza anagrafica<br \/>\n<\/strong>\u2013 Certificato di\u00a0<strong>Nulla Osta al matrimonio<br \/>\n<\/strong><strong>\u2013<\/strong>\u00a0Certificato di\u00a0<strong>iscrizione nello schedario consolare individuale<\/strong><\/p>\n<p style=\"text-align: justify;\">I certificati sopra descritti possono essere rilasciati in italiano o in inglese. Nel caso vengano richiesti in entrambe le lingue la richiesta riguarder\u00e0 due certificati e il costo da pagare sar\u00e0 doppio. L&#8217;unico certificato multilingue \u00e8 il certificato di capacit\u00e0 matrimoniale (solo per i Paesi firmatari della Convenzione di Monaco) e le traduzioni nelle lingue dei Paesi firmatari sono sul retro del certificato.<\/p>\n<p>I certificati rilasciati da questo Consolato sono esenti da legalizzazione\/Apostille per i Paesi firmatari della Convenzione di Londra del 7 giugno 1968.<\/p>\n<p>Inoltre, l\u2019Italia ha aderito anche alla Convenzione di Vienna dell\u20198 settembre 1976, che esenta dalla legalizzazione\/Apostille e dalla traduzione gli estratti plurilingue dello stato civile.<\/p>\n<p>Gli Stati parte della Convenzione di Vienna sono:<br \/>\nAustria, Belgio, Bosnia-Erzegovina, Bulgaria, Capo Verde, Croazia, Estonia, Francia, Germania, Italia, Lituania, Lussemburgo, Macedonia del Nord, Moldova, Montenegro, Paesi Bassi, Polonia, Portogallo, Romania, Serbia, Slovenia, Spagna, Svizzera e Turchia.<\/p>\n<p>Si precisa che l\u2019Albania non \u00e8 parte della suddetta Convenzione; pertanto gli estratti plurilingue dello stato civile necessitano dell\u2019Apostille, insieme a una traduzione in italiano (sulla traduzione non \u00e8 richiesta l\u2019Apostille).<\/p>\n<p style=\"text-align: justify;\"><span style=\"text-decoration: underline;\">\u00a0 \u00a0 \u00a0 \u00a0 \u00a0 \u00a0 \u00a0 \u00a0 \u00a0 \u00a0 \u00a0 \u00a0 \u00a0 \u00a0 \u00a0 \u00a0 \u00a0 \u00a0 \u00a0 \u00a0 \u00a0 \u00a0 \u00a0 \u00a0 \u00a0 \u00a0 \u00a0 \u00a0 \u00a0 \u00a0 \u00a0 \u00a0 \u00a0 \u00a0 \u00a0 \u00a0 \u00a0 \u00a0 \u00a0\u00a0<\/span><\/p>\n<p style=\"text-align: justify;\"><strong>COME CHIEDO I CERTIFICATI CHE MI INTERESSANO?<\/strong><\/p>\n<p style=\"text-align: justify;\">La procedura<strong> \u00e8 solo postale.<\/strong><br \/>\n<span style=\"text-decoration: underline;\">Non<\/span> si possono prendere appuntamenti e <span style=\"text-decoration: underline;\">non<\/span> ci si pu\u00f2 recare in Consolato per chiederli di persona.<\/p>\n<p><strong>(ATTENZIONE<\/strong>: Per evitare ritardi nel rilascio del certificato, il richiedente deve verificare che <strong>il proprio indirizzo sia aggiornato<\/strong> attraverso il portale <a href=\"https:\/\/serviziconsolari.esteri.it\/ScoFE\/index.sco\">Fast It<\/a> e, nel caso, <strong>procedere all&#8217;aggiornamento<\/strong> attraverso lo stesso portale per poi fare richiesta di certificato solo una volta che l&#8217;aggiornamento \u00e8 stato confermato).<\/p>\n<p style=\"text-align: justify;\">Questa \u00e8 la documentazione da spedire:<\/p>\n<ol style=\"text-align: justify;\">\n<li>modulo di richiesta compilato <a href=\"https:\/\/conslondra.esteri.it\/it\/chi-siamo\/la-sede\/modulistica\/modulistica-stato-civile\/\">Mod. n. 20<\/a>;<\/li>\n<li>fotocopia di un documento di identit\u00e0 valido;<\/li>\n<li>documentazione specifica (ad esempio per la concordanza anagrafica, lo stato di famiglia o la capacit\u00e0 matrimoniale);<\/li>\n<li>una busta\u00a0<strong>Special Delivery, prepagata, con francobollo <u>non datato<\/u><\/strong> e completa dell\u2019indirizzo UK dove desiderate ricevere il certificato. <strong>Senza tale busta, il certificato non verr\u00e0 inviato<\/strong>;<\/li>\n<li>Prova di pagamento da effettuarsi con<b> BONIFICO BANCARIO <\/b>(v. sotto per dettagli)<\/li>\n<li>Spedire il tutto tramite <strong>Special Delivery<\/strong>\u00a0all\u2019indirizzo:<\/li>\n<\/ol>\n<p style=\"text-align: justify; padding-left: 40px;\">Consulate General of Italy<br \/>\nUfficio Stato Civile<br \/>\n83\/86, Farringdon Street<br \/>\nEC4A 4BL<br \/>\nLondon<\/p>\n<p><span style=\"text-decoration: underline;\">Le richieste sono processate in ordine di arrivo.<\/span> I tempi di lavorazione sono generalmente molto brevi. Si prega di non contattare l&#8217;ufficio in merito a tempistiche. Verificate la corretta consegna del plico a questo Consolato tramite il servizio Track and Trace di Royal Mail utilizzando il tracking number ricavato dalla busta.<\/p>\n<h3 style=\"text-align: justify;\"><span style=\"text-decoration: underline;\">\u00a0 \u00a0 \u00a0 \u00a0 \u00a0 \u00a0 \u00a0 \u00a0 \u00a0 \u00a0 \u00a0 \u00a0 \u00a0 \u00a0 \u00a0 \u00a0 \u00a0 \u00a0 \u00a0 \u00a0 \u00a0 \u00a0 \u00a0 \u00a0 \u00a0 \u00a0 \u00a0 \u00a0 \u00a0 \u00a0 \u00a0 \u00a0 \u00a0 \u00a0 \u00a0 \u00a0 \u00a0 \u00a0 \u00a0\u00a0<\/span><\/h3>\n<p><strong>MODALIT\u00c0 DI PAGAMENTO<\/strong><\/p>\n<ul>\n<li>BONIFICO BANCARIO<\/li>\n<li>Nome Conto:<strong>\u00a0CONSULATE GENERAL OF ITALY IN LONDON<\/strong><\/li>\n<li>Numero: <strong>00568803<\/strong><\/li>\n<li>Sort code:\u00a0<strong>30-91-37<\/strong><\/li>\n<li>Importo:\u00a0<a href=\"https:\/\/conslondra.esteri.it\/it\/info-utili\/tariffe-consolari\/\">Tariffe consolari<\/a><\/li>\n<li>Causale: CERT-SC<\/li>\n<\/ul>\n<p>Si ricorda che il bonifico dovr\u00e0 risultare accreditato entro la data di ricezione della vostra richiesta di certificato da parte dell\u2019Ufficio Stato Civile. <u>Si consiglia il bonifico ad accredito immediato. \u00a0<\/u><\/p>\n<p><strong>L\u2019attestazione\/ricevuta bancaria STAMPATA di avvenuto bonifico dovr\u00e0 essere allegata alla domanda di rilascio certificato. In caso contrario, il servizio NON sar\u00e0 garantito.<\/strong><\/p>\n<p>____________________________<\/p>\n<p style=\"text-align: justify;\"><strong>Posso allegare alla mia richiesta una busta 1st class anzich\u00e9 Special Delivery?<\/strong><\/p>\n<p style=\"text-align: justify;\">Il tipo di spedizione per ricevere a casa il certificato \u00e8 a vostra scelta. Tuttavia la Special Delivery garantisce che il plico venga ricevuto in 24\/48 ore dalla spedizione, mentre la 1st class non offre questa garanzia e la consegna potrebbe avvenire dopo vari giorni.<\/p>\n<p>&nbsp;<\/p>\n<p style=\"text-align: justify;\"><span style=\"text-decoration: underline;\">\u00a0 \u00a0 \u00a0 \u00a0 \u00a0 \u00a0 \u00a0 \u00a0 \u00a0 \u00a0 \u00a0 \u00a0 \u00a0 \u00a0 \u00a0 \u00a0 \u00a0 \u00a0 \u00a0 \u00a0 \u00a0 \u00a0 \u00a0 \u00a0 \u00a0 \u00a0 \u00a0 \u00a0 \u00a0 \u00a0 \u00a0 \u00a0 \u00a0 \u00a0 \u00a0 \u00a0 \u00a0 \u00a0 \u00a0\u00a0<\/span><\/p>\n<p>&nbsp;<\/p>\n<p style=\"text-align: justify;\"><strong>CHE CERTIFICATO MI SERVE?<\/strong><\/p>\n<p style=\"text-align: justify;\"><strong>1<\/strong>\u00a0. <strong>Il\u00a0Certificato di<\/strong>\u00a0<strong>stato civile<\/strong>\u00a0\u00e8 un certificato che attesta lo status del connazionale (nubile, celibe, divorziato). Affinch\u00e9 il certificato corrisponda alla situazione attuale del connazionale, accertarsi della regolarit\u00e0 della propria posizione in AIRE (registrazione atti di nascita, eventuale registrazione matrimonio e\/o divorzio, indirizzo di residenza aggiornato).<\/p>\n<p style=\"text-align: justify;\"><strong>Costo<\/strong>:\u00a0<strong>Art. 2b\u00a0<\/strong>\u00a0della\u00a0<a href=\"https:\/\/conslondra.esteri.it\/it\/info-utili\/tariffe-consolari\/\">Tabella delle Tariffe Consolari<\/a><\/p>\n<p style=\"text-align: justify;\"><strong>2.<\/strong>\u00a0<strong>Il\u00a0Certificato<\/strong>\u00a0<strong>contestuale<\/strong>\u00a0\u00e8 un certificato che attesta contemporaneamente stato civile, cittadinanza e residenza del richiedente. Affinch\u00e9 il certificato corrisponda alla situazione attuale del connazionale, accertarsi della regolarit\u00e0 della propria posizione in AIRE (registrazione atto di nascita, eventuale registrazione matrimonio e\/o divorzio, indirizzo di residenza aggiornato).<\/p>\n<p style=\"text-align: justify;\"><strong>Costo<\/strong>:\u00a0<strong>Art. 8<\/strong>\u00a0\u00a0della\u00a0<a href=\"https:\/\/conslondra.esteri.it\/it\/info-utili\/tariffe-consolari\/\">Tabella delle Tariffe Consolari<\/a><\/p>\n<p style=\"text-align: justify;\"><strong>3<\/strong>. <strong>Il\u00a0Certificato di stato di famiglia<\/strong> \u00e8 un certificato per la cui completezza si richiede di <span style=\"text-decoration: underline;\">allegare apposita dichiarazione attestante composizione e residenza del nucleo familiare<\/span> del richiedente. Affinch\u00e9 il certificato corrisponda alla situazione attuale del connazionale, accertarsi della regolarit\u00e0 della propria posizione in AIRE (registrazione atti di nascita, eventuale registrazione matrimonio e\/o divorzio, indirizzo di residenza aggiornato).<\/p>\n<p style=\"text-align: justify;\"><strong>Costo<\/strong>:\u00a0<strong>Art. 8<\/strong>\u00a0\u00a0della\u00a0<a href=\"https:\/\/conslondra.esteri.it\/it\/info-utili\/tariffe-consolari\/\">Tabella delle Tariffe Consolari<\/a><\/p>\n<p style=\"text-align: justify;\"><strong>4.<\/strong>\u00a0<strong>Il\u00a0Certificato di Concordanza Anagrafica\u00a0<\/strong>viene rilasciato in quei casi in cui vi sia discordanza tra pi\u00f9 documenti di identit\u00e0 riferiti ad una persona.\u00a0<u>Si richiede di allegare\u00a0 sia una prova dell&#8217;uso dei due nomi\/cognomi che un autodichiarazione dalla quale si evincano chiaramente i nomi rispetto ai quali va certificata l\u2019identit\u00e0 della persona.<\/u> Ad esempio, la donna che abbia gi\u00e0 mutato il proprio cognome in quello da coniugata secondo i costumi del Regno Unito ed in procinto di richiedere il passaporto britannico, se necessario, potr\u00e0 ottenere da questo Consolato Generale un certificato di concordanza anagrafica. In tal caso <strong>occorrer\u00e0 la preliminare registrazione del matrimonio in Italia<\/strong> e prova del cognome con cui la donna \u00e8 conosciuta in UK (anche una generica bolletta, estratto bancario etc.).\u00a0<strong>ATTENZIONE<\/strong>: Il certificato di concordanza anagrafica <span style=\"text-decoration: underline;\">non potr\u00e0 essere emesso<\/span> se il matrimonio <span style=\"text-decoration: underline;\">non sar\u00e0 stato precedentemente trascritto<\/span>.<\/p>\n<p style=\"text-align: justify;\"><strong>Costo<\/strong>:\u00a0<strong>Art. 8<\/strong>\u00a0\u00a0della\u00a0<a href=\"https:\/\/conslondra.esteri.it\/it\/info-utili\/tariffe-consolari\/\">Tabella delle Tariffe Consolari<\/a><\/p>\n<p style=\"text-align: justify;\"><strong>5. <\/strong><strong>Certificato di Capacit\u00e0 Matrimoniale<\/strong>\u00a0viene rilasciato qualora il cittadino italiano intenda sposarsi all\u2019estero (Italia esclusa) in uno dei Paesi che hanno ratificato la Convenzione di Monaco del 05.09.1980 (Austria, Germania, Grecia, Italia, Lussemburgo, Moldova, Paesi Bassi, Portogallo, Spagna, Svizzera, Turchia) che \u00e8 esente da legalizzazione e traduzione poich\u00e9 le varie voci sono gi\u00e0 tradotte nelle lingue convenute dai Paesi firmatari.<\/p>\n<p style=\"text-align: justify;\">E\u2019 necessario compilare sia il\u00a0<a href=\"https:\/\/conslondra.esteri.it\/wp-content\/uploads\/2024\/05\/20-Modulo-nuovo-richiesta-certificato.docx\">formulario n.20<\/a>\u00a0che il\u00a0<a href=\"https:\/\/conslondra.esteri.it\/wp-content\/uploads\/2025\/12\/22-Modulo-nuovo-2-richiesta-capacita-matrimoniale-1-2.docx\">formulario specifico (n. 22)<\/a><strong>\u00a0indicando inoltre i dati dell\u2019altro nubendo, anche se straniero<\/strong> ed inviare la fotocopia del documento di identit\u00e0 di entrambi gli sposi.<\/p>\n<p style=\"text-align: justify;\"><strong>Costo<\/strong>:\u00a0<strong>Art. 2d<\/strong>\u00a0 della\u00a0<a href=\"https:\/\/conslondra.esteri.it\/it\/info-utili\/tariffe-consolari\/\">Tabella delle Tariffe Consolari<\/a><\/p>\n<p style=\"text-align: justify;\"><strong>6. Nulla Osta al Matrimonio:\u00a0 <\/strong>Per i cittadini italiani che intendano sposarsi all\u2019estero (Italia esclusa) in\u00a0<u>Paesi\u00a0non firmatari della Convenzione di Monaco (<\/u>v. sopra), il Nulla Osta al Matrimonio\u00a0<u>coincide<\/u>\u00a0con il\u00a0<strong>certificato di stato civile\u00a0<\/strong>o con il<strong>\u00a0certificato contestuale,\u00a0<\/strong>dal quale si evince lo stato civile libero.<\/p>\n<p style=\"text-align: justify;\"><strong>Costo<\/strong>: v. importi per Certificato di Stato Civile e\/o Certificato contestuale<\/p>\n<p style=\"text-align: justify;\"><strong>7. Iscrizione nello schedario consolare<\/strong> \u00e8 un certificato che attesta l\u2019attuale iscrizione del connazionale al registro dei residenti all\u2019estero specificando il corrente indirizzo.\u00a0 Questo certificato \u00e8 rilasciato <strong>solo<\/strong> in italiano.<\/p>\n<p style=\"text-align: justify;\"><strong>Costo<\/strong>:\u00a0<strong>Art. 68<\/strong>\u00a0pi\u00f9<strong> Imposta di bollo NAA (<span style=\"text-decoration: underline;\">che sar\u00e0 dovuta solo fino al 31\/12\/2024 <\/span>&#8211; <\/strong><strong>attenzione<\/strong>\u00a0trattasi di due somme) della\u00a0<a href=\"https:\/\/conslondra.esteri.it\/it\/info-utili\/tariffe-consolari\/\">Tabella delle Tariffe Consolari<\/a><\/p>\n<h3 style=\"text-align: justify;\"><\/h3>\n<p style=\"text-align: justify;\"><span style=\"text-decoration: underline;\">\u00a0 \u00a0 \u00a0 \u00a0 \u00a0 \u00a0 \u00a0 \u00a0 \u00a0 \u00a0 \u00a0 \u00a0 \u00a0 \u00a0 \u00a0 \u00a0 \u00a0 \u00a0 \u00a0 \u00a0 \u00a0 \u00a0 \u00a0 \u00a0 \u00a0 \u00a0 \u00a0 \u00a0 \u00a0 \u00a0 \u00a0 \u00a0 \u00a0 \u00a0 \u00a0 \u00a0 \u00a0 \u00a0 \u00a0\u00a0<\/span><\/p>\n<p>&nbsp;<\/p>\n<p style=\"text-align: justify;\"><strong>A COSA SERVONO I CERTIFICATI?<\/strong><\/p>\n<p style=\"text-align: justify;\">A seguito dell\u2019entrata in vigore della legge di stabilit\u00e0 (L. 183\/2011), dal 1\u00b0 gennaio 2012, agli uffici pubblici \u00e8 vietato rilasciare certificati per provare stati, fatti e qualit\u00e0 personali da esibire ad altre pubbliche amministrazioni ed ai privati gestori di pubblici servizi (art. 40, D.P.R. 445\/2000).\u00a0<strong>Pertanto a far data dal 1\u00b0 gennaio 2012, nei rapporti con gli organi della Pubblica Amministrazione e i gestori di pubblici servizi, i cittadini non potranno utilizzare tali\u00a0certificati.<\/strong> I certificati anagrafici emessi dal Consolato Generale di Londra avranno valore giuridico solo se utilizzati nei rapporti con altri privati e con Amministrazioni Pubbliche non italiane ed i richiedenti si assumeranno l\u2019onere della prova amministrativa di stati, fatti e qualit\u00e0 personali tramite dichiarazioni sostitutive di certificazioni (art. 46 D.P.R. 445\/2000). Quindi i suddetti certificati possono essere rilasciati solo con l\u2019indicazione \u201cnon utilizzabile per la Pubblica Amministrazione\u201d.<\/p>\n<p style=\"text-align: justify;\">\n","protected":false},"excerpt":{"rendered":"INFORMAZIONE IMPORTANTE \u2013 Il Consolato\u00a0non risponder\u00e0 ad email\u00a0con cui si richiede\u00a0se la pratica \u00e8 stata ricevuta o lavorata,\u00a0 n\u00e9 a richieste relative ad informazioni gi\u00e0 presenti in questa pagina (per esempio conferme sulla documentazione da presentare per un determinato caso). &nbsp; I cittadini italiani iscritti AIRE potranno chiedere i seguenti certificati anagrafici\u00a0 online, in totale [&hellip;]","protected":false},"author":18,"featured_media":0,"parent":182,"menu_order":0,"comment_status":"closed","ping_status":"closed","template":"","meta":{"footnotes":""},"class_list":["post-9423","page","type-page","status-publish","hentry"],"_links":{"self":[{"href":"https:\/\/conslondra.esteri.it\/it\/wp-json\/wp\/v2\/pages\/9423","targetHints":{"allow":["GET"]}}],"collection":[{"href":"https:\/\/conslondra.esteri.it\/it\/wp-json\/wp\/v2\/pages"}],"about":[{"href":"https:\/\/conslondra.esteri.it\/it\/wp-json\/wp\/v2\/types\/page"}],"author":[{"embeddable":true,"href":"https:\/\/conslondra.esteri.it\/it\/wp-json\/wp\/v2\/users\/18"}],"replies":[{"embeddable":true,"href":"https:\/\/conslondra.esteri.it\/it\/wp-json\/wp\/v2\/comments?post=9423"}],"version-history":[{"count":10,"href":"https:\/\/conslondra.esteri.it\/it\/wp-json\/wp\/v2\/pages\/9423\/revisions"}],"predecessor-version":[{"id":17918,"href":"https:\/\/conslondra.esteri.it\/it\/wp-json\/wp\/v2\/pages\/9423\/revisions\/17918"}],"up":[{"embeddable":true,"href":"https:\/\/conslondra.esteri.it\/it\/wp-json\/wp\/v2\/pages\/182"}],"wp:attachment":[{"href":"https:\/\/conslondra.esteri.it\/it\/wp-json\/wp\/v2\/media?parent=9423"}],"curies":[{"name":"wp","href":"https:\/\/api.w.org\/{rel}","templated":true}]}}